{"id":7844,"date":"2022-08-24T15:13:19","date_gmt":"2022-08-24T20:13:19","guid":{"rendered":"https:\/\/abcsupply.com\/servicios\/recogida-expres\/"},"modified":"2026-01-30T11:49:57","modified_gmt":"2026-01-30T17:49:57","slug":"recogida-expres","status":"publish","type":"page","link":"https:\/\/www.abcsupply.com\/es\/servicios\/recogida-expres\/","title":{"rendered":"Recogida expr\u00e9s"},"content":{"rendered":"\t\t<div data-elementor-type=\"wp-page\" data-elementor-id=\"7844\" class=\"elementor elementor-7844 elementor-7775\" data-elementor-post-type=\"page\">\n\t\t\t\t<div class=\"elementor-element elementor-element-2339f4e e-con-full e-flex e-con e-parent\" data-id=\"2339f4e\" data-element_type=\"container\" data-e-type=\"container\">\n\t\t<div class=\"elementor-element elementor-element-6c772bd e-flex e-con-boxed e-con e-child\" data-id=\"6c772bd\" data-element_type=\"container\" data-e-type=\"container\">\n\t\t\t\t\t<div class=\"e-con-inner\">\n\t\t<div class=\"elementor-element elementor-element-a52d25d e-con-full e-flex e-con e-child\" data-id=\"a52d25d\" data-element_type=\"container\" data-e-type=\"container\">\n\t\t\t\t<div class=\"elementor-element elementor-element-f7adb88 elementor-widget elementor-widget-heading\" data-id=\"f7adb88\" data-element_type=\"widget\" data-e-type=\"widget\" data-widget_type=\"heading.default\">\n\t\t\t\t<div class=\"elementor-widget-container\">\n\t\t\t\t\t<h2 class=\"elementor-heading-title elementor-size-default\">Olv\u00eddese de hacer fila y ahorre tiempo con la recogida expr\u00e9s <\/h2>\t\t\t\t<\/div>\n\t\t\t\t<\/div>\n\t\t\t\t<div class=\"elementor-element elementor-element-9998819 elementor-widget elementor-widget-text-editor\" data-id=\"9998819\" data-element_type=\"widget\" data-e-type=\"widget\" data-widget_type=\"text-editor.default\">\n\t\t\t\t<div class=\"elementor-widget-container\">\n\t\t\t\t\t\t\t\t\t<p>Haga su pedido con comodidad, siga con su d\u00eda y recoja los materiales cuando su itinerario se lo permita. Le avisaremos cuando su pedido est\u00e9 pronto y lo cargaremos en su veh\u00edculo mientras usted espera seguro.<\/p>\t\t\t\t\t\t\t\t<\/div>\n\t\t\t\t<\/div>\n\t\t\t\t<div class=\"elementor-element elementor-element-8fb5b5f elementor-widget elementor-widget-heading\" data-id=\"8fb5b5f\" data-element_type=\"widget\" data-e-type=\"widget\" data-widget_type=\"heading.default\">\n\t\t\t\t<div class=\"elementor-widget-container\">\n\t\t\t\t\t<h3 class=\"elementor-heading-title elementor-size-default\">Vuelva al sitio de trabajo m\u00e1s r\u00e1pido en cuatro simples pasos.<\/h3>\t\t\t\t<\/div>\n\t\t\t\t<\/div>\n\t\t\t\t<div class=\"elementor-element elementor-element-2cc96df elementor-widget elementor-widget-text-editor\" data-id=\"2cc96df\" data-element_type=\"widget\" data-e-type=\"widget\" data-widget_type=\"text-editor.default\">\n\t\t\t\t<div class=\"elementor-widget-container\">\n\t\t\t\t\t\t\t\t\t<h4>Hace su pedido<\/h4><ul><li>Ll\u00e1menos, envi\u00e9nos un correo electr\u00f3nico o haga su pedido en l\u00ednea. Mencione que quiere hacer una \u00abrecogida expr\u00e9s\u00bb<\/li><\/ul><h4>Le confirmamos el pedido<\/h4><ul><li>Le confirmamos que recibimos su pedido y si los materiales est\u00e1n disponibles<\/li><\/ul><h4>Le avisamos que est\u00e1 pronto el pedido<\/h4><ul><li>Recibir\u00e1 un mensaje de texto o un correo electr\u00f3nico cuando el pedido est\u00e9 listo para ser recogido <\/li><\/ul><p>*La recogida expr\u00e9s est\u00e1 disponible en ubicaciones espec\u00edficas. Utilice el <a href=\"https:\/\/abcsupply.com\/locations\/\">Buscador de Ubicaciones<\/a> para ver si cuenta con el sistema de Recogida Expr\u00e9s en su \u00e1rea o hable con su representante de ventas de ABC Supply.<\/p>\t\t\t\t\t\t\t\t<\/div>\n\t\t\t\t<\/div>\n\t\t\t\t<\/div>\n\t\t\t\t\t<\/div>\n\t\t\t\t<\/div>\n\t\t\t\t<\/div>\n\t\t\t\t<\/div>\n\t\t","protected":false},"excerpt":{"rendered":"<p>Olv\u00eddese de hacer fila y ahorre tiempo con la recogida expr\u00e9s Haga su pedido con comodidad, siga con su d\u00eda y recoja los materiales cuando [&hellip;]<\/p>\n","protected":false},"author":4,"featured_media":11350,"parent":3158,"menu_order":0,"comment_status":"closed","ping_status":"closed","template":"","meta":{"_acf_changed":false,"inline_featured_image":false,"footnotes":""},"class_list":["post-7844","page","type-page","status-publish","has-post-thumbnail","hentry"],"acf":[],"yoast_head":"<!-- This site is optimized with the Yoast SEO plugin v27.3 - https:\/\/yoast.com\/product\/yoast-seo-wordpress\/ -->\n<title>Recogida expr\u00e9s - ABC Supply<\/title>\n<meta name=\"robots\" content=\"index, follow, max-snippet:-1, max-image-preview:large, max-video-preview:-1\" \/>\n<link rel=\"canonical\" href=\"https:\/\/www.abcsupply.com\/es\/servicios\/recogida-expres\/\" \/>\n<meta property=\"og:locale\" content=\"es_ES\" \/>\n<meta property=\"og:type\" content=\"article\" \/>\n<meta property=\"og:title\" content=\"Recogida expr\u00e9s - ABC Supply\" \/>\n<meta property=\"og:description\" content=\"Olv\u00eddese de hacer fila y ahorre tiempo con la recogida expr\u00e9s Haga su pedido con comodidad, siga con su d\u00eda y recoja los materiales cuando [&hellip;]\" \/>\n<meta property=\"og:url\" content=\"https:\/\/www.abcsupply.com\/es\/servicios\/recogida-expres\/\" \/>\n<meta property=\"og:site_name\" content=\"ABC Supply\" \/>\n<meta property=\"article:modified_time\" content=\"2026-01-30T17:49:57+00:00\" \/>\n<meta property=\"og:image\" content=\"https:\/\/www.abcsupply.com\/wp-content\/uploads\/2024\/10\/Express-Pickup-2024-Featured-Image.jpg\" \/>\n\t<meta property=\"og:image:width\" content=\"1440\" \/>\n\t<meta property=\"og:image:height\" content=\"460\" \/>\n\t<meta property=\"og:image:type\" content=\"image\/jpeg\" \/>\n<meta name=\"twitter:card\" content=\"summary_large_image\" \/>\n<meta name=\"twitter:label1\" content=\"Tiempo de lectura\" \/>\n\t<meta name=\"twitter:data1\" content=\"1 minuto\" \/>\n<script type=\"application\/ld+json\" class=\"yoast-schema-graph\">{\"@context\":\"https:\\\/\\\/schema.org\",\"@graph\":[{\"@type\":\"WebPage\",\"@id\":\"https:\\\/\\\/www.abcsupply.com\\\/es\\\/servicios\\\/recogida-expres\\\/\",\"url\":\"https:\\\/\\\/www.abcsupply.com\\\/es\\\/servicios\\\/recogida-expres\\\/\",\"name\":\"Recogida expr\u00e9s - ABC Supply\",\"isPartOf\":{\"@id\":\"https:\\\/\\\/www.abcsupply.com\\\/es\\\/#website\"},\"primaryImageOfPage\":{\"@id\":\"https:\\\/\\\/www.abcsupply.com\\\/es\\\/servicios\\\/recogida-expres\\\/#primaryimage\"},\"image\":{\"@id\":\"https:\\\/\\\/www.abcsupply.com\\\/es\\\/servicios\\\/recogida-expres\\\/#primaryimage\"},\"thumbnailUrl\":\"https:\\\/\\\/www.abcsupply.com\\\/wp-content\\\/uploads\\\/2024\\\/10\\\/Express-Pickup-2024-Featured-Image.jpg\",\"datePublished\":\"2022-08-24T20:13:19+00:00\",\"dateModified\":\"2026-01-30T17:49:57+00:00\",\"breadcrumb\":{\"@id\":\"https:\\\/\\\/www.abcsupply.com\\\/es\\\/servicios\\\/recogida-expres\\\/#breadcrumb\"},\"inLanguage\":\"es\",\"potentialAction\":[{\"@type\":\"ReadAction\",\"target\":[\"https:\\\/\\\/www.abcsupply.com\\\/es\\\/servicios\\\/recogida-expres\\\/\"]}]},{\"@type\":\"ImageObject\",\"inLanguage\":\"es\",\"@id\":\"https:\\\/\\\/www.abcsupply.com\\\/es\\\/servicios\\\/recogida-expres\\\/#primaryimage\",\"url\":\"https:\\\/\\\/www.abcsupply.com\\\/wp-content\\\/uploads\\\/2024\\\/10\\\/Express-Pickup-2024-Featured-Image.jpg\",\"contentUrl\":\"https:\\\/\\\/www.abcsupply.com\\\/wp-content\\\/uploads\\\/2024\\\/10\\\/Express-Pickup-2024-Featured-Image.jpg\",\"width\":1440,\"height\":460},{\"@type\":\"BreadcrumbList\",\"@id\":\"https:\\\/\\\/www.abcsupply.com\\\/es\\\/servicios\\\/recogida-expres\\\/#breadcrumb\",\"itemListElement\":[{\"@type\":\"ListItem\",\"position\":1,\"name\":\"Inicio\",\"item\":\"https:\\\/\\\/www.abcsupply.com\\\/es\\\/casa\\\/\"},{\"@type\":\"ListItem\",\"position\":2,\"name\":\"Servicios\",\"item\":\"https:\\\/\\\/www.abcsupply.com\\\/es\\\/servicios\\\/\"},{\"@type\":\"ListItem\",\"position\":3,\"name\":\"Recogida expr\u00e9s\"}]},{\"@type\":\"WebSite\",\"@id\":\"https:\\\/\\\/www.abcsupply.com\\\/es\\\/#website\",\"url\":\"https:\\\/\\\/www.abcsupply.com\\\/es\\\/\",\"name\":\"ABC Supply\",\"description\":\"Built On A Foundation Of Respect\",\"potentialAction\":[{\"@type\":\"SearchAction\",\"target\":{\"@type\":\"EntryPoint\",\"urlTemplate\":\"https:\\\/\\\/www.abcsupply.com\\\/es\\\/?s={search_term_string}\"},\"query-input\":{\"@type\":\"PropertyValueSpecification\",\"valueRequired\":true,\"valueName\":\"search_term_string\"}}],\"inLanguage\":\"es\"}]}<\/script>\n<!-- \/ Yoast SEO plugin. -->","yoast_head_json":{"title":"Recogida expr\u00e9s - ABC Supply","robots":{"index":"index","follow":"follow","max-snippet":"max-snippet:-1","max-image-preview":"max-image-preview:large","max-video-preview":"max-video-preview:-1"},"canonical":"https:\/\/www.abcsupply.com\/es\/servicios\/recogida-expres\/","og_locale":"es_ES","og_type":"article","og_title":"Recogida expr\u00e9s - ABC Supply","og_description":"Olv\u00eddese de hacer fila y ahorre tiempo con la recogida expr\u00e9s Haga su pedido con comodidad, siga con su d\u00eda y recoja los materiales cuando [&hellip;]","og_url":"https:\/\/www.abcsupply.com\/es\/servicios\/recogida-expres\/","og_site_name":"ABC Supply","article_modified_time":"2026-01-30T17:49:57+00:00","og_image":[{"width":1440,"height":460,"url":"https:\/\/www.abcsupply.com\/wp-content\/uploads\/2024\/10\/Express-Pickup-2024-Featured-Image.jpg","type":"image\/jpeg"}],"twitter_card":"summary_large_image","twitter_misc":{"Tiempo de lectura":"1 minuto"},"schema":{"@context":"https:\/\/schema.org","@graph":[{"@type":"WebPage","@id":"https:\/\/www.abcsupply.com\/es\/servicios\/recogida-expres\/","url":"https:\/\/www.abcsupply.com\/es\/servicios\/recogida-expres\/","name":"Recogida expr\u00e9s - ABC Supply","isPartOf":{"@id":"https:\/\/www.abcsupply.com\/es\/#website"},"primaryImageOfPage":{"@id":"https:\/\/www.abcsupply.com\/es\/servicios\/recogida-expres\/#primaryimage"},"image":{"@id":"https:\/\/www.abcsupply.com\/es\/servicios\/recogida-expres\/#primaryimage"},"thumbnailUrl":"https:\/\/www.abcsupply.com\/wp-content\/uploads\/2024\/10\/Express-Pickup-2024-Featured-Image.jpg","datePublished":"2022-08-24T20:13:19+00:00","dateModified":"2026-01-30T17:49:57+00:00","breadcrumb":{"@id":"https:\/\/www.abcsupply.com\/es\/servicios\/recogida-expres\/#breadcrumb"},"inLanguage":"es","potentialAction":[{"@type":"ReadAction","target":["https:\/\/www.abcsupply.com\/es\/servicios\/recogida-expres\/"]}]},{"@type":"ImageObject","inLanguage":"es","@id":"https:\/\/www.abcsupply.com\/es\/servicios\/recogida-expres\/#primaryimage","url":"https:\/\/www.abcsupply.com\/wp-content\/uploads\/2024\/10\/Express-Pickup-2024-Featured-Image.jpg","contentUrl":"https:\/\/www.abcsupply.com\/wp-content\/uploads\/2024\/10\/Express-Pickup-2024-Featured-Image.jpg","width":1440,"height":460},{"@type":"BreadcrumbList","@id":"https:\/\/www.abcsupply.com\/es\/servicios\/recogida-expres\/#breadcrumb","itemListElement":[{"@type":"ListItem","position":1,"name":"Inicio","item":"https:\/\/www.abcsupply.com\/es\/casa\/"},{"@type":"ListItem","position":2,"name":"Servicios","item":"https:\/\/www.abcsupply.com\/es\/servicios\/"},{"@type":"ListItem","position":3,"name":"Recogida expr\u00e9s"}]},{"@type":"WebSite","@id":"https:\/\/www.abcsupply.com\/es\/#website","url":"https:\/\/www.abcsupply.com\/es\/","name":"ABC Supply","description":"Built On A Foundation Of Respect","potentialAction":[{"@type":"SearchAction","target":{"@type":"EntryPoint","urlTemplate":"https:\/\/www.abcsupply.com\/es\/?s={search_term_string}"},"query-input":{"@type":"PropertyValueSpecification","valueRequired":true,"valueName":"search_term_string"}}],"inLanguage":"es"}]}},"_links":{"self":[{"href":"https:\/\/www.abcsupply.com\/es\/wp-json\/wp\/v2\/pages\/7844","targetHints":{"allow":["GET"]}}],"collection":[{"href":"https:\/\/www.abcsupply.com\/es\/wp-json\/wp\/v2\/pages"}],"about":[{"href":"https:\/\/www.abcsupply.com\/es\/wp-json\/wp\/v2\/types\/page"}],"author":[{"embeddable":true,"href":"https:\/\/www.abcsupply.com\/es\/wp-json\/wp\/v2\/users\/4"}],"replies":[{"embeddable":true,"href":"https:\/\/www.abcsupply.com\/es\/wp-json\/wp\/v2\/comments?post=7844"}],"version-history":[{"count":0,"href":"https:\/\/www.abcsupply.com\/es\/wp-json\/wp\/v2\/pages\/7844\/revisions"}],"up":[{"embeddable":true,"href":"https:\/\/www.abcsupply.com\/es\/wp-json\/wp\/v2\/pages\/3158"}],"wp:featuredmedia":[{"embeddable":true,"href":"https:\/\/www.abcsupply.com\/es\/wp-json\/wp\/v2\/media\/11350"}],"wp:attachment":[{"href":"https:\/\/www.abcsupply.com\/es\/wp-json\/wp\/v2\/media?parent=7844"}],"curies":[{"name":"wp","href":"https:\/\/api.w.org\/{rel}","templated":true}]}}