{"id":3716,"date":"2021-10-26T20:11:53","date_gmt":"2021-10-27T01:11:53","guid":{"rendered":"https:\/\/abcsupply.exclaim-inc.info\/?page_id=3716"},"modified":"2025-04-07T06:32:07","modified_gmt":"2025-04-07T11:32:07","slug":"centro-de-contratistas","status":"publish","type":"page","link":"https:\/\/www.abcsupply.com\/es\/centro-de-contratistas\/","title":{"rendered":"Centro de contratistas"},"content":{"rendered":"<h2>La ayuda que necesita para triunfar<\/h2>\n<p>El Centro de Contratistas le permite acceder a informaci\u00f3n sobre c\u00f3mo ABC Supply puede ayudarlo. Desde marketing en el sitio de trabajo hasta opciones de financiamiento, estamos aqu\u00ed para facilitar su trabajo, brind\u00e1ndole los servicios con valor agregado que necesita para expandir su negocio. <\/p>\n","protected":false},"excerpt":{"rendered":"<p>La ayuda que necesita para triunfar El Centro de Contratistas le permite acceder a informaci\u00f3n sobre c\u00f3mo ABC Supply puede ayudarlo. Desde marketing en el [&hellip;]<\/p>\n","protected":false},"author":1,"featured_media":3039,"parent":0,"menu_order":0,"comment_status":"closed","ping_status":"closed","template":"page-acf.php","meta":{"_acf_changed":false,"inline_featured_image":false,"footnotes":""},"class_list":["post-3716","page","type-page","status-publish","has-post-thumbnail","hentry"],"acf":[],"yoast_head":"<!-- This site is optimized with the Yoast SEO plugin v27.4 - https:\/\/yoast.com\/product\/yoast-seo-wordpress\/ -->\n<title>Centro de contratistas - ABC Supply<\/title>\n<meta name=\"robots\" content=\"index, follow, max-snippet:-1, max-image-preview:large, max-video-preview:-1\" \/>\n<link rel=\"canonical\" href=\"https:\/\/www.abcsupply.com\/es\/centro-de-contratistas\/\" \/>\n<meta property=\"og:locale\" content=\"es_ES\" \/>\n<meta property=\"og:type\" content=\"article\" \/>\n<meta property=\"og:title\" content=\"Centro de contratistas - ABC Supply\" \/>\n<meta property=\"og:description\" content=\"La ayuda que necesita para triunfar El Centro de Contratistas le permite acceder a informaci\u00f3n sobre c\u00f3mo ABC Supply puede ayudarlo. Desde marketing en el [&hellip;]\" \/>\n<meta property=\"og:url\" content=\"https:\/\/www.abcsupply.com\/es\/centro-de-contratistas\/\" \/>\n<meta property=\"og:site_name\" content=\"ABC Supply\" \/>\n<meta property=\"article:modified_time\" content=\"2025-04-07T11:32:07+00:00\" \/>\n<meta property=\"og:image\" content=\"https:\/\/www.abcsupply.com\/wp-content\/uploads\/2021\/09\/ABC011-5822-COntractor-Center.jpg\" \/>\n\t<meta property=\"og:image:width\" content=\"1440\" \/>\n\t<meta property=\"og:image:height\" content=\"460\" \/>\n\t<meta property=\"og:image:type\" content=\"image\/jpeg\" \/>\n<meta name=\"twitter:card\" content=\"summary_large_image\" \/>\n<script type=\"application\/ld+json\" class=\"yoast-schema-graph\">{\"@context\":\"https:\\\/\\\/schema.org\",\"@graph\":[{\"@type\":\"WebPage\",\"@id\":\"https:\\\/\\\/www.abcsupply.com\\\/es\\\/centro-de-contratistas\\\/\",\"url\":\"https:\\\/\\\/www.abcsupply.com\\\/es\\\/centro-de-contratistas\\\/\",\"name\":\"Centro de contratistas - ABC Supply\",\"isPartOf\":{\"@id\":\"https:\\\/\\\/www.abcsupply.com\\\/es\\\/#website\"},\"primaryImageOfPage\":{\"@id\":\"https:\\\/\\\/www.abcsupply.com\\\/es\\\/centro-de-contratistas\\\/#primaryimage\"},\"image\":{\"@id\":\"https:\\\/\\\/www.abcsupply.com\\\/es\\\/centro-de-contratistas\\\/#primaryimage\"},\"thumbnailUrl\":\"https:\\\/\\\/www.abcsupply.com\\\/wp-content\\\/uploads\\\/2021\\\/09\\\/ABC011-5822-COntractor-Center.jpg\",\"datePublished\":\"2021-10-27T01:11:53+00:00\",\"dateModified\":\"2025-04-07T11:32:07+00:00\",\"breadcrumb\":{\"@id\":\"https:\\\/\\\/www.abcsupply.com\\\/es\\\/centro-de-contratistas\\\/#breadcrumb\"},\"inLanguage\":\"es\",\"potentialAction\":[{\"@type\":\"ReadAction\",\"target\":[\"https:\\\/\\\/www.abcsupply.com\\\/es\\\/centro-de-contratistas\\\/\"]}]},{\"@type\":\"ImageObject\",\"inLanguage\":\"es\",\"@id\":\"https:\\\/\\\/www.abcsupply.com\\\/es\\\/centro-de-contratistas\\\/#primaryimage\",\"url\":\"https:\\\/\\\/www.abcsupply.com\\\/wp-content\\\/uploads\\\/2021\\\/09\\\/ABC011-5822-COntractor-Center.jpg\",\"contentUrl\":\"https:\\\/\\\/www.abcsupply.com\\\/wp-content\\\/uploads\\\/2021\\\/09\\\/ABC011-5822-COntractor-Center.jpg\",\"width\":1440,\"height\":460,\"caption\":\"centro de contratistas\"},{\"@type\":\"BreadcrumbList\",\"@id\":\"https:\\\/\\\/www.abcsupply.com\\\/es\\\/centro-de-contratistas\\\/#breadcrumb\",\"itemListElement\":[{\"@type\":\"ListItem\",\"position\":1,\"name\":\"Inicio\",\"item\":\"https:\\\/\\\/www.abcsupply.com\\\/es\\\/casa\\\/\"},{\"@type\":\"ListItem\",\"position\":2,\"name\":\"Centro de contratistas\"}]},{\"@type\":\"WebSite\",\"@id\":\"https:\\\/\\\/www.abcsupply.com\\\/es\\\/#website\",\"url\":\"https:\\\/\\\/www.abcsupply.com\\\/es\\\/\",\"name\":\"ABC Supply\",\"description\":\"Built On A Foundation Of Respect\",\"potentialAction\":[{\"@type\":\"SearchAction\",\"target\":{\"@type\":\"EntryPoint\",\"urlTemplate\":\"https:\\\/\\\/www.abcsupply.com\\\/es\\\/?s={search_term_string}\"},\"query-input\":{\"@type\":\"PropertyValueSpecification\",\"valueRequired\":true,\"valueName\":\"search_term_string\"}}],\"inLanguage\":\"es\"}]}<\/script>\n<!-- \/ Yoast SEO plugin. -->","yoast_head_json":{"title":"Centro de contratistas - ABC Supply","robots":{"index":"index","follow":"follow","max-snippet":"max-snippet:-1","max-image-preview":"max-image-preview:large","max-video-preview":"max-video-preview:-1"},"canonical":"https:\/\/www.abcsupply.com\/es\/centro-de-contratistas\/","og_locale":"es_ES","og_type":"article","og_title":"Centro de contratistas - ABC Supply","og_description":"La ayuda que necesita para triunfar El Centro de Contratistas le permite acceder a informaci\u00f3n sobre c\u00f3mo ABC Supply puede ayudarlo. Desde marketing en el [&hellip;]","og_url":"https:\/\/www.abcsupply.com\/es\/centro-de-contratistas\/","og_site_name":"ABC Supply","article_modified_time":"2025-04-07T11:32:07+00:00","og_image":[{"width":1440,"height":460,"url":"https:\/\/www.abcsupply.com\/wp-content\/uploads\/2021\/09\/ABC011-5822-COntractor-Center.jpg","type":"image\/jpeg"}],"twitter_card":"summary_large_image","schema":{"@context":"https:\/\/schema.org","@graph":[{"@type":"WebPage","@id":"https:\/\/www.abcsupply.com\/es\/centro-de-contratistas\/","url":"https:\/\/www.abcsupply.com\/es\/centro-de-contratistas\/","name":"Centro de contratistas - ABC Supply","isPartOf":{"@id":"https:\/\/www.abcsupply.com\/es\/#website"},"primaryImageOfPage":{"@id":"https:\/\/www.abcsupply.com\/es\/centro-de-contratistas\/#primaryimage"},"image":{"@id":"https:\/\/www.abcsupply.com\/es\/centro-de-contratistas\/#primaryimage"},"thumbnailUrl":"https:\/\/www.abcsupply.com\/wp-content\/uploads\/2021\/09\/ABC011-5822-COntractor-Center.jpg","datePublished":"2021-10-27T01:11:53+00:00","dateModified":"2025-04-07T11:32:07+00:00","breadcrumb":{"@id":"https:\/\/www.abcsupply.com\/es\/centro-de-contratistas\/#breadcrumb"},"inLanguage":"es","potentialAction":[{"@type":"ReadAction","target":["https:\/\/www.abcsupply.com\/es\/centro-de-contratistas\/"]}]},{"@type":"ImageObject","inLanguage":"es","@id":"https:\/\/www.abcsupply.com\/es\/centro-de-contratistas\/#primaryimage","url":"https:\/\/www.abcsupply.com\/wp-content\/uploads\/2021\/09\/ABC011-5822-COntractor-Center.jpg","contentUrl":"https:\/\/www.abcsupply.com\/wp-content\/uploads\/2021\/09\/ABC011-5822-COntractor-Center.jpg","width":1440,"height":460,"caption":"centro de contratistas"},{"@type":"BreadcrumbList","@id":"https:\/\/www.abcsupply.com\/es\/centro-de-contratistas\/#breadcrumb","itemListElement":[{"@type":"ListItem","position":1,"name":"Inicio","item":"https:\/\/www.abcsupply.com\/es\/casa\/"},{"@type":"ListItem","position":2,"name":"Centro de contratistas"}]},{"@type":"WebSite","@id":"https:\/\/www.abcsupply.com\/es\/#website","url":"https:\/\/www.abcsupply.com\/es\/","name":"ABC Supply","description":"Built On A Foundation Of Respect","potentialAction":[{"@type":"SearchAction","target":{"@type":"EntryPoint","urlTemplate":"https:\/\/www.abcsupply.com\/es\/?s={search_term_string}"},"query-input":{"@type":"PropertyValueSpecification","valueRequired":true,"valueName":"search_term_string"}}],"inLanguage":"es"}]}},"_links":{"self":[{"href":"https:\/\/www.abcsupply.com\/es\/wp-json\/wp\/v2\/pages\/3716","targetHints":{"allow":["GET"]}}],"collection":[{"href":"https:\/\/www.abcsupply.com\/es\/wp-json\/wp\/v2\/pages"}],"about":[{"href":"https:\/\/www.abcsupply.com\/es\/wp-json\/wp\/v2\/types\/page"}],"author":[{"embeddable":true,"href":"https:\/\/www.abcsupply.com\/es\/wp-json\/wp\/v2\/users\/1"}],"replies":[{"embeddable":true,"href":"https:\/\/www.abcsupply.com\/es\/wp-json\/wp\/v2\/comments?post=3716"}],"version-history":[{"count":0,"href":"https:\/\/www.abcsupply.com\/es\/wp-json\/wp\/v2\/pages\/3716\/revisions"}],"wp:featuredmedia":[{"embeddable":true,"href":"https:\/\/www.abcsupply.com\/es\/wp-json\/wp\/v2\/media\/3039"}],"wp:attachment":[{"href":"https:\/\/www.abcsupply.com\/es\/wp-json\/wp\/v2\/media?parent=3716"}],"curies":[{"name":"wp","href":"https:\/\/api.w.org\/{rel}","templated":true}]}}