{"id":3613,"date":"2021-10-25T21:10:20","date_gmt":"2021-10-25T21:10:20","guid":{"rendered":"https:\/\/abcsupply.exclaim-inc.info\/terminos-y-condiciones-de-la-orden-de-compra\/"},"modified":"2021-12-18T18:51:58","modified_gmt":"2021-12-18T18:51:58","slug":"terminos-y-condiciones-de-la-orden-de-compra","status":"publish","type":"page","link":"https:\/\/www.abcsupply.com\/es\/terminos-y-condiciones-de-la-orden-de-compra\/","title":{"rendered":"T\u00e9rminos y condiciones de la orden de compra"},"content":{"rendered":"<ol>\n<li>La aceptaci\u00f3n de esta orden se limita expresamente a los t\u00e9rminos aqu\u00ed dispuestos y por la presente se rechaza todo t\u00e9rmino adicional o distinto sugerido por el vendedor salvo que ABC manifieste su acuerdo con \u00e9l por escrito. Luego de que el vendedor haya aceptado la orden, la misma constituir\u00e1 un contrato v\u00e1lido y vinculante que se regir\u00e1 e interpretar\u00e1 seg\u00fan las leyes del estado en el que se ejecute el contrato. ABC podr\u00e1 solicitar un reconocimiento por escrito que indique la informaci\u00f3n de entrega completa. ABC se reserva el derecho de cancelar la orden sin responsabilidad alguna si el vendedor no cumple con los requisitos del reconocimiento. Si no se mencionan en esta orden, los precios no podr\u00e1n ser superiores a los \u00faltimos precios cobrados por el vendedor a ABC o a los precios del mercado, cualquiera sea menor.<\/li>\n<li>El vendedor garantiza que todos los materiales y equipos provistos en virtud de esta orden: (a) ser\u00e1n los mejores de su clase; (b) ser\u00e1n de buena calidad y elaboraci\u00f3n y estar\u00e1n libres de vicios, ya sean latentes o patentes, y (c) producir\u00e1n capacidades o cumplir\u00e1n con las especificaciones de dise\u00f1o y la funci\u00f3n (1) tal y como se solicita en cualquier especificaci\u00f3n aqu\u00ed identificada o citada y (2) tal y como public\u00f3 o garantiz\u00f3 el fabricante del art\u00edculo en cuesti\u00f3n. El vendedor acuerda a remplazar, sin cargo para ABC, cualquier material o equipo defectuoso o que no cumpla con los requisitos o bien a remediar cualquier defecto que no sea debido al desgaste por uso habitual o a un mantenimiento inadecuado, ya sea dentro del a\u00f1o de la fecha de su instalaci\u00f3n o dentro del per\u00edodo de vigencia de la garant\u00eda estipulado en especificaciones aplicables, optando siempre por el per\u00edodo m\u00e1s largo.<\/li>\n<li>Cuando as\u00ed se necesite por la orden, los materiales y equipos provistos en virtud del presente estar\u00e1n sujetos a la aprobaci\u00f3n de un arquitecto, ingeniero o de otra parte mencionada, y el vendedor deber\u00e1 brindar los datos o las muestras de productos para su aprobaci\u00f3n dentro del tiempo estipulado. En caso de no obtenerse la aprobaci\u00f3n, la orden ser\u00e1 cancelada sin generar responsabilidad ni para ABC ni para el vendedor, salvo que la orden haya sido realizada bajo el acuerdo de que el material o equipo debe ser provisto de modo que su tipo y forma de provisi\u00f3n cumplan con ciertos requisitos especificados. En el \u00faltimo caso, y luego de la notificaci\u00f3n, de inmediato el vendedor deber\u00e1 remplazarlos o remediar cualquier defecto sin costo alguno para ABC y, asimismo, pagar a ABC por cualquier p\u00e9rdida y da\u00f1o emergente que surja por motivo de este remplazo o remedio.<\/li>\n<li>Cuando as\u00ed se indique, el env\u00edo se realizar\u00e1 por el m\u00e9todo, porteador o la ruta especificados al dorso de esta orden. Los materiales y equipos cubiertos en esta orden seguir\u00e1n siendo propiedad del vendedor hasta que hayan sido entregados en el destino especificado y aceptados por ABC, y todo da\u00f1o al material o al equipo o toda p\u00e9rdida de naturaleza alguna ocasionada durante su transporte ser\u00e1 de cuenta del vendedor, sin prejuicio de la forma en la que se env\u00eden los bienes y se paguen los costos de su transporte. Todos los contenedores de env\u00edo deben estar se\u00f1alizados con el nombre del proveedor y el n\u00famero de orden de compra de ABC y deben tener una boleta de empaque con una lista desglosada de todo su contenido. No se aceptar\u00e1n cargos por acarreo o empaquetado en cajas salvo que hayan sido aprobados por escrito por ABC. <\/li>\n<li>Las facturas y los conocimientos de embarque deben portar el n\u00famero de orden de compra de ABC y enviarse de inmediato. Se debe producir facturas individuales por cada env\u00edo parcial. Todas las facturas deben emitirse en DUPLICADO.<\/li>\n<li>EL TIEMPO DE ENTREGA ES ESENCIAL. ABC se reserva el derecho de cancelar, sin cargo, toda la orden o parte de ella si no fuese entregada dentro del plazo especificado. Dicho derecho se reserva a ABC por el presente o por ley ante cualquier demora o incumplimiento de la entrega seg\u00fan las especificaciones.<\/li>\n<li>El vendedor indemnizar\u00e1 y liberar\u00e1 de responsabilidad a ABC por cualquier reclamo, responsabilidad, p\u00e9rdida, da\u00f1o y gasto, lo que comprende a los honorarios letrados, que surjan, total o parcialmente, por (a) el incumplimiento real o presunto de cualquier patente o licencia que cubra a cualquier art\u00edculo comprado en virtud del presente y (b) cualquier incumplimiento de este contrato por parte del vendedor, lo que comprende la demora o el incumplimiento de la entrega seg\u00fan las especificaciones.<\/li>\n<li>Si as\u00ed lo solicita ABC, el vendedor deber\u00e1 brindarle todos los t\u00edtulos de adquisici\u00f3n, las declaraciones juradas y otros documentos de propiedad necesarios a la satisfacci\u00f3n de ABC. La entrega de esos documentos puede estar condicionada a la recepci\u00f3n del pago por los materiales o equipos cubiertos en ellos en caso de que el vendedor no haya recibido su pago.<\/li>\n<li>El vendedor no podr\u00e1 ceder o transferir las responsabilidades que le competen en virtud de esta orden ni ninguna parte de ellas, ni ning\u00fan monto que sea debido o pagadero o que vaya a ser debido o pagadero en virtud del presente sin antes obtener consentimiento previo por escrito emitido por ABC. Toda cesi\u00f3n o transferencia realizada sin este consentimiento escrito ser\u00e1 inv\u00e1lida.<\/li>\n<li>Toda declaraci\u00f3n, conversaci\u00f3n o negociaci\u00f3n preliminar previa se interpretar\u00e1 como fusionada en esta orden. Esta orden ser\u00e1 vinculante y beneficiosa para las partes de la misma y para sus respectivos sucesores, cesionarios, herederos, administradores, albaceas y representantes legales, siempre que nada de lo dispuesto en este p\u00e1rrafo se interprete como una autorizaci\u00f3n para el vendedor de realizar una cesi\u00f3n o transferencia prohibida en el p\u00e1rrafo 9 anterior.<\/li>\n<li>El vendedor acuerda cumplir con todas las leyes, ordenanzas, \u00f3rdenes, regulaciones y directivas que de alguna forma se vinculen o sean relativas al empleo (lo que comprende, a modo de ejemplo, la Ley de Normas de Trabajo Justo de 1938 con sus modificaciones), y deber\u00e1 exigir que todos los proveedores y subcontratistas con los que establezca contratos por motivo de cualquier material o equipo provisto en virtud del presente cumplan con ellas.<\/li>\n<li>El vendedor garantiza que todo el material y equipo provisto en virtud del presente cumplen plenamente con los requisitos de la Ley de Seguridad y Salud Ocupacional de 1970, la Ley de Seguridad en la Construcci\u00f3n de 1969, toda otra ley, ordenanza o estatuto federal, estatal o local aplicable relativo a la seguridad o responsabilidad por productos (lo que comprende todo deber consuetudinario de usar etiquetado o advertencias) y toda norma y regulaci\u00f3n existente en virtud de ellos (de manera colectiva, las \u00ableyes\u00bb). El vendedor acuerda a indemnizar, proteger y liberar de responsabilidad a ABC por cualquier reclamo, responsabilidad civil, p\u00e9rdida, da\u00f1o y gasto, lo que comprende a los honorarios letrados de ABC, por cualquier presunta violaci\u00f3n de las leyes que surja por causa del equipo o material provisto en virtud del presente. El vendedor deber\u00e1 recibir directamente y ser\u00e1 responsable por todas las citaciones, evaluaciones, multas o sanciones incurridas en caso de que el equipo o los materiales provistos en virtud del presente no cumplan con las leyes.<\/li>\n<\/ol>\n","protected":false},"excerpt":{"rendered":"<p>La aceptaci\u00f3n de esta orden se limita expresamente a los t\u00e9rminos aqu\u00ed dispuestos y por la presente se rechaza todo t\u00e9rmino adicional o distinto sugerido [&hellip;]<\/p>\n","protected":false},"author":1,"featured_media":0,"parent":0,"menu_order":0,"comment_status":"closed","ping_status":"closed","template":"","meta":{"_acf_changed":false,"inline_featured_image":false,"footnotes":""},"class_list":["post-3613","page","type-page","status-publish","hentry"],"acf":[],"yoast_head":"<!-- This site is optimized with the Yoast SEO plugin v27.3 - https:\/\/yoast.com\/product\/yoast-seo-wordpress\/ -->\n<title>T\u00e9rminos y condiciones de la orden de compra - ABC Supply<\/title>\n<meta name=\"robots\" content=\"index, follow, max-snippet:-1, max-image-preview:large, max-video-preview:-1\" \/>\n<link rel=\"canonical\" href=\"https:\/\/www.abcsupply.com\/es\/terminos-y-condiciones-de-la-orden-de-compra\/\" \/>\n<meta property=\"og:locale\" content=\"es_ES\" \/>\n<meta property=\"og:type\" content=\"article\" \/>\n<meta property=\"og:title\" content=\"T\u00e9rminos y condiciones de la orden de compra - ABC Supply\" \/>\n<meta property=\"og:description\" content=\"La aceptaci\u00f3n de esta orden se limita expresamente a los t\u00e9rminos aqu\u00ed dispuestos y por la presente se rechaza todo t\u00e9rmino adicional o distinto sugerido [&hellip;]\" \/>\n<meta property=\"og:url\" content=\"https:\/\/www.abcsupply.com\/es\/terminos-y-condiciones-de-la-orden-de-compra\/\" \/>\n<meta property=\"og:site_name\" content=\"ABC Supply\" \/>\n<meta property=\"article:modified_time\" content=\"2021-12-18T18:51:58+00:00\" \/>\n<meta property=\"og:image\" content=\"https:\/\/www.abcsupply.com\/wp-content\/uploads\/2021\/09\/NSC-sharp.jpg\" \/>\n\t<meta property=\"og:image:width\" content=\"1440\" \/>\n\t<meta property=\"og:image:height\" content=\"460\" \/>\n\t<meta property=\"og:image:type\" content=\"image\/jpeg\" \/>\n<meta name=\"twitter:card\" content=\"summary_large_image\" \/>\n<meta name=\"twitter:label1\" content=\"Tiempo de lectura\" \/>\n\t<meta name=\"twitter:data1\" content=\"6 minutos\" \/>\n<script type=\"application\/ld+json\" class=\"yoast-schema-graph\">{\"@context\":\"https:\\\/\\\/schema.org\",\"@graph\":[{\"@type\":\"WebPage\",\"@id\":\"https:\\\/\\\/www.abcsupply.com\\\/es\\\/terminos-y-condiciones-de-la-orden-de-compra\\\/\",\"url\":\"https:\\\/\\\/www.abcsupply.com\\\/es\\\/terminos-y-condiciones-de-la-orden-de-compra\\\/\",\"name\":\"T\u00e9rminos y condiciones de la orden de compra - ABC Supply\",\"isPartOf\":{\"@id\":\"https:\\\/\\\/www.abcsupply.com\\\/es\\\/#website\"},\"datePublished\":\"2021-10-25T21:10:20+00:00\",\"dateModified\":\"2021-12-18T18:51:58+00:00\",\"breadcrumb\":{\"@id\":\"https:\\\/\\\/www.abcsupply.com\\\/es\\\/terminos-y-condiciones-de-la-orden-de-compra\\\/#breadcrumb\"},\"inLanguage\":\"es\",\"potentialAction\":[{\"@type\":\"ReadAction\",\"target\":[\"https:\\\/\\\/www.abcsupply.com\\\/es\\\/terminos-y-condiciones-de-la-orden-de-compra\\\/\"]}]},{\"@type\":\"BreadcrumbList\",\"@id\":\"https:\\\/\\\/www.abcsupply.com\\\/es\\\/terminos-y-condiciones-de-la-orden-de-compra\\\/#breadcrumb\",\"itemListElement\":[{\"@type\":\"ListItem\",\"position\":1,\"name\":\"Inicio\",\"item\":\"https:\\\/\\\/www.abcsupply.com\\\/es\\\/casa\\\/\"},{\"@type\":\"ListItem\",\"position\":2,\"name\":\"T\u00e9rminos y condiciones de la orden de compra\"}]},{\"@type\":\"WebSite\",\"@id\":\"https:\\\/\\\/www.abcsupply.com\\\/es\\\/#website\",\"url\":\"https:\\\/\\\/www.abcsupply.com\\\/es\\\/\",\"name\":\"ABC Supply\",\"description\":\"Built On A Foundation Of Respect\",\"potentialAction\":[{\"@type\":\"SearchAction\",\"target\":{\"@type\":\"EntryPoint\",\"urlTemplate\":\"https:\\\/\\\/www.abcsupply.com\\\/es\\\/?s={search_term_string}\"},\"query-input\":{\"@type\":\"PropertyValueSpecification\",\"valueRequired\":true,\"valueName\":\"search_term_string\"}}],\"inLanguage\":\"es\"}]}<\/script>\n<!-- \/ Yoast SEO plugin. -->","yoast_head_json":{"title":"T\u00e9rminos y condiciones de la orden de compra - ABC Supply","robots":{"index":"index","follow":"follow","max-snippet":"max-snippet:-1","max-image-preview":"max-image-preview:large","max-video-preview":"max-video-preview:-1"},"canonical":"https:\/\/www.abcsupply.com\/es\/terminos-y-condiciones-de-la-orden-de-compra\/","og_locale":"es_ES","og_type":"article","og_title":"T\u00e9rminos y condiciones de la orden de compra - ABC Supply","og_description":"La aceptaci\u00f3n de esta orden se limita expresamente a los t\u00e9rminos aqu\u00ed dispuestos y por la presente se rechaza todo t\u00e9rmino adicional o distinto sugerido [&hellip;]","og_url":"https:\/\/www.abcsupply.com\/es\/terminos-y-condiciones-de-la-orden-de-compra\/","og_site_name":"ABC Supply","article_modified_time":"2021-12-18T18:51:58+00:00","og_image":[{"width":1440,"height":460,"url":"https:\/\/www.abcsupply.com\/wp-content\/uploads\/2021\/09\/NSC-sharp.jpg","type":"image\/jpeg"}],"twitter_card":"summary_large_image","twitter_misc":{"Tiempo de lectura":"6 minutos"},"schema":{"@context":"https:\/\/schema.org","@graph":[{"@type":"WebPage","@id":"https:\/\/www.abcsupply.com\/es\/terminos-y-condiciones-de-la-orden-de-compra\/","url":"https:\/\/www.abcsupply.com\/es\/terminos-y-condiciones-de-la-orden-de-compra\/","name":"T\u00e9rminos y condiciones de la orden de compra - ABC Supply","isPartOf":{"@id":"https:\/\/www.abcsupply.com\/es\/#website"},"datePublished":"2021-10-25T21:10:20+00:00","dateModified":"2021-12-18T18:51:58+00:00","breadcrumb":{"@id":"https:\/\/www.abcsupply.com\/es\/terminos-y-condiciones-de-la-orden-de-compra\/#breadcrumb"},"inLanguage":"es","potentialAction":[{"@type":"ReadAction","target":["https:\/\/www.abcsupply.com\/es\/terminos-y-condiciones-de-la-orden-de-compra\/"]}]},{"@type":"BreadcrumbList","@id":"https:\/\/www.abcsupply.com\/es\/terminos-y-condiciones-de-la-orden-de-compra\/#breadcrumb","itemListElement":[{"@type":"ListItem","position":1,"name":"Inicio","item":"https:\/\/www.abcsupply.com\/es\/casa\/"},{"@type":"ListItem","position":2,"name":"T\u00e9rminos y condiciones de la orden de compra"}]},{"@type":"WebSite","@id":"https:\/\/www.abcsupply.com\/es\/#website","url":"https:\/\/www.abcsupply.com\/es\/","name":"ABC Supply","description":"Built On A Foundation Of Respect","potentialAction":[{"@type":"SearchAction","target":{"@type":"EntryPoint","urlTemplate":"https:\/\/www.abcsupply.com\/es\/?s={search_term_string}"},"query-input":{"@type":"PropertyValueSpecification","valueRequired":true,"valueName":"search_term_string"}}],"inLanguage":"es"}]}},"_links":{"self":[{"href":"https:\/\/www.abcsupply.com\/es\/wp-json\/wp\/v2\/pages\/3613","targetHints":{"allow":["GET"]}}],"collection":[{"href":"https:\/\/www.abcsupply.com\/es\/wp-json\/wp\/v2\/pages"}],"about":[{"href":"https:\/\/www.abcsupply.com\/es\/wp-json\/wp\/v2\/types\/page"}],"author":[{"embeddable":true,"href":"https:\/\/www.abcsupply.com\/es\/wp-json\/wp\/v2\/users\/1"}],"replies":[{"embeddable":true,"href":"https:\/\/www.abcsupply.com\/es\/wp-json\/wp\/v2\/comments?post=3613"}],"version-history":[{"count":0,"href":"https:\/\/www.abcsupply.com\/es\/wp-json\/wp\/v2\/pages\/3613\/revisions"}],"wp:attachment":[{"href":"https:\/\/www.abcsupply.com\/es\/wp-json\/wp\/v2\/media?parent=3613"}],"curies":[{"name":"wp","href":"https:\/\/api.w.org\/{rel}","templated":true}]}}