{"id":3612,"date":"2021-10-25T21:09:18","date_gmt":"2021-10-25T21:09:18","guid":{"rendered":"https:\/\/abcsupply.exclaim-inc.info\/servicios\/politica-de-devoluciones\/"},"modified":"2022-01-06T13:13:18","modified_gmt":"2022-01-06T13:13:18","slug":"politica-de-devoluciones","status":"publish","type":"page","link":"https:\/\/www.abcsupply.com\/es\/servicios\/politica-de-devoluciones\/","title":{"rendered":"Pol\u00edtica de devoluciones"},"content":{"rendered":"<h2>Devoluciones m\u00e1s simples que nunca<\/h2>\n<p><strong>Nuestra pol\u00edtica de devoluci\u00f3n sin complicaciones<\/strong><\/p>\n<p>Si devuelve un producto a un centro de ABC Supply en condiciones que hagan posible su reventa dentro de los 30 d\u00edas posteriores a la compra y presenta su recibo, recibir\u00e1 un reembolso completo. Para cumplir con los requisitos de esta pol\u00edtica, el producto devuelto:<\/p>\n<ul>\n<li>Debe ser un producto que normalmente est\u00e9 en existencias (que no sea un pedido especial).<\/li>\n<li>Debe estar en condiciones que hagan posible su reventa.<\/li>\n<li>Debe venir en su embalaje original (cajas, paquete o unidades completas).<\/li>\n<li>Debe estar acompa\u00f1ado de la factura o el recibo de compra original.<\/li>\n<li>Debe ser devuelto al lugar donde se hizo la compra.<\/li>\n<\/ul>\n<p>Para todas las dem\u00e1s devoluciones, consulte la secci\u00f3n \u00abDevoluciones que no cumplen los requisitos de la pol\u00edtica\u00bb que sigue a continuaci\u00f3n.<\/p>\n<p>Es posible que se apliquen cargos por reposici\u00f3n de existencias.<\/p>\n<h3>C\u00f3mo recibir su reembolso<\/h3>\n<table class=\"table table-bordered\">\n<thead class=\"table-dark\">\n<tr>\n<th>Forma de pago<\/th>\n<th>Monto<\/th>\n<th>M\u00e9todo de reembolso<\/th>\n<th>Tiempo de procesamiento<\/th>\n<\/tr>\n<\/thead>\n<tbody>\n<tr>\n<td>Cuenta de ABC Supply<\/td>\n<td>Cualquier monto<\/td>\n<td>Cr\u00e9dito a su cuenta<\/td>\n<td>24 horas<\/td>\n<\/tr>\n<tr>\n<td>Tarjeta de cr\u00e9dito<\/td>\n<td>Cualquier monto<\/td>\n<td>Cr\u00e9dito a tarjeta de cr\u00e9dito<\/td>\n<td>24 horas***<\/td>\n<\/tr>\n<tr>\n<td>Cheque*<\/td>\n<td>Hasta $ 500<\/td>\n<td>Efectivo<\/td>\n<td>En el mismo d\u00eda<\/td>\n<\/tr>\n<tr>\n<td><span>Cheque*<\/span><\/td>\n<td><span>M\u00e1s de $ 500<\/span><\/td>\n<td>Cheque<\/td>\n<td>Entre 3 y 4 d\u00edas h\u00e1biles<\/td>\n<\/tr>\n<tr>\n<td><span>Efectivo**<\/span><\/td>\n<td><span>Hasta $ 500<\/span><\/td>\n<td><span>Efectivo<\/span><\/td>\n<td><span>En el mismo d\u00eda<\/span><\/td>\n<\/tr>\n<tr>\n<td><span>Efectivo**<\/span><\/td>\n<td><span>M\u00e1s de $ 500<\/span><\/td>\n<td><span>Cheque<\/span><\/td>\n<td><span>Entre 3 y 4 d\u00edas h\u00e1biles<\/span><\/td>\n<\/tr>\n<\/tbody>\n<\/table>\n<p><small>*Debe haber pasado un per\u00edodo de espera de 10 d\u00edas h\u00e1biles.<br \/>\n**Si el efectivo recibido en forma de pago a\u00fan no fue depositado, es posible otorgar un reembolso completo del efectivo.<br \/>\n***No incluye el tiempo de procesamiento que se toma la empresa de la tarjeta de cr\u00e9dito, pues var\u00eda. Puede tomar hasta 2 ciclos de facturaci\u00f3n para que el cr\u00e9dito aparezca en el estado de cuenta de su tarjeta de cr\u00e9dito.<\/small><\/p>\n<h3>Devoluciones que no cumplen los requisitos de la pol\u00edtica<\/h3>\n<p><strong>Devoluciones realizadas despu\u00e9s de 30 d\u00edas:<\/strong><\/p>\n<ul>\n<li>Las devoluciones realizadas 30 d\u00edas despu\u00e9s de la compra y acompa\u00f1adas de la factura o el recibo de venta original pueden estar sujetas a un cargo por reposici\u00f3n de existencias.<\/li>\n<li>ABC Supply se reserva el derecho de rechazar cualquier devoluci\u00f3n realizada despu\u00e9s de 30 d\u00edas de haberse hecho la compra.<\/li>\n<\/ul>\n<p><strong>Devoluciones realizadas sin recibo de venta o factura:<\/strong><\/p>\n<ul>\n<li>Para los titulares de cuentas de ABC Supply que devuelvan un producto dentro de los 30 d\u00edas posteriores a la compra, haremos todo lo posible por encontrar su recibo. De encontrarlo, se aplica la misma pol\u00edtica que si tuviera la factura original.<\/li>\n<li>Si no logramos buscar o encontrar la factura, es posible que se rechace la solicitud.<\/li>\n<\/ul>\n<p><em>Recuerde: las devoluciones realizadas en una ubicaci\u00f3n de ABC Supply distinta a la de la compra deben ser aprobadas por un gerente y pueden estar sujetas a un cargo por reposici\u00f3n de existencias.<\/em><\/p>\n<h3>Pedidos especiales<\/h3>\n<p><strong>Devoluci\u00f3n de &#8220;pedidos especiales&#8221;:<\/strong><\/p>\n<ul>\n<li>Un &#8220;pedido especial&#8221; es cualquier pedido de un producto que ABC Supply normalmente no tiene en existencias en un mercado determinado o de cualquier producto hecho de manera personalizada (que el fabricante no tenga en existencias o no fabrique seg\u00fan las especificaciones del cliente).<\/li>\n<li>Las devoluciones de pedidos especiales se aceptar\u00e1n supeditadas a la pol\u00edtica de devoluciones del fabricante. El cliente deber\u00e1 cubrir todos los costos asociados con las devoluciones de pedidos especiales al fabricante.<\/li>\n<\/ul>\n<h3>Recolecci\u00f3n de productos<\/h3>\n<p><strong>ABC Supply brindar\u00e1 un servicio de recogida de productos en el lugar para todas las devoluci\u00f3n que cumplan con los de este servicio. Se aplicar\u00e1 lo siguiente:<\/strong><\/p>\n<ul>\n<li>Todo producto que recoja ABC Supply en el campo estar\u00e1 sujeto a una tarifa de servicio fija por la recolecci\u00f3n.<\/li>\n<li>Es posible que se deba cubrir otros cargos. Para obtener m\u00e1s detalles consulte a la tienda.<\/li>\n<\/ul>\n","protected":false},"excerpt":{"rendered":"<p>Devoluciones m\u00e1s simples que nunca Nuestra pol\u00edtica de devoluci\u00f3n sin complicaciones Si devuelve un producto a un centro de ABC Supply en condiciones que hagan [&hellip;]<\/p>\n","protected":false},"author":1,"featured_media":3037,"parent":3158,"menu_order":0,"comment_status":"closed","ping_status":"closed","template":"","meta":{"_acf_changed":false,"inline_featured_image":false,"footnotes":""},"class_list":["post-3612","page","type-page","status-publish","has-post-thumbnail","hentry"],"acf":[],"yoast_head":"<!-- This site is optimized with the Yoast SEO plugin v27.3 - https:\/\/yoast.com\/product\/yoast-seo-wordpress\/ -->\n<title>Pol\u00edtica de devoluciones - ABC Supply<\/title>\n<meta name=\"robots\" content=\"index, follow, max-snippet:-1, max-image-preview:large, max-video-preview:-1\" \/>\n<link rel=\"canonical\" href=\"https:\/\/www.abcsupply.com\/es\/servicios\/politica-de-devoluciones\/\" \/>\n<meta property=\"og:locale\" content=\"es_ES\" \/>\n<meta property=\"og:type\" content=\"article\" \/>\n<meta property=\"og:title\" content=\"Pol\u00edtica de devoluciones - ABC Supply\" \/>\n<meta property=\"og:description\" content=\"Devoluciones m\u00e1s simples que nunca Nuestra pol\u00edtica de devoluci\u00f3n sin complicaciones Si devuelve un producto a un centro de ABC Supply en condiciones que hagan [&hellip;]\" \/>\n<meta property=\"og:url\" content=\"https:\/\/www.abcsupply.com\/es\/servicios\/politica-de-devoluciones\/\" \/>\n<meta property=\"og:site_name\" content=\"ABC Supply\" \/>\n<meta property=\"article:modified_time\" content=\"2022-01-06T13:13:18+00:00\" \/>\n<meta property=\"og:image\" content=\"https:\/\/www.abcsupply.com\/wp-content\/uploads\/2021\/09\/ABC064-4630-return.jpg\" \/>\n\t<meta property=\"og:image:width\" content=\"1440\" \/>\n\t<meta property=\"og:image:height\" content=\"460\" \/>\n\t<meta property=\"og:image:type\" content=\"image\/jpeg\" \/>\n<meta name=\"twitter:card\" content=\"summary_large_image\" \/>\n<meta name=\"twitter:label1\" content=\"Tiempo de lectura\" \/>\n\t<meta name=\"twitter:data1\" content=\"3 minutos\" \/>\n<script type=\"application\/ld+json\" class=\"yoast-schema-graph\">{\"@context\":\"https:\\\/\\\/schema.org\",\"@graph\":[{\"@type\":\"WebPage\",\"@id\":\"https:\\\/\\\/www.abcsupply.com\\\/es\\\/servicios\\\/politica-de-devoluciones\\\/\",\"url\":\"https:\\\/\\\/www.abcsupply.com\\\/es\\\/servicios\\\/politica-de-devoluciones\\\/\",\"name\":\"Pol\u00edtica de devoluciones - ABC Supply\",\"isPartOf\":{\"@id\":\"https:\\\/\\\/www.abcsupply.com\\\/es\\\/#website\"},\"primaryImageOfPage\":{\"@id\":\"https:\\\/\\\/www.abcsupply.com\\\/es\\\/servicios\\\/politica-de-devoluciones\\\/#primaryimage\"},\"image\":{\"@id\":\"https:\\\/\\\/www.abcsupply.com\\\/es\\\/servicios\\\/politica-de-devoluciones\\\/#primaryimage\"},\"thumbnailUrl\":\"https:\\\/\\\/www.abcsupply.com\\\/wp-content\\\/uploads\\\/2021\\\/09\\\/ABC064-4630-return.jpg\",\"datePublished\":\"2021-10-25T21:09:18+00:00\",\"dateModified\":\"2022-01-06T13:13:18+00:00\",\"breadcrumb\":{\"@id\":\"https:\\\/\\\/www.abcsupply.com\\\/es\\\/servicios\\\/politica-de-devoluciones\\\/#breadcrumb\"},\"inLanguage\":\"es\",\"potentialAction\":[{\"@type\":\"ReadAction\",\"target\":[\"https:\\\/\\\/www.abcsupply.com\\\/es\\\/servicios\\\/politica-de-devoluciones\\\/\"]}]},{\"@type\":\"ImageObject\",\"inLanguage\":\"es\",\"@id\":\"https:\\\/\\\/www.abcsupply.com\\\/es\\\/servicios\\\/politica-de-devoluciones\\\/#primaryimage\",\"url\":\"https:\\\/\\\/www.abcsupply.com\\\/wp-content\\\/uploads\\\/2021\\\/09\\\/ABC064-4630-return.jpg\",\"contentUrl\":\"https:\\\/\\\/www.abcsupply.com\\\/wp-content\\\/uploads\\\/2021\\\/09\\\/ABC064-4630-return.jpg\",\"width\":1440,\"height\":460,\"caption\":\"Gerente de tienda con cliente\"},{\"@type\":\"BreadcrumbList\",\"@id\":\"https:\\\/\\\/www.abcsupply.com\\\/es\\\/servicios\\\/politica-de-devoluciones\\\/#breadcrumb\",\"itemListElement\":[{\"@type\":\"ListItem\",\"position\":1,\"name\":\"Inicio\",\"item\":\"https:\\\/\\\/www.abcsupply.com\\\/es\\\/casa\\\/\"},{\"@type\":\"ListItem\",\"position\":2,\"name\":\"Servicios\",\"item\":\"https:\\\/\\\/www.abcsupply.com\\\/es\\\/servicios\\\/\"},{\"@type\":\"ListItem\",\"position\":3,\"name\":\"Pol\u00edtica de devoluciones\"}]},{\"@type\":\"WebSite\",\"@id\":\"https:\\\/\\\/www.abcsupply.com\\\/es\\\/#website\",\"url\":\"https:\\\/\\\/www.abcsupply.com\\\/es\\\/\",\"name\":\"ABC Supply\",\"description\":\"Built On A Foundation Of Respect\",\"potentialAction\":[{\"@type\":\"SearchAction\",\"target\":{\"@type\":\"EntryPoint\",\"urlTemplate\":\"https:\\\/\\\/www.abcsupply.com\\\/es\\\/?s={search_term_string}\"},\"query-input\":{\"@type\":\"PropertyValueSpecification\",\"valueRequired\":true,\"valueName\":\"search_term_string\"}}],\"inLanguage\":\"es\"}]}<\/script>\n<!-- \/ Yoast SEO plugin. -->","yoast_head_json":{"title":"Pol\u00edtica de devoluciones - ABC Supply","robots":{"index":"index","follow":"follow","max-snippet":"max-snippet:-1","max-image-preview":"max-image-preview:large","max-video-preview":"max-video-preview:-1"},"canonical":"https:\/\/www.abcsupply.com\/es\/servicios\/politica-de-devoluciones\/","og_locale":"es_ES","og_type":"article","og_title":"Pol\u00edtica de devoluciones - ABC Supply","og_description":"Devoluciones m\u00e1s simples que nunca Nuestra pol\u00edtica de devoluci\u00f3n sin complicaciones Si devuelve un producto a un centro de ABC Supply en condiciones que hagan [&hellip;]","og_url":"https:\/\/www.abcsupply.com\/es\/servicios\/politica-de-devoluciones\/","og_site_name":"ABC Supply","article_modified_time":"2022-01-06T13:13:18+00:00","og_image":[{"width":1440,"height":460,"url":"https:\/\/www.abcsupply.com\/wp-content\/uploads\/2021\/09\/ABC064-4630-return.jpg","type":"image\/jpeg"}],"twitter_card":"summary_large_image","twitter_misc":{"Tiempo de lectura":"3 minutos"},"schema":{"@context":"https:\/\/schema.org","@graph":[{"@type":"WebPage","@id":"https:\/\/www.abcsupply.com\/es\/servicios\/politica-de-devoluciones\/","url":"https:\/\/www.abcsupply.com\/es\/servicios\/politica-de-devoluciones\/","name":"Pol\u00edtica de devoluciones - ABC Supply","isPartOf":{"@id":"https:\/\/www.abcsupply.com\/es\/#website"},"primaryImageOfPage":{"@id":"https:\/\/www.abcsupply.com\/es\/servicios\/politica-de-devoluciones\/#primaryimage"},"image":{"@id":"https:\/\/www.abcsupply.com\/es\/servicios\/politica-de-devoluciones\/#primaryimage"},"thumbnailUrl":"https:\/\/www.abcsupply.com\/wp-content\/uploads\/2021\/09\/ABC064-4630-return.jpg","datePublished":"2021-10-25T21:09:18+00:00","dateModified":"2022-01-06T13:13:18+00:00","breadcrumb":{"@id":"https:\/\/www.abcsupply.com\/es\/servicios\/politica-de-devoluciones\/#breadcrumb"},"inLanguage":"es","potentialAction":[{"@type":"ReadAction","target":["https:\/\/www.abcsupply.com\/es\/servicios\/politica-de-devoluciones\/"]}]},{"@type":"ImageObject","inLanguage":"es","@id":"https:\/\/www.abcsupply.com\/es\/servicios\/politica-de-devoluciones\/#primaryimage","url":"https:\/\/www.abcsupply.com\/wp-content\/uploads\/2021\/09\/ABC064-4630-return.jpg","contentUrl":"https:\/\/www.abcsupply.com\/wp-content\/uploads\/2021\/09\/ABC064-4630-return.jpg","width":1440,"height":460,"caption":"Gerente de tienda con cliente"},{"@type":"BreadcrumbList","@id":"https:\/\/www.abcsupply.com\/es\/servicios\/politica-de-devoluciones\/#breadcrumb","itemListElement":[{"@type":"ListItem","position":1,"name":"Inicio","item":"https:\/\/www.abcsupply.com\/es\/casa\/"},{"@type":"ListItem","position":2,"name":"Servicios","item":"https:\/\/www.abcsupply.com\/es\/servicios\/"},{"@type":"ListItem","position":3,"name":"Pol\u00edtica de devoluciones"}]},{"@type":"WebSite","@id":"https:\/\/www.abcsupply.com\/es\/#website","url":"https:\/\/www.abcsupply.com\/es\/","name":"ABC Supply","description":"Built On A Foundation Of Respect","potentialAction":[{"@type":"SearchAction","target":{"@type":"EntryPoint","urlTemplate":"https:\/\/www.abcsupply.com\/es\/?s={search_term_string}"},"query-input":{"@type":"PropertyValueSpecification","valueRequired":true,"valueName":"search_term_string"}}],"inLanguage":"es"}]}},"_links":{"self":[{"href":"https:\/\/www.abcsupply.com\/es\/wp-json\/wp\/v2\/pages\/3612","targetHints":{"allow":["GET"]}}],"collection":[{"href":"https:\/\/www.abcsupply.com\/es\/wp-json\/wp\/v2\/pages"}],"about":[{"href":"https:\/\/www.abcsupply.com\/es\/wp-json\/wp\/v2\/types\/page"}],"author":[{"embeddable":true,"href":"https:\/\/www.abcsupply.com\/es\/wp-json\/wp\/v2\/users\/1"}],"replies":[{"embeddable":true,"href":"https:\/\/www.abcsupply.com\/es\/wp-json\/wp\/v2\/comments?post=3612"}],"version-history":[{"count":0,"href":"https:\/\/www.abcsupply.com\/es\/wp-json\/wp\/v2\/pages\/3612\/revisions"}],"up":[{"embeddable":true,"href":"https:\/\/www.abcsupply.com\/es\/wp-json\/wp\/v2\/pages\/3158"}],"wp:featuredmedia":[{"embeddable":true,"href":"https:\/\/www.abcsupply.com\/es\/wp-json\/wp\/v2\/media\/3037"}],"wp:attachment":[{"href":"https:\/\/www.abcsupply.com\/es\/wp-json\/wp\/v2\/media?parent=3612"}],"curies":[{"name":"wp","href":"https:\/\/api.w.org\/{rel}","templated":true}]}}