{"id":3607,"date":"2021-10-25T20:29:51","date_gmt":"2021-10-25T20:29:51","guid":{"rendered":"https:\/\/abcsupply.exclaim-inc.info\/contractor-center\/myabcsupply\/atencion-al-cliente-de-myabcsupply\/"},"modified":"2026-01-15T16:05:42","modified_gmt":"2026-01-15T22:05:42","slug":"atencion-al-cliente-de-myabcsupply","status":"publish","type":"page","link":"https:\/\/www.abcsupply.com\/es\/centro-de-contratistas\/myabcsupply\/atencion-al-cliente-de-myabcsupply\/","title":{"rendered":"Atenci\u00f3n al cliente de myABCsupply"},"content":{"rendered":"<p>ABC Supply ofrece <a href=\"https:\/\/calendly.com\/training-abc\/myabcsupply-dedicatedsupport?month=2023-12\">atenci\u00f3n al cliente personalizada en directo<\/a> para<span> <\/span><a rel=\"noopener noreferrer\" href=\"https:\/\/account.abcsupply.com\/orderdraft\/login?ReturnUrl=%2F%3F_ga%3D2.218411097.1594336836.1610572016-576983417.1517329308\" target=\"_blank\">myABCsupply<\/a> . Tiene acceso a nuestros expertos para ayudarlo a navegar y comprender todas las caracter\u00edsticas de este valioso programa.<\/p>\n<p>Programe hoy mismo su sesi\u00f3n dedicada de atenci\u00f3n al cliente para obtener m\u00e1s informaci\u00f3n sobre lo que<span> <\/span><a rel=\"noopener noreferrer\" href=\"https:\/\/account.abcsupply.com\/orderdraft\/login?ReturnUrl=%2F%3F_ga%3D2.218411097.1594336836.1610572016-576983417.1517329308\" target=\"_blank\">myABCsupply<\/a><span> <\/span>tiene que ofrecer.<\/p>\n<p>\u00bfA\u00fan no tienes una cuenta? Registrarse<span> <\/span><a rel=\"noopener noreferrer\" href=\"https:\/\/account.abcsupply.com\/Account\/Login?ReturnUrl=%2F%3F_ga%3D2.160082749.164382510.1573483901-576983417.1517329308\" target=\"_blank\">aqu\u00ed<\/a> . Descargue la aplicaci\u00f3n ABC Supply para acceder a su cuenta en cualquier momento y lugar.<\/p>\n","protected":false},"excerpt":{"rendered":"<p>ABC Supply ofrece atenci\u00f3n al cliente personalizada en directo para myABCsupply . Tiene acceso a nuestros expertos para ayudarlo a navegar y comprender todas las [&hellip;]<\/p>\n","protected":false},"author":1,"featured_media":3009,"parent":3428,"menu_order":0,"comment_status":"closed","ping_status":"closed","template":"","meta":{"_acf_changed":false,"inline_featured_image":false,"footnotes":""},"class_list":["post-3607","page","type-page","status-publish","has-post-thumbnail","hentry"],"acf":[],"yoast_head":"<!-- This site is optimized with the Yoast SEO plugin v27.4 - https:\/\/yoast.com\/product\/yoast-seo-wordpress\/ -->\n<title>Atenci\u00f3n al cliente de myABCsupply - ABC Supply<\/title>\n<meta name=\"robots\" content=\"index, follow, max-snippet:-1, max-image-preview:large, max-video-preview:-1\" \/>\n<link rel=\"canonical\" href=\"https:\/\/www.abcsupply.com\/es\/centro-de-contratistas\/myabcsupply\/atencion-al-cliente-de-myabcsupply\/\" \/>\n<meta property=\"og:locale\" content=\"es_ES\" \/>\n<meta property=\"og:type\" content=\"article\" \/>\n<meta property=\"og:title\" content=\"Atenci\u00f3n al cliente de myABCsupply - ABC Supply\" \/>\n<meta property=\"og:description\" content=\"ABC Supply ofrece atenci\u00f3n al cliente personalizada en directo para myABCsupply . Tiene acceso a nuestros expertos para ayudarlo a navegar y comprender todas las [&hellip;]\" \/>\n<meta property=\"og:url\" content=\"https:\/\/www.abcsupply.com\/es\/centro-de-contratistas\/myabcsupply\/atencion-al-cliente-de-myabcsupply\/\" \/>\n<meta property=\"og:site_name\" content=\"ABC Supply\" \/>\n<meta property=\"article:modified_time\" content=\"2026-01-15T22:05:42+00:00\" \/>\n<meta property=\"og:image\" content=\"https:\/\/www.abcsupply.com\/wp-content\/uploads\/2021\/09\/MyABCSupply-wide.jpg\" \/>\n\t<meta property=\"og:image:width\" content=\"1440\" \/>\n\t<meta property=\"og:image:height\" content=\"460\" \/>\n\t<meta property=\"og:image:type\" content=\"image\/jpeg\" \/>\n<meta name=\"twitter:card\" content=\"summary_large_image\" \/>\n<script type=\"application\/ld+json\" class=\"yoast-schema-graph\">{\"@context\":\"https:\\\/\\\/schema.org\",\"@graph\":[{\"@type\":\"WebPage\",\"@id\":\"https:\\\/\\\/www.abcsupply.com\\\/es\\\/centro-de-contratistas\\\/myabcsupply\\\/atencion-al-cliente-de-myabcsupply\\\/\",\"url\":\"https:\\\/\\\/www.abcsupply.com\\\/es\\\/centro-de-contratistas\\\/myabcsupply\\\/atencion-al-cliente-de-myabcsupply\\\/\",\"name\":\"Atenci\u00f3n al cliente de myABCsupply - ABC Supply\",\"isPartOf\":{\"@id\":\"https:\\\/\\\/www.abcsupply.com\\\/es\\\/#website\"},\"primaryImageOfPage\":{\"@id\":\"https:\\\/\\\/www.abcsupply.com\\\/es\\\/centro-de-contratistas\\\/myabcsupply\\\/atencion-al-cliente-de-myabcsupply\\\/#primaryimage\"},\"image\":{\"@id\":\"https:\\\/\\\/www.abcsupply.com\\\/es\\\/centro-de-contratistas\\\/myabcsupply\\\/atencion-al-cliente-de-myabcsupply\\\/#primaryimage\"},\"thumbnailUrl\":\"https:\\\/\\\/www.abcsupply.com\\\/wp-content\\\/uploads\\\/2021\\\/09\\\/MyABCSupply-wide.jpg\",\"datePublished\":\"2021-10-25T20:29:51+00:00\",\"dateModified\":\"2026-01-15T22:05:42+00:00\",\"breadcrumb\":{\"@id\":\"https:\\\/\\\/www.abcsupply.com\\\/es\\\/centro-de-contratistas\\\/myabcsupply\\\/atencion-al-cliente-de-myabcsupply\\\/#breadcrumb\"},\"inLanguage\":\"es\",\"potentialAction\":[{\"@type\":\"ReadAction\",\"target\":[\"https:\\\/\\\/www.abcsupply.com\\\/es\\\/centro-de-contratistas\\\/myabcsupply\\\/atencion-al-cliente-de-myabcsupply\\\/\"]}]},{\"@type\":\"ImageObject\",\"inLanguage\":\"es\",\"@id\":\"https:\\\/\\\/www.abcsupply.com\\\/es\\\/centro-de-contratistas\\\/myabcsupply\\\/atencion-al-cliente-de-myabcsupply\\\/#primaryimage\",\"url\":\"https:\\\/\\\/www.abcsupply.com\\\/wp-content\\\/uploads\\\/2021\\\/09\\\/MyABCSupply-wide.jpg\",\"contentUrl\":\"https:\\\/\\\/www.abcsupply.com\\\/wp-content\\\/uploads\\\/2021\\\/09\\\/MyABCSupply-wide.jpg\",\"width\":1440,\"height\":460,\"caption\":\"Capataz en su cami\u00f3n usando una computadora port\u00e1til\"},{\"@type\":\"BreadcrumbList\",\"@id\":\"https:\\\/\\\/www.abcsupply.com\\\/es\\\/centro-de-contratistas\\\/myabcsupply\\\/atencion-al-cliente-de-myabcsupply\\\/#breadcrumb\",\"itemListElement\":[{\"@type\":\"ListItem\",\"position\":1,\"name\":\"Inicio\",\"item\":\"https:\\\/\\\/www.abcsupply.com\\\/es\\\/casa\\\/\"},{\"@type\":\"ListItem\",\"position\":2,\"name\":\"Centro de contratistas\",\"item\":\"https:\\\/\\\/www.abcsupply.com\\\/es\\\/centro-de-contratistas\\\/\"},{\"@type\":\"ListItem\",\"position\":3,\"name\":\"myABCsupply\",\"item\":\"https:\\\/\\\/www.abcsupply.com\\\/es\\\/centro-de-contratistas\\\/myabcsupply\\\/\"},{\"@type\":\"ListItem\",\"position\":4,\"name\":\"Atenci\u00f3n al cliente de myABCsupply\"}]},{\"@type\":\"WebSite\",\"@id\":\"https:\\\/\\\/www.abcsupply.com\\\/es\\\/#website\",\"url\":\"https:\\\/\\\/www.abcsupply.com\\\/es\\\/\",\"name\":\"ABC Supply\",\"description\":\"Built On A Foundation Of Respect\",\"potentialAction\":[{\"@type\":\"SearchAction\",\"target\":{\"@type\":\"EntryPoint\",\"urlTemplate\":\"https:\\\/\\\/www.abcsupply.com\\\/es\\\/?s={search_term_string}\"},\"query-input\":{\"@type\":\"PropertyValueSpecification\",\"valueRequired\":true,\"valueName\":\"search_term_string\"}}],\"inLanguage\":\"es\"}]}<\/script>\n<!-- \/ Yoast SEO plugin. -->","yoast_head_json":{"title":"Atenci\u00f3n al cliente de myABCsupply - ABC Supply","robots":{"index":"index","follow":"follow","max-snippet":"max-snippet:-1","max-image-preview":"max-image-preview:large","max-video-preview":"max-video-preview:-1"},"canonical":"https:\/\/www.abcsupply.com\/es\/centro-de-contratistas\/myabcsupply\/atencion-al-cliente-de-myabcsupply\/","og_locale":"es_ES","og_type":"article","og_title":"Atenci\u00f3n al cliente de myABCsupply - ABC Supply","og_description":"ABC Supply ofrece atenci\u00f3n al cliente personalizada en directo para myABCsupply . Tiene acceso a nuestros expertos para ayudarlo a navegar y comprender todas las [&hellip;]","og_url":"https:\/\/www.abcsupply.com\/es\/centro-de-contratistas\/myabcsupply\/atencion-al-cliente-de-myabcsupply\/","og_site_name":"ABC Supply","article_modified_time":"2026-01-15T22:05:42+00:00","og_image":[{"width":1440,"height":460,"url":"https:\/\/www.abcsupply.com\/wp-content\/uploads\/2021\/09\/MyABCSupply-wide.jpg","type":"image\/jpeg"}],"twitter_card":"summary_large_image","schema":{"@context":"https:\/\/schema.org","@graph":[{"@type":"WebPage","@id":"https:\/\/www.abcsupply.com\/es\/centro-de-contratistas\/myabcsupply\/atencion-al-cliente-de-myabcsupply\/","url":"https:\/\/www.abcsupply.com\/es\/centro-de-contratistas\/myabcsupply\/atencion-al-cliente-de-myabcsupply\/","name":"Atenci\u00f3n al cliente de myABCsupply - ABC Supply","isPartOf":{"@id":"https:\/\/www.abcsupply.com\/es\/#website"},"primaryImageOfPage":{"@id":"https:\/\/www.abcsupply.com\/es\/centro-de-contratistas\/myabcsupply\/atencion-al-cliente-de-myabcsupply\/#primaryimage"},"image":{"@id":"https:\/\/www.abcsupply.com\/es\/centro-de-contratistas\/myabcsupply\/atencion-al-cliente-de-myabcsupply\/#primaryimage"},"thumbnailUrl":"https:\/\/www.abcsupply.com\/wp-content\/uploads\/2021\/09\/MyABCSupply-wide.jpg","datePublished":"2021-10-25T20:29:51+00:00","dateModified":"2026-01-15T22:05:42+00:00","breadcrumb":{"@id":"https:\/\/www.abcsupply.com\/es\/centro-de-contratistas\/myabcsupply\/atencion-al-cliente-de-myabcsupply\/#breadcrumb"},"inLanguage":"es","potentialAction":[{"@type":"ReadAction","target":["https:\/\/www.abcsupply.com\/es\/centro-de-contratistas\/myabcsupply\/atencion-al-cliente-de-myabcsupply\/"]}]},{"@type":"ImageObject","inLanguage":"es","@id":"https:\/\/www.abcsupply.com\/es\/centro-de-contratistas\/myabcsupply\/atencion-al-cliente-de-myabcsupply\/#primaryimage","url":"https:\/\/www.abcsupply.com\/wp-content\/uploads\/2021\/09\/MyABCSupply-wide.jpg","contentUrl":"https:\/\/www.abcsupply.com\/wp-content\/uploads\/2021\/09\/MyABCSupply-wide.jpg","width":1440,"height":460,"caption":"Capataz en su cami\u00f3n usando una computadora port\u00e1til"},{"@type":"BreadcrumbList","@id":"https:\/\/www.abcsupply.com\/es\/centro-de-contratistas\/myabcsupply\/atencion-al-cliente-de-myabcsupply\/#breadcrumb","itemListElement":[{"@type":"ListItem","position":1,"name":"Inicio","item":"https:\/\/www.abcsupply.com\/es\/casa\/"},{"@type":"ListItem","position":2,"name":"Centro de contratistas","item":"https:\/\/www.abcsupply.com\/es\/centro-de-contratistas\/"},{"@type":"ListItem","position":3,"name":"myABCsupply","item":"https:\/\/www.abcsupply.com\/es\/centro-de-contratistas\/myabcsupply\/"},{"@type":"ListItem","position":4,"name":"Atenci\u00f3n al cliente de myABCsupply"}]},{"@type":"WebSite","@id":"https:\/\/www.abcsupply.com\/es\/#website","url":"https:\/\/www.abcsupply.com\/es\/","name":"ABC Supply","description":"Built On A Foundation Of Respect","potentialAction":[{"@type":"SearchAction","target":{"@type":"EntryPoint","urlTemplate":"https:\/\/www.abcsupply.com\/es\/?s={search_term_string}"},"query-input":{"@type":"PropertyValueSpecification","valueRequired":true,"valueName":"search_term_string"}}],"inLanguage":"es"}]}},"_links":{"self":[{"href":"https:\/\/www.abcsupply.com\/es\/wp-json\/wp\/v2\/pages\/3607","targetHints":{"allow":["GET"]}}],"collection":[{"href":"https:\/\/www.abcsupply.com\/es\/wp-json\/wp\/v2\/pages"}],"about":[{"href":"https:\/\/www.abcsupply.com\/es\/wp-json\/wp\/v2\/types\/page"}],"author":[{"embeddable":true,"href":"https:\/\/www.abcsupply.com\/es\/wp-json\/wp\/v2\/users\/1"}],"replies":[{"embeddable":true,"href":"https:\/\/www.abcsupply.com\/es\/wp-json\/wp\/v2\/comments?post=3607"}],"version-history":[{"count":0,"href":"https:\/\/www.abcsupply.com\/es\/wp-json\/wp\/v2\/pages\/3607\/revisions"}],"up":[{"embeddable":true,"href":"https:\/\/www.abcsupply.com\/es\/wp-json\/wp\/v2\/pages\/3428"}],"wp:featuredmedia":[{"embeddable":true,"href":"https:\/\/www.abcsupply.com\/es\/wp-json\/wp\/v2\/media\/3009"}],"wp:attachment":[{"href":"https:\/\/www.abcsupply.com\/es\/wp-json\/wp\/v2\/media?parent=3607"}],"curies":[{"name":"wp","href":"https:\/\/api.w.org\/{rel}","templated":true}]}}