{"id":3539,"date":"2021-10-25T18:16:31","date_gmt":"2021-10-25T18:16:31","guid":{"rendered":"https:\/\/abcsupply.exclaim-inc.info\/contractor-center\/servicios-financieros-para-clientes\/"},"modified":"2024-09-18T21:05:18","modified_gmt":"2024-09-19T02:05:18","slug":"servicios-financieros-para-clientes","status":"publish","type":"page","link":"https:\/\/www.abcsupply.com\/es\/centro-de-contratistas\/servicios-financieros-para-clientes\/","title":{"rendered":"Servicios financieros para clientes"},"content":{"rendered":"<h2>Complete nuestra solicitud de cr\u00e9dito en l\u00ednea o solicitud COD:<\/h2>\n<h5><strong>Solicitud de cr\u00e9dito:<\/strong> <a href=\"http:\/\/cus.bectran.com\/customer\/MySecuredLogin\">Ingl\u00e9s<\/a>\u00a0|\u00a0<a href=\"https:\/\/cus.bectran.com\/customer\/regis\/login.jsf?linkCode=8Eqr12558wvND73599ID21R&amp;gId=3599&amp;dswid=2769\">Espa\u00f1ol<\/a>\u00a0|\u00a0<a href=\"https:\/\/cus.bectran.com\/customer\/MySecuredLogin?zid=4TdRg2558POsjB3795cFwyg\">Polaco<\/a><\/h5>\n<h5><strong>Solicitud de cuenta COD:<\/strong> <a href=\"https:\/\/cus.bectran.com\/customer\/CodAupLogin?zid=LEddk2558RA1Oa3406pHtQu\">Ingl\u00e9s<\/a>\u00a0|\u00a0<a href=\"https:\/\/cus.bectran.com\/customer\/regis\/login.jsf?linkCode=8Eqr12558wvND73599ID21R&amp;linkType=COD&amp;gId=3599&amp;dswid=3469\">Espa\u00f1ol<\/a>\u00a0|\u00a0<a href=\"https:\/\/cus.bectran.com\/customer\/CodAupLogin?zid=4TdRg2558POsjB3795cFwyg\">Polaco<\/a><\/h5>\n<p>&nbsp;<\/p>\n<h2>Beneficios de abrir una cuenta<\/h2>\n<ul>\n<li>Nuestro flexible programa de trabajo brinda a los contratistas la posibilidad de incrementar su l\u00ednea de cr\u00e9dito para as\u00ed cubrir trabajos de mayor magnitud. Al tener cuentas y estados de cuenta separados por trabajo, los clientes pueden estimar de manera adecuada el costo de cada proyecto.<\/li>\n<li>Nuestros asociados de CFS est\u00e1n plenamente capacitados y disponibles para brindarle asistencia sobre diversas leyes referidas a grav\u00e1menes y garant\u00edas de construcci\u00f3n.<\/li>\n<li>Nuestros expertos pueden comparar los \u00edndices clave de los estados financieros de un cliente con los de contratistas de tama\u00f1o similar. Este es un proceso completamente discreto y confidencial que brinda a los contratistas una s\u00f3lida herramienta que pueden compartir y discutir con sus contadores o asesores financieros.<\/li>\n<\/ul>\n","protected":false},"excerpt":{"rendered":"<p>Complete nuestra solicitud de cr\u00e9dito en l\u00ednea o solicitud COD: Solicitud de cr\u00e9dito: Ingl\u00e9s\u00a0|\u00a0Espa\u00f1ol\u00a0|\u00a0Polaco Solicitud de cuenta COD: Ingl\u00e9s\u00a0|\u00a0Espa\u00f1ol\u00a0|\u00a0Polaco &nbsp; Beneficios de abrir una cuenta [&hellip;]<\/p>\n","protected":false},"author":1,"featured_media":3135,"parent":3716,"menu_order":0,"comment_status":"closed","ping_status":"closed","template":"page-acf.php","meta":{"_acf_changed":false,"inline_featured_image":false,"footnotes":""},"class_list":["post-3539","page","type-page","status-publish","has-post-thumbnail","hentry"],"acf":[],"yoast_head":"<!-- This site is optimized with the Yoast SEO plugin v27.4 - https:\/\/yoast.com\/product\/yoast-seo-wordpress\/ -->\n<title>Servicios financieros para clientes - ABC Supply<\/title>\n<meta name=\"robots\" content=\"index, follow, max-snippet:-1, max-image-preview:large, max-video-preview:-1\" \/>\n<link rel=\"canonical\" href=\"https:\/\/www.abcsupply.com\/es\/centro-de-contratistas\/servicios-financieros-para-clientes\/\" \/>\n<meta property=\"og:locale\" content=\"es_ES\" \/>\n<meta property=\"og:type\" content=\"article\" \/>\n<meta property=\"og:title\" content=\"Servicios financieros para clientes - ABC Supply\" \/>\n<meta property=\"og:description\" content=\"Complete nuestra solicitud de cr\u00e9dito en l\u00ednea o solicitud COD: Solicitud de cr\u00e9dito: Ingl\u00e9s\u00a0|\u00a0Espa\u00f1ol\u00a0|\u00a0Polaco Solicitud de cuenta COD: Ingl\u00e9s\u00a0|\u00a0Espa\u00f1ol\u00a0|\u00a0Polaco &nbsp; Beneficios de abrir una cuenta [&hellip;]\" \/>\n<meta property=\"og:url\" content=\"https:\/\/www.abcsupply.com\/es\/centro-de-contratistas\/servicios-financieros-para-clientes\/\" \/>\n<meta property=\"og:site_name\" content=\"ABC Supply\" \/>\n<meta property=\"article:modified_time\" content=\"2024-09-19T02:05:18+00:00\" \/>\n<meta property=\"og:image\" content=\"https:\/\/www.abcsupply.com\/wp-content\/uploads\/2021\/10\/ABC176-2862-cust-fin.jpg\" \/>\n\t<meta property=\"og:image:width\" content=\"1440\" \/>\n\t<meta property=\"og:image:height\" content=\"460\" \/>\n\t<meta property=\"og:image:type\" content=\"image\/jpeg\" \/>\n<meta name=\"twitter:card\" content=\"summary_large_image\" \/>\n<meta name=\"twitter:label1\" content=\"Tiempo de lectura\" \/>\n\t<meta name=\"twitter:data1\" content=\"1 minuto\" \/>\n<script type=\"application\/ld+json\" class=\"yoast-schema-graph\">{\"@context\":\"https:\\\/\\\/schema.org\",\"@graph\":[{\"@type\":\"WebPage\",\"@id\":\"https:\\\/\\\/www.abcsupply.com\\\/es\\\/centro-de-contratistas\\\/servicios-financieros-para-clientes\\\/\",\"url\":\"https:\\\/\\\/www.abcsupply.com\\\/es\\\/centro-de-contratistas\\\/servicios-financieros-para-clientes\\\/\",\"name\":\"Servicios financieros para clientes - ABC Supply\",\"isPartOf\":{\"@id\":\"https:\\\/\\\/www.abcsupply.com\\\/es\\\/#website\"},\"primaryImageOfPage\":{\"@id\":\"https:\\\/\\\/www.abcsupply.com\\\/es\\\/centro-de-contratistas\\\/servicios-financieros-para-clientes\\\/#primaryimage\"},\"image\":{\"@id\":\"https:\\\/\\\/www.abcsupply.com\\\/es\\\/centro-de-contratistas\\\/servicios-financieros-para-clientes\\\/#primaryimage\"},\"thumbnailUrl\":\"https:\\\/\\\/www.abcsupply.com\\\/wp-content\\\/uploads\\\/2021\\\/10\\\/ABC176-2862-cust-fin.jpg\",\"datePublished\":\"2021-10-25T18:16:31+00:00\",\"dateModified\":\"2024-09-19T02:05:18+00:00\",\"breadcrumb\":{\"@id\":\"https:\\\/\\\/www.abcsupply.com\\\/es\\\/centro-de-contratistas\\\/servicios-financieros-para-clientes\\\/#breadcrumb\"},\"inLanguage\":\"es\",\"potentialAction\":[{\"@type\":\"ReadAction\",\"target\":[\"https:\\\/\\\/www.abcsupply.com\\\/es\\\/centro-de-contratistas\\\/servicios-financieros-para-clientes\\\/\"]}]},{\"@type\":\"ImageObject\",\"inLanguage\":\"es\",\"@id\":\"https:\\\/\\\/www.abcsupply.com\\\/es\\\/centro-de-contratistas\\\/servicios-financieros-para-clientes\\\/#primaryimage\",\"url\":\"https:\\\/\\\/www.abcsupply.com\\\/wp-content\\\/uploads\\\/2021\\\/10\\\/ABC176-2862-cust-fin.jpg\",\"contentUrl\":\"https:\\\/\\\/www.abcsupply.com\\\/wp-content\\\/uploads\\\/2021\\\/10\\\/ABC176-2862-cust-fin.jpg\",\"width\":1440,\"height\":460,\"caption\":\"Dos hombres estrechando manos en el lugar del trabajo\"},{\"@type\":\"BreadcrumbList\",\"@id\":\"https:\\\/\\\/www.abcsupply.com\\\/es\\\/centro-de-contratistas\\\/servicios-financieros-para-clientes\\\/#breadcrumb\",\"itemListElement\":[{\"@type\":\"ListItem\",\"position\":1,\"name\":\"Inicio\",\"item\":\"https:\\\/\\\/www.abcsupply.com\\\/es\\\/casa\\\/\"},{\"@type\":\"ListItem\",\"position\":2,\"name\":\"Centro de contratistas\",\"item\":\"https:\\\/\\\/www.abcsupply.com\\\/es\\\/centro-de-contratistas\\\/\"},{\"@type\":\"ListItem\",\"position\":3,\"name\":\"Servicios financieros para clientes\"}]},{\"@type\":\"WebSite\",\"@id\":\"https:\\\/\\\/www.abcsupply.com\\\/es\\\/#website\",\"url\":\"https:\\\/\\\/www.abcsupply.com\\\/es\\\/\",\"name\":\"ABC Supply\",\"description\":\"Built On A Foundation Of Respect\",\"potentialAction\":[{\"@type\":\"SearchAction\",\"target\":{\"@type\":\"EntryPoint\",\"urlTemplate\":\"https:\\\/\\\/www.abcsupply.com\\\/es\\\/?s={search_term_string}\"},\"query-input\":{\"@type\":\"PropertyValueSpecification\",\"valueRequired\":true,\"valueName\":\"search_term_string\"}}],\"inLanguage\":\"es\"}]}<\/script>\n<!-- \/ Yoast SEO plugin. -->","yoast_head_json":{"title":"Servicios financieros para clientes - ABC Supply","robots":{"index":"index","follow":"follow","max-snippet":"max-snippet:-1","max-image-preview":"max-image-preview:large","max-video-preview":"max-video-preview:-1"},"canonical":"https:\/\/www.abcsupply.com\/es\/centro-de-contratistas\/servicios-financieros-para-clientes\/","og_locale":"es_ES","og_type":"article","og_title":"Servicios financieros para clientes - ABC Supply","og_description":"Complete nuestra solicitud de cr\u00e9dito en l\u00ednea o solicitud COD: Solicitud de cr\u00e9dito: Ingl\u00e9s\u00a0|\u00a0Espa\u00f1ol\u00a0|\u00a0Polaco Solicitud de cuenta COD: Ingl\u00e9s\u00a0|\u00a0Espa\u00f1ol\u00a0|\u00a0Polaco &nbsp; Beneficios de abrir una cuenta [&hellip;]","og_url":"https:\/\/www.abcsupply.com\/es\/centro-de-contratistas\/servicios-financieros-para-clientes\/","og_site_name":"ABC Supply","article_modified_time":"2024-09-19T02:05:18+00:00","og_image":[{"width":1440,"height":460,"url":"https:\/\/www.abcsupply.com\/wp-content\/uploads\/2021\/10\/ABC176-2862-cust-fin.jpg","type":"image\/jpeg"}],"twitter_card":"summary_large_image","twitter_misc":{"Tiempo de lectura":"1 minuto"},"schema":{"@context":"https:\/\/schema.org","@graph":[{"@type":"WebPage","@id":"https:\/\/www.abcsupply.com\/es\/centro-de-contratistas\/servicios-financieros-para-clientes\/","url":"https:\/\/www.abcsupply.com\/es\/centro-de-contratistas\/servicios-financieros-para-clientes\/","name":"Servicios financieros para clientes - ABC Supply","isPartOf":{"@id":"https:\/\/www.abcsupply.com\/es\/#website"},"primaryImageOfPage":{"@id":"https:\/\/www.abcsupply.com\/es\/centro-de-contratistas\/servicios-financieros-para-clientes\/#primaryimage"},"image":{"@id":"https:\/\/www.abcsupply.com\/es\/centro-de-contratistas\/servicios-financieros-para-clientes\/#primaryimage"},"thumbnailUrl":"https:\/\/www.abcsupply.com\/wp-content\/uploads\/2021\/10\/ABC176-2862-cust-fin.jpg","datePublished":"2021-10-25T18:16:31+00:00","dateModified":"2024-09-19T02:05:18+00:00","breadcrumb":{"@id":"https:\/\/www.abcsupply.com\/es\/centro-de-contratistas\/servicios-financieros-para-clientes\/#breadcrumb"},"inLanguage":"es","potentialAction":[{"@type":"ReadAction","target":["https:\/\/www.abcsupply.com\/es\/centro-de-contratistas\/servicios-financieros-para-clientes\/"]}]},{"@type":"ImageObject","inLanguage":"es","@id":"https:\/\/www.abcsupply.com\/es\/centro-de-contratistas\/servicios-financieros-para-clientes\/#primaryimage","url":"https:\/\/www.abcsupply.com\/wp-content\/uploads\/2021\/10\/ABC176-2862-cust-fin.jpg","contentUrl":"https:\/\/www.abcsupply.com\/wp-content\/uploads\/2021\/10\/ABC176-2862-cust-fin.jpg","width":1440,"height":460,"caption":"Dos hombres estrechando manos en el lugar del trabajo"},{"@type":"BreadcrumbList","@id":"https:\/\/www.abcsupply.com\/es\/centro-de-contratistas\/servicios-financieros-para-clientes\/#breadcrumb","itemListElement":[{"@type":"ListItem","position":1,"name":"Inicio","item":"https:\/\/www.abcsupply.com\/es\/casa\/"},{"@type":"ListItem","position":2,"name":"Centro de contratistas","item":"https:\/\/www.abcsupply.com\/es\/centro-de-contratistas\/"},{"@type":"ListItem","position":3,"name":"Servicios financieros para clientes"}]},{"@type":"WebSite","@id":"https:\/\/www.abcsupply.com\/es\/#website","url":"https:\/\/www.abcsupply.com\/es\/","name":"ABC Supply","description":"Built On A Foundation Of Respect","potentialAction":[{"@type":"SearchAction","target":{"@type":"EntryPoint","urlTemplate":"https:\/\/www.abcsupply.com\/es\/?s={search_term_string}"},"query-input":{"@type":"PropertyValueSpecification","valueRequired":true,"valueName":"search_term_string"}}],"inLanguage":"es"}]}},"_links":{"self":[{"href":"https:\/\/www.abcsupply.com\/es\/wp-json\/wp\/v2\/pages\/3539","targetHints":{"allow":["GET"]}}],"collection":[{"href":"https:\/\/www.abcsupply.com\/es\/wp-json\/wp\/v2\/pages"}],"about":[{"href":"https:\/\/www.abcsupply.com\/es\/wp-json\/wp\/v2\/types\/page"}],"author":[{"embeddable":true,"href":"https:\/\/www.abcsupply.com\/es\/wp-json\/wp\/v2\/users\/1"}],"replies":[{"embeddable":true,"href":"https:\/\/www.abcsupply.com\/es\/wp-json\/wp\/v2\/comments?post=3539"}],"version-history":[{"count":0,"href":"https:\/\/www.abcsupply.com\/es\/wp-json\/wp\/v2\/pages\/3539\/revisions"}],"up":[{"embeddable":true,"href":"https:\/\/www.abcsupply.com\/es\/wp-json\/wp\/v2\/pages\/3716"}],"wp:featuredmedia":[{"embeddable":true,"href":"https:\/\/www.abcsupply.com\/es\/wp-json\/wp\/v2\/media\/3135"}],"wp:attachment":[{"href":"https:\/\/www.abcsupply.com\/es\/wp-json\/wp\/v2\/media?parent=3539"}],"curies":[{"name":"wp","href":"https:\/\/api.w.org\/{rel}","templated":true}]}}