{"id":3538,"date":"2021-08-09T14:42:37","date_gmt":"2021-08-09T19:42:37","guid":{"rendered":"https:\/\/abcsupply.exclaim-inc.info\/contactenos\/"},"modified":"2026-01-30T12:39:20","modified_gmt":"2026-01-30T18:39:20","slug":"contactenos","status":"publish","type":"page","link":"https:\/\/www.abcsupply.com\/es\/contactenos\/","title":{"rendered":"Cont\u00e1ctenos"},"content":{"rendered":"\t\t<div data-elementor-type=\"wp-page\" data-elementor-id=\"3538\" class=\"elementor elementor-3538 elementor-296\" data-elementor-post-type=\"page\">\n\t\t\t\t<div class=\"elementor-element elementor-element-b0eba92 e-con-full e-flex e-con e-parent\" data-id=\"b0eba92\" data-element_type=\"container\" data-e-type=\"container\">\n\t\t<div class=\"elementor-element elementor-element-9aa1e4f e-flex e-con-boxed e-con e-child\" data-id=\"9aa1e4f\" data-element_type=\"container\" data-e-type=\"container\">\n\t\t\t\t\t<div class=\"e-con-inner\">\n\t\t<div class=\"elementor-element elementor-element-adca330 e-con-full e-flex e-con e-child\" data-id=\"adca330\" data-element_type=\"container\" data-e-type=\"container\">\n\t\t\t\t<div class=\"elementor-element elementor-element-3b77701 elementor-widget elementor-widget-heading\" data-id=\"3b77701\" data-element_type=\"widget\" data-e-type=\"widget\" data-widget_type=\"heading.default\">\n\t\t\t\t<div class=\"elementor-widget-container\">\n\t\t\t\t\t<h2 class=\"elementor-heading-title elementor-size-default\">ABC Supply agradece sus preguntas y comentarios<\/h2>\t\t\t\t<\/div>\n\t\t\t\t<\/div>\n\t\t\t\t<div class=\"elementor-element elementor-element-8c63603 elementor-widget elementor-widget-text-editor\" data-id=\"8c63603\" data-element_type=\"widget\" data-e-type=\"widget\" data-widget_type=\"text-editor.default\">\n\t\t\t\t<div class=\"elementor-widget-container\">\n\t\t\t\t\t\t\t\t\t<p>Elija la opci\u00f3n a continuaci\u00f3n que mejor describa el tema sobre el que tiene consultas. <br><\/p>\t\t\t\t\t\t\t\t<\/div>\n\t\t\t\t<\/div>\n\t\t\t\t<div class=\"elementor-element elementor-element-e6c692a elementor-widget elementor-widget-heading\" data-id=\"e6c692a\" data-element_type=\"widget\" data-e-type=\"widget\" data-widget_type=\"heading.default\">\n\t\t\t\t<div class=\"elementor-widget-container\">\n\t\t\t\t\t<h3 class=\"elementor-heading-title elementor-size-default\">Comentarios positivos o negativos y problemas:<\/h3>\t\t\t\t<\/div>\n\t\t\t\t<\/div>\n\t\t\t\t<div class=\"elementor-element elementor-element-bdbddba elementor-widget elementor-widget-text-editor\" data-id=\"bdbddba\" data-element_type=\"widget\" data-e-type=\"widget\" data-widget_type=\"text-editor.default\">\n\t\t\t\t<div class=\"elementor-widget-container\">\n\t\t\t\t\t\t\t\t\t<p>Agradecemos que se haya tomado el tiempo de contarnos su experiencia en ABC Supply. Llame al 888-492-1047 para hablar con un representante de atenci\u00f3n al cliente o elija una de las siguientes opciones para comunicarse con nosotros por correo electr\u00f3nico.<\/p><ul><li>Retroalimentaci\u00f3n positiva: \u00bfLe gustar\u00eda reconocer el trabajo de alguien en una tienda de ABC Supply que le brind\u00f3 un excelente servicio? Complete nuestro <a href=\"https:\/\/www.abcsupply.com\/es\/contactenos\/formulario-de-comentarios-positivos\/\">formulario de Retroalimentaci\u00f3n Positiva<\/a>. <\/li><li>Problemas a abordar: para informarnos sobre un problema que cree que debemos abordar, complete nuestro <a href=\"https:\/\/www.abcsupply.com\/es\/contactenos\/formulario-de-comentarios-negativos\/\">formulario de retroalimentaci\u00f3n negativa<\/a>. Enviaremos sus comentarios a la persona que mejor pueda ayudarlo. Enviaremos sus comentarios a la persona que mejor pueda ayudarlo.<\/li><\/ul>\t\t\t\t\t\t\t\t<\/div>\n\t\t\t\t<\/div>\n\t\t\t\t<div class=\"elementor-element elementor-element-ddc732a elementor-widget elementor-widget-heading\" data-id=\"ddc732a\" data-element_type=\"widget\" data-e-type=\"widget\" data-widget_type=\"heading.default\">\n\t\t\t\t<div class=\"elementor-widget-container\">\n\t\t\t\t\t<h3 class=\"elementor-heading-title elementor-size-default\">Consultas sobre productos y precios:<\/h3>\t\t\t\t<\/div>\n\t\t\t\t<\/div>\n\t\t\t\t<div class=\"elementor-element elementor-element-140be33 elementor-widget elementor-widget-text-editor\" data-id=\"140be33\" data-element_type=\"widget\" data-e-type=\"widget\" data-widget_type=\"text-editor.default\">\n\t\t\t\t<div class=\"elementor-widget-container\">\n\t\t\t\t\t\t\t\t\t<p>\u00bfTiene alguna pregunta sobre la disponibilidad o el precio de un producto? Contacte a su <a href=\"https:\/\/www.abcsupply.com\/es\/ubicaciones\/\">sucursal local de ABC Supply<\/a> para obtener la informaci\u00f3n m\u00e1s precisa.<\/p>\t\t\t\t\t\t\t\t<\/div>\n\t\t\t\t<\/div>\n\t\t\t\t<div class=\"elementor-element elementor-element-c93fe2e elementor-widget elementor-widget-heading\" data-id=\"c93fe2e\" data-element_type=\"widget\" data-e-type=\"widget\" data-widget_type=\"heading.default\">\n\t\t\t\t<div class=\"elementor-widget-container\">\n\t\t\t\t\t<h3 class=\"elementor-heading-title elementor-size-default\">Ventas internacionales:<\/h3>\t\t\t\t<\/div>\n\t\t\t\t<\/div>\n\t\t\t\t<div class=\"elementor-element elementor-element-08e903e elementor-widget elementor-widget-text-editor\" data-id=\"08e903e\" data-element_type=\"widget\" data-e-type=\"widget\" data-widget_type=\"text-editor.default\">\n\t\t\t\t<div class=\"elementor-widget-container\">\n\t\t\t\t\t\t\t\t\t<p>Para obtener informaci\u00f3n sobre la compra de productos fuera de Estados Unidos, env\u00edenos un correo electr\u00f3nico a <a href=\"mailto:export@abcsupply.com\">export@abcsupply.com<\/a>.<\/p>\t\t\t\t\t\t\t\t<\/div>\n\t\t\t\t<\/div>\n\t\t\t\t<div class=\"elementor-element elementor-element-36ba21a elementor-widget elementor-widget-heading\" data-id=\"36ba21a\" data-element_type=\"widget\" data-e-type=\"widget\" data-widget_type=\"heading.default\">\n\t\t\t\t<div class=\"elementor-widget-container\">\n\t\t\t\t\t<h3 class=\"elementor-heading-title elementor-size-default\">Preguntas sobre su cuenta de cr\u00e9dito de ABC Supply: <br><\/h3>\t\t\t\t<\/div>\n\t\t\t\t<\/div>\n\t\t\t\t<div class=\"elementor-element elementor-element-a41ee5b elementor-widget elementor-widget-text-editor\" data-id=\"a41ee5b\" data-element_type=\"widget\" data-e-type=\"widget\" data-widget_type=\"text-editor.default\">\n\t\t\t\t<div class=\"elementor-widget-container\">\n\t\t\t\t\t\t\t\t\t<p>Si tiene preguntas sobre su cuenta de cr\u00e9dito de ABC Supply, llame al 608-802-3333, interno 40961 o env\u00ede un correo a <a href=\"mailto:CFSSupport@abcsupply.com\">CFSSupport@abcsupply.com<\/a>. Para que podamos asistirle de forma oportuna, cuando escriba su correo no olvide incluir su n\u00famero de cuenta de ABC Supply y el nombre y tel\u00e9fono de su empresa.<\/p>\t\t\t\t\t\t\t\t<\/div>\n\t\t\t\t<\/div>\n\t\t\t\t<div class=\"elementor-element elementor-element-be0ba8d elementor-widget elementor-widget-heading\" data-id=\"be0ba8d\" data-element_type=\"widget\" data-e-type=\"widget\" data-widget_type=\"heading.default\">\n\t\t\t\t<div class=\"elementor-widget-container\">\n\t\t\t\t\t<h3 class=\"elementor-heading-title elementor-size-default\">Preguntas sobre el acceso a su cuenta en l\u00ednea:<\/h3>\t\t\t\t<\/div>\n\t\t\t\t<\/div>\n\t\t\t\t<div class=\"elementor-element elementor-element-8ea46f7 elementor-widget elementor-widget-text-editor\" data-id=\"8ea46f7\" data-element_type=\"widget\" data-e-type=\"widget\" data-widget_type=\"text-editor.default\">\n\t\t\t\t<div class=\"elementor-widget-container\">\n\t\t\t\t\t\t\t\t\t<p>Para obtener ayuda con su cuenta en l\u00ednea, llame al 800-226-1280 o env\u00edenos un correo electr\u00f3nico a <a href=\"mailto:accountsupport@abcsupply.com\">accountsupport@abcsupply.com<\/a>.<\/p>\t\t\t\t\t\t\t\t<\/div>\n\t\t\t\t<\/div>\n\t\t\t\t<div class=\"elementor-element elementor-element-941c1d3 elementor-widget elementor-widget-heading\" data-id=\"941c1d3\" data-element_type=\"widget\" data-e-type=\"widget\" data-widget_type=\"heading.default\">\n\t\t\t\t<div class=\"elementor-widget-container\">\n\t\t\t\t\t<h3 class=\"elementor-heading-title elementor-size-default\">Oportunidades de trabajo: <br><\/h3>\t\t\t\t<\/div>\n\t\t\t\t<\/div>\n\t\t\t\t<div class=\"elementor-element elementor-element-c6aeaa5 elementor-widget elementor-widget-text-editor\" data-id=\"c6aeaa5\" data-element_type=\"widget\" data-e-type=\"widget\" data-widget_type=\"text-editor.default\">\n\t\t\t\t<div class=\"elementor-widget-container\">\n\t\t\t\t\t\t\t\t\t<p>Visite nuestra p\u00e1gina de <a href=\"https:\/\/careers.abcsupply.com\/?_ga=2.86676376.1495714402.1628528650-1973968505.1626376936\" target=\"_blank\" rel=\"noopener\">Carreras<\/a>. <br><\/p>\t\t\t\t\t\t\t\t<\/div>\n\t\t\t\t<\/div>\n\t\t\t\t<div class=\"elementor-element elementor-element-edd390c elementor-widget elementor-widget-heading\" data-id=\"edd390c\" data-element_type=\"widget\" data-e-type=\"widget\" data-widget_type=\"heading.default\">\n\t\t\t\t<div class=\"elementor-widget-container\">\n\t\t\t\t\t<h3 class=\"elementor-heading-title elementor-size-default\">Contacte a nuestro Centro Nacional de Asistencia: <br><\/h3>\t\t\t\t<\/div>\n\t\t\t\t<\/div>\n\t\t\t\t<div class=\"elementor-element elementor-element-79bedd9 elementor-widget elementor-widget-text-editor\" data-id=\"79bedd9\" data-element_type=\"widget\" data-e-type=\"widget\" data-widget_type=\"text-editor.default\">\n\t\t\t\t<div class=\"elementor-widget-container\">\n\t\t\t\t\t\t\t\t\t<p>1 ABC Parkway, Beloit, WI 53511<br>Tel\u00e9fono: 608-362-7777<\/p>\t\t\t\t\t\t\t\t<\/div>\n\t\t\t\t<\/div>\n\t\t\t\t<div class=\"elementor-element elementor-element-15cb84c elementor-widget elementor-widget-heading\" data-id=\"15cb84c\" data-element_type=\"widget\" data-e-type=\"widget\" data-widget_type=\"heading.default\">\n\t\t\t\t<div class=\"elementor-widget-container\">\n\t\t\t\t\t<h3 class=\"elementor-heading-title elementor-size-default\">Solicite un cat\u00e1logo gratuito de herramientas y equipamiento:<\/h3>\t\t\t\t<\/div>\n\t\t\t\t<\/div>\n\t\t\t\t<div class=\"elementor-element elementor-element-9283ba5 elementor-widget elementor-widget-text-editor\" data-id=\"9283ba5\" data-element_type=\"widget\" data-e-type=\"widget\" data-widget_type=\"text-editor.default\">\n\t\t\t\t<div class=\"elementor-widget-container\">\n\t\t\t\t\t\t\t\t\t<p>Contacte a su <a href=\"https:\/\/www.abcsupply.com\/es\/ubicaciones\/\">sucursal local de ABC Supply<\/a> para solicitar el cat\u00e1logo. <br><\/p>\t\t\t\t\t\t\t\t<\/div>\n\t\t\t\t<\/div>\n\t\t\t\t<div class=\"elementor-element elementor-element-0921870 elementor-widget elementor-widget-heading\" data-id=\"0921870\" data-element_type=\"widget\" data-e-type=\"widget\" data-widget_type=\"heading.default\">\n\t\t\t\t<div class=\"elementor-widget-container\">\n\t\t\t\t\t<h3 class=\"elementor-heading-title elementor-size-default\">Todas las dem\u00e1s preguntas o comentarios:<\/h3>\t\t\t\t<\/div>\n\t\t\t\t<\/div>\n\t\t\t\t<div class=\"elementor-element elementor-element-1237ce9 elementor-widget elementor-widget-text-editor\" data-id=\"1237ce9\" data-element_type=\"widget\" data-e-type=\"widget\" data-widget_type=\"text-editor.default\">\n\t\t\t\t<div class=\"elementor-widget-container\">\n\t\t\t\t\t\t\t\t\t<p>Complete nuestro <a rel=\"noopener noreferrer\" href=\"https:\/\/www.abcsupply.com\/es\/contactenos\/formulario-de-contacto\/\">formulario de Contacto<\/a>. <br> Su correo electr\u00f3nico se reenviar\u00e1 al empleado de ABC Supply que pueda asistirlo de la mejor manera.<\/p><p>ADVERTENCIA: ABC Supply Co., Inc. no solicita oportunidades de empleo por correo electr\u00f3nico. Ignore cualquier solicitud de este tipo enviada a su correo electr\u00f3nico p\u00fablico por personas que afirmen representar a ABC Supply. Sabemos que existen m\u00faltiples estafas por correo electr\u00f3nico que utilizan el nombre de nuestra empresa, pero tenemos poco control sobre estas actividades fraudulentas. Para reportar este tipo de solicitudes que considere fraudulentas al Federal Bureau of Investigation (FBI), haga clic en el enlace que lo dirigir\u00e1 a su sitio web:<br><a rel=\"noopener noreferrer\" href=\"https:\/\/www.ic3.gov\/\" target=\"_blank\">www.ic3.gov <\/a><\/p>\t\t\t\t\t\t\t\t<\/div>\n\t\t\t\t<\/div>\n\t\t\t\t<\/div>\n\t\t\t\t\t<\/div>\n\t\t\t\t<\/div>\n\t\t\t\t<\/div>\n\t\t\t\t<\/div>\n\t\t","protected":false},"excerpt":{"rendered":"<p>ABC Supply agradece sus preguntas y comentarios Elija la opci\u00f3n a continuaci\u00f3n que mejor describa el tema sobre el que tiene consultas. Comentarios positivos o [&hellip;]<\/p>\n","protected":false},"author":1,"featured_media":0,"parent":0,"menu_order":0,"comment_status":"closed","ping_status":"closed","template":"","meta":{"_acf_changed":false,"inline_featured_image":false,"footnotes":""},"class_list":["post-3538","page","type-page","status-publish","hentry"],"acf":[],"yoast_head":"<!-- This site is optimized with the Yoast SEO plugin v27.3 - https:\/\/yoast.com\/product\/yoast-seo-wordpress\/ -->\n<title>Cont\u00e1ctenos - ABC Supply<\/title>\n<meta name=\"robots\" content=\"index, follow, max-snippet:-1, max-image-preview:large, max-video-preview:-1\" \/>\n<link rel=\"canonical\" href=\"https:\/\/www.abcsupply.com\/es\/contactenos\/\" \/>\n<meta property=\"og:locale\" content=\"es_ES\" \/>\n<meta property=\"og:type\" content=\"article\" \/>\n<meta property=\"og:title\" content=\"Cont\u00e1ctenos - ABC Supply\" \/>\n<meta property=\"og:description\" content=\"ABC Supply agradece sus preguntas y comentarios Elija la opci\u00f3n a continuaci\u00f3n que mejor describa el tema sobre el que tiene consultas. Comentarios positivos o [&hellip;]\" \/>\n<meta property=\"og:url\" content=\"https:\/\/www.abcsupply.com\/es\/contactenos\/\" \/>\n<meta property=\"og:site_name\" content=\"ABC Supply\" \/>\n<meta property=\"article:modified_time\" content=\"2026-01-30T18:39:20+00:00\" \/>\n<meta property=\"og:image\" content=\"https:\/\/www.abcsupply.com\/wp-content\/uploads\/2021\/09\/NSC-sharp.jpg\" \/>\n\t<meta property=\"og:image:width\" content=\"1440\" \/>\n\t<meta property=\"og:image:height\" content=\"460\" \/>\n\t<meta property=\"og:image:type\" content=\"image\/jpeg\" \/>\n<meta name=\"twitter:card\" content=\"summary_large_image\" \/>\n<meta name=\"twitter:label1\" content=\"Tiempo de lectura\" \/>\n\t<meta name=\"twitter:data1\" content=\"2 minutos\" \/>\n<script type=\"application\/ld+json\" class=\"yoast-schema-graph\">{\"@context\":\"https:\\\/\\\/schema.org\",\"@graph\":[{\"@type\":\"WebPage\",\"@id\":\"https:\\\/\\\/www.abcsupply.com\\\/es\\\/contactenos\\\/\",\"url\":\"https:\\\/\\\/www.abcsupply.com\\\/es\\\/contactenos\\\/\",\"name\":\"Cont\u00e1ctenos - ABC Supply\",\"isPartOf\":{\"@id\":\"https:\\\/\\\/www.abcsupply.com\\\/es\\\/#website\"},\"datePublished\":\"2021-08-09T19:42:37+00:00\",\"dateModified\":\"2026-01-30T18:39:20+00:00\",\"breadcrumb\":{\"@id\":\"https:\\\/\\\/www.abcsupply.com\\\/es\\\/contactenos\\\/#breadcrumb\"},\"inLanguage\":\"es\",\"potentialAction\":[{\"@type\":\"ReadAction\",\"target\":[\"https:\\\/\\\/www.abcsupply.com\\\/es\\\/contactenos\\\/\"]}]},{\"@type\":\"BreadcrumbList\",\"@id\":\"https:\\\/\\\/www.abcsupply.com\\\/es\\\/contactenos\\\/#breadcrumb\",\"itemListElement\":[{\"@type\":\"ListItem\",\"position\":1,\"name\":\"Inicio\",\"item\":\"https:\\\/\\\/www.abcsupply.com\\\/es\\\/casa\\\/\"},{\"@type\":\"ListItem\",\"position\":2,\"name\":\"Cont\u00e1ctenos\"}]},{\"@type\":\"WebSite\",\"@id\":\"https:\\\/\\\/www.abcsupply.com\\\/es\\\/#website\",\"url\":\"https:\\\/\\\/www.abcsupply.com\\\/es\\\/\",\"name\":\"ABC Supply\",\"description\":\"Built On A Foundation Of Respect\",\"potentialAction\":[{\"@type\":\"SearchAction\",\"target\":{\"@type\":\"EntryPoint\",\"urlTemplate\":\"https:\\\/\\\/www.abcsupply.com\\\/es\\\/?s={search_term_string}\"},\"query-input\":{\"@type\":\"PropertyValueSpecification\",\"valueRequired\":true,\"valueName\":\"search_term_string\"}}],\"inLanguage\":\"es\"}]}<\/script>\n<!-- \/ Yoast SEO plugin. -->","yoast_head_json":{"title":"Cont\u00e1ctenos - ABC Supply","robots":{"index":"index","follow":"follow","max-snippet":"max-snippet:-1","max-image-preview":"max-image-preview:large","max-video-preview":"max-video-preview:-1"},"canonical":"https:\/\/www.abcsupply.com\/es\/contactenos\/","og_locale":"es_ES","og_type":"article","og_title":"Cont\u00e1ctenos - ABC Supply","og_description":"ABC Supply agradece sus preguntas y comentarios Elija la opci\u00f3n a continuaci\u00f3n que mejor describa el tema sobre el que tiene consultas. Comentarios positivos o [&hellip;]","og_url":"https:\/\/www.abcsupply.com\/es\/contactenos\/","og_site_name":"ABC Supply","article_modified_time":"2026-01-30T18:39:20+00:00","og_image":[{"width":1440,"height":460,"url":"https:\/\/www.abcsupply.com\/wp-content\/uploads\/2021\/09\/NSC-sharp.jpg","type":"image\/jpeg"}],"twitter_card":"summary_large_image","twitter_misc":{"Tiempo de lectura":"2 minutos"},"schema":{"@context":"https:\/\/schema.org","@graph":[{"@type":"WebPage","@id":"https:\/\/www.abcsupply.com\/es\/contactenos\/","url":"https:\/\/www.abcsupply.com\/es\/contactenos\/","name":"Cont\u00e1ctenos - ABC Supply","isPartOf":{"@id":"https:\/\/www.abcsupply.com\/es\/#website"},"datePublished":"2021-08-09T19:42:37+00:00","dateModified":"2026-01-30T18:39:20+00:00","breadcrumb":{"@id":"https:\/\/www.abcsupply.com\/es\/contactenos\/#breadcrumb"},"inLanguage":"es","potentialAction":[{"@type":"ReadAction","target":["https:\/\/www.abcsupply.com\/es\/contactenos\/"]}]},{"@type":"BreadcrumbList","@id":"https:\/\/www.abcsupply.com\/es\/contactenos\/#breadcrumb","itemListElement":[{"@type":"ListItem","position":1,"name":"Inicio","item":"https:\/\/www.abcsupply.com\/es\/casa\/"},{"@type":"ListItem","position":2,"name":"Cont\u00e1ctenos"}]},{"@type":"WebSite","@id":"https:\/\/www.abcsupply.com\/es\/#website","url":"https:\/\/www.abcsupply.com\/es\/","name":"ABC Supply","description":"Built On A Foundation Of Respect","potentialAction":[{"@type":"SearchAction","target":{"@type":"EntryPoint","urlTemplate":"https:\/\/www.abcsupply.com\/es\/?s={search_term_string}"},"query-input":{"@type":"PropertyValueSpecification","valueRequired":true,"valueName":"search_term_string"}}],"inLanguage":"es"}]}},"_links":{"self":[{"href":"https:\/\/www.abcsupply.com\/es\/wp-json\/wp\/v2\/pages\/3538","targetHints":{"allow":["GET"]}}],"collection":[{"href":"https:\/\/www.abcsupply.com\/es\/wp-json\/wp\/v2\/pages"}],"about":[{"href":"https:\/\/www.abcsupply.com\/es\/wp-json\/wp\/v2\/types\/page"}],"author":[{"embeddable":true,"href":"https:\/\/www.abcsupply.com\/es\/wp-json\/wp\/v2\/users\/1"}],"replies":[{"embeddable":true,"href":"https:\/\/www.abcsupply.com\/es\/wp-json\/wp\/v2\/comments?post=3538"}],"version-history":[{"count":0,"href":"https:\/\/www.abcsupply.com\/es\/wp-json\/wp\/v2\/pages\/3538\/revisions"}],"wp:attachment":[{"href":"https:\/\/www.abcsupply.com\/es\/wp-json\/wp\/v2\/media?parent=3538"}],"curies":[{"name":"wp","href":"https:\/\/api.w.org\/{rel}","templated":true}]}}