{"id":3483,"date":"2021-08-05T15:58:57","date_gmt":"2021-08-05T20:58:57","guid":{"rendered":"https:\/\/abcsupply.exclaim-inc.info\/productos\/"},"modified":"2026-01-16T15:49:44","modified_gmt":"2026-01-16T21:49:44","slug":"productos","status":"publish","type":"page","link":"https:\/\/www.abcsupply.com\/es\/productos\/","title":{"rendered":"Productos"},"content":{"rendered":"<h2>Los productos que necesita y las marcas en las que conf\u00eda<\/h2>\n<p>Los contratistas de todo el pa\u00eds han llegado a considerar a ABC Supply como su proveedor preferido para productos de construcci\u00f3n en exteriores. Como el principal proveedor de productos para la construcci\u00f3n de interiores y exteriores de la naci\u00f3n, estamos entre los primeros en recibir los \u00faltimos productos y detalles sobre las t\u00e9cnicas de aplicaci\u00f3n m\u00e1s novedosas, directamente de los fabricantes. Nuestra presencia nacional tambi\u00e9n nos da un enorme poder adquisitivo, lo que garantiza que siempre reciba una calidad y un valor superiores.<\/p>\n<p>Ofrecemos una amplia gama de productos a precios competitivos con el compromiso de lograr la completa satisfacci\u00f3n del cliente, desde la selecci\u00f3n hasta el pedido, la entrega y m\u00e1s all\u00e1.<\/p>\n","protected":false},"excerpt":{"rendered":"<p>Los productos que necesita y las marcas en las que conf\u00eda Los contratistas de todo el pa\u00eds han llegado a considerar a ABC Supply como [&hellip;]<\/p>\n","protected":false},"author":1,"featured_media":2641,"parent":0,"menu_order":0,"comment_status":"closed","ping_status":"closed","template":"page-products.php","meta":{"_acf_changed":false,"inline_featured_image":false,"footnotes":""},"class_list":["post-3483","page","type-page","status-publish","has-post-thumbnail","hentry"],"acf":[],"yoast_head":"<!-- This site is optimized with the Yoast SEO plugin v27.3 - https:\/\/yoast.com\/product\/yoast-seo-wordpress\/ -->\n<title>Productos - ABC Supply<\/title>\n<meta name=\"robots\" content=\"index, follow, max-snippet:-1, max-image-preview:large, max-video-preview:-1\" \/>\n<link rel=\"canonical\" href=\"https:\/\/www.abcsupply.com\/es\/productos\/\" \/>\n<meta property=\"og:locale\" content=\"es_ES\" \/>\n<meta property=\"og:type\" content=\"article\" \/>\n<meta property=\"og:title\" content=\"Productos - ABC Supply\" \/>\n<meta property=\"og:description\" content=\"Los productos que necesita y las marcas en las que conf\u00eda Los contratistas de todo el pa\u00eds han llegado a considerar a ABC Supply como [&hellip;]\" \/>\n<meta property=\"og:url\" content=\"https:\/\/www.abcsupply.com\/es\/productos\/\" \/>\n<meta property=\"og:site_name\" content=\"ABC Supply\" \/>\n<meta property=\"article:modified_time\" content=\"2026-01-16T21:49:44+00:00\" \/>\n<meta property=\"og:image\" content=\"https:\/\/www.abcsupply.com\/wp-content\/uploads\/2021\/08\/featured_products.jpg\" \/>\n\t<meta property=\"og:image:width\" content=\"2048\" \/>\n\t<meta property=\"og:image:height\" content=\"1192\" \/>\n\t<meta property=\"og:image:type\" content=\"image\/jpeg\" \/>\n<meta name=\"twitter:card\" content=\"summary_large_image\" \/>\n<meta name=\"twitter:label1\" content=\"Tiempo de lectura\" \/>\n\t<meta name=\"twitter:data1\" content=\"3 minutos\" \/>\n<script type=\"application\/ld+json\" class=\"yoast-schema-graph\">{\"@context\":\"https:\\\/\\\/schema.org\",\"@graph\":[{\"@type\":\"WebPage\",\"@id\":\"https:\\\/\\\/www.abcsupply.com\\\/es\\\/productos\\\/\",\"url\":\"https:\\\/\\\/www.abcsupply.com\\\/es\\\/productos\\\/\",\"name\":\"Productos - ABC Supply\",\"isPartOf\":{\"@id\":\"https:\\\/\\\/www.abcsupply.com\\\/es\\\/#website\"},\"primaryImageOfPage\":{\"@id\":\"https:\\\/\\\/www.abcsupply.com\\\/es\\\/productos\\\/#primaryimage\"},\"image\":{\"@id\":\"https:\\\/\\\/www.abcsupply.com\\\/es\\\/productos\\\/#primaryimage\"},\"thumbnailUrl\":\"https:\\\/\\\/www.abcsupply.com\\\/wp-content\\\/uploads\\\/2021\\\/08\\\/featured_products.jpg\",\"datePublished\":\"2021-08-05T20:58:57+00:00\",\"dateModified\":\"2026-01-16T21:49:44+00:00\",\"breadcrumb\":{\"@id\":\"https:\\\/\\\/www.abcsupply.com\\\/es\\\/productos\\\/#breadcrumb\"},\"inLanguage\":\"es\",\"potentialAction\":[{\"@type\":\"ReadAction\",\"target\":[\"https:\\\/\\\/www.abcsupply.com\\\/es\\\/productos\\\/\"]}]},{\"@type\":\"ImageObject\",\"inLanguage\":\"es\",\"@id\":\"https:\\\/\\\/www.abcsupply.com\\\/es\\\/productos\\\/#primaryimage\",\"url\":\"https:\\\/\\\/www.abcsupply.com\\\/wp-content\\\/uploads\\\/2021\\\/08\\\/featured_products.jpg\",\"contentUrl\":\"https:\\\/\\\/www.abcsupply.com\\\/wp-content\\\/uploads\\\/2021\\\/08\\\/featured_products.jpg\",\"width\":2048,\"height\":1192},{\"@type\":\"BreadcrumbList\",\"@id\":\"https:\\\/\\\/www.abcsupply.com\\\/es\\\/productos\\\/#breadcrumb\",\"itemListElement\":[{\"@type\":\"ListItem\",\"position\":1,\"name\":\"Inicio\",\"item\":\"https:\\\/\\\/www.abcsupply.com\\\/es\\\/casa\\\/\"},{\"@type\":\"ListItem\",\"position\":2,\"name\":\"Productos\"}]},{\"@type\":\"WebSite\",\"@id\":\"https:\\\/\\\/www.abcsupply.com\\\/es\\\/#website\",\"url\":\"https:\\\/\\\/www.abcsupply.com\\\/es\\\/\",\"name\":\"ABC Supply\",\"description\":\"Built On A Foundation Of Respect\",\"potentialAction\":[{\"@type\":\"SearchAction\",\"target\":{\"@type\":\"EntryPoint\",\"urlTemplate\":\"https:\\\/\\\/www.abcsupply.com\\\/es\\\/?s={search_term_string}\"},\"query-input\":{\"@type\":\"PropertyValueSpecification\",\"valueRequired\":true,\"valueName\":\"search_term_string\"}}],\"inLanguage\":\"es\"}]}<\/script>\n<!-- \/ Yoast SEO plugin. -->","yoast_head_json":{"title":"Productos - ABC Supply","robots":{"index":"index","follow":"follow","max-snippet":"max-snippet:-1","max-image-preview":"max-image-preview:large","max-video-preview":"max-video-preview:-1"},"canonical":"https:\/\/www.abcsupply.com\/es\/productos\/","og_locale":"es_ES","og_type":"article","og_title":"Productos - ABC Supply","og_description":"Los productos que necesita y las marcas en las que conf\u00eda Los contratistas de todo el pa\u00eds han llegado a considerar a ABC Supply como [&hellip;]","og_url":"https:\/\/www.abcsupply.com\/es\/productos\/","og_site_name":"ABC Supply","article_modified_time":"2026-01-16T21:49:44+00:00","og_image":[{"width":2048,"height":1192,"url":"https:\/\/www.abcsupply.com\/wp-content\/uploads\/2021\/08\/featured_products.jpg","type":"image\/jpeg"}],"twitter_card":"summary_large_image","twitter_misc":{"Tiempo de lectura":"3 minutos"},"schema":{"@context":"https:\/\/schema.org","@graph":[{"@type":"WebPage","@id":"https:\/\/www.abcsupply.com\/es\/productos\/","url":"https:\/\/www.abcsupply.com\/es\/productos\/","name":"Productos - ABC Supply","isPartOf":{"@id":"https:\/\/www.abcsupply.com\/es\/#website"},"primaryImageOfPage":{"@id":"https:\/\/www.abcsupply.com\/es\/productos\/#primaryimage"},"image":{"@id":"https:\/\/www.abcsupply.com\/es\/productos\/#primaryimage"},"thumbnailUrl":"https:\/\/www.abcsupply.com\/wp-content\/uploads\/2021\/08\/featured_products.jpg","datePublished":"2021-08-05T20:58:57+00:00","dateModified":"2026-01-16T21:49:44+00:00","breadcrumb":{"@id":"https:\/\/www.abcsupply.com\/es\/productos\/#breadcrumb"},"inLanguage":"es","potentialAction":[{"@type":"ReadAction","target":["https:\/\/www.abcsupply.com\/es\/productos\/"]}]},{"@type":"ImageObject","inLanguage":"es","@id":"https:\/\/www.abcsupply.com\/es\/productos\/#primaryimage","url":"https:\/\/www.abcsupply.com\/wp-content\/uploads\/2021\/08\/featured_products.jpg","contentUrl":"https:\/\/www.abcsupply.com\/wp-content\/uploads\/2021\/08\/featured_products.jpg","width":2048,"height":1192},{"@type":"BreadcrumbList","@id":"https:\/\/www.abcsupply.com\/es\/productos\/#breadcrumb","itemListElement":[{"@type":"ListItem","position":1,"name":"Inicio","item":"https:\/\/www.abcsupply.com\/es\/casa\/"},{"@type":"ListItem","position":2,"name":"Productos"}]},{"@type":"WebSite","@id":"https:\/\/www.abcsupply.com\/es\/#website","url":"https:\/\/www.abcsupply.com\/es\/","name":"ABC Supply","description":"Built On A Foundation Of Respect","potentialAction":[{"@type":"SearchAction","target":{"@type":"EntryPoint","urlTemplate":"https:\/\/www.abcsupply.com\/es\/?s={search_term_string}"},"query-input":{"@type":"PropertyValueSpecification","valueRequired":true,"valueName":"search_term_string"}}],"inLanguage":"es"}]}},"_links":{"self":[{"href":"https:\/\/www.abcsupply.com\/es\/wp-json\/wp\/v2\/pages\/3483","targetHints":{"allow":["GET"]}}],"collection":[{"href":"https:\/\/www.abcsupply.com\/es\/wp-json\/wp\/v2\/pages"}],"about":[{"href":"https:\/\/www.abcsupply.com\/es\/wp-json\/wp\/v2\/types\/page"}],"author":[{"embeddable":true,"href":"https:\/\/www.abcsupply.com\/es\/wp-json\/wp\/v2\/users\/1"}],"replies":[{"embeddable":true,"href":"https:\/\/www.abcsupply.com\/es\/wp-json\/wp\/v2\/comments?post=3483"}],"version-history":[{"count":0,"href":"https:\/\/www.abcsupply.com\/es\/wp-json\/wp\/v2\/pages\/3483\/revisions"}],"wp:featuredmedia":[{"embeddable":true,"href":"https:\/\/www.abcsupply.com\/es\/wp-json\/wp\/v2\/media\/2641"}],"wp:attachment":[{"href":"https:\/\/www.abcsupply.com\/es\/wp-json\/wp\/v2\/media?parent=3483"}],"curies":[{"name":"wp","href":"https:\/\/api.w.org\/{rel}","templated":true}]}}