{"id":3433,"date":"2021-10-21T20:53:21","date_gmt":"2021-10-21T20:53:21","guid":{"rendered":"https:\/\/abcsupply.exclaim-inc.info\/about-us\/proposito-y-valores-fundamentales\/"},"modified":"2026-01-16T11:33:22","modified_gmt":"2026-01-16T17:33:22","slug":"proposito-y-valores-centrales","status":"publish","type":"page","link":"https:\/\/www.abcsupply.com\/es\/sobre-nosotros\/proposito-y-valores-centrales\/","title":{"rendered":"Prop\u00f3sito y valores centrales"},"content":{"rendered":"<h2>Objetivo visionario: Ser la mejor empresa para trabajar en Norteam\u00e9rica.<\/h2>\n<p><strong>Prop\u00f3sito principal:<\/strong> ABC Supply se dedica a promover y preservar el sue\u00f1o americano ayudando a las personas a lograr cosas extraordinarias, bas\u00e1ndose en nuestra creencia fundamental de que cada persona tiene en su interior la capacidad de hacer grandes cosas.<\/p>\n<p><strong>Valores fundamentales:<\/strong> Est\u00e1n en el coraz\u00f3n de c\u00f3mo tratamos a nuestros clientes y entre nosotros. Nuestros Valores Fundamentales son la base de c\u00f3mo guiamos nuestras decisiones, damos forma a nuestras acciones y reflejamos nuestro compromiso con la integridad. <\/p>\n<p><strong>Obtenga m\u00e1s informaci\u00f3n sobre cada valor fundamental.<\/strong><\/p>\n","protected":false},"excerpt":{"rendered":"<p>Objetivo visionario: Ser la mejor empresa para trabajar en Norteam\u00e9rica. Prop\u00f3sito principal: ABC Supply se dedica a promover y preservar el sue\u00f1o americano ayudando a [&hellip;]<\/p>\n","protected":false},"author":1,"featured_media":3137,"parent":3766,"menu_order":0,"comment_status":"closed","ping_status":"closed","template":"page-acf.php","meta":{"_acf_changed":false,"inline_featured_image":false,"footnotes":""},"class_list":["post-3433","page","type-page","status-publish","has-post-thumbnail","hentry"],"acf":[],"yoast_head":"<!-- This site is optimized with the Yoast SEO plugin v27.3 - https:\/\/yoast.com\/product\/yoast-seo-wordpress\/ -->\n<title>Prop\u00f3sito y valores centrales - ABC Supply<\/title>\n<meta name=\"robots\" content=\"index, follow, max-snippet:-1, max-image-preview:large, max-video-preview:-1\" \/>\n<link rel=\"canonical\" href=\"https:\/\/www.abcsupply.com\/es\/sobre-nosotros\/proposito-y-valores-centrales\/\" \/>\n<meta property=\"og:locale\" content=\"es_ES\" \/>\n<meta property=\"og:type\" content=\"article\" \/>\n<meta property=\"og:title\" content=\"Prop\u00f3sito y valores centrales - ABC Supply\" \/>\n<meta property=\"og:description\" content=\"Objetivo visionario: Ser la mejor empresa para trabajar en Norteam\u00e9rica. Prop\u00f3sito principal: ABC Supply se dedica a promover y preservar el sue\u00f1o americano ayudando a [&hellip;]\" \/>\n<meta property=\"og:url\" content=\"https:\/\/www.abcsupply.com\/es\/sobre-nosotros\/proposito-y-valores-centrales\/\" \/>\n<meta property=\"og:site_name\" content=\"ABC Supply\" \/>\n<meta property=\"article:modified_time\" content=\"2026-01-16T17:33:22+00:00\" \/>\n<meta property=\"og:image\" content=\"https:\/\/www.abcsupply.com\/wp-content\/uploads\/2021\/10\/DSC1696-about-us.jpg\" \/>\n\t<meta property=\"og:image:width\" content=\"1440\" \/>\n\t<meta property=\"og:image:height\" content=\"460\" \/>\n\t<meta property=\"og:image:type\" content=\"image\/jpeg\" \/>\n<meta name=\"twitter:card\" content=\"summary_large_image\" \/>\n<meta name=\"twitter:label1\" content=\"Tiempo de lectura\" \/>\n\t<meta name=\"twitter:data1\" content=\"3 minutos\" \/>\n<script type=\"application\/ld+json\" class=\"yoast-schema-graph\">{\"@context\":\"https:\\\/\\\/schema.org\",\"@graph\":[{\"@type\":\"WebPage\",\"@id\":\"https:\\\/\\\/www.abcsupply.com\\\/es\\\/sobre-nosotros\\\/proposito-y-valores-centrales\\\/\",\"url\":\"https:\\\/\\\/www.abcsupply.com\\\/es\\\/sobre-nosotros\\\/proposito-y-valores-centrales\\\/\",\"name\":\"Prop\u00f3sito y valores centrales - ABC Supply\",\"isPartOf\":{\"@id\":\"https:\\\/\\\/www.abcsupply.com\\\/es\\\/#website\"},\"primaryImageOfPage\":{\"@id\":\"https:\\\/\\\/www.abcsupply.com\\\/es\\\/sobre-nosotros\\\/proposito-y-valores-centrales\\\/#primaryimage\"},\"image\":{\"@id\":\"https:\\\/\\\/www.abcsupply.com\\\/es\\\/sobre-nosotros\\\/proposito-y-valores-centrales\\\/#primaryimage\"},\"thumbnailUrl\":\"https:\\\/\\\/www.abcsupply.com\\\/wp-content\\\/uploads\\\/2021\\\/10\\\/DSC1696-about-us.jpg\",\"datePublished\":\"2021-10-21T20:53:21+00:00\",\"dateModified\":\"2026-01-16T17:33:22+00:00\",\"breadcrumb\":{\"@id\":\"https:\\\/\\\/www.abcsupply.com\\\/es\\\/sobre-nosotros\\\/proposito-y-valores-centrales\\\/#breadcrumb\"},\"inLanguage\":\"es\",\"potentialAction\":[{\"@type\":\"ReadAction\",\"target\":[\"https:\\\/\\\/www.abcsupply.com\\\/es\\\/sobre-nosotros\\\/proposito-y-valores-centrales\\\/\"]}]},{\"@type\":\"ImageObject\",\"inLanguage\":\"es\",\"@id\":\"https:\\\/\\\/www.abcsupply.com\\\/es\\\/sobre-nosotros\\\/proposito-y-valores-centrales\\\/#primaryimage\",\"url\":\"https:\\\/\\\/www.abcsupply.com\\\/wp-content\\\/uploads\\\/2021\\\/10\\\/DSC1696-about-us.jpg\",\"contentUrl\":\"https:\\\/\\\/www.abcsupply.com\\\/wp-content\\\/uploads\\\/2021\\\/10\\\/DSC1696-about-us.jpg\",\"width\":1440,\"height\":460,\"caption\":\"Grupo diverso de empleados de ABC Supply\"},{\"@type\":\"BreadcrumbList\",\"@id\":\"https:\\\/\\\/www.abcsupply.com\\\/es\\\/sobre-nosotros\\\/proposito-y-valores-centrales\\\/#breadcrumb\",\"itemListElement\":[{\"@type\":\"ListItem\",\"position\":1,\"name\":\"Inicio\",\"item\":\"https:\\\/\\\/www.abcsupply.com\\\/es\\\/casa\\\/\"},{\"@type\":\"ListItem\",\"position\":2,\"name\":\"Sobre nosotros\",\"item\":\"https:\\\/\\\/www.abcsupply.com\\\/es\\\/sobre-nosotros\\\/\"},{\"@type\":\"ListItem\",\"position\":3,\"name\":\"Prop\u00f3sito y valores centrales\"}]},{\"@type\":\"WebSite\",\"@id\":\"https:\\\/\\\/www.abcsupply.com\\\/es\\\/#website\",\"url\":\"https:\\\/\\\/www.abcsupply.com\\\/es\\\/\",\"name\":\"ABC Supply\",\"description\":\"Built On A Foundation Of Respect\",\"potentialAction\":[{\"@type\":\"SearchAction\",\"target\":{\"@type\":\"EntryPoint\",\"urlTemplate\":\"https:\\\/\\\/www.abcsupply.com\\\/es\\\/?s={search_term_string}\"},\"query-input\":{\"@type\":\"PropertyValueSpecification\",\"valueRequired\":true,\"valueName\":\"search_term_string\"}}],\"inLanguage\":\"es\"}]}<\/script>\n<!-- \/ Yoast SEO plugin. -->","yoast_head_json":{"title":"Prop\u00f3sito y valores centrales - ABC Supply","robots":{"index":"index","follow":"follow","max-snippet":"max-snippet:-1","max-image-preview":"max-image-preview:large","max-video-preview":"max-video-preview:-1"},"canonical":"https:\/\/www.abcsupply.com\/es\/sobre-nosotros\/proposito-y-valores-centrales\/","og_locale":"es_ES","og_type":"article","og_title":"Prop\u00f3sito y valores centrales - ABC Supply","og_description":"Objetivo visionario: Ser la mejor empresa para trabajar en Norteam\u00e9rica. Prop\u00f3sito principal: ABC Supply se dedica a promover y preservar el sue\u00f1o americano ayudando a [&hellip;]","og_url":"https:\/\/www.abcsupply.com\/es\/sobre-nosotros\/proposito-y-valores-centrales\/","og_site_name":"ABC Supply","article_modified_time":"2026-01-16T17:33:22+00:00","og_image":[{"width":1440,"height":460,"url":"https:\/\/www.abcsupply.com\/wp-content\/uploads\/2021\/10\/DSC1696-about-us.jpg","type":"image\/jpeg"}],"twitter_card":"summary_large_image","twitter_misc":{"Tiempo de lectura":"3 minutos"},"schema":{"@context":"https:\/\/schema.org","@graph":[{"@type":"WebPage","@id":"https:\/\/www.abcsupply.com\/es\/sobre-nosotros\/proposito-y-valores-centrales\/","url":"https:\/\/www.abcsupply.com\/es\/sobre-nosotros\/proposito-y-valores-centrales\/","name":"Prop\u00f3sito y valores centrales - ABC Supply","isPartOf":{"@id":"https:\/\/www.abcsupply.com\/es\/#website"},"primaryImageOfPage":{"@id":"https:\/\/www.abcsupply.com\/es\/sobre-nosotros\/proposito-y-valores-centrales\/#primaryimage"},"image":{"@id":"https:\/\/www.abcsupply.com\/es\/sobre-nosotros\/proposito-y-valores-centrales\/#primaryimage"},"thumbnailUrl":"https:\/\/www.abcsupply.com\/wp-content\/uploads\/2021\/10\/DSC1696-about-us.jpg","datePublished":"2021-10-21T20:53:21+00:00","dateModified":"2026-01-16T17:33:22+00:00","breadcrumb":{"@id":"https:\/\/www.abcsupply.com\/es\/sobre-nosotros\/proposito-y-valores-centrales\/#breadcrumb"},"inLanguage":"es","potentialAction":[{"@type":"ReadAction","target":["https:\/\/www.abcsupply.com\/es\/sobre-nosotros\/proposito-y-valores-centrales\/"]}]},{"@type":"ImageObject","inLanguage":"es","@id":"https:\/\/www.abcsupply.com\/es\/sobre-nosotros\/proposito-y-valores-centrales\/#primaryimage","url":"https:\/\/www.abcsupply.com\/wp-content\/uploads\/2021\/10\/DSC1696-about-us.jpg","contentUrl":"https:\/\/www.abcsupply.com\/wp-content\/uploads\/2021\/10\/DSC1696-about-us.jpg","width":1440,"height":460,"caption":"Grupo diverso de empleados de ABC Supply"},{"@type":"BreadcrumbList","@id":"https:\/\/www.abcsupply.com\/es\/sobre-nosotros\/proposito-y-valores-centrales\/#breadcrumb","itemListElement":[{"@type":"ListItem","position":1,"name":"Inicio","item":"https:\/\/www.abcsupply.com\/es\/casa\/"},{"@type":"ListItem","position":2,"name":"Sobre nosotros","item":"https:\/\/www.abcsupply.com\/es\/sobre-nosotros\/"},{"@type":"ListItem","position":3,"name":"Prop\u00f3sito y valores centrales"}]},{"@type":"WebSite","@id":"https:\/\/www.abcsupply.com\/es\/#website","url":"https:\/\/www.abcsupply.com\/es\/","name":"ABC Supply","description":"Built On A Foundation Of Respect","potentialAction":[{"@type":"SearchAction","target":{"@type":"EntryPoint","urlTemplate":"https:\/\/www.abcsupply.com\/es\/?s={search_term_string}"},"query-input":{"@type":"PropertyValueSpecification","valueRequired":true,"valueName":"search_term_string"}}],"inLanguage":"es"}]}},"_links":{"self":[{"href":"https:\/\/www.abcsupply.com\/es\/wp-json\/wp\/v2\/pages\/3433","targetHints":{"allow":["GET"]}}],"collection":[{"href":"https:\/\/www.abcsupply.com\/es\/wp-json\/wp\/v2\/pages"}],"about":[{"href":"https:\/\/www.abcsupply.com\/es\/wp-json\/wp\/v2\/types\/page"}],"author":[{"embeddable":true,"href":"https:\/\/www.abcsupply.com\/es\/wp-json\/wp\/v2\/users\/1"}],"replies":[{"embeddable":true,"href":"https:\/\/www.abcsupply.com\/es\/wp-json\/wp\/v2\/comments?post=3433"}],"version-history":[{"count":0,"href":"https:\/\/www.abcsupply.com\/es\/wp-json\/wp\/v2\/pages\/3433\/revisions"}],"up":[{"embeddable":true,"href":"https:\/\/www.abcsupply.com\/es\/wp-json\/wp\/v2\/pages\/3766"}],"wp:featuredmedia":[{"embeddable":true,"href":"https:\/\/www.abcsupply.com\/es\/wp-json\/wp\/v2\/media\/3137"}],"wp:attachment":[{"href":"https:\/\/www.abcsupply.com\/es\/wp-json\/wp\/v2\/media?parent=3433"}],"curies":[{"name":"wp","href":"https:\/\/api.w.org\/{rel}","templated":true}]}}