{"id":3432,"date":"2021-08-05T16:00:52","date_gmt":"2021-08-05T21:00:52","guid":{"rendered":"https:\/\/abcsupply.exclaim-inc.info\/servicios\/garantia-de-servicio\/"},"modified":"2026-01-30T11:54:15","modified_gmt":"2026-01-30T17:54:15","slug":"garantia-de-servicio","status":"publish","type":"page","link":"https:\/\/www.abcsupply.com\/es\/servicios\/garantia-de-servicio\/","title":{"rendered":"Garantia de servicio"},"content":{"rendered":"\t\t<div data-elementor-type=\"wp-page\" data-elementor-id=\"3432\" class=\"elementor elementor-3432 elementor-56\" data-elementor-post-type=\"page\">\n\t\t\t\t<div class=\"elementor-element elementor-element-54cac77 e-con-full e-flex e-con e-parent\" data-id=\"54cac77\" data-element_type=\"container\" data-e-type=\"container\">\n\t\t<div class=\"elementor-element elementor-element-5466295 e-flex e-con-boxed e-con e-child\" data-id=\"5466295\" data-element_type=\"container\" data-e-type=\"container\">\n\t\t\t\t\t<div class=\"e-con-inner\">\n\t\t<div class=\"elementor-element elementor-element-7a542af e-con-full e-flex e-con e-child\" data-id=\"7a542af\" data-element_type=\"container\" data-e-type=\"container\">\n\t\t\t\t<div class=\"elementor-element elementor-element-641ca49 elementor-widget elementor-widget-heading\" data-id=\"641ca49\" data-element_type=\"widget\" data-e-type=\"widget\" data-widget_type=\"heading.default\">\n\t\t\t\t<div class=\"elementor-widget-container\">\n\t\t\t\t\t<h2 class=\"elementor-heading-title elementor-size-default\">Nuestro compromiso con la satisfacci\u00f3n del cliente<\/h2>\t\t\t\t<\/div>\n\t\t\t\t<\/div>\n\t\t\t\t<div class=\"elementor-element elementor-element-0e57e76 elementor-widget elementor-widget-text-editor\" data-id=\"0e57e76\" data-element_type=\"widget\" data-e-type=\"widget\" data-widget_type=\"text-editor.default\">\n\t\t\t\t<div class=\"elementor-widget-container\">\n\t\t\t\t\t\t\t\t\t<p>Nos importan sus negocios y tenemos el compromiso de ayudarles a alcanzar el \u00e9xito. La satisfacci\u00f3n plena de nuestros clientes es nuestra principal prioridad, y nuestro sistema de garant\u00eda de servicio est\u00e1 dise\u00f1ado para asistirlo de manera r\u00e1pida y eficaz. <\/p><p>Los gerentes de <a href=\"https:\/\/abcsupply.com\/locations\/\">ABC Supply<\/a> est\u00e1n habilitados para abordar de manera r\u00e1pida y eficiente cualquier inquietud que usted pueda tener. Para obtener incluso m\u00e1s asistencia experta, tambi\u00e9n puede llamar a la l\u00ednea directa de satisfacci\u00f3n del cliente de ABC Supply. <\/p><p><strong>L\u00ednea directa de atenci\u00f3n al cliente:<br><\/strong>1-888-492-1047<\/p>\t\t\t\t\t\t\t\t<\/div>\n\t\t\t\t<\/div>\n\t\t\t\t<div class=\"elementor-element elementor-element-6900b07 elementor-widget elementor-widget-heading\" data-id=\"6900b07\" data-element_type=\"widget\" data-e-type=\"widget\" data-widget_type=\"heading.default\">\n\t\t\t\t<div class=\"elementor-widget-container\">\n\t\t\t\t\t<h3 class=\"elementor-heading-title elementor-size-default\">Encuesta de satisfacci\u00f3n del cliente<\/h3>\t\t\t\t<\/div>\n\t\t\t\t<\/div>\n\t\t\t\t<div class=\"elementor-element elementor-element-5dc38fc elementor-widget elementor-widget-text-editor\" data-id=\"5dc38fc\" data-element_type=\"widget\" data-e-type=\"widget\" data-widget_type=\"text-editor.default\">\n\t\t\t\t<div class=\"elementor-widget-container\">\n\t\t\t\t\t\t\t\t\t<p>Queremos asegurarnos de que la experiencia de compras en <a href=\"https:\/\/abcsupply.com\/locations\/\">ABC Supply<\/a>, desde que se hace el pedido inicial hasta que se recibe la factura final, supere las expectativas que tienen nuestros clientes de su proveedor predilecto. Por eso contactamos a nuestros clientes habitualmente y les pedimos que nos cuenten c\u00f3mo va nuestro trabajo. <br> <\/p><p>Estamos agradecidos con todos los clientes que se toman el tiempo de completar nuestras encuestas de satisfacci\u00f3n telef\u00f3nicas y escritas. Su retroalimentaci\u00f3n nos permite medir nuestro desempe\u00f1o y seguir mejorando nuestro servicio. Sus comentarios, sugerencias y cr\u00edticas nos dicen c\u00f3mo va nuestro trabajo, nos permiten ver en qu\u00e9 podemos mejorar y son la inspiraci\u00f3n de muchos de los nuevos programas, servicios e iniciativas que implementamos.  <\/p><p>Si recibe nuestro llamado en un momento inoportuno, p\u00eddale al encuestador que lo vuelva a llamar. Si no desea participar, simplemente av\u00edsele al top\u00f3grafo y lo eliminaremos de nuestra lista de llamadas.<\/p>\t\t\t\t\t\t\t\t<\/div>\n\t\t\t\t<\/div>\n\t\t\t\t<\/div>\n\t\t\t\t\t<\/div>\n\t\t\t\t<\/div>\n\t\t\t\t<\/div>\n\t\t\t\t<\/div>\n\t\t","protected":false},"excerpt":{"rendered":"<p>Nuestro compromiso con la satisfacci\u00f3n del cliente Nos importan sus negocios y tenemos el compromiso de ayudarles a alcanzar el \u00e9xito. La satisfacci\u00f3n plena de [&hellip;]<\/p>\n","protected":false},"author":1,"featured_media":3022,"parent":3158,"menu_order":0,"comment_status":"closed","ping_status":"closed","template":"","meta":{"_acf_changed":false,"inline_featured_image":false,"footnotes":""},"class_list":["post-3432","page","type-page","status-publish","has-post-thumbnail","hentry"],"acf":[],"yoast_head":"<!-- This site is optimized with the Yoast SEO plugin v27.3 - https:\/\/yoast.com\/product\/yoast-seo-wordpress\/ -->\n<title>Garantia de servicio - ABC Supply<\/title>\n<meta name=\"robots\" content=\"index, follow, max-snippet:-1, max-image-preview:large, max-video-preview:-1\" \/>\n<link rel=\"canonical\" href=\"https:\/\/www.abcsupply.com\/es\/servicios\/garantia-de-servicio\/\" \/>\n<meta property=\"og:locale\" content=\"es_ES\" \/>\n<meta property=\"og:type\" content=\"article\" \/>\n<meta property=\"og:title\" content=\"Garantia de servicio - ABC Supply\" \/>\n<meta property=\"og:description\" content=\"Nuestro compromiso con la satisfacci\u00f3n del cliente Nos importan sus negocios y tenemos el compromiso de ayudarles a alcanzar el \u00e9xito. La satisfacci\u00f3n plena de [&hellip;]\" \/>\n<meta property=\"og:url\" content=\"https:\/\/www.abcsupply.com\/es\/servicios\/garantia-de-servicio\/\" \/>\n<meta property=\"og:site_name\" content=\"ABC Supply\" \/>\n<meta property=\"article:modified_time\" content=\"2026-01-30T17:54:15+00:00\" \/>\n<meta property=\"og:image\" content=\"https:\/\/www.abcsupply.com\/wp-content\/uploads\/2021\/09\/customer-satisfaction.jpg\" \/>\n\t<meta property=\"og:image:width\" content=\"1440\" \/>\n\t<meta property=\"og:image:height\" content=\"460\" \/>\n\t<meta property=\"og:image:type\" content=\"image\/jpeg\" \/>\n<meta name=\"twitter:card\" content=\"summary_large_image\" \/>\n<meta name=\"twitter:label1\" content=\"Tiempo de lectura\" \/>\n\t<meta name=\"twitter:data1\" content=\"2 minutos\" \/>\n<script type=\"application\/ld+json\" class=\"yoast-schema-graph\">{\"@context\":\"https:\\\/\\\/schema.org\",\"@graph\":[{\"@type\":\"WebPage\",\"@id\":\"https:\\\/\\\/www.abcsupply.com\\\/es\\\/servicios\\\/garantia-de-servicio\\\/\",\"url\":\"https:\\\/\\\/www.abcsupply.com\\\/es\\\/servicios\\\/garantia-de-servicio\\\/\",\"name\":\"Garantia de servicio - ABC Supply\",\"isPartOf\":{\"@id\":\"https:\\\/\\\/www.abcsupply.com\\\/es\\\/#website\"},\"primaryImageOfPage\":{\"@id\":\"https:\\\/\\\/www.abcsupply.com\\\/es\\\/servicios\\\/garantia-de-servicio\\\/#primaryimage\"},\"image\":{\"@id\":\"https:\\\/\\\/www.abcsupply.com\\\/es\\\/servicios\\\/garantia-de-servicio\\\/#primaryimage\"},\"thumbnailUrl\":\"https:\\\/\\\/www.abcsupply.com\\\/wp-content\\\/uploads\\\/2021\\\/09\\\/customer-satisfaction.jpg\",\"datePublished\":\"2021-08-05T21:00:52+00:00\",\"dateModified\":\"2026-01-30T17:54:15+00:00\",\"breadcrumb\":{\"@id\":\"https:\\\/\\\/www.abcsupply.com\\\/es\\\/servicios\\\/garantia-de-servicio\\\/#breadcrumb\"},\"inLanguage\":\"es\",\"potentialAction\":[{\"@type\":\"ReadAction\",\"target\":[\"https:\\\/\\\/www.abcsupply.com\\\/es\\\/servicios\\\/garantia-de-servicio\\\/\"]}]},{\"@type\":\"ImageObject\",\"inLanguage\":\"es\",\"@id\":\"https:\\\/\\\/www.abcsupply.com\\\/es\\\/servicios\\\/garantia-de-servicio\\\/#primaryimage\",\"url\":\"https:\\\/\\\/www.abcsupply.com\\\/wp-content\\\/uploads\\\/2021\\\/09\\\/customer-satisfaction.jpg\",\"contentUrl\":\"https:\\\/\\\/www.abcsupply.com\\\/wp-content\\\/uploads\\\/2021\\\/09\\\/customer-satisfaction.jpg\",\"width\":1440,\"height\":460,\"caption\":\"Piso de ventas de ABC con clientes\"},{\"@type\":\"BreadcrumbList\",\"@id\":\"https:\\\/\\\/www.abcsupply.com\\\/es\\\/servicios\\\/garantia-de-servicio\\\/#breadcrumb\",\"itemListElement\":[{\"@type\":\"ListItem\",\"position\":1,\"name\":\"Inicio\",\"item\":\"https:\\\/\\\/www.abcsupply.com\\\/es\\\/casa\\\/\"},{\"@type\":\"ListItem\",\"position\":2,\"name\":\"Servicios\",\"item\":\"https:\\\/\\\/www.abcsupply.com\\\/es\\\/servicios\\\/\"},{\"@type\":\"ListItem\",\"position\":3,\"name\":\"Garantia de servicio\"}]},{\"@type\":\"WebSite\",\"@id\":\"https:\\\/\\\/www.abcsupply.com\\\/es\\\/#website\",\"url\":\"https:\\\/\\\/www.abcsupply.com\\\/es\\\/\",\"name\":\"ABC Supply\",\"description\":\"Built On A Foundation Of Respect\",\"potentialAction\":[{\"@type\":\"SearchAction\",\"target\":{\"@type\":\"EntryPoint\",\"urlTemplate\":\"https:\\\/\\\/www.abcsupply.com\\\/es\\\/?s={search_term_string}\"},\"query-input\":{\"@type\":\"PropertyValueSpecification\",\"valueRequired\":true,\"valueName\":\"search_term_string\"}}],\"inLanguage\":\"es\"}]}<\/script>\n<!-- \/ Yoast SEO plugin. -->","yoast_head_json":{"title":"Garantia de servicio - ABC Supply","robots":{"index":"index","follow":"follow","max-snippet":"max-snippet:-1","max-image-preview":"max-image-preview:large","max-video-preview":"max-video-preview:-1"},"canonical":"https:\/\/www.abcsupply.com\/es\/servicios\/garantia-de-servicio\/","og_locale":"es_ES","og_type":"article","og_title":"Garantia de servicio - ABC Supply","og_description":"Nuestro compromiso con la satisfacci\u00f3n del cliente Nos importan sus negocios y tenemos el compromiso de ayudarles a alcanzar el \u00e9xito. La satisfacci\u00f3n plena de [&hellip;]","og_url":"https:\/\/www.abcsupply.com\/es\/servicios\/garantia-de-servicio\/","og_site_name":"ABC Supply","article_modified_time":"2026-01-30T17:54:15+00:00","og_image":[{"width":1440,"height":460,"url":"https:\/\/www.abcsupply.com\/wp-content\/uploads\/2021\/09\/customer-satisfaction.jpg","type":"image\/jpeg"}],"twitter_card":"summary_large_image","twitter_misc":{"Tiempo de lectura":"2 minutos"},"schema":{"@context":"https:\/\/schema.org","@graph":[{"@type":"WebPage","@id":"https:\/\/www.abcsupply.com\/es\/servicios\/garantia-de-servicio\/","url":"https:\/\/www.abcsupply.com\/es\/servicios\/garantia-de-servicio\/","name":"Garantia de servicio - ABC Supply","isPartOf":{"@id":"https:\/\/www.abcsupply.com\/es\/#website"},"primaryImageOfPage":{"@id":"https:\/\/www.abcsupply.com\/es\/servicios\/garantia-de-servicio\/#primaryimage"},"image":{"@id":"https:\/\/www.abcsupply.com\/es\/servicios\/garantia-de-servicio\/#primaryimage"},"thumbnailUrl":"https:\/\/www.abcsupply.com\/wp-content\/uploads\/2021\/09\/customer-satisfaction.jpg","datePublished":"2021-08-05T21:00:52+00:00","dateModified":"2026-01-30T17:54:15+00:00","breadcrumb":{"@id":"https:\/\/www.abcsupply.com\/es\/servicios\/garantia-de-servicio\/#breadcrumb"},"inLanguage":"es","potentialAction":[{"@type":"ReadAction","target":["https:\/\/www.abcsupply.com\/es\/servicios\/garantia-de-servicio\/"]}]},{"@type":"ImageObject","inLanguage":"es","@id":"https:\/\/www.abcsupply.com\/es\/servicios\/garantia-de-servicio\/#primaryimage","url":"https:\/\/www.abcsupply.com\/wp-content\/uploads\/2021\/09\/customer-satisfaction.jpg","contentUrl":"https:\/\/www.abcsupply.com\/wp-content\/uploads\/2021\/09\/customer-satisfaction.jpg","width":1440,"height":460,"caption":"Piso de ventas de ABC con clientes"},{"@type":"BreadcrumbList","@id":"https:\/\/www.abcsupply.com\/es\/servicios\/garantia-de-servicio\/#breadcrumb","itemListElement":[{"@type":"ListItem","position":1,"name":"Inicio","item":"https:\/\/www.abcsupply.com\/es\/casa\/"},{"@type":"ListItem","position":2,"name":"Servicios","item":"https:\/\/www.abcsupply.com\/es\/servicios\/"},{"@type":"ListItem","position":3,"name":"Garantia de servicio"}]},{"@type":"WebSite","@id":"https:\/\/www.abcsupply.com\/es\/#website","url":"https:\/\/www.abcsupply.com\/es\/","name":"ABC Supply","description":"Built On A Foundation Of Respect","potentialAction":[{"@type":"SearchAction","target":{"@type":"EntryPoint","urlTemplate":"https:\/\/www.abcsupply.com\/es\/?s={search_term_string}"},"query-input":{"@type":"PropertyValueSpecification","valueRequired":true,"valueName":"search_term_string"}}],"inLanguage":"es"}]}},"_links":{"self":[{"href":"https:\/\/www.abcsupply.com\/es\/wp-json\/wp\/v2\/pages\/3432","targetHints":{"allow":["GET"]}}],"collection":[{"href":"https:\/\/www.abcsupply.com\/es\/wp-json\/wp\/v2\/pages"}],"about":[{"href":"https:\/\/www.abcsupply.com\/es\/wp-json\/wp\/v2\/types\/page"}],"author":[{"embeddable":true,"href":"https:\/\/www.abcsupply.com\/es\/wp-json\/wp\/v2\/users\/1"}],"replies":[{"embeddable":true,"href":"https:\/\/www.abcsupply.com\/es\/wp-json\/wp\/v2\/comments?post=3432"}],"version-history":[{"count":0,"href":"https:\/\/www.abcsupply.com\/es\/wp-json\/wp\/v2\/pages\/3432\/revisions"}],"up":[{"embeddable":true,"href":"https:\/\/www.abcsupply.com\/es\/wp-json\/wp\/v2\/pages\/3158"}],"wp:featuredmedia":[{"embeddable":true,"href":"https:\/\/www.abcsupply.com\/es\/wp-json\/wp\/v2\/media\/3022"}],"wp:attachment":[{"href":"https:\/\/www.abcsupply.com\/es\/wp-json\/wp\/v2\/media?parent=3432"}],"curies":[{"name":"wp","href":"https:\/\/api.w.org\/{rel}","templated":true}]}}