{"id":3430,"date":"2021-09-09T16:45:40","date_gmt":"2021-09-09T21:45:40","guid":{"rendered":"https:\/\/abcsupply.exclaim-inc.info\/hoja-de-hechos\/"},"modified":"2026-01-30T11:21:20","modified_gmt":"2026-01-30T17:21:20","slug":"hoja-de-hechos","status":"publish","type":"page","link":"https:\/\/www.abcsupply.com\/es\/centro-de-comunicaciones\/hoja-de-hechos\/","title":{"rendered":"Ficha informativa"},"content":{"rendered":"\t\t<div data-elementor-type=\"wp-page\" data-elementor-id=\"3430\" class=\"elementor elementor-3430 elementor-1543\" data-elementor-post-type=\"page\">\n\t\t\t\t<div class=\"elementor-element elementor-element-b45d8ae e-con-full e-flex e-con e-parent\" data-id=\"b45d8ae\" data-element_type=\"container\" data-e-type=\"container\">\n\t\t<div class=\"elementor-element elementor-element-50c00fd e-flex e-con-boxed e-con e-child\" data-id=\"50c00fd\" data-element_type=\"container\" data-e-type=\"container\">\n\t\t\t\t\t<div class=\"e-con-inner\">\n\t\t<div class=\"elementor-element elementor-element-9577e6e e-con-full e-flex e-con e-child\" data-id=\"9577e6e\" data-element_type=\"container\" data-e-type=\"container\">\n\t\t\t\t<div class=\"elementor-element elementor-element-f6cd32a elementor-widget elementor-widget-text-editor\" data-id=\"f6cd32a\" data-element_type=\"widget\" data-e-type=\"widget\" data-widget_type=\"text-editor.default\">\n\t\t\t\t<div class=\"elementor-widget-container\">\n\t\t\t\t\t\t\t\t\t<p>ABC Supply Co. Inc. es el distribuidor mayorista de productos para techado y otros productos selectos para la construcci\u00f3n en interiores y exteriores m\u00e1s grande de Am\u00e9rica del Norte.<\/p>\t\t\t\t\t\t\t\t<\/div>\n\t\t\t\t<\/div>\n\t\t\t\t<div class=\"elementor-element elementor-element-3459fd2 elementor-widget elementor-widget-text-editor\" data-id=\"3459fd2\" data-element_type=\"widget\" data-e-type=\"widget\" data-widget_type=\"text-editor.default\">\n\t\t\t\t<div class=\"elementor-widget-container\">\n\t\t\t\t\t\t\t\t\t<p><strong>Sede:<\/strong> Centro Nacional de Apoyo<\/p><p>One ABC Parkway<br>Beloit, WI 53511-4466<br>Tel\u00e9fono: (608) 362-7777<\/p>\t\t\t\t\t\t\t\t<\/div>\n\t\t\t\t<\/div>\n\t\t\t\t<div class=\"elementor-element elementor-element-1763307 elementor-widget elementor-widget-text-editor\" data-id=\"1763307\" data-element_type=\"widget\" data-e-type=\"widget\" data-widget_type=\"text-editor.default\">\n\t\t\t\t<div class=\"elementor-widget-container\">\n\t\t\t\t\t\t\t\t\t<p><strong>Sitio web:<\/strong> <a href=\"https:\/\/www.abcsupply.com\/es\/\">www.abcsupply.com\/es\/<\/a><\/p><p><strong>Fundada:<\/strong> 1982<\/p><p><strong>Sucursales:<\/strong> m\u00e1s de 1000 sucursales en Estados Unidos y Canad\u00e1.<\/p><p><strong>Empleados:<\/strong> m\u00e1s de 20 000 empleados<\/p>\t\t\t\t\t\t\t\t<\/div>\n\t\t\t\t<\/div>\n\t\t\t\t<div class=\"elementor-element elementor-element-64799fd elementor-widget elementor-widget-text-editor\" data-id=\"64799fd\" data-element_type=\"widget\" data-e-type=\"widget\" data-widget_type=\"text-editor.default\">\n\t\t\t\t<div class=\"elementor-widget-container\">\n\t\t\t\t\t\t\t\t\t<p><strong>Productos y servicios:<\/strong> las sucursales de ABC Supply ofrecen una amplia variedad de productos para la construcci\u00f3n en exteriores, incluyendo materiales para techos, revestimientos, canalones, ventanas y puertas, y productos de energ\u00eda renovable, as\u00ed como accesorios y herramientas.<\/p><p>A trav\u00e9s de <a href=\"https:\/\/lwsupply.com\/\" target=\"_blank\" rel=\"noopener\">L&amp;W Supply<\/a> Corporation, su filial, cuenta con m\u00e1s de 270 sucursales que ofrecen una amplia gama de productos para interiores, como paneles de yeso, placas para cielorrasos, perfiler\u00eda de acero y otros materiales para la construcci\u00f3n. La empresa tambi\u00e9n opera m\u00e1s de 35 sucursales a trav\u00e9s de su divisi\u00f3n <a href=\"https:\/\/www.tc-alum.com\/\" target=\"_blank\" rel=\"noopener\">Town &amp; Country Industries<\/a> \u2014 especializada en productos para piscinas y patios y productos para la construcci\u00f3n industrial y contra huracanes \u2014y m\u00e1s de 20 sucursales en Alberta, British Columbia, y Ontario, Canad\u00e1, donde opera como <a href=\"https:\/\/www.abcsupply.ca\/\">ABC Supply Co.<\/a> y distribuye materiales para la construcci\u00f3n en exteriores.<\/p><p>Para facilitar todav\u00eda m\u00e1s que los contratistas sean clientes de ABC Supply y gestionen sus empresas donde quiera que est\u00e9n, contamos con myABCsupply y ABC Connect, que brindan a los clientes acceso a productos y precios de ABC Supply las 24 horas del d\u00eda.<\/p><p>Con myABCsupply, los clientes pueden solicitar servicios de medici\u00f3n, pedir materiales en l\u00ednea, monitorear entregas (e incluso ver fotograf\u00edas de las entregas) y gestionar sus facturas. Los contratistas pueden acceder a sus cuentas en <a href=\"http:\/\/www.myabcsupply.com\/\">myABCsupply.com<\/a> o descargar la aplicaci\u00f3n ABC Supply para sus dispositivos iOS o Android. <\/p><p>El programa <a href=\"https:\/\/www.abcsupply.com\/es\/centro-de-contratistas\/abc-connect\/\" target=\"_blank\" rel=\"noopener\">ABC Connect<\/a> permite que los clientes conecten a ABC Supply con herramientas que utilizan a diario, incluyendo la <a href=\"https:\/\/apidocs.abcsupply.com\/\" target=\"_blank\" rel=\"noopener\">API de ABC<\/a> e integraciones con software l\u00edder en la industria.<\/p><p>El cat\u00e1logo de ABC Supply brinda a los contratistas profesionales un f\u00e1cil acceso a las herramientas, equipamiento y accesorios que necesitan para realizar su trabajo. El cat\u00e1logo contiene m\u00e1s de 6 000 herramientas de alta calidad y art\u00edculos especiales, desde herramientas manuales y el\u00e9ctricas hasta sujetadores, masillas, selladores, ventilaci\u00f3n, equipamiento de seguridad, indumentaria y accesorios. Los productos est\u00e1n disponibles en cualquier ubicaci\u00f3n de ABC Supply.<\/p><p>Los programas <a href=\"https:\/\/www.abcsupply.com\/es\/centro-de-contratistas\/programas-freedom\/\">Freedom Programs<\/a> de ABC Supply son una cartera de productos y servicios dise\u00f1ados para ayudar a los contratistas a desarrollar sus negocios. Una buena variedad de herramientas de marketing y desarrollo empresarial ahorra tiempo para los contratistas y facilita la difusi\u00f3n de informaci\u00f3n sobre sus empresas.<\/p><p>Los contratistas tambi\u00e9n pueden encontrar recursos para mejorar sus empresas en el <a href=\"https:\/\/www.abcsupply.com\/es\/noticias-y-eventos\/\">blog de ABC Supply<\/a> y en nuestra <a href=\"https:\/\/www.linkedin.com\/company\/abc-supply\/\">p\u00e1gina de LinkedIn<\/a>.<\/p>\t\t\t\t\t\t\t\t<\/div>\n\t\t\t\t<\/div>\n\t\t\t\t<div class=\"elementor-element elementor-element-15e852c elementor-widget elementor-widget-text-editor\" data-id=\"15e852c\" data-element_type=\"widget\" data-e-type=\"widget\" data-widget_type=\"text-editor.default\">\n\t\t\t\t<div class=\"elementor-widget-container\">\n\t\t\t\t\t\t\t\t\t<p><strong>Clientes:<\/strong> aproximadamente el 99 % de las ventas de ABC Supply son a profesionales, lo que incluye a constructores, contratistas de remodelaci\u00f3n y contratistas especializados, como techadores y contratistas de paneles de yeso.<\/p><p><strong>Propietarios de la empresa:<\/strong> ABC Supply fue fundada por Ken y Diane Hendricks y sigue siendo una empresa privada.<\/p><p><strong>Reconocimientos recibidos por la empresa<\/strong>: ABC Supply ha sido galardonada en 19 ocasiones con el premio Gallup Exceptional Workplace Award y en recibi\u00f3 el premio Employees\u2019 Choice de Glassdoor a los Mejores Lugares para Trabajar en dos oportunidades. Adem\u00e1s, la empresa recibi\u00f3 el premio NAW Distributors Deliver Award 2025 de la National Association of Wholesaler-Distributors. <\/p><p><strong>Patrocinios brindados por la empresa<\/strong>: uno de los siete valores centrales de ABC Supply es el de retribuir lo recibido. La empresa cumple con su responsabilidad de retribuir lo recibido a las comunidades en las que operan sus sucursales a trav\u00e9s del patrocinio corporativo a Homes For Our Troops y Make-A-Wish<sup>\u00ae<\/sup>. A nivel local, los empleados de las sucursales apoyan a sus comunidades donando su tiempo y talento y brindando apoyo financiero a innumerables organizaciones.  <\/p>\t\t\t\t\t\t\t\t<\/div>\n\t\t\t\t<\/div>\n\t\t\t\t<div class=\"elementor-element elementor-element-7424b9a elementor-widget elementor-widget-text-editor\" data-id=\"7424b9a\" data-element_type=\"widget\" data-e-type=\"widget\" data-widget_type=\"text-editor.default\">\n\t\t\t\t<div class=\"elementor-widget-container\">\n\t\t\t\t\t\t\t\t\t<p><strong>Ejecutivos:<\/strong><\/p><ul><li><strong>Keith Rozolis:<\/strong> director ejecutivo<\/li><li><strong>Mike Jost:<\/strong> presidente y director de operaciones<\/li><li><strong>Jim Anderson:<\/strong> director financiero<\/li><li><strong>Lisa Indgjer:<\/strong> vicepresidente de servicios para empleados y recursos humanos<\/li><li><strong>Karl W. Leo:<\/strong> director de asuntos jur\u00eddicos<\/li><li><strong>Jonathan Shepard:<\/strong> presidente de operaciones de sucursal de ABC Supply<\/li><li><strong>Tony Vaden:<\/strong> director de sistemas de informaci\u00f3n<\/li><li><strong>Matt Belcher:<\/strong> vicepresidente de la regi\u00f3n suroeste<\/li><li><strong>Matt Cooper:<\/strong> vicepresidente de la regi\u00f3n oeste<\/li><li><strong>Tom Kuchan:<\/strong> vicepresidente de la regi\u00f3n noreste<\/li><li><strong>Joe Small:<\/strong> vicepresidente de la regi\u00f3n del medio oeste<\/li><li><strong>Scott Toumbleston:<\/strong> vicepresidente de la regi\u00f3n medio sur<\/li><li><strong>Lloyd Hamilton:<\/strong> vicepresidente de la regi\u00f3n sudeste<\/li><li><strong>Frank Marcoccio:<\/strong> presidente de L&amp;W Supply<\/li><\/ul>\t\t\t\t\t\t\t\t<\/div>\n\t\t\t\t<\/div>\n\t\t\t\t<\/div>\n\t\t\t\t\t<\/div>\n\t\t\t\t<\/div>\n\t\t\t\t<\/div>\n\t\t\t\t<\/div>\n\t\t","protected":false},"excerpt":{"rendered":"<p>ABC Supply Co. Inc. es el distribuidor mayorista de productos para techado y otros productos selectos para la construcci\u00f3n en interiores y exteriores m\u00e1s grande [&hellip;]<\/p>\n","protected":false},"author":1,"featured_media":0,"parent":3615,"menu_order":0,"comment_status":"closed","ping_status":"closed","template":"","meta":{"_acf_changed":false,"inline_featured_image":false,"footnotes":""},"class_list":["post-3430","page","type-page","status-publish","hentry"],"acf":[],"yoast_head":"<!-- This site is optimized with the Yoast SEO plugin v27.5 - https:\/\/yoast.com\/product\/yoast-seo-wordpress\/ -->\n<title>Ficha informativa - ABC Supply<\/title>\n<meta name=\"robots\" content=\"index, follow, max-snippet:-1, max-image-preview:large, max-video-preview:-1\" \/>\n<link rel=\"canonical\" href=\"https:\/\/www.abcsupply.com\/es\/centro-de-comunicaciones\/hoja-de-hechos\/\" \/>\n<meta property=\"og:locale\" content=\"es_ES\" \/>\n<meta property=\"og:type\" content=\"article\" \/>\n<meta property=\"og:title\" content=\"Ficha informativa - ABC Supply\" \/>\n<meta property=\"og:description\" content=\"ABC Supply Co. Inc. es el distribuidor mayorista de productos para techado y otros productos selectos para la construcci\u00f3n en interiores y exteriores m\u00e1s grande [&hellip;]\" \/>\n<meta property=\"og:url\" content=\"https:\/\/www.abcsupply.com\/es\/centro-de-comunicaciones\/hoja-de-hechos\/\" \/>\n<meta property=\"og:site_name\" content=\"ABC Supply\" \/>\n<meta property=\"article:modified_time\" content=\"2026-01-30T17:21:20+00:00\" \/>\n<meta property=\"og:image\" content=\"https:\/\/www.abcsupply.com\/wp-content\/uploads\/2021\/09\/NSC-sharp.jpg\" \/>\n\t<meta property=\"og:image:width\" content=\"1440\" \/>\n\t<meta property=\"og:image:height\" content=\"460\" \/>\n\t<meta property=\"og:image:type\" content=\"image\/jpeg\" \/>\n<meta name=\"twitter:card\" content=\"summary_large_image\" \/>\n<meta name=\"twitter:label1\" content=\"Tiempo de lectura\" \/>\n\t<meta name=\"twitter:data1\" content=\"3 minutos\" \/>\n<script type=\"application\/ld+json\" class=\"yoast-schema-graph\">{\"@context\":\"https:\\\/\\\/schema.org\",\"@graph\":[{\"@type\":\"WebPage\",\"@id\":\"https:\\\/\\\/www.abcsupply.com\\\/es\\\/centro-de-comunicaciones\\\/hoja-de-hechos\\\/\",\"url\":\"https:\\\/\\\/www.abcsupply.com\\\/es\\\/centro-de-comunicaciones\\\/hoja-de-hechos\\\/\",\"name\":\"Ficha informativa - ABC Supply\",\"isPartOf\":{\"@id\":\"https:\\\/\\\/www.abcsupply.com\\\/es\\\/#website\"},\"datePublished\":\"2021-09-09T21:45:40+00:00\",\"dateModified\":\"2026-01-30T17:21:20+00:00\",\"breadcrumb\":{\"@id\":\"https:\\\/\\\/www.abcsupply.com\\\/es\\\/centro-de-comunicaciones\\\/hoja-de-hechos\\\/#breadcrumb\"},\"inLanguage\":\"es\",\"potentialAction\":[{\"@type\":\"ReadAction\",\"target\":[\"https:\\\/\\\/www.abcsupply.com\\\/es\\\/centro-de-comunicaciones\\\/hoja-de-hechos\\\/\"]}]},{\"@type\":\"BreadcrumbList\",\"@id\":\"https:\\\/\\\/www.abcsupply.com\\\/es\\\/centro-de-comunicaciones\\\/hoja-de-hechos\\\/#breadcrumb\",\"itemListElement\":[{\"@type\":\"ListItem\",\"position\":1,\"name\":\"Inicio\",\"item\":\"https:\\\/\\\/www.abcsupply.com\\\/es\\\/casa\\\/\"},{\"@type\":\"ListItem\",\"position\":2,\"name\":\"Centro de prensa\",\"item\":\"https:\\\/\\\/www.abcsupply.com\\\/es\\\/centro-de-comunicaciones\\\/\"},{\"@type\":\"ListItem\",\"position\":3,\"name\":\"Ficha informativa\"}]},{\"@type\":\"WebSite\",\"@id\":\"https:\\\/\\\/www.abcsupply.com\\\/es\\\/#website\",\"url\":\"https:\\\/\\\/www.abcsupply.com\\\/es\\\/\",\"name\":\"ABC Supply\",\"description\":\"Built On A Foundation Of Respect\",\"potentialAction\":[{\"@type\":\"SearchAction\",\"target\":{\"@type\":\"EntryPoint\",\"urlTemplate\":\"https:\\\/\\\/www.abcsupply.com\\\/es\\\/?s={search_term_string}\"},\"query-input\":{\"@type\":\"PropertyValueSpecification\",\"valueRequired\":true,\"valueName\":\"search_term_string\"}}],\"inLanguage\":\"es\"}]}<\/script>\n<!-- \/ Yoast SEO plugin. -->","yoast_head_json":{"title":"Ficha informativa - ABC Supply","robots":{"index":"index","follow":"follow","max-snippet":"max-snippet:-1","max-image-preview":"max-image-preview:large","max-video-preview":"max-video-preview:-1"},"canonical":"https:\/\/www.abcsupply.com\/es\/centro-de-comunicaciones\/hoja-de-hechos\/","og_locale":"es_ES","og_type":"article","og_title":"Ficha informativa - ABC Supply","og_description":"ABC Supply Co. Inc. es el distribuidor mayorista de productos para techado y otros productos selectos para la construcci\u00f3n en interiores y exteriores m\u00e1s grande [&hellip;]","og_url":"https:\/\/www.abcsupply.com\/es\/centro-de-comunicaciones\/hoja-de-hechos\/","og_site_name":"ABC Supply","article_modified_time":"2026-01-30T17:21:20+00:00","og_image":[{"width":1440,"height":460,"url":"https:\/\/www.abcsupply.com\/wp-content\/uploads\/2021\/09\/NSC-sharp.jpg","type":"image\/jpeg"}],"twitter_card":"summary_large_image","twitter_misc":{"Tiempo de lectura":"3 minutos"},"schema":{"@context":"https:\/\/schema.org","@graph":[{"@type":"WebPage","@id":"https:\/\/www.abcsupply.com\/es\/centro-de-comunicaciones\/hoja-de-hechos\/","url":"https:\/\/www.abcsupply.com\/es\/centro-de-comunicaciones\/hoja-de-hechos\/","name":"Ficha informativa - ABC Supply","isPartOf":{"@id":"https:\/\/www.abcsupply.com\/es\/#website"},"datePublished":"2021-09-09T21:45:40+00:00","dateModified":"2026-01-30T17:21:20+00:00","breadcrumb":{"@id":"https:\/\/www.abcsupply.com\/es\/centro-de-comunicaciones\/hoja-de-hechos\/#breadcrumb"},"inLanguage":"es","potentialAction":[{"@type":"ReadAction","target":["https:\/\/www.abcsupply.com\/es\/centro-de-comunicaciones\/hoja-de-hechos\/"]}]},{"@type":"BreadcrumbList","@id":"https:\/\/www.abcsupply.com\/es\/centro-de-comunicaciones\/hoja-de-hechos\/#breadcrumb","itemListElement":[{"@type":"ListItem","position":1,"name":"Inicio","item":"https:\/\/www.abcsupply.com\/es\/casa\/"},{"@type":"ListItem","position":2,"name":"Centro de prensa","item":"https:\/\/www.abcsupply.com\/es\/centro-de-comunicaciones\/"},{"@type":"ListItem","position":3,"name":"Ficha informativa"}]},{"@type":"WebSite","@id":"https:\/\/www.abcsupply.com\/es\/#website","url":"https:\/\/www.abcsupply.com\/es\/","name":"ABC Supply","description":"Built On A Foundation Of Respect","potentialAction":[{"@type":"SearchAction","target":{"@type":"EntryPoint","urlTemplate":"https:\/\/www.abcsupply.com\/es\/?s={search_term_string}"},"query-input":{"@type":"PropertyValueSpecification","valueRequired":true,"valueName":"search_term_string"}}],"inLanguage":"es"}]}},"_links":{"self":[{"href":"https:\/\/www.abcsupply.com\/es\/wp-json\/wp\/v2\/pages\/3430","targetHints":{"allow":["GET"]}}],"collection":[{"href":"https:\/\/www.abcsupply.com\/es\/wp-json\/wp\/v2\/pages"}],"about":[{"href":"https:\/\/www.abcsupply.com\/es\/wp-json\/wp\/v2\/types\/page"}],"author":[{"embeddable":true,"href":"https:\/\/www.abcsupply.com\/es\/wp-json\/wp\/v2\/users\/1"}],"replies":[{"embeddable":true,"href":"https:\/\/www.abcsupply.com\/es\/wp-json\/wp\/v2\/comments?post=3430"}],"version-history":[{"count":0,"href":"https:\/\/www.abcsupply.com\/es\/wp-json\/wp\/v2\/pages\/3430\/revisions"}],"up":[{"embeddable":true,"href":"https:\/\/www.abcsupply.com\/es\/wp-json\/wp\/v2\/pages\/3615"}],"wp:attachment":[{"href":"https:\/\/www.abcsupply.com\/es\/wp-json\/wp\/v2\/media?parent=3430"}],"curies":[{"name":"wp","href":"https:\/\/api.w.org\/{rel}","templated":true}]}}