{"id":3428,"date":"2021-08-05T16:23:36","date_gmt":"2021-08-05T21:23:36","guid":{"rendered":"https:\/\/abcsupply.exclaim-inc.info\/contractor-center\/myabcsupply\/"},"modified":"2026-03-17T09:12:08","modified_gmt":"2026-03-17T14:12:08","slug":"myabcsupply","status":"publish","type":"page","link":"https:\/\/www.abcsupply.com\/es\/centro-de-contratistas\/myabcsupply\/","title":{"rendered":"myABCsupply"},"content":{"rendered":"\t\t<div data-elementor-type=\"wp-page\" data-elementor-id=\"3428\" class=\"elementor elementor-3428 elementor-106\" data-elementor-post-type=\"page\">\n\t\t\t\t<div class=\"elementor-element elementor-element-233b1c4a e-con-full e-flex e-con e-parent\" data-id=\"233b1c4a\" data-element_type=\"container\" data-e-type=\"container\">\n\t\t<div class=\"elementor-element elementor-element-23cce0e4 e-flex e-con-boxed e-con e-child\" data-id=\"23cce0e4\" data-element_type=\"container\" data-e-type=\"container\">\n\t\t\t\t\t<div class=\"e-con-inner\">\n\t\t<div class=\"elementor-element elementor-element-3f304c16 e-con-full e-flex e-con e-child\" data-id=\"3f304c16\" data-element_type=\"container\" data-e-type=\"container\">\n\t\t\t\t<div class=\"elementor-element elementor-element-9461dc2 elementor-widget elementor-widget-heading\" data-id=\"9461dc2\" data-element_type=\"widget\" data-e-type=\"widget\" data-widget_type=\"heading.default\">\n\t\t\t\t<div class=\"elementor-widget-container\">\n\t\t\t\t\t<h2 class=\"elementor-heading-title elementor-size-default\">Gestiona tu negocio est\u00e9s donde est\u00e9s con <em>myABCsupply<\/em><\/h2>\t\t\t\t<\/div>\n\t\t\t\t<\/div>\n\t\t\t\t<div class=\"elementor-element elementor-element-5c0bbc5a elementor-widget elementor-widget-text-editor\" data-id=\"5c0bbc5a\" data-element_type=\"widget\" data-e-type=\"widget\" data-widget_type=\"text-editor.default\">\n\t\t\t\t<div class=\"elementor-widget-container\">\n\t\t\t\t\t\t\t\t\t<p>Cuando no tienes tiempo para llamar a la sucursal y hacer un pedido o est\u00e1s prepar\u00e1ndote para un nuevo trabajo en tu tiempo libre, usar <a href=\"https:\/\/account.abcsupply.com\/\">myABCsupply <\/a> te simplifica la vida. Es como tener una sucursal local de ABC a la mano, las 24 horas del d\u00eda, los 7 d\u00edas de la semana, que te permite pedir materiales y gestionar los detalles de tu cuenta cuando m\u00e1s te convenga. <\/p>\t\t\t\t\t\t\t\t<\/div>\n\t\t\t\t<\/div>\n\t\t\t\t<div class=\"elementor-element elementor-element-a5d5f84 elementor-widget elementor-widget-heading\" data-id=\"a5d5f84\" data-element_type=\"widget\" data-e-type=\"widget\" data-widget_type=\"heading.default\">\n\t\t\t\t<div class=\"elementor-widget-container\">\n\t\t\t\t\t<h3 class=\"elementor-heading-title elementor-size-default\">Caracter\u00edsticas<\/h3>\t\t\t\t<\/div>\n\t\t\t\t<\/div>\n\t\t<div class=\"elementor-element elementor-element-c3bfa1e e-con-full e-flex e-con e-child\" data-id=\"c3bfa1e\" data-element_type=\"container\" data-e-type=\"container\">\n\t\t\t\t<div class=\"elementor-element elementor-element-f187676 elementor-widget elementor-widget-heading\" data-id=\"f187676\" data-element_type=\"widget\" data-e-type=\"widget\" data-widget_type=\"heading.default\">\n\t\t\t\t<div class=\"elementor-widget-container\">\n\t\t\t\t\t<h4 class=\"elementor-heading-title elementor-size-default\">Integrada con el software que ya utilizas<\/h4>\t\t\t\t<\/div>\n\t\t\t\t<\/div>\n\t\t\t\t<div class=\"elementor-element elementor-element-5117c9a elementor-widget elementor-widget-text-editor\" data-id=\"5117c9a\" data-element_type=\"widget\" data-e-type=\"widget\" data-widget_type=\"text-editor.default\">\n\t\t\t\t<div class=\"elementor-widget-container\">\n\t\t\t\t\t\t\t\t\t<ul>\n<li><strong>Una forma m\u00e1s segura de realizar mediciones<\/strong>: utiliza la integraci\u00f3n de myABCsupply con <a href=\"https:\/\/www.eagleview.com\/\" target=\"_blank\" rel=\"noopener\">EagleView<\/a>, <a href=\"https:\/\/abcsupply.com\/contractor-center\/abc-connect\/\">GAF QuickMeasure<\/a>, <a href=\"https:\/\/abcsupply.com\/contractor-center\/abc-connect\/\">HOVER<\/a> y <a href=\"https:\/\/abcsupply.com\/contractor-center\/abc-connect\/\">Roofr<\/a> para medir sin complicaciones y convertirlas en pedidos.<\/li>\n<li><strong>Cotiza nuevos trabajos de construcci\u00f3n m\u00e1s r\u00e1pido:<\/strong> transforma tus planos en modelos 3D a escala, con mediciones, en 24 horas o menos con la soluci\u00f3n de <a href=\"https:\/\/abcsupply.hover.to\/?utm_source=abc&amp;utm_medium=abc_social&amp;utm_campaign=abc2023\" target=\"_blank\" rel=\"noopener\">\u00abnueva construcci\u00f3n\u00bb de HOVER.<\/a><\/li>\n<li><strong>Pasa de la estimaci\u00f3n al pedido en solo minutos<\/strong>: obt\u00e9n acceso en tiempo real a tus precios preferenciales en <a href=\"https:\/\/abcsupply.com\/contractor-center\/abc-connect\/\">AccuLynx<\/a> y <a href=\"https:\/\/abcsupply.com\/contractor-center\/abc-connect\/\">JobNimbus<\/a>.<\/li>\n<\/ul>\t\t\t\t\t\t\t\t<\/div>\n\t\t\t\t<\/div>\n\t\t\t\t<\/div>\n\t\t<div class=\"elementor-element elementor-element-a83459d e-con-full e-flex e-con e-child\" data-id=\"a83459d\" data-element_type=\"container\" data-e-type=\"container\">\n\t\t\t\t<div class=\"elementor-element elementor-element-f6a38c9 elementor-widget elementor-widget-heading\" data-id=\"f6a38c9\" data-element_type=\"widget\" data-e-type=\"widget\" data-widget_type=\"heading.default\">\n\t\t\t\t<div class=\"elementor-widget-container\">\n\t\t\t\t\t<h4 class=\"elementor-heading-title elementor-size-default\">Ahorra tiempo y monitorea tus pedidos sin complicaciones<\/h4>\t\t\t\t<\/div>\n\t\t\t\t<\/div>\n\t\t\t\t<div class=\"elementor-element elementor-element-5b853be elementor-widget elementor-widget-text-editor\" data-id=\"5b853be\" data-element_type=\"widget\" data-e-type=\"widget\" data-widget_type=\"text-editor.default\">\n\t\t\t\t<div class=\"elementor-widget-container\">\n\t\t\t\t\t\t\t\t\t<ul>\n<li><strong>Pedidos todo el d\u00eda:<\/strong> accede a tu cuenta y gesti\u00f3nala, est\u00e9s donde est\u00e9s, con la opci\u00f3n de hacer pedidos en l\u00ednea de forma r\u00e1pida en tu dispositivo m\u00f3vil o computadora.<\/li>\n<li><strong>Reduce el tiempo para hacer un pedido a la mitad:<\/strong> crea plantillas de materiales que pides con frecuencia o accede a tu historial de pedidos y a tus materiales favoritos para volver a pedirlos r\u00e1pidamente.<\/li>\n<li><strong>Monitoreo de entregas:<\/strong> Monitorea el estatus de tus entregas con detalles que te permitir\u00e1n mantener a los clientes actualizados. Vuelve a consultar las fotos de tu entrega cuando las necesites. Vuelve a consultar las fotos de tu entrega cuando las necesites.<\/li>\n<\/ul>\t\t\t\t\t\t\t\t<\/div>\n\t\t\t\t<\/div>\n\t\t\t\t<\/div>\n\t\t<div class=\"elementor-element elementor-element-90a7ef4 e-con-full e-flex e-con e-child\" data-id=\"90a7ef4\" data-element_type=\"container\" data-e-type=\"container\">\n\t\t\t\t<div class=\"elementor-element elementor-element-abd59c7 elementor-widget elementor-widget-heading\" data-id=\"abd59c7\" data-element_type=\"widget\" data-e-type=\"widget\" data-widget_type=\"heading.default\">\n\t\t\t\t<div class=\"elementor-widget-container\">\n\t\t\t\t\t<h4 class=\"elementor-heading-title elementor-size-default\">Optimizaci\u00f3n que brinda eficiencia<\/h4>\t\t\t\t<\/div>\n\t\t\t\t<\/div>\n\t\t\t\t<div class=\"elementor-element elementor-element-26879e1 elementor-widget elementor-widget-text-editor\" data-id=\"26879e1\" data-element_type=\"widget\" data-e-type=\"widget\" data-widget_type=\"text-editor.default\">\n\t\t\t\t<div class=\"elementor-widget-container\">\n\t\t\t\t\t\t\t\t\t<ul>\n<li><strong>Apoyo para las recompensas:<\/strong> utiliza nuestro sistema de soporte automatizado para aprovechar los <a href=\"https:\/\/abcsupply.com\/contractor-center\/manufacturer-rewards-support\/\">programas de recompensas del fabricante<\/a>.<\/li>\n<li><strong>Facturaci\u00f3n consolidada:<\/strong> solicita informes de medici\u00f3n y pide que se cargue la factura en tu cuenta de ABC Supply.<\/li>\n<li><strong>Pagos en l\u00ednea:<\/strong> consulta tus estados de cuenta y paga tus facturas en l\u00ednea con comodidad.<\/li>\n<li><strong>Notificaciones de facturaci\u00f3n:<\/strong> elige si prefieres recibir estas notificaciones solo en l\u00ednea, por correo electr\u00f3nico, por fax o por USPS.<\/li>\n<li><strong>Devoluci\u00f3n de productos:<\/strong> gestiona tus devoluciones, ya sea con retiro o entrega en el lugar, e incluye fotograf\u00edas de los materiales devueltos.<\/li>\n<\/ul>\t\t\t\t\t\t\t\t<\/div>\n\t\t\t\t<\/div>\n\t\t\t\t<\/div>\n\t\t<div class=\"elementor-element elementor-element-7c43556 e-con-full e-flex e-con e-child\" data-id=\"7c43556\" data-element_type=\"container\" data-e-type=\"container\">\n\t\t\t\t<div class=\"elementor-element elementor-element-d624de9 elementor-widget elementor-widget-heading\" data-id=\"d624de9\" data-element_type=\"widget\" data-e-type=\"widget\" data-widget_type=\"heading.default\">\n\t\t\t\t<div class=\"elementor-widget-container\">\n\t\t\t\t\t<h4 class=\"elementor-heading-title elementor-size-default\">Disponible donde sea que te lleve tu trabajo<\/h4>\t\t\t\t<\/div>\n\t\t\t\t<\/div>\n\t\t\t\t<div class=\"elementor-element elementor-element-619ef80 elementor-widget elementor-widget-text-editor\" data-id=\"619ef80\" data-element_type=\"widget\" data-e-type=\"widget\" data-widget_type=\"text-editor.default\">\n\t\t\t\t<div class=\"elementor-widget-container\">\n\t\t\t\t\t\t\t\t\t<ul>\n<li><strong>En tu dispositivo m\u00f3vil:<\/strong> descarga la aplicaci\u00f3n de ABC Supply para acceder a <a href=\"https:\/\/account.abcsupply.com\/orderdraft\/login?ReturnUrl=%2F%3F_ga%3D2.185428521.1668741058.1682948039-76339555.1560349294%26_gl%3D1*dr6od3*_ga*NzYzMzk1NTUuMTU2MDM0OTI5NA..*_ga_F2FTR8CCKB*MTY4MzA1NzM3OS43NC4xLjE2ODMwNTk3NzAuNTcuMC4w\" rel=\"external noopener noreferrer\">myABCsupply<\/a> est\u00e9s donde est\u00e9s.<\/li>\n<li><strong>On Your Desktop or Laptop:<\/strong> Log in to <a href=\"https:\/\/account.abcsupply.com\/orderdraft\/login?ReturnUrl=%2F%3F_ga%3D2.185428521.1668741058.1682948039-76339555.1560349294%26_gl%3D1*dr6od3*_ga*NzYzMzk1NTUuMTU2MDM0OTI5NA..*_ga_F2FTR8CCKB*MTY4MzA1NzM3OS43NC4xLjE2ODMwNTk3NzAuNTcuMC4w\" rel=\"external noopener noreferrer\">myABCsupply<\/a>. Not yet a myABCsupply user? Sign up <a href=\"https:\/\/account.abcsupply.com\/orderdraft\/login?ReturnUrl=%2F%3F_ga%3D2.185428521.1668741058.1682948039-76339555.1560349294%26_gl%3D1*dr6od3*_ga*NzYzMzk1NTUuMTU2MDM0OTI5NA..*_ga_F2FTR8CCKB*MTY4MzA1NzM3OS43NC4xLjE2ODMwNTk3NzAuNTcuMC4w\" rel=\"external noopener noreferrer\">here<\/a>.  <\/li>\n<li><strong>\u00bfNecesitas ayuda para empezar?<\/strong> Contamos con una <a href=\"https:\/\/www.youtube.com\/watch?v=2gHB2PUxuXI&amp;list=PL0IyKe2dnMDkgQd61vDwkZkwdjxT9mA4y\">serie de videos<\/a> que te ayudar\u00e1n a aprovechar al m\u00e1ximo tu cuenta de <a href=\"https:\/\/account.abcsupply.com\/orderdraft\/login?ReturnUrl=%2F%3F_ga%3D2.185428521.1668741058.1682948039-76339555.1560349294%26_gl%3D1*dr6od3*_ga*NzYzMzk1NTUuMTU2MDM0OTI5NA..*_ga_F2FTR8CCKB*MTY4MzA1NzM3OS43NC4xLjE2ODMwNTk3NzAuNTcuMC4w\" rel=\"external noopener noreferrer\">myABCsupply<\/a>.<\/li>\n<\/ul>\t\t\t\t\t\t\t\t<\/div>\n\t\t\t\t<\/div>\n\t\t\t\t<\/div>\n\t\t\t\t<div class=\"elementor-element elementor-element-4b95e39 elementor-widget-divider--view-line elementor-widget elementor-widget-divider\" data-id=\"4b95e39\" data-element_type=\"widget\" data-e-type=\"widget\" data-widget_type=\"divider.default\">\n\t\t\t\t<div class=\"elementor-widget-container\">\n\t\t\t\t\t\t\t<div class=\"elementor-divider\">\n\t\t\t<span class=\"elementor-divider-separator\">\n\t\t\t\t\t\t<\/span>\n\t\t<\/div>\n\t\t\t\t\t\t<\/div>\n\t\t\t\t<\/div>\n\t\t\t\t<div class=\"elementor-element elementor-element-8f93000 elementor-widget elementor-widget-text-editor\" data-id=\"8f93000\" data-element_type=\"widget\" data-e-type=\"widget\" data-widget_type=\"text-editor.default\">\n\t\t\t\t<div class=\"elementor-widget-container\">\n\t\t\t\t\t\t\t\t\t<p>Si tienes preguntas, llama a la l\u00ednea de atenci\u00f3n al cliente de <a href=\"https:\/\/account.abcsupply.com\/\">myABCsupply<\/a> al <a href=\"tel:+18002261280\">1-800-226-1280<\/a> o programa una <a href=\"https:\/\/calendly.com\/training-abc\/myabcsupply-abc\" target=\"_blank\" rel=\"noopener\">reuni\u00f3n personal con el servicio de atenci\u00f3n al cliente<\/a>.<\/p>\t\t\t\t\t\t\t\t<\/div>\n\t\t\t\t<\/div>\n\t\t\t\t<div class=\"elementor-element elementor-element-8d77495 elementor-widget elementor-widget-text-editor\" data-id=\"8d77495\" data-element_type=\"widget\" data-e-type=\"widget\" data-widget_type=\"text-editor.default\">\n\t\t\t\t<div class=\"elementor-widget-container\">\n\t\t\t\t\t\t\t\t\t<p>Descarga la aplicaci\u00f3n de ABC Supply para acceder a tu cuenta est\u00e9s donde est\u00e9s. Disponible en espa\u00f1ol y polaco.<\/p>\t\t\t\t\t\t\t\t<\/div>\n\t\t\t\t<\/div>\n\t\t<div class=\"elementor-element elementor-element-3a6e55b e-con-full e-flex e-con e-child\" data-id=\"3a6e55b\" data-element_type=\"container\" data-e-type=\"container\">\n\t\t<a class=\"elementor-element elementor-element-ced78e3 e-con-full e-flex e-con e-child\" data-id=\"ced78e3\" data-element_type=\"container\" data-e-type=\"container\" href=\"https:\/\/play.google.com\/store\/apps\/details?id=com.abcsupply.mobile\" target=\"_blank\">\n\t\t\t\t<div class=\"elementor-element elementor-element-23fb926 elementor-widget elementor-widget-image\" data-id=\"23fb926\" data-element_type=\"widget\" data-e-type=\"widget\" data-widget_type=\"image.default\">\n\t\t\t\t<div class=\"elementor-widget-container\">\n\t\t\t\t\t\t\t\t\t\t\t\t\t\t\t<img decoding=\"async\" width=\"1\" height=\"1\" src=\"https:\/\/www.abcsupply.com\/wp-content\/uploads\/2026\/02\/icon-googleplay.svg\" class=\"attachment-medium size-medium wp-image-18431\" alt=\"\" \/>\t\t\t\t\t\t\t\t\t\t\t\t\t\t\t<\/div>\n\t\t\t\t<\/div>\n\t\t\t\t<\/a>\n\t\t<a class=\"elementor-element elementor-element-5772305 e-con-full e-flex e-con e-child\" data-id=\"5772305\" data-element_type=\"container\" data-e-type=\"container\" href=\"https:\/\/apps.apple.com\/us\/app\/abc-supply\/id1449056650?ls=1\" target=\"_blank\">\n\t\t\t\t<div class=\"elementor-element elementor-element-07915b5 elementor-widget elementor-widget-image\" data-id=\"07915b5\" data-element_type=\"widget\" data-e-type=\"widget\" data-widget_type=\"image.default\">\n\t\t\t\t<div class=\"elementor-widget-container\">\n\t\t\t\t\t\t\t\t\t\t\t\t\t\t\t<img decoding=\"async\" width=\"1\" height=\"1\" src=\"https:\/\/www.abcsupply.com\/wp-content\/uploads\/2026\/02\/icon-appstore.svg\" class=\"attachment-medium size-medium wp-image-18429\" alt=\"\" \/>\t\t\t\t\t\t\t\t\t\t\t\t\t\t\t<\/div>\n\t\t\t\t<\/div>\n\t\t\t\t<\/a>\n\t\t\t\t<\/div>\n\t\t\t\t<\/div>\n\t\t\t\t\t<\/div>\n\t\t\t\t<\/div>\n\t\t\t\t<\/div>\n\t\t\t\t<\/div>\n\t\t","protected":false},"excerpt":{"rendered":"<p>Gestiona tu negocio est\u00e9s donde est\u00e9s con myABCsupply Cuando no tienes tiempo para llamar a la sucursal y hacer un pedido o est\u00e1s prepar\u00e1ndote para [&hellip;]<\/p>\n","protected":false},"author":1,"featured_media":0,"parent":3716,"menu_order":0,"comment_status":"closed","ping_status":"closed","template":"","meta":{"_acf_changed":false,"inline_featured_image":false,"footnotes":""},"class_list":["post-3428","page","type-page","status-publish","hentry"],"acf":[],"yoast_head":"<!-- This site is optimized with the Yoast SEO plugin v27.4 - https:\/\/yoast.com\/product\/yoast-seo-wordpress\/ -->\n<title>myABCsupply - ABC Supply<\/title>\n<meta name=\"robots\" content=\"index, follow, max-snippet:-1, max-image-preview:large, max-video-preview:-1\" \/>\n<link rel=\"canonical\" href=\"https:\/\/www.abcsupply.com\/es\/centro-de-contratistas\/myabcsupply\/\" \/>\n<meta property=\"og:locale\" content=\"es_ES\" \/>\n<meta property=\"og:type\" content=\"article\" \/>\n<meta property=\"og:title\" content=\"myABCsupply - ABC Supply\" \/>\n<meta property=\"og:description\" content=\"Gestiona tu negocio est\u00e9s donde est\u00e9s con myABCsupply Cuando no tienes tiempo para llamar a la sucursal y hacer un pedido o est\u00e1s prepar\u00e1ndote para [&hellip;]\" \/>\n<meta property=\"og:url\" content=\"https:\/\/www.abcsupply.com\/es\/centro-de-contratistas\/myabcsupply\/\" \/>\n<meta property=\"og:site_name\" content=\"ABC Supply\" \/>\n<meta property=\"article:modified_time\" content=\"2026-03-17T14:12:08+00:00\" \/>\n<meta property=\"og:image\" content=\"https:\/\/www.abcsupply.com\/wp-content\/uploads\/2021\/09\/NSC-sharp.jpg\" \/>\n\t<meta property=\"og:image:width\" content=\"1440\" \/>\n\t<meta property=\"og:image:height\" content=\"460\" \/>\n\t<meta property=\"og:image:type\" content=\"image\/jpeg\" \/>\n<meta name=\"twitter:card\" content=\"summary_large_image\" \/>\n<meta name=\"twitter:label1\" content=\"Tiempo de lectura\" \/>\n\t<meta name=\"twitter:data1\" content=\"2 minutos\" \/>\n<script type=\"application\/ld+json\" class=\"yoast-schema-graph\">{\"@context\":\"https:\\\/\\\/schema.org\",\"@graph\":[{\"@type\":\"WebPage\",\"@id\":\"https:\\\/\\\/www.abcsupply.com\\\/es\\\/centro-de-contratistas\\\/myabcsupply\\\/\",\"url\":\"https:\\\/\\\/www.abcsupply.com\\\/es\\\/centro-de-contratistas\\\/myabcsupply\\\/\",\"name\":\"myABCsupply - ABC Supply\",\"isPartOf\":{\"@id\":\"https:\\\/\\\/www.abcsupply.com\\\/es\\\/#website\"},\"primaryImageOfPage\":{\"@id\":\"https:\\\/\\\/www.abcsupply.com\\\/es\\\/centro-de-contratistas\\\/myabcsupply\\\/#primaryimage\"},\"image\":{\"@id\":\"https:\\\/\\\/www.abcsupply.com\\\/es\\\/centro-de-contratistas\\\/myabcsupply\\\/#primaryimage\"},\"thumbnailUrl\":\"https:\\\/\\\/www.abcsupply.com\\\/wp-content\\\/uploads\\\/2026\\\/02\\\/icon-googleplay.svg\",\"datePublished\":\"2021-08-05T21:23:36+00:00\",\"dateModified\":\"2026-03-17T14:12:08+00:00\",\"breadcrumb\":{\"@id\":\"https:\\\/\\\/www.abcsupply.com\\\/es\\\/centro-de-contratistas\\\/myabcsupply\\\/#breadcrumb\"},\"inLanguage\":\"es\",\"potentialAction\":[{\"@type\":\"ReadAction\",\"target\":[\"https:\\\/\\\/www.abcsupply.com\\\/es\\\/centro-de-contratistas\\\/myabcsupply\\\/\"]}]},{\"@type\":\"ImageObject\",\"inLanguage\":\"es\",\"@id\":\"https:\\\/\\\/www.abcsupply.com\\\/es\\\/centro-de-contratistas\\\/myabcsupply\\\/#primaryimage\",\"url\":\"https:\\\/\\\/www.abcsupply.com\\\/wp-content\\\/uploads\\\/2026\\\/02\\\/icon-googleplay.svg\",\"contentUrl\":\"https:\\\/\\\/www.abcsupply.com\\\/wp-content\\\/uploads\\\/2026\\\/02\\\/icon-googleplay.svg\"},{\"@type\":\"BreadcrumbList\",\"@id\":\"https:\\\/\\\/www.abcsupply.com\\\/es\\\/centro-de-contratistas\\\/myabcsupply\\\/#breadcrumb\",\"itemListElement\":[{\"@type\":\"ListItem\",\"position\":1,\"name\":\"Inicio\",\"item\":\"https:\\\/\\\/www.abcsupply.com\\\/es\\\/casa\\\/\"},{\"@type\":\"ListItem\",\"position\":2,\"name\":\"Centro de contratistas\",\"item\":\"https:\\\/\\\/www.abcsupply.com\\\/es\\\/centro-de-contratistas\\\/\"},{\"@type\":\"ListItem\",\"position\":3,\"name\":\"myABCsupply\"}]},{\"@type\":\"WebSite\",\"@id\":\"https:\\\/\\\/www.abcsupply.com\\\/es\\\/#website\",\"url\":\"https:\\\/\\\/www.abcsupply.com\\\/es\\\/\",\"name\":\"ABC Supply\",\"description\":\"Built On A Foundation Of Respect\",\"potentialAction\":[{\"@type\":\"SearchAction\",\"target\":{\"@type\":\"EntryPoint\",\"urlTemplate\":\"https:\\\/\\\/www.abcsupply.com\\\/es\\\/?s={search_term_string}\"},\"query-input\":{\"@type\":\"PropertyValueSpecification\",\"valueRequired\":true,\"valueName\":\"search_term_string\"}}],\"inLanguage\":\"es\"}]}<\/script>\n<!-- \/ Yoast SEO plugin. -->","yoast_head_json":{"title":"myABCsupply - ABC Supply","robots":{"index":"index","follow":"follow","max-snippet":"max-snippet:-1","max-image-preview":"max-image-preview:large","max-video-preview":"max-video-preview:-1"},"canonical":"https:\/\/www.abcsupply.com\/es\/centro-de-contratistas\/myabcsupply\/","og_locale":"es_ES","og_type":"article","og_title":"myABCsupply - ABC Supply","og_description":"Gestiona tu negocio est\u00e9s donde est\u00e9s con myABCsupply Cuando no tienes tiempo para llamar a la sucursal y hacer un pedido o est\u00e1s prepar\u00e1ndote para [&hellip;]","og_url":"https:\/\/www.abcsupply.com\/es\/centro-de-contratistas\/myabcsupply\/","og_site_name":"ABC Supply","article_modified_time":"2026-03-17T14:12:08+00:00","og_image":[{"width":1440,"height":460,"url":"https:\/\/www.abcsupply.com\/wp-content\/uploads\/2021\/09\/NSC-sharp.jpg","type":"image\/jpeg"}],"twitter_card":"summary_large_image","twitter_misc":{"Tiempo de lectura":"2 minutos"},"schema":{"@context":"https:\/\/schema.org","@graph":[{"@type":"WebPage","@id":"https:\/\/www.abcsupply.com\/es\/centro-de-contratistas\/myabcsupply\/","url":"https:\/\/www.abcsupply.com\/es\/centro-de-contratistas\/myabcsupply\/","name":"myABCsupply - ABC Supply","isPartOf":{"@id":"https:\/\/www.abcsupply.com\/es\/#website"},"primaryImageOfPage":{"@id":"https:\/\/www.abcsupply.com\/es\/centro-de-contratistas\/myabcsupply\/#primaryimage"},"image":{"@id":"https:\/\/www.abcsupply.com\/es\/centro-de-contratistas\/myabcsupply\/#primaryimage"},"thumbnailUrl":"https:\/\/www.abcsupply.com\/wp-content\/uploads\/2026\/02\/icon-googleplay.svg","datePublished":"2021-08-05T21:23:36+00:00","dateModified":"2026-03-17T14:12:08+00:00","breadcrumb":{"@id":"https:\/\/www.abcsupply.com\/es\/centro-de-contratistas\/myabcsupply\/#breadcrumb"},"inLanguage":"es","potentialAction":[{"@type":"ReadAction","target":["https:\/\/www.abcsupply.com\/es\/centro-de-contratistas\/myabcsupply\/"]}]},{"@type":"ImageObject","inLanguage":"es","@id":"https:\/\/www.abcsupply.com\/es\/centro-de-contratistas\/myabcsupply\/#primaryimage","url":"https:\/\/www.abcsupply.com\/wp-content\/uploads\/2026\/02\/icon-googleplay.svg","contentUrl":"https:\/\/www.abcsupply.com\/wp-content\/uploads\/2026\/02\/icon-googleplay.svg"},{"@type":"BreadcrumbList","@id":"https:\/\/www.abcsupply.com\/es\/centro-de-contratistas\/myabcsupply\/#breadcrumb","itemListElement":[{"@type":"ListItem","position":1,"name":"Inicio","item":"https:\/\/www.abcsupply.com\/es\/casa\/"},{"@type":"ListItem","position":2,"name":"Centro de contratistas","item":"https:\/\/www.abcsupply.com\/es\/centro-de-contratistas\/"},{"@type":"ListItem","position":3,"name":"myABCsupply"}]},{"@type":"WebSite","@id":"https:\/\/www.abcsupply.com\/es\/#website","url":"https:\/\/www.abcsupply.com\/es\/","name":"ABC Supply","description":"Built On A Foundation Of Respect","potentialAction":[{"@type":"SearchAction","target":{"@type":"EntryPoint","urlTemplate":"https:\/\/www.abcsupply.com\/es\/?s={search_term_string}"},"query-input":{"@type":"PropertyValueSpecification","valueRequired":true,"valueName":"search_term_string"}}],"inLanguage":"es"}]}},"_links":{"self":[{"href":"https:\/\/www.abcsupply.com\/es\/wp-json\/wp\/v2\/pages\/3428","targetHints":{"allow":["GET"]}}],"collection":[{"href":"https:\/\/www.abcsupply.com\/es\/wp-json\/wp\/v2\/pages"}],"about":[{"href":"https:\/\/www.abcsupply.com\/es\/wp-json\/wp\/v2\/types\/page"}],"author":[{"embeddable":true,"href":"https:\/\/www.abcsupply.com\/es\/wp-json\/wp\/v2\/users\/1"}],"replies":[{"embeddable":true,"href":"https:\/\/www.abcsupply.com\/es\/wp-json\/wp\/v2\/comments?post=3428"}],"version-history":[{"count":1,"href":"https:\/\/www.abcsupply.com\/es\/wp-json\/wp\/v2\/pages\/3428\/revisions"}],"predecessor-version":[{"id":18697,"href":"https:\/\/www.abcsupply.com\/es\/wp-json\/wp\/v2\/pages\/3428\/revisions\/18697"}],"up":[{"embeddable":true,"href":"https:\/\/www.abcsupply.com\/es\/wp-json\/wp\/v2\/pages\/3716"}],"wp:attachment":[{"href":"https:\/\/www.abcsupply.com\/es\/wp-json\/wp\/v2\/media?parent=3428"}],"curies":[{"name":"wp","href":"https:\/\/api.w.org\/{rel}","templated":true}]}}