{"id":3427,"date":"2021-08-05T16:01:49","date_gmt":"2021-08-05T21:01:49","guid":{"rendered":"https:\/\/abcsupply.exclaim-inc.info\/servicios\/soluciones-conicas\/"},"modified":"2026-02-02T14:23:25","modified_gmt":"2026-02-02T20:23:25","slug":"soluciones-conicas","status":"publish","type":"page","link":"https:\/\/www.abcsupply.com\/es\/servicios\/soluciones-conicas\/","title":{"rendered":"Soluciones de aislamiento c\u00f3nico"},"content":{"rendered":"\t\t<div data-elementor-type=\"wp-page\" data-elementor-id=\"3427\" class=\"elementor elementor-3427 elementor-62\" data-elementor-post-type=\"page\">\n\t\t\t\t<div class=\"elementor-element elementor-element-73163b5 e-con-full e-flex e-con e-parent\" data-id=\"73163b5\" data-element_type=\"container\" data-e-type=\"container\">\n\t\t<div class=\"elementor-element elementor-element-8941f95 e-flex e-con-boxed e-con e-child\" data-id=\"8941f95\" data-element_type=\"container\" data-e-type=\"container\">\n\t\t\t\t\t<div class=\"e-con-inner\">\n\t\t<div class=\"elementor-element elementor-element-c81fb66 e-con-full e-flex e-con e-child\" data-id=\"c81fb66\" data-element_type=\"container\" data-e-type=\"container\">\n\t\t\t\t<div class=\"elementor-element elementor-element-4799740 elementor-widget elementor-widget-heading\" data-id=\"4799740\" data-element_type=\"widget\" data-e-type=\"widget\" data-widget_type=\"heading.default\">\n\t\t\t\t<div class=\"elementor-widget-container\">\n\t\t\t\t\t<h2 class=\"elementor-heading-title elementor-size-default\">Servicio profesional de estimaci\u00f3n para aislamiento c\u00f3nico <br><\/h2>\t\t\t\t<\/div>\n\t\t\t\t<\/div>\n\t\t\t\t<div class=\"elementor-element elementor-element-00b1571 elementor-widget elementor-widget-text-editor\" data-id=\"00b1571\" data-element_type=\"widget\" data-e-type=\"widget\" data-widget_type=\"text-editor.default\">\n\t\t\t\t<div class=\"elementor-widget-container\">\n\t\t\t\t\t\t\t\t\t<p>Las soluciones de aislamiento c\u00f3nico les brindan a los empleados de ABC Supply y a nuestros clientes contratistas estimaciones precisas de dicho aislamiento. Utilizamos herramientas de estimaci\u00f3n, software y otros recursos en l\u00ednea de vanguardia para dise\u00f1ar un sistema de aislamiento c\u00f3nico que evacue el agua del techo de manera eficaz. Este servicio est\u00e1 disponible para todo tipo de edificaciones y materiales de aislamiento.  <\/p>\t\t\t\t\t\t\t\t<\/div>\n\t\t\t\t<\/div>\n\t\t\t\t<div class=\"elementor-element elementor-element-0cf8c29 elementor-widget elementor-widget-heading\" data-id=\"0cf8c29\" data-element_type=\"widget\" data-e-type=\"widget\" data-widget_type=\"heading.default\">\n\t\t\t\t<div class=\"elementor-widget-container\">\n\t\t\t\t\t<h3 class=\"elementor-heading-title elementor-size-default\">C\u00f3mo funciona<\/h3>\t\t\t\t<\/div>\n\t\t\t\t<\/div>\n\t\t\t\t<div class=\"elementor-element elementor-element-6fcb30c elementor-widget elementor-widget-text-editor\" data-id=\"6fcb30c\" data-element_type=\"widget\" data-e-type=\"widget\" data-widget_type=\"text-editor.default\">\n\t\t\t\t<div class=\"elementor-widget-container\">\n\t\t\t\t\t\t\t\t\t<ul><li>Descarga el <a rel=\"noopener noreferrer\" href=\"https:\/\/www.abcsupply.com\/wp-content\/uploads\/2025\/11\/request-for-tapered-quote%20(5-15-25).pdf?_t=1763047578\" target=\"_blank\">Formulario de Solicitud de Aislamiento C\u00f3nico<\/a>, completa la ficha de informaci\u00f3n y env\u00edala por correo electr\u00f3nico con el plano del techo a tu Estimador de Aislamiento C\u00f3nico asignado o a la direcci\u00f3n de correo que sigue a continuaci\u00f3n.<\/li><li>Aseg\u00farate de incluir el nombre del trabajo, la ubicaci\u00f3n del trabajo, la fecha en que se presupuesta el trabajo, la informaci\u00f3n del contratista de techado y su contacto, la pendiente deseada, el espesor m\u00ednimo inicial de aislamiento y el tipo de material.<\/li><\/ul><p><strong>Correo<\/strong>: <a href=\"mailto:tapered@abcsupply.com\">tapered@abcsupply.com<\/a><\/p>\t\t\t\t\t\t\t\t<\/div>\n\t\t\t\t<\/div>\n\t\t\t\t<div class=\"elementor-element elementor-element-6c4cf01 elementor-widget elementor-widget-heading\" data-id=\"6c4cf01\" data-element_type=\"widget\" data-e-type=\"widget\" data-widget_type=\"heading.default\">\n\t\t\t\t<div class=\"elementor-widget-container\">\n\t\t\t\t\t<h3 class=\"elementor-heading-title elementor-size-default\">Preguntas frecuentes<\/h3>\t\t\t\t<\/div>\n\t\t\t\t<\/div>\n\t\t\t\t<div class=\"elementor-element elementor-element-f1454fe elementor-widget elementor-widget-text-editor\" data-id=\"f1454fe\" data-element_type=\"widget\" data-e-type=\"widget\" data-widget_type=\"text-editor.default\">\n\t\t\t\t<div class=\"elementor-widget-container\">\n\t\t\t\t\t\t\t\t\t<p><strong>\u00bfCu\u00e1l es el tiempo de respuesta para recibir la estimaci\u00f3n?<\/strong><br>Entre 24 y 72 horas a partir de que recibimos la informaci\u00f3n correcta.<\/p><p><strong>\u00bfQu\u00e9 informaci\u00f3n necesitas tener?<\/strong><br>La informaci\u00f3n m\u00ednima que necesitamos recibir en el Formulario de Solicitud de Aislamiento C\u00f3nico es:<\/p><ul><li>Un plano del techo a escala<\/li><li>Nombre y ubicaci\u00f3n del trabajo y fecha en la que se presupuesta el trabajo<\/li><li>Pendiente c\u00f3nica y tipo de material<\/li><li>Espesor m\u00ednimo inicial y valor R<\/li><li>Contratista e informaci\u00f3n de contacto<\/li><\/ul><p><strong>\u00bfMe pueden enviar la estimaci\u00f3n en 24 horas o menos?<\/strong><br>Es posible, pero depender\u00e1 de la carga de trabajo que el equipo de soluciones de aislamiento c\u00f3nico tenga en ese momento, de la fecha en la que se presupuesta el trabajo y de la complejidad general del trabajo. <\/p><p><strong>\u00bfPueden enviarme el presupuesto de aislamiento c\u00f3nico o los planos de taller ya finalizados por correo electr\u00f3nico para que pueda envi\u00e1rselos al cliente?<\/strong><br>S\u00ed, ese es nuestro m\u00e9todo preferido para la comunicaci\u00f3n.<\/p><p><strong>\u00bfQu\u00e9 hago si no cuento con el plano arquitect\u00f3nico del techo a escala? \u00bfPuedo enviar un croquis del techo?<\/strong>S\u00ed, esto es com\u00fan cuando se realiza un retechado. Aseg\u00farate de que el contratista de techado que est\u00e9 presupuestando el trabajo haya incluido en el croquis la direcci\u00f3n del drenaje, la ubicaci\u00f3n de los desag\u00fces y las dimensiones exactas del techo. <\/p><p><strong>\u00bfQu\u00e9 sucede si necesito ajustar un proyecto que ya se presupuest\u00f3?<\/strong><br>La estimaci\u00f3n del aislamiento c\u00f3nico es tanto un arte como una ciencia; un mismo proyecto puede emplear distintos dise\u00f1os para evacuar el agua del techo. Simplemente ind\u00edcanos qu\u00e9 revisiones son necesarias y con gusto atenderemos tu solicitud. <\/p>\t\t\t\t\t\t\t\t<\/div>\n\t\t\t\t<\/div>\n\t\t\t\t<\/div>\n\t\t\t\t\t<\/div>\n\t\t\t\t<\/div>\n\t\t\t\t<\/div>\n\t\t\t\t<\/div>\n\t\t","protected":false},"excerpt":{"rendered":"<p>Servicio profesional de estimaci\u00f3n para aislamiento c\u00f3nico Las soluciones de aislamiento c\u00f3nico les brindan a los empleados de ABC Supply y a nuestros clientes contratistas [&hellip;]<\/p>\n","protected":false},"author":1,"featured_media":3031,"parent":3158,"menu_order":0,"comment_status":"closed","ping_status":"closed","template":"","meta":{"_acf_changed":false,"inline_featured_image":false,"footnotes":""},"class_list":["post-3427","page","type-page","status-publish","has-post-thumbnail","hentry"],"acf":[],"yoast_head":"<!-- This site is optimized with the Yoast SEO plugin v27.3 - https:\/\/yoast.com\/product\/yoast-seo-wordpress\/ -->\n<title>Soluciones de aislamiento c\u00f3nico - ABC Supply<\/title>\n<meta name=\"robots\" content=\"index, follow, max-snippet:-1, max-image-preview:large, max-video-preview:-1\" \/>\n<link rel=\"canonical\" href=\"https:\/\/www.abcsupply.com\/es\/servicios\/soluciones-conicas\/\" \/>\n<meta property=\"og:locale\" content=\"es_ES\" \/>\n<meta property=\"og:type\" content=\"article\" \/>\n<meta property=\"og:title\" content=\"Soluciones de aislamiento c\u00f3nico - ABC Supply\" \/>\n<meta property=\"og:description\" content=\"Servicio profesional de estimaci\u00f3n para aislamiento c\u00f3nico Las soluciones de aislamiento c\u00f3nico les brindan a los empleados de ABC Supply y a nuestros clientes contratistas [&hellip;]\" \/>\n<meta property=\"og:url\" content=\"https:\/\/www.abcsupply.com\/es\/servicios\/soluciones-conicas\/\" \/>\n<meta property=\"og:site_name\" content=\"ABC Supply\" \/>\n<meta property=\"article:modified_time\" content=\"2026-02-02T20:23:25+00:00\" \/>\n<meta property=\"og:image\" content=\"https:\/\/www.abcsupply.com\/wp-content\/uploads\/2021\/09\/ABC-CLake-232-tapered.jpg\" \/>\n\t<meta property=\"og:image:width\" content=\"1440\" \/>\n\t<meta property=\"og:image:height\" content=\"460\" \/>\n\t<meta property=\"og:image:type\" content=\"image\/jpeg\" \/>\n<meta name=\"twitter:card\" content=\"summary_large_image\" \/>\n<meta name=\"twitter:label1\" content=\"Tiempo de lectura\" \/>\n\t<meta name=\"twitter:data1\" content=\"3 minutos\" \/>\n<script type=\"application\/ld+json\" class=\"yoast-schema-graph\">{\"@context\":\"https:\\\/\\\/schema.org\",\"@graph\":[{\"@type\":\"WebPage\",\"@id\":\"https:\\\/\\\/www.abcsupply.com\\\/es\\\/servicios\\\/soluciones-conicas\\\/\",\"url\":\"https:\\\/\\\/www.abcsupply.com\\\/es\\\/servicios\\\/soluciones-conicas\\\/\",\"name\":\"Soluciones de aislamiento c\u00f3nico - ABC Supply\",\"isPartOf\":{\"@id\":\"https:\\\/\\\/www.abcsupply.com\\\/es\\\/#website\"},\"primaryImageOfPage\":{\"@id\":\"https:\\\/\\\/www.abcsupply.com\\\/es\\\/servicios\\\/soluciones-conicas\\\/#primaryimage\"},\"image\":{\"@id\":\"https:\\\/\\\/www.abcsupply.com\\\/es\\\/servicios\\\/soluciones-conicas\\\/#primaryimage\"},\"thumbnailUrl\":\"https:\\\/\\\/www.abcsupply.com\\\/wp-content\\\/uploads\\\/2021\\\/09\\\/ABC-CLake-232-tapered.jpg\",\"datePublished\":\"2021-08-05T21:01:49+00:00\",\"dateModified\":\"2026-02-02T20:23:25+00:00\",\"breadcrumb\":{\"@id\":\"https:\\\/\\\/www.abcsupply.com\\\/es\\\/servicios\\\/soluciones-conicas\\\/#breadcrumb\"},\"inLanguage\":\"es\",\"potentialAction\":[{\"@type\":\"ReadAction\",\"target\":[\"https:\\\/\\\/www.abcsupply.com\\\/es\\\/servicios\\\/soluciones-conicas\\\/\"]}]},{\"@type\":\"ImageObject\",\"inLanguage\":\"es\",\"@id\":\"https:\\\/\\\/www.abcsupply.com\\\/es\\\/servicios\\\/soluciones-conicas\\\/#primaryimage\",\"url\":\"https:\\\/\\\/www.abcsupply.com\\\/wp-content\\\/uploads\\\/2021\\\/09\\\/ABC-CLake-232-tapered.jpg\",\"contentUrl\":\"https:\\\/\\\/www.abcsupply.com\\\/wp-content\\\/uploads\\\/2021\\\/09\\\/ABC-CLake-232-tapered.jpg\",\"width\":1440,\"height\":460,\"caption\":\"Proyecto de reemplazo de azoteas\"},{\"@type\":\"BreadcrumbList\",\"@id\":\"https:\\\/\\\/www.abcsupply.com\\\/es\\\/servicios\\\/soluciones-conicas\\\/#breadcrumb\",\"itemListElement\":[{\"@type\":\"ListItem\",\"position\":1,\"name\":\"Inicio\",\"item\":\"https:\\\/\\\/www.abcsupply.com\\\/es\\\/casa\\\/\"},{\"@type\":\"ListItem\",\"position\":2,\"name\":\"Servicios\",\"item\":\"https:\\\/\\\/www.abcsupply.com\\\/es\\\/servicios\\\/\"},{\"@type\":\"ListItem\",\"position\":3,\"name\":\"Soluciones de aislamiento c\u00f3nico\"}]},{\"@type\":\"WebSite\",\"@id\":\"https:\\\/\\\/www.abcsupply.com\\\/es\\\/#website\",\"url\":\"https:\\\/\\\/www.abcsupply.com\\\/es\\\/\",\"name\":\"ABC Supply\",\"description\":\"Built On A Foundation Of Respect\",\"potentialAction\":[{\"@type\":\"SearchAction\",\"target\":{\"@type\":\"EntryPoint\",\"urlTemplate\":\"https:\\\/\\\/www.abcsupply.com\\\/es\\\/?s={search_term_string}\"},\"query-input\":{\"@type\":\"PropertyValueSpecification\",\"valueRequired\":true,\"valueName\":\"search_term_string\"}}],\"inLanguage\":\"es\"}]}<\/script>\n<!-- \/ Yoast SEO plugin. -->","yoast_head_json":{"title":"Soluciones de aislamiento c\u00f3nico - ABC Supply","robots":{"index":"index","follow":"follow","max-snippet":"max-snippet:-1","max-image-preview":"max-image-preview:large","max-video-preview":"max-video-preview:-1"},"canonical":"https:\/\/www.abcsupply.com\/es\/servicios\/soluciones-conicas\/","og_locale":"es_ES","og_type":"article","og_title":"Soluciones de aislamiento c\u00f3nico - ABC Supply","og_description":"Servicio profesional de estimaci\u00f3n para aislamiento c\u00f3nico Las soluciones de aislamiento c\u00f3nico les brindan a los empleados de ABC Supply y a nuestros clientes contratistas [&hellip;]","og_url":"https:\/\/www.abcsupply.com\/es\/servicios\/soluciones-conicas\/","og_site_name":"ABC Supply","article_modified_time":"2026-02-02T20:23:25+00:00","og_image":[{"width":1440,"height":460,"url":"https:\/\/www.abcsupply.com\/wp-content\/uploads\/2021\/09\/ABC-CLake-232-tapered.jpg","type":"image\/jpeg"}],"twitter_card":"summary_large_image","twitter_misc":{"Tiempo de lectura":"3 minutos"},"schema":{"@context":"https:\/\/schema.org","@graph":[{"@type":"WebPage","@id":"https:\/\/www.abcsupply.com\/es\/servicios\/soluciones-conicas\/","url":"https:\/\/www.abcsupply.com\/es\/servicios\/soluciones-conicas\/","name":"Soluciones de aislamiento c\u00f3nico - ABC Supply","isPartOf":{"@id":"https:\/\/www.abcsupply.com\/es\/#website"},"primaryImageOfPage":{"@id":"https:\/\/www.abcsupply.com\/es\/servicios\/soluciones-conicas\/#primaryimage"},"image":{"@id":"https:\/\/www.abcsupply.com\/es\/servicios\/soluciones-conicas\/#primaryimage"},"thumbnailUrl":"https:\/\/www.abcsupply.com\/wp-content\/uploads\/2021\/09\/ABC-CLake-232-tapered.jpg","datePublished":"2021-08-05T21:01:49+00:00","dateModified":"2026-02-02T20:23:25+00:00","breadcrumb":{"@id":"https:\/\/www.abcsupply.com\/es\/servicios\/soluciones-conicas\/#breadcrumb"},"inLanguage":"es","potentialAction":[{"@type":"ReadAction","target":["https:\/\/www.abcsupply.com\/es\/servicios\/soluciones-conicas\/"]}]},{"@type":"ImageObject","inLanguage":"es","@id":"https:\/\/www.abcsupply.com\/es\/servicios\/soluciones-conicas\/#primaryimage","url":"https:\/\/www.abcsupply.com\/wp-content\/uploads\/2021\/09\/ABC-CLake-232-tapered.jpg","contentUrl":"https:\/\/www.abcsupply.com\/wp-content\/uploads\/2021\/09\/ABC-CLake-232-tapered.jpg","width":1440,"height":460,"caption":"Proyecto de reemplazo de azoteas"},{"@type":"BreadcrumbList","@id":"https:\/\/www.abcsupply.com\/es\/servicios\/soluciones-conicas\/#breadcrumb","itemListElement":[{"@type":"ListItem","position":1,"name":"Inicio","item":"https:\/\/www.abcsupply.com\/es\/casa\/"},{"@type":"ListItem","position":2,"name":"Servicios","item":"https:\/\/www.abcsupply.com\/es\/servicios\/"},{"@type":"ListItem","position":3,"name":"Soluciones de aislamiento c\u00f3nico"}]},{"@type":"WebSite","@id":"https:\/\/www.abcsupply.com\/es\/#website","url":"https:\/\/www.abcsupply.com\/es\/","name":"ABC Supply","description":"Built On A Foundation Of Respect","potentialAction":[{"@type":"SearchAction","target":{"@type":"EntryPoint","urlTemplate":"https:\/\/www.abcsupply.com\/es\/?s={search_term_string}"},"query-input":{"@type":"PropertyValueSpecification","valueRequired":true,"valueName":"search_term_string"}}],"inLanguage":"es"}]}},"_links":{"self":[{"href":"https:\/\/www.abcsupply.com\/es\/wp-json\/wp\/v2\/pages\/3427","targetHints":{"allow":["GET"]}}],"collection":[{"href":"https:\/\/www.abcsupply.com\/es\/wp-json\/wp\/v2\/pages"}],"about":[{"href":"https:\/\/www.abcsupply.com\/es\/wp-json\/wp\/v2\/types\/page"}],"author":[{"embeddable":true,"href":"https:\/\/www.abcsupply.com\/es\/wp-json\/wp\/v2\/users\/1"}],"replies":[{"embeddable":true,"href":"https:\/\/www.abcsupply.com\/es\/wp-json\/wp\/v2\/comments?post=3427"}],"version-history":[{"count":0,"href":"https:\/\/www.abcsupply.com\/es\/wp-json\/wp\/v2\/pages\/3427\/revisions"}],"up":[{"embeddable":true,"href":"https:\/\/www.abcsupply.com\/es\/wp-json\/wp\/v2\/pages\/3158"}],"wp:featuredmedia":[{"embeddable":true,"href":"https:\/\/www.abcsupply.com\/es\/wp-json\/wp\/v2\/media\/3031"}],"wp:attachment":[{"href":"https:\/\/www.abcsupply.com\/es\/wp-json\/wp\/v2\/media?parent=3427"}],"curies":[{"name":"wp","href":"https:\/\/api.w.org\/{rel}","templated":true}]}}