{"id":3425,"date":"2021-08-05T16:01:27","date_gmt":"2021-08-05T21:01:27","guid":{"rendered":"https:\/\/abcsupply.exclaim-inc.info\/servicios\/centro-de-soluciones\/"},"modified":"2026-01-30T12:20:30","modified_gmt":"2026-01-30T18:20:30","slug":"centro-de-soluciones","status":"publish","type":"page","link":"https:\/\/www.abcsupply.com\/es\/servicios\/centro-de-soluciones\/","title":{"rendered":"Centro de Soluciones"},"content":{"rendered":"\t\t<div data-elementor-type=\"wp-page\" data-elementor-id=\"3425\" class=\"elementor elementor-3425 elementor-60\" data-elementor-post-type=\"page\">\n\t\t\t\t<div class=\"elementor-element elementor-element-c982aef e-con-full e-flex e-con e-parent\" data-id=\"c982aef\" data-element_type=\"container\" data-e-type=\"container\">\n\t\t<div class=\"elementor-element elementor-element-fcc922b e-flex e-con-boxed e-con e-child\" data-id=\"fcc922b\" data-element_type=\"container\" data-e-type=\"container\">\n\t\t\t\t\t<div class=\"e-con-inner\">\n\t\t<div class=\"elementor-element elementor-element-0e103e7 e-con-full e-flex e-con e-child\" data-id=\"0e103e7\" data-element_type=\"container\" data-e-type=\"container\">\n\t\t\t\t<div class=\"elementor-element elementor-element-4927297 elementor-widget elementor-widget-heading\" data-id=\"4927297\" data-element_type=\"widget\" data-e-type=\"widget\" data-widget_type=\"heading.default\">\n\t\t\t\t<div class=\"elementor-widget-container\">\n\t\t\t\t\t<h2 class=\"elementor-heading-title elementor-size-default\">Nuestra casa es su casa<\/h2>\t\t\t\t<\/div>\n\t\t\t\t<\/div>\n\t\t\t\t<div class=\"elementor-element elementor-element-beb817f elementor-widget elementor-widget-text-editor\" data-id=\"beb817f\" data-element_type=\"widget\" data-e-type=\"widget\" data-widget_type=\"text-editor.default\">\n\t\t\t\t<div class=\"elementor-widget-container\">\n\t\t\t\t\t\t\t\t\t<p>En ABC Supply, transformamos nuestras salas de exhibici\u00f3n en &#8220;Centros de soluciones&#8221;. Estos centros son destinos de primer nivel donde obtener informaci\u00f3n sobre productos y est\u00e1n dise\u00f1ados para ayudar a que su empresa sea m\u00e1s productiva y rentable.<br><\/p>\t\t\t\t\t\t\t\t<\/div>\n\t\t\t\t<\/div>\n\t\t\t\t<\/div>\n\t\t\t\t\t<\/div>\n\t\t\t\t<\/div>\n\t\t\t\t<\/div>\n\t\t<div class=\"elementor-element elementor-element-81f1c74 e-flex e-con-boxed e-con e-child\" data-id=\"81f1c74\" data-element_type=\"container\" data-e-type=\"container\">\n\t\t\t\t\t<div class=\"e-con-inner\">\n\t\t<div class=\"elementor-element elementor-element-c26fc62 e-con-full e-flex e-con e-child\" data-id=\"c26fc62\" data-element_type=\"container\" data-e-type=\"container\">\n\t\t<div class=\"elementor-element elementor-element-f4df716 e-con-full e-flex e-con e-child\" data-id=\"f4df716\" data-element_type=\"container\" data-e-type=\"container\">\n\t\t\t\t<div class=\"elementor-element elementor-element-0d910a4 elementor-widget elementor-widget-image\" data-id=\"0d910a4\" data-element_type=\"widget\" data-e-type=\"widget\" data-widget_type=\"image.default\">\n\t\t\t\t<div class=\"elementor-widget-container\">\n\t\t\t\t\t\t\t\t\t\t\t\t\t\t\t<img fetchpriority=\"high\" decoding=\"async\" width=\"768\" height=\"500\" src=\"https:\/\/www.abcsupply.com\/wp-content\/uploads\/2026\/01\/Solution-Center-Consultation.jpg\" class=\"attachment-large size-large wp-image-18005\" alt=\"\" srcset=\"https:\/\/www.abcsupply.com\/wp-content\/uploads\/2026\/01\/Solution-Center-Consultation.jpg 768w, https:\/\/www.abcsupply.com\/wp-content\/uploads\/2026\/01\/Solution-Center-Consultation-300x195.jpg 300w, https:\/\/www.abcsupply.com\/wp-content\/uploads\/2026\/01\/Solution-Center-Consultation-480x313.jpg 480w, https:\/\/www.abcsupply.com\/wp-content\/uploads\/2026\/01\/Solution-Center-Consultation-576x375.jpg 576w\" sizes=\"(max-width: 768px) 100vw, 768px\" \/>\t\t\t\t\t\t\t\t\t\t\t\t\t\t\t<\/div>\n\t\t\t\t<\/div>\n\t\t<div class=\"elementor-element elementor-element-322057a e-con-full e-flex e-con e-child\" data-id=\"322057a\" data-element_type=\"container\" data-e-type=\"container\">\n\t\t\t\t<div class=\"elementor-element elementor-element-2c4e881 elementor-widget elementor-widget-heading\" data-id=\"2c4e881\" data-element_type=\"widget\" data-e-type=\"widget\" data-widget_type=\"heading.default\">\n\t\t\t\t<div class=\"elementor-widget-container\">\n\t\t\t\t\t<h3 class=\"elementor-heading-title elementor-size-default\">Exhibidores de productos completos<\/h3>\t\t\t\t<\/div>\n\t\t\t\t<\/div>\n\t\t\t\t<div class=\"elementor-element elementor-element-779378d elementor-widget elementor-widget-text-editor\" data-id=\"779378d\" data-element_type=\"widget\" data-e-type=\"widget\" data-widget_type=\"text-editor.default\">\n\t\t\t\t<div class=\"elementor-widget-container\">\n\t\t\t\t\t\t\t\t\t<p>Nuestras exhibiciones abarcan desde caracter\u00edsticas de productos y beneficios de utilizar colores hasta especificaciones y muestras, brind\u00e1ndole informaci\u00f3n detallada sobre los productos que ofrecemos.<\/p>\t\t\t\t\t\t\t\t<\/div>\n\t\t\t\t<\/div>\n\t\t\t\t<\/div>\n\t\t\t\t<\/div>\n\t\t<div class=\"elementor-element elementor-element-92403f9 e-con-full e-flex e-con e-child\" data-id=\"92403f9\" data-element_type=\"container\" data-e-type=\"container\">\n\t\t\t\t<div class=\"elementor-element elementor-element-1ca89bf elementor-widget elementor-widget-image\" data-id=\"1ca89bf\" data-element_type=\"widget\" data-e-type=\"widget\" data-widget_type=\"image.default\">\n\t\t\t\t<div class=\"elementor-widget-container\">\n\t\t\t\t\t\t\t\t\t\t\t\t\t\t\t<img decoding=\"async\" width=\"768\" height=\"500\" src=\"https:\/\/www.abcsupply.com\/wp-content\/uploads\/2026\/01\/Solution-Center-Samples.jpg\" class=\"attachment-large size-large wp-image-18003\" alt=\"\" srcset=\"https:\/\/www.abcsupply.com\/wp-content\/uploads\/2026\/01\/Solution-Center-Samples.jpg 768w, https:\/\/www.abcsupply.com\/wp-content\/uploads\/2026\/01\/Solution-Center-Samples-300x195.jpg 300w, https:\/\/www.abcsupply.com\/wp-content\/uploads\/2026\/01\/Solution-Center-Samples-480x313.jpg 480w, https:\/\/www.abcsupply.com\/wp-content\/uploads\/2026\/01\/Solution-Center-Samples-576x375.jpg 576w\" sizes=\"(max-width: 768px) 100vw, 768px\" \/>\t\t\t\t\t\t\t\t\t\t\t\t\t\t\t<\/div>\n\t\t\t\t<\/div>\n\t\t<div class=\"elementor-element elementor-element-8543381 e-con-full e-flex e-con e-child\" data-id=\"8543381\" data-element_type=\"container\" data-e-type=\"container\">\n\t\t\t\t<div class=\"elementor-element elementor-element-1d94310 elementor-widget elementor-widget-heading\" data-id=\"1d94310\" data-element_type=\"widget\" data-e-type=\"widget\" data-widget_type=\"heading.default\">\n\t\t\t\t<div class=\"elementor-widget-container\">\n\t\t\t\t\t<h3 class=\"elementor-heading-title elementor-size-default\">Acceso f\u00e1cil a muestras de productos<\/h3>\t\t\t\t<\/div>\n\t\t\t\t<\/div>\n\t\t\t\t<div class=\"elementor-element elementor-element-c204dab elementor-widget elementor-widget-text-editor\" data-id=\"c204dab\" data-element_type=\"widget\" data-e-type=\"widget\" data-widget_type=\"text-editor.default\">\n\t\t\t\t<div class=\"elementor-widget-container\">\n\t\t\t\t\t\t\t\t\t<p>Nuestras muestras y la informaci\u00f3n de los productos se encuentran organizadas por fabricante en contenedores claramente rotulados, por lo que es m\u00e1s r\u00e1pido y simple ubicarlos.<\/p>\t\t\t\t\t\t\t\t<\/div>\n\t\t\t\t<\/div>\n\t\t\t\t<\/div>\n\t\t\t\t<\/div>\n\t\t<div class=\"elementor-element elementor-element-1aed8f8 e-con-full e-flex e-con e-child\" data-id=\"1aed8f8\" data-element_type=\"container\" data-e-type=\"container\">\n\t\t\t\t<div class=\"elementor-element elementor-element-36f2134 elementor-widget elementor-widget-image\" data-id=\"36f2134\" data-element_type=\"widget\" data-e-type=\"widget\" data-widget_type=\"image.default\">\n\t\t\t\t<div class=\"elementor-widget-container\">\n\t\t\t\t\t\t\t\t\t\t\t\t\t\t\t<img decoding=\"async\" width=\"768\" height=\"500\" src=\"https:\/\/www.abcsupply.com\/wp-content\/uploads\/2026\/01\/Solution-Center-Displays.jpg\" class=\"attachment-large size-large wp-image-18001\" alt=\"\" srcset=\"https:\/\/www.abcsupply.com\/wp-content\/uploads\/2026\/01\/Solution-Center-Displays.jpg 768w, https:\/\/www.abcsupply.com\/wp-content\/uploads\/2026\/01\/Solution-Center-Displays-300x195.jpg 300w, https:\/\/www.abcsupply.com\/wp-content\/uploads\/2026\/01\/Solution-Center-Displays-480x313.jpg 480w, https:\/\/www.abcsupply.com\/wp-content\/uploads\/2026\/01\/Solution-Center-Displays-576x375.jpg 576w\" sizes=\"(max-width: 768px) 100vw, 768px\" \/>\t\t\t\t\t\t\t\t\t\t\t\t\t\t\t<\/div>\n\t\t\t\t<\/div>\n\t\t<div class=\"elementor-element elementor-element-08b7567 e-con-full e-flex e-con e-child\" data-id=\"08b7567\" data-element_type=\"container\" data-e-type=\"container\">\n\t\t\t\t<div class=\"elementor-element elementor-element-f78487a elementor-widget elementor-widget-heading\" data-id=\"f78487a\" data-element_type=\"widget\" data-e-type=\"widget\" data-widget_type=\"heading.default\">\n\t\t\t\t<div class=\"elementor-widget-container\">\n\t\t\t\t\t<h3 class=\"elementor-heading-title elementor-size-default\">Servicios gratuitos de consulta para clientes<\/h3>\t\t\t\t<\/div>\n\t\t\t\t<\/div>\n\t\t\t\t<div class=\"elementor-element elementor-element-e3baa03 elementor-widget elementor-widget-text-editor\" data-id=\"e3baa03\" data-element_type=\"widget\" data-e-type=\"widget\" data-widget_type=\"text-editor.default\">\n\t\t\t\t<div class=\"elementor-widget-container\">\n\t\t\t\t\t\t\t\t\t<p>\u00bfNo tiene tiempo? \u00a1Deje que nosotros hagamos el trabajo! Estamos aqu\u00ed para asistirle en todo lo que podamos. Si no tiene tiempo para traer al cliente, con gusto le mostraremos todo. Simplemente llame o env\u00ede un mensaje a su <a href=\"https:\/\/www.abcsupply.com\/es\/ubicaciones\/\" target=\"_blank\" rel=\"noopener\" data-wpel-link=\"internal\">sucursal local<\/a> para agendar una cita.    <\/p>\t\t\t\t\t\t\t\t<\/div>\n\t\t\t\t<\/div>\n\t\t\t\t<\/div>\n\t\t\t\t<\/div>\n\t\t\t\t<\/div>\n\t\t\t\t\t<\/div>\n\t\t\t\t<\/div>\n\t\t\t\t<\/div>\n\t\t","protected":false},"excerpt":{"rendered":"<p>Nuestra casa es su casa En ABC Supply, transformamos nuestras salas de exhibici\u00f3n en &#8220;Centros de soluciones&#8221;. Estos centros son destinos de primer nivel donde [&hellip;]<\/p>\n","protected":false},"author":1,"featured_media":3029,"parent":3158,"menu_order":0,"comment_status":"closed","ping_status":"closed","template":"","meta":{"_acf_changed":false,"inline_featured_image":false,"footnotes":""},"class_list":["post-3425","page","type-page","status-publish","has-post-thumbnail","hentry"],"acf":[],"yoast_head":"<!-- This site is optimized with the Yoast SEO plugin v27.4 - https:\/\/yoast.com\/product\/yoast-seo-wordpress\/ -->\n<title>Centro de Soluciones - ABC Supply<\/title>\n<meta name=\"robots\" content=\"index, follow, max-snippet:-1, max-image-preview:large, max-video-preview:-1\" \/>\n<link rel=\"canonical\" href=\"https:\/\/www.abcsupply.com\/es\/servicios\/centro-de-soluciones\/\" \/>\n<meta property=\"og:locale\" content=\"es_ES\" \/>\n<meta property=\"og:type\" content=\"article\" \/>\n<meta property=\"og:title\" content=\"Centro de Soluciones - ABC Supply\" \/>\n<meta property=\"og:description\" content=\"Nuestra casa es su casa En ABC Supply, transformamos nuestras salas de exhibici\u00f3n en &#8220;Centros de soluciones&#8221;. Estos centros son destinos de primer nivel donde [&hellip;]\" \/>\n<meta property=\"og:url\" content=\"https:\/\/www.abcsupply.com\/es\/servicios\/centro-de-soluciones\/\" \/>\n<meta property=\"og:site_name\" content=\"ABC Supply\" \/>\n<meta property=\"article:modified_time\" content=\"2026-01-30T18:20:30+00:00\" \/>\n<meta property=\"og:image\" content=\"https:\/\/www.abcsupply.com\/wp-content\/uploads\/2021\/09\/BLP_4801-solution-center.jpg\" \/>\n\t<meta property=\"og:image:width\" content=\"1440\" \/>\n\t<meta property=\"og:image:height\" content=\"460\" \/>\n\t<meta property=\"og:image:type\" content=\"image\/jpeg\" \/>\n<meta name=\"twitter:card\" content=\"summary_large_image\" \/>\n<meta name=\"twitter:label1\" content=\"Tiempo de lectura\" \/>\n\t<meta name=\"twitter:data1\" content=\"1 minuto\" \/>\n<script type=\"application\/ld+json\" class=\"yoast-schema-graph\">{\"@context\":\"https:\\\/\\\/schema.org\",\"@graph\":[{\"@type\":\"WebPage\",\"@id\":\"https:\\\/\\\/www.abcsupply.com\\\/es\\\/servicios\\\/centro-de-soluciones\\\/\",\"url\":\"https:\\\/\\\/www.abcsupply.com\\\/es\\\/servicios\\\/centro-de-soluciones\\\/\",\"name\":\"Centro de Soluciones - ABC Supply\",\"isPartOf\":{\"@id\":\"https:\\\/\\\/www.abcsupply.com\\\/es\\\/#website\"},\"primaryImageOfPage\":{\"@id\":\"https:\\\/\\\/www.abcsupply.com\\\/es\\\/servicios\\\/centro-de-soluciones\\\/#primaryimage\"},\"image\":{\"@id\":\"https:\\\/\\\/www.abcsupply.com\\\/es\\\/servicios\\\/centro-de-soluciones\\\/#primaryimage\"},\"thumbnailUrl\":\"https:\\\/\\\/www.abcsupply.com\\\/wp-content\\\/uploads\\\/2021\\\/09\\\/BLP_4801-solution-center.jpg\",\"datePublished\":\"2021-08-05T21:01:27+00:00\",\"dateModified\":\"2026-01-30T18:20:30+00:00\",\"breadcrumb\":{\"@id\":\"https:\\\/\\\/www.abcsupply.com\\\/es\\\/servicios\\\/centro-de-soluciones\\\/#breadcrumb\"},\"inLanguage\":\"es\",\"potentialAction\":[{\"@type\":\"ReadAction\",\"target\":[\"https:\\\/\\\/www.abcsupply.com\\\/es\\\/servicios\\\/centro-de-soluciones\\\/\"]}]},{\"@type\":\"ImageObject\",\"inLanguage\":\"es\",\"@id\":\"https:\\\/\\\/www.abcsupply.com\\\/es\\\/servicios\\\/centro-de-soluciones\\\/#primaryimage\",\"url\":\"https:\\\/\\\/www.abcsupply.com\\\/wp-content\\\/uploads\\\/2021\\\/09\\\/BLP_4801-solution-center.jpg\",\"contentUrl\":\"https:\\\/\\\/www.abcsupply.com\\\/wp-content\\\/uploads\\\/2021\\\/09\\\/BLP_4801-solution-center.jpg\",\"width\":1440,\"height\":460,\"caption\":\"Tienda del centro de soluciones de ABC Supply\"},{\"@type\":\"BreadcrumbList\",\"@id\":\"https:\\\/\\\/www.abcsupply.com\\\/es\\\/servicios\\\/centro-de-soluciones\\\/#breadcrumb\",\"itemListElement\":[{\"@type\":\"ListItem\",\"position\":1,\"name\":\"Inicio\",\"item\":\"https:\\\/\\\/www.abcsupply.com\\\/es\\\/casa\\\/\"},{\"@type\":\"ListItem\",\"position\":2,\"name\":\"Servicios\",\"item\":\"https:\\\/\\\/www.abcsupply.com\\\/es\\\/servicios\\\/\"},{\"@type\":\"ListItem\",\"position\":3,\"name\":\"Centro de Soluciones\"}]},{\"@type\":\"WebSite\",\"@id\":\"https:\\\/\\\/www.abcsupply.com\\\/es\\\/#website\",\"url\":\"https:\\\/\\\/www.abcsupply.com\\\/es\\\/\",\"name\":\"ABC Supply\",\"description\":\"Built On A Foundation Of Respect\",\"potentialAction\":[{\"@type\":\"SearchAction\",\"target\":{\"@type\":\"EntryPoint\",\"urlTemplate\":\"https:\\\/\\\/www.abcsupply.com\\\/es\\\/?s={search_term_string}\"},\"query-input\":{\"@type\":\"PropertyValueSpecification\",\"valueRequired\":true,\"valueName\":\"search_term_string\"}}],\"inLanguage\":\"es\"}]}<\/script>\n<!-- \/ Yoast SEO plugin. -->","yoast_head_json":{"title":"Centro de Soluciones - ABC Supply","robots":{"index":"index","follow":"follow","max-snippet":"max-snippet:-1","max-image-preview":"max-image-preview:large","max-video-preview":"max-video-preview:-1"},"canonical":"https:\/\/www.abcsupply.com\/es\/servicios\/centro-de-soluciones\/","og_locale":"es_ES","og_type":"article","og_title":"Centro de Soluciones - ABC Supply","og_description":"Nuestra casa es su casa En ABC Supply, transformamos nuestras salas de exhibici\u00f3n en &#8220;Centros de soluciones&#8221;. Estos centros son destinos de primer nivel donde [&hellip;]","og_url":"https:\/\/www.abcsupply.com\/es\/servicios\/centro-de-soluciones\/","og_site_name":"ABC Supply","article_modified_time":"2026-01-30T18:20:30+00:00","og_image":[{"width":1440,"height":460,"url":"https:\/\/www.abcsupply.com\/wp-content\/uploads\/2021\/09\/BLP_4801-solution-center.jpg","type":"image\/jpeg"}],"twitter_card":"summary_large_image","twitter_misc":{"Tiempo de lectura":"1 minuto"},"schema":{"@context":"https:\/\/schema.org","@graph":[{"@type":"WebPage","@id":"https:\/\/www.abcsupply.com\/es\/servicios\/centro-de-soluciones\/","url":"https:\/\/www.abcsupply.com\/es\/servicios\/centro-de-soluciones\/","name":"Centro de Soluciones - ABC Supply","isPartOf":{"@id":"https:\/\/www.abcsupply.com\/es\/#website"},"primaryImageOfPage":{"@id":"https:\/\/www.abcsupply.com\/es\/servicios\/centro-de-soluciones\/#primaryimage"},"image":{"@id":"https:\/\/www.abcsupply.com\/es\/servicios\/centro-de-soluciones\/#primaryimage"},"thumbnailUrl":"https:\/\/www.abcsupply.com\/wp-content\/uploads\/2021\/09\/BLP_4801-solution-center.jpg","datePublished":"2021-08-05T21:01:27+00:00","dateModified":"2026-01-30T18:20:30+00:00","breadcrumb":{"@id":"https:\/\/www.abcsupply.com\/es\/servicios\/centro-de-soluciones\/#breadcrumb"},"inLanguage":"es","potentialAction":[{"@type":"ReadAction","target":["https:\/\/www.abcsupply.com\/es\/servicios\/centro-de-soluciones\/"]}]},{"@type":"ImageObject","inLanguage":"es","@id":"https:\/\/www.abcsupply.com\/es\/servicios\/centro-de-soluciones\/#primaryimage","url":"https:\/\/www.abcsupply.com\/wp-content\/uploads\/2021\/09\/BLP_4801-solution-center.jpg","contentUrl":"https:\/\/www.abcsupply.com\/wp-content\/uploads\/2021\/09\/BLP_4801-solution-center.jpg","width":1440,"height":460,"caption":"Tienda del centro de soluciones de ABC Supply"},{"@type":"BreadcrumbList","@id":"https:\/\/www.abcsupply.com\/es\/servicios\/centro-de-soluciones\/#breadcrumb","itemListElement":[{"@type":"ListItem","position":1,"name":"Inicio","item":"https:\/\/www.abcsupply.com\/es\/casa\/"},{"@type":"ListItem","position":2,"name":"Servicios","item":"https:\/\/www.abcsupply.com\/es\/servicios\/"},{"@type":"ListItem","position":3,"name":"Centro de Soluciones"}]},{"@type":"WebSite","@id":"https:\/\/www.abcsupply.com\/es\/#website","url":"https:\/\/www.abcsupply.com\/es\/","name":"ABC Supply","description":"Built On A Foundation Of Respect","potentialAction":[{"@type":"SearchAction","target":{"@type":"EntryPoint","urlTemplate":"https:\/\/www.abcsupply.com\/es\/?s={search_term_string}"},"query-input":{"@type":"PropertyValueSpecification","valueRequired":true,"valueName":"search_term_string"}}],"inLanguage":"es"}]}},"_links":{"self":[{"href":"https:\/\/www.abcsupply.com\/es\/wp-json\/wp\/v2\/pages\/3425","targetHints":{"allow":["GET"]}}],"collection":[{"href":"https:\/\/www.abcsupply.com\/es\/wp-json\/wp\/v2\/pages"}],"about":[{"href":"https:\/\/www.abcsupply.com\/es\/wp-json\/wp\/v2\/types\/page"}],"author":[{"embeddable":true,"href":"https:\/\/www.abcsupply.com\/es\/wp-json\/wp\/v2\/users\/1"}],"replies":[{"embeddable":true,"href":"https:\/\/www.abcsupply.com\/es\/wp-json\/wp\/v2\/comments?post=3425"}],"version-history":[{"count":0,"href":"https:\/\/www.abcsupply.com\/es\/wp-json\/wp\/v2\/pages\/3425\/revisions"}],"up":[{"embeddable":true,"href":"https:\/\/www.abcsupply.com\/es\/wp-json\/wp\/v2\/pages\/3158"}],"wp:featuredmedia":[{"embeddable":true,"href":"https:\/\/www.abcsupply.com\/es\/wp-json\/wp\/v2\/media\/3029"}],"wp:attachment":[{"href":"https:\/\/www.abcsupply.com\/es\/wp-json\/wp\/v2\/media?parent=3425"}],"curies":[{"name":"wp","href":"https:\/\/api.w.org\/{rel}","templated":true}]}}