{"id":3423,"date":"2021-08-05T16:02:38","date_gmt":"2021-08-05T21:02:38","guid":{"rendered":"https:\/\/abcsupply.exclaim-inc.info\/servicios\/seguridad-y-cumplimiento\/"},"modified":"2026-01-30T11:51:33","modified_gmt":"2026-01-30T17:51:33","slug":"seguridad-y-cumplimiento","status":"publish","type":"page","link":"https:\/\/www.abcsupply.com\/es\/servicios\/seguridad-y-cumplimiento\/","title":{"rendered":"Seguridad y cumplimiento"},"content":{"rendered":"\t\t<div data-elementor-type=\"wp-page\" data-elementor-id=\"3423\" class=\"elementor elementor-3423 elementor-68\" data-elementor-post-type=\"page\">\n\t\t\t\t<div class=\"elementor-element elementor-element-615a024 e-con-full e-flex e-con e-parent\" data-id=\"615a024\" data-element_type=\"container\" data-e-type=\"container\">\n\t\t<div class=\"elementor-element elementor-element-4e6094c e-flex e-con-boxed e-con e-child\" data-id=\"4e6094c\" data-element_type=\"container\" data-e-type=\"container\">\n\t\t\t\t\t<div class=\"e-con-inner\">\n\t\t<div class=\"elementor-element elementor-element-464c64d e-con-full e-flex e-con e-child\" data-id=\"464c64d\" data-element_type=\"container\" data-e-type=\"container\">\n\t\t\t\t<div class=\"elementor-element elementor-element-3b5b166 elementor-widget elementor-widget-text-editor\" data-id=\"3b5b166\" data-element_type=\"widget\" data-e-type=\"widget\" data-widget_type=\"text-editor.default\">\n\t\t\t\t<div class=\"elementor-widget-container\">\n\t\t\t\t\t\t\t\t\t<h2 class=\"wp-block-heading\">La seguridad ante todo y siempre<\/h2><p>Puesto que la seguridad es una de sus principales prioridades, nos comprometemos a prevenir accidentes, capacitar a los empleados y cumplir con todos los protocolos de seguridad. A continuaci\u00f3n compartimos nuestra opini\u00f3n sobre lo que se necesita para hacer el trabajo de manera segura y correcta.<\/p><ul><li>Creemos que todos los accidentes se pueden prevenir y que la seguridad es responsabilidad de todos.<\/li><li>Los empleados est\u00e1n capacitados para realizar trabajos de manera segura, eficiente y eficaz.<\/li><li>La seguridad va mucho m\u00e1s all\u00e1 del cumplimiento b\u00e1sico.<\/li><li>Fomentar la excelencia en la seguridad estimula la mejora del rendimiento.<\/li><li>Ning\u00fan trabajo se completa con \u00e9xito a menos que se complete de manera segura.<\/li><\/ul>\t\t\t\t\t\t\t\t<\/div>\n\t\t\t\t<\/div>\n\t\t\t\t<\/div>\n\t\t\t\t\t<\/div>\n\t\t\t\t<\/div>\n\t\t\t\t<\/div>\n\t\t<div class=\"elementor-element elementor-element-972422a e-con-full e-flex e-con e-parent\" data-id=\"972422a\" data-element_type=\"container\" data-e-type=\"container\">\n\t\t<div class=\"elementor-element elementor-element-5958e86 e-flex e-con-boxed e-con e-child\" data-id=\"5958e86\" data-element_type=\"container\" data-e-type=\"container\" data-settings=\"{&quot;background_background&quot;:&quot;classic&quot;}\">\n\t\t\t\t\t<div class=\"e-con-inner\">\n\t\t<div class=\"elementor-element elementor-element-2f7463c e-con-full e-flex e-con e-child\" data-id=\"2f7463c\" data-element_type=\"container\" data-e-type=\"container\">\n\t\t<div class=\"elementor-element elementor-element-55e1064 e-con-full e-flex e-con e-child\" data-id=\"55e1064\" data-element_type=\"container\" data-e-type=\"container\">\n\t\t\t\t<div class=\"elementor-element elementor-element-5368365 elementor-widget elementor-widget-image\" data-id=\"5368365\" data-element_type=\"widget\" data-e-type=\"widget\" data-widget_type=\"image.default\">\n\t\t\t\t<div class=\"elementor-widget-container\">\n\t\t\t\t\t\t\t\t\t\t\t\t\t\t\t<img fetchpriority=\"high\" decoding=\"async\" width=\"680\" height=\"680\" src=\"https:\/\/www.abcsupply.com\/wp-content\/uploads\/2021\/10\/ABC106-073-SAFETY2.jpg\" class=\"attachment-large size-large wp-image-3148\" alt=\"Instalador de techos junto a conos color naranja y cinta de advertencia\" srcset=\"https:\/\/www.abcsupply.com\/wp-content\/uploads\/2021\/10\/ABC106-073-SAFETY2.jpg 680w, https:\/\/www.abcsupply.com\/wp-content\/uploads\/2021\/10\/ABC106-073-SAFETY2-300x300.jpg 300w, https:\/\/www.abcsupply.com\/wp-content\/uploads\/2021\/10\/ABC106-073-SAFETY2-150x150.jpg 150w, https:\/\/www.abcsupply.com\/wp-content\/uploads\/2021\/10\/ABC106-073-SAFETY2-360x360.jpg 360w, https:\/\/www.abcsupply.com\/wp-content\/uploads\/2021\/10\/ABC106-073-SAFETY2-432x432.jpg 432w\" sizes=\"(max-width: 680px) 100vw, 680px\" \/>\t\t\t\t\t\t\t\t\t\t\t\t\t\t\t<\/div>\n\t\t\t\t<\/div>\n\t\t\t\t<\/div>\n\t\t<div class=\"elementor-element elementor-element-7d4d7cf e-con-full e-flex e-con e-child\" data-id=\"7d4d7cf\" data-element_type=\"container\" data-e-type=\"container\">\n\t\t\t\t<div class=\"elementor-element elementor-element-9964796 elementor-widget elementor-widget-image\" data-id=\"9964796\" data-element_type=\"widget\" data-e-type=\"widget\" data-widget_type=\"image.default\">\n\t\t\t\t<div class=\"elementor-widget-container\">\n\t\t\t\t\t\t\t\t\t\t\t\t\t\t\t<img decoding=\"async\" width=\"683\" height=\"683\" src=\"https:\/\/www.abcsupply.com\/wp-content\/uploads\/2021\/09\/ABC344-4034_17_3-SAFETY01.jpg\" class=\"attachment-large size-large wp-image-3023\" alt=\"Conductor de ABC Supply cargando conos color naranja\" srcset=\"https:\/\/www.abcsupply.com\/wp-content\/uploads\/2021\/09\/ABC344-4034_17_3-SAFETY01.jpg 683w, https:\/\/www.abcsupply.com\/wp-content\/uploads\/2021\/09\/ABC344-4034_17_3-SAFETY01-300x300.jpg 300w, https:\/\/www.abcsupply.com\/wp-content\/uploads\/2021\/09\/ABC344-4034_17_3-SAFETY01-150x150.jpg 150w, https:\/\/www.abcsupply.com\/wp-content\/uploads\/2021\/09\/ABC344-4034_17_3-SAFETY01-360x360.jpg 360w, https:\/\/www.abcsupply.com\/wp-content\/uploads\/2021\/09\/ABC344-4034_17_3-SAFETY01-432x432.jpg 432w\" sizes=\"(max-width: 683px) 100vw, 683px\" \/>\t\t\t\t\t\t\t\t\t\t\t\t\t\t\t<\/div>\n\t\t\t\t<\/div>\n\t\t\t\t<\/div>\n\t\t<div class=\"elementor-element elementor-element-6065790 e-con-full e-flex e-con e-child\" data-id=\"6065790\" data-element_type=\"container\" data-e-type=\"container\">\n\t\t\t\t<div class=\"elementor-element elementor-element-f346061 elementor-widget elementor-widget-image\" data-id=\"f346061\" data-element_type=\"widget\" data-e-type=\"widget\" data-widget_type=\"image.default\">\n\t\t\t\t<div class=\"elementor-widget-container\">\n\t\t\t\t\t\t\t\t\t\t\t\t\t\t\t<img decoding=\"async\" width=\"683\" height=\"683\" src=\"https:\/\/www.abcsupply.com\/wp-content\/uploads\/2021\/09\/ABC293-3030-SAFETY03.jpg\" class=\"attachment-large size-large wp-image-3024\" alt=\"Entrega en techo realizada con una gr\u00faa y contratista que usa un casco protector color rojo\" srcset=\"https:\/\/www.abcsupply.com\/wp-content\/uploads\/2021\/09\/ABC293-3030-SAFETY03.jpg 683w, https:\/\/www.abcsupply.com\/wp-content\/uploads\/2021\/09\/ABC293-3030-SAFETY03-300x300.jpg 300w, https:\/\/www.abcsupply.com\/wp-content\/uploads\/2021\/09\/ABC293-3030-SAFETY03-150x150.jpg 150w, https:\/\/www.abcsupply.com\/wp-content\/uploads\/2021\/09\/ABC293-3030-SAFETY03-360x360.jpg 360w, https:\/\/www.abcsupply.com\/wp-content\/uploads\/2021\/09\/ABC293-3030-SAFETY03-432x432.jpg 432w\" sizes=\"(max-width: 683px) 100vw, 683px\" \/>\t\t\t\t\t\t\t\t\t\t\t\t\t\t\t<\/div>\n\t\t\t\t<\/div>\n\t\t\t\t<\/div>\n\t\t\t\t<\/div>\n\t\t\t\t\t<\/div>\n\t\t\t\t<\/div>\n\t\t\t\t<\/div>\n\t\t\t\t<\/div>\n\t\t","protected":false},"excerpt":{"rendered":"<p>La seguridad ante todo y siempre Puesto que la seguridad es una de sus principales prioridades, nos comprometemos a prevenir accidentes, capacitar a los empleados [&hellip;]<\/p>\n","protected":false},"author":1,"featured_media":3099,"parent":3158,"menu_order":0,"comment_status":"closed","ping_status":"closed","template":"","meta":{"_acf_changed":false,"inline_featured_image":false,"footnotes":""},"class_list":["post-3423","page","type-page","status-publish","has-post-thumbnail","hentry"],"acf":[],"yoast_head":"<!-- This site is optimized with the Yoast SEO plugin v27.3 - https:\/\/yoast.com\/product\/yoast-seo-wordpress\/ -->\n<title>Seguridad y cumplimiento - ABC Supply<\/title>\n<meta name=\"robots\" content=\"index, follow, max-snippet:-1, max-image-preview:large, max-video-preview:-1\" \/>\n<link rel=\"canonical\" href=\"https:\/\/www.abcsupply.com\/es\/servicios\/seguridad-y-cumplimiento\/\" \/>\n<meta property=\"og:locale\" content=\"es_ES\" \/>\n<meta property=\"og:type\" content=\"article\" \/>\n<meta property=\"og:title\" content=\"Seguridad y cumplimiento - ABC Supply\" \/>\n<meta property=\"og:description\" content=\"La seguridad ante todo y siempre Puesto que la seguridad es una de sus principales prioridades, nos comprometemos a prevenir accidentes, capacitar a los empleados [&hellip;]\" \/>\n<meta property=\"og:url\" content=\"https:\/\/www.abcsupply.com\/es\/servicios\/seguridad-y-cumplimiento\/\" \/>\n<meta property=\"og:site_name\" content=\"ABC Supply\" \/>\n<meta property=\"article:modified_time\" content=\"2026-01-30T17:51:33+00:00\" \/>\n<meta property=\"og:image\" content=\"https:\/\/www.abcsupply.com\/wp-content\/uploads\/2021\/09\/DSC4298-WIDE.jpg\" \/>\n\t<meta property=\"og:image:width\" content=\"1440\" \/>\n\t<meta property=\"og:image:height\" content=\"460\" \/>\n\t<meta property=\"og:image:type\" content=\"image\/jpeg\" \/>\n<meta name=\"twitter:card\" content=\"summary_large_image\" \/>\n<meta name=\"twitter:label1\" content=\"Tiempo de lectura\" \/>\n\t<meta name=\"twitter:data1\" content=\"1 minuto\" \/>\n<script type=\"application\/ld+json\" class=\"yoast-schema-graph\">{\"@context\":\"https:\\\/\\\/schema.org\",\"@graph\":[{\"@type\":\"WebPage\",\"@id\":\"https:\\\/\\\/www.abcsupply.com\\\/es\\\/servicios\\\/seguridad-y-cumplimiento\\\/\",\"url\":\"https:\\\/\\\/www.abcsupply.com\\\/es\\\/servicios\\\/seguridad-y-cumplimiento\\\/\",\"name\":\"Seguridad y cumplimiento - ABC Supply\",\"isPartOf\":{\"@id\":\"https:\\\/\\\/www.abcsupply.com\\\/es\\\/#website\"},\"primaryImageOfPage\":{\"@id\":\"https:\\\/\\\/www.abcsupply.com\\\/es\\\/servicios\\\/seguridad-y-cumplimiento\\\/#primaryimage\"},\"image\":{\"@id\":\"https:\\\/\\\/www.abcsupply.com\\\/es\\\/servicios\\\/seguridad-y-cumplimiento\\\/#primaryimage\"},\"thumbnailUrl\":\"https:\\\/\\\/www.abcsupply.com\\\/wp-content\\\/uploads\\\/2021\\\/09\\\/DSC4298-WIDE.jpg\",\"datePublished\":\"2021-08-05T21:02:38+00:00\",\"dateModified\":\"2026-01-30T17:51:33+00:00\",\"breadcrumb\":{\"@id\":\"https:\\\/\\\/www.abcsupply.com\\\/es\\\/servicios\\\/seguridad-y-cumplimiento\\\/#breadcrumb\"},\"inLanguage\":\"es\",\"potentialAction\":[{\"@type\":\"ReadAction\",\"target\":[\"https:\\\/\\\/www.abcsupply.com\\\/es\\\/servicios\\\/seguridad-y-cumplimiento\\\/\"]}]},{\"@type\":\"ImageObject\",\"inLanguage\":\"es\",\"@id\":\"https:\\\/\\\/www.abcsupply.com\\\/es\\\/servicios\\\/seguridad-y-cumplimiento\\\/#primaryimage\",\"url\":\"https:\\\/\\\/www.abcsupply.com\\\/wp-content\\\/uploads\\\/2021\\\/09\\\/DSC4298-WIDE.jpg\",\"contentUrl\":\"https:\\\/\\\/www.abcsupply.com\\\/wp-content\\\/uploads\\\/2021\\\/09\\\/DSC4298-WIDE.jpg\",\"width\":1440,\"height\":460,\"caption\":\"Conductor de ABC Supply haciendo una verificaci\u00f3n de seguridad de la entrega\"},{\"@type\":\"BreadcrumbList\",\"@id\":\"https:\\\/\\\/www.abcsupply.com\\\/es\\\/servicios\\\/seguridad-y-cumplimiento\\\/#breadcrumb\",\"itemListElement\":[{\"@type\":\"ListItem\",\"position\":1,\"name\":\"Inicio\",\"item\":\"https:\\\/\\\/www.abcsupply.com\\\/es\\\/casa\\\/\"},{\"@type\":\"ListItem\",\"position\":2,\"name\":\"Servicios\",\"item\":\"https:\\\/\\\/www.abcsupply.com\\\/es\\\/servicios\\\/\"},{\"@type\":\"ListItem\",\"position\":3,\"name\":\"Seguridad y cumplimiento\"}]},{\"@type\":\"WebSite\",\"@id\":\"https:\\\/\\\/www.abcsupply.com\\\/es\\\/#website\",\"url\":\"https:\\\/\\\/www.abcsupply.com\\\/es\\\/\",\"name\":\"ABC Supply\",\"description\":\"Built On A Foundation Of Respect\",\"potentialAction\":[{\"@type\":\"SearchAction\",\"target\":{\"@type\":\"EntryPoint\",\"urlTemplate\":\"https:\\\/\\\/www.abcsupply.com\\\/es\\\/?s={search_term_string}\"},\"query-input\":{\"@type\":\"PropertyValueSpecification\",\"valueRequired\":true,\"valueName\":\"search_term_string\"}}],\"inLanguage\":\"es\"}]}<\/script>\n<!-- \/ Yoast SEO plugin. -->","yoast_head_json":{"title":"Seguridad y cumplimiento - ABC Supply","robots":{"index":"index","follow":"follow","max-snippet":"max-snippet:-1","max-image-preview":"max-image-preview:large","max-video-preview":"max-video-preview:-1"},"canonical":"https:\/\/www.abcsupply.com\/es\/servicios\/seguridad-y-cumplimiento\/","og_locale":"es_ES","og_type":"article","og_title":"Seguridad y cumplimiento - ABC Supply","og_description":"La seguridad ante todo y siempre Puesto que la seguridad es una de sus principales prioridades, nos comprometemos a prevenir accidentes, capacitar a los empleados [&hellip;]","og_url":"https:\/\/www.abcsupply.com\/es\/servicios\/seguridad-y-cumplimiento\/","og_site_name":"ABC Supply","article_modified_time":"2026-01-30T17:51:33+00:00","og_image":[{"width":1440,"height":460,"url":"https:\/\/www.abcsupply.com\/wp-content\/uploads\/2021\/09\/DSC4298-WIDE.jpg","type":"image\/jpeg"}],"twitter_card":"summary_large_image","twitter_misc":{"Tiempo de lectura":"1 minuto"},"schema":{"@context":"https:\/\/schema.org","@graph":[{"@type":"WebPage","@id":"https:\/\/www.abcsupply.com\/es\/servicios\/seguridad-y-cumplimiento\/","url":"https:\/\/www.abcsupply.com\/es\/servicios\/seguridad-y-cumplimiento\/","name":"Seguridad y cumplimiento - ABC Supply","isPartOf":{"@id":"https:\/\/www.abcsupply.com\/es\/#website"},"primaryImageOfPage":{"@id":"https:\/\/www.abcsupply.com\/es\/servicios\/seguridad-y-cumplimiento\/#primaryimage"},"image":{"@id":"https:\/\/www.abcsupply.com\/es\/servicios\/seguridad-y-cumplimiento\/#primaryimage"},"thumbnailUrl":"https:\/\/www.abcsupply.com\/wp-content\/uploads\/2021\/09\/DSC4298-WIDE.jpg","datePublished":"2021-08-05T21:02:38+00:00","dateModified":"2026-01-30T17:51:33+00:00","breadcrumb":{"@id":"https:\/\/www.abcsupply.com\/es\/servicios\/seguridad-y-cumplimiento\/#breadcrumb"},"inLanguage":"es","potentialAction":[{"@type":"ReadAction","target":["https:\/\/www.abcsupply.com\/es\/servicios\/seguridad-y-cumplimiento\/"]}]},{"@type":"ImageObject","inLanguage":"es","@id":"https:\/\/www.abcsupply.com\/es\/servicios\/seguridad-y-cumplimiento\/#primaryimage","url":"https:\/\/www.abcsupply.com\/wp-content\/uploads\/2021\/09\/DSC4298-WIDE.jpg","contentUrl":"https:\/\/www.abcsupply.com\/wp-content\/uploads\/2021\/09\/DSC4298-WIDE.jpg","width":1440,"height":460,"caption":"Conductor de ABC Supply haciendo una verificaci\u00f3n de seguridad de la entrega"},{"@type":"BreadcrumbList","@id":"https:\/\/www.abcsupply.com\/es\/servicios\/seguridad-y-cumplimiento\/#breadcrumb","itemListElement":[{"@type":"ListItem","position":1,"name":"Inicio","item":"https:\/\/www.abcsupply.com\/es\/casa\/"},{"@type":"ListItem","position":2,"name":"Servicios","item":"https:\/\/www.abcsupply.com\/es\/servicios\/"},{"@type":"ListItem","position":3,"name":"Seguridad y cumplimiento"}]},{"@type":"WebSite","@id":"https:\/\/www.abcsupply.com\/es\/#website","url":"https:\/\/www.abcsupply.com\/es\/","name":"ABC Supply","description":"Built On A Foundation Of Respect","potentialAction":[{"@type":"SearchAction","target":{"@type":"EntryPoint","urlTemplate":"https:\/\/www.abcsupply.com\/es\/?s={search_term_string}"},"query-input":{"@type":"PropertyValueSpecification","valueRequired":true,"valueName":"search_term_string"}}],"inLanguage":"es"}]}},"_links":{"self":[{"href":"https:\/\/www.abcsupply.com\/es\/wp-json\/wp\/v2\/pages\/3423","targetHints":{"allow":["GET"]}}],"collection":[{"href":"https:\/\/www.abcsupply.com\/es\/wp-json\/wp\/v2\/pages"}],"about":[{"href":"https:\/\/www.abcsupply.com\/es\/wp-json\/wp\/v2\/types\/page"}],"author":[{"embeddable":true,"href":"https:\/\/www.abcsupply.com\/es\/wp-json\/wp\/v2\/users\/1"}],"replies":[{"embeddable":true,"href":"https:\/\/www.abcsupply.com\/es\/wp-json\/wp\/v2\/comments?post=3423"}],"version-history":[{"count":0,"href":"https:\/\/www.abcsupply.com\/es\/wp-json\/wp\/v2\/pages\/3423\/revisions"}],"up":[{"embeddable":true,"href":"https:\/\/www.abcsupply.com\/es\/wp-json\/wp\/v2\/pages\/3158"}],"wp:featuredmedia":[{"embeddable":true,"href":"https:\/\/www.abcsupply.com\/es\/wp-json\/wp\/v2\/media\/3099"}],"wp:attachment":[{"href":"https:\/\/www.abcsupply.com\/es\/wp-json\/wp\/v2\/media?parent=3423"}],"curies":[{"name":"wp","href":"https:\/\/api.w.org\/{rel}","templated":true}]}}