{"id":3421,"date":"2021-08-05T16:00:32","date_gmt":"2021-08-05T21:00:32","guid":{"rendered":"https:\/\/abcsupply.exclaim-inc.info\/servicios\/promesa-de-entrega\/"},"modified":"2026-01-30T11:37:40","modified_gmt":"2026-01-30T17:37:40","slug":"promesa-de-entrega","status":"publish","type":"page","link":"https:\/\/www.abcsupply.com\/es\/servicios\/promesa-de-entrega\/","title":{"rendered":"Promesa de entrega"},"content":{"rendered":"\t\t<div data-elementor-type=\"wp-page\" data-elementor-id=\"3421\" class=\"elementor elementor-3421 elementor-54\" data-elementor-post-type=\"page\">\n\t\t\t\t<div class=\"elementor-element elementor-element-42571a2 e-con-full e-flex e-con e-parent\" data-id=\"42571a2\" data-element_type=\"container\" data-e-type=\"container\">\n\t\t<div class=\"elementor-element elementor-element-ff29f67 e-flex e-con-boxed e-con e-child\" data-id=\"ff29f67\" data-element_type=\"container\" data-e-type=\"container\">\n\t\t\t\t\t<div class=\"e-con-inner\">\n\t\t<div class=\"elementor-element elementor-element-aed5fc2 e-con-full e-flex e-con e-child\" data-id=\"aed5fc2\" data-element_type=\"container\" data-e-type=\"container\">\n\t\t\t\t<div class=\"elementor-element elementor-element-7c4a564 elementor-widget elementor-widget-heading\" data-id=\"7c4a564\" data-element_type=\"widget\" data-e-type=\"widget\" data-widget_type=\"heading.default\">\n\t\t\t\t<div class=\"elementor-widget-container\">\n\t\t\t\t\t<h2 class=\"elementor-heading-title elementor-size-default\">El tiempo de entrega<\/h2>\t\t\t\t<\/div>\n\t\t\t\t<\/div>\n\t\t\t\t<div class=\"elementor-element elementor-element-fe1b515 elementor-widget elementor-widget-text-editor\" data-id=\"fe1b515\" data-element_type=\"widget\" data-e-type=\"widget\" data-widget_type=\"text-editor.default\">\n\t\t\t\t<div class=\"elementor-widget-container\">\n\t\t\t\t\t\t\t\t\t<p>En ABC Supply, sabemos que la entrega a tiempo es una de las cosas m\u00e1s importantes a considerar al elegir un proveedor. Por eso nos esforzamos al m\u00e1ximo para cumplir con nuestros compromisos de entrega.<\/p><p>Reconocemos la importancia de mantener un horario. Su pedido llegar\u00e1 dentro de los 30 minutos * posteriores a la hora de entrega programada. Si su entrega llegar\u00e1 m\u00e1s de 30 minutos antes o despu\u00e9s de la hora comprometida, nos comprometemos a notificarle de inmediato para que pueda ajustar su horario seg\u00fan sea necesario.<\/p><p>*El plazo de media hora se aplica a las entregas urgentes. Se debe proporcionar un n\u00famero de tel\u00e9fono para las notificaciones al realizar el pedido.*The half hour applies to &#8220;time-sensitive&#8221; deliveries. A phone number for notifications must be provided at time of order. <\/p>\t\t\t\t\t\t\t\t<\/div>\n\t\t\t\t<\/div>\n\t\t\t\t<\/div>\n\t\t\t\t\t<\/div>\n\t\t\t\t<\/div>\n\t\t\t\t<\/div>\n\t\t<div class=\"elementor-element elementor-element-a1727a2 e-con-full e-flex e-con e-parent\" data-id=\"a1727a2\" data-element_type=\"container\" data-e-type=\"container\" data-settings=\"{&quot;background_background&quot;:&quot;classic&quot;}\">\n\t\t<div class=\"elementor-element elementor-element-a8c7d48 e-flex e-con-boxed e-con e-child\" data-id=\"a8c7d48\" data-element_type=\"container\" data-e-type=\"container\" data-settings=\"{&quot;background_background&quot;:&quot;classic&quot;}\">\n\t\t\t\t\t<div class=\"e-con-inner\">\n\t\t<div class=\"elementor-element elementor-element-ef6dedc e-con-full e-flex e-con e-child\" data-id=\"ef6dedc\" data-element_type=\"container\" data-e-type=\"container\">\n\t\t<div class=\"elementor-element elementor-element-041c888 e-con-full e-flex e-con e-child\" data-id=\"041c888\" data-element_type=\"container\" data-e-type=\"container\">\n\t\t\t\t<div class=\"elementor-element elementor-element-a9fa288 elementor-widget elementor-widget-image\" data-id=\"a9fa288\" data-element_type=\"widget\" data-e-type=\"widget\" data-widget_type=\"image.default\">\n\t\t\t\t<div class=\"elementor-widget-container\">\n\t\t\t\t\t\t\t\t\t\t\t\t\t\t\t<img fetchpriority=\"high\" decoding=\"async\" width=\"1024\" height=\"683\" src=\"https:\/\/www.abcsupply.com\/wp-content\/uploads\/2021\/09\/ABC132-1749.jpeg\" class=\"attachment-large size-large wp-image-2990\" alt=\"Promesa de entrega - Trabajador de la zona de almacenaje de ABC Supply verificando un pedido\" srcset=\"https:\/\/www.abcsupply.com\/wp-content\/uploads\/2021\/09\/ABC132-1749.jpeg 1024w, https:\/\/www.abcsupply.com\/wp-content\/uploads\/2021\/09\/ABC132-1749-300x200.jpeg 300w, https:\/\/www.abcsupply.com\/wp-content\/uploads\/2021\/09\/ABC132-1749-768x512.jpeg 768w\" sizes=\"(max-width: 1024px) 100vw, 1024px\" \/>\t\t\t\t\t\t\t\t\t\t\t\t\t\t\t<\/div>\n\t\t\t\t<\/div>\n\t\t<div class=\"elementor-element elementor-element-0d80ef4 e-con-full e-flex e-con e-child\" data-id=\"0d80ef4\" data-element_type=\"container\" data-e-type=\"container\">\n\t\t\t\t<div class=\"elementor-element elementor-element-2565970 elementor-widget elementor-widget-heading\" data-id=\"2565970\" data-element_type=\"widget\" data-e-type=\"widget\" data-widget_type=\"heading.default\">\n\t\t\t\t<div class=\"elementor-widget-container\">\n\t\t\t\t\t<h3 class=\"elementor-heading-title elementor-size-default\">Pedido enviado completo<\/h3>\t\t\t\t<\/div>\n\t\t\t\t<\/div>\n\t\t\t\t<div class=\"elementor-element elementor-element-d6dfcbf elementor-widget elementor-widget-text-editor\" data-id=\"d6dfcbf\" data-element_type=\"widget\" data-e-type=\"widget\" data-widget_type=\"text-editor.default\">\n\t\t\t\t<div class=\"elementor-widget-container\">\n\t\t\t\t\t\t\t\t\t<p>Verificamos todas las cargas antes de que salgan de nuestro patio porque sabemos que recibir su pedido en su totalidad es fundamental para su negocio. Hacemos todo lo posible para enviar los pedidos completos. En el improbable caso de que no podamos enviar su pedido completo, lo llamaremos para informarle.<\/p>\t\t\t\t\t\t\t\t<\/div>\n\t\t\t\t<\/div>\n\t\t\t\t<\/div>\n\t\t\t\t<\/div>\n\t\t<div class=\"elementor-element elementor-element-849f7ce e-con-full e-flex e-con e-child\" data-id=\"849f7ce\" data-element_type=\"container\" data-e-type=\"container\">\n\t\t\t\t<div class=\"elementor-element elementor-element-e10c8b6 elementor-widget elementor-widget-image\" data-id=\"e10c8b6\" data-element_type=\"widget\" data-e-type=\"widget\" data-widget_type=\"image.default\">\n\t\t\t\t<div class=\"elementor-widget-container\">\n\t\t\t\t\t\t\t\t\t\t\t\t\t\t\t<img decoding=\"async\" width=\"1024\" height=\"683\" src=\"https:\/\/www.abcsupply.com\/wp-content\/uploads\/2021\/09\/ABC192-708773.jpeg\" class=\"attachment-large size-large wp-image-2991\" alt=\"Conductor de ABC Supply descargando un pedido\" srcset=\"https:\/\/www.abcsupply.com\/wp-content\/uploads\/2021\/09\/ABC192-708773.jpeg 1024w, https:\/\/www.abcsupply.com\/wp-content\/uploads\/2021\/09\/ABC192-708773-300x200.jpeg 300w, https:\/\/www.abcsupply.com\/wp-content\/uploads\/2021\/09\/ABC192-708773-768x512.jpeg 768w\" sizes=\"(max-width: 1024px) 100vw, 1024px\" \/>\t\t\t\t\t\t\t\t\t\t\t\t\t\t\t<\/div>\n\t\t\t\t<\/div>\n\t\t<div class=\"elementor-element elementor-element-0796c6c e-con-full e-flex e-con e-child\" data-id=\"0796c6c\" data-element_type=\"container\" data-e-type=\"container\">\n\t\t\t\t<div class=\"elementor-element elementor-element-54a88b6 elementor-widget elementor-widget-heading\" data-id=\"54a88b6\" data-element_type=\"widget\" data-e-type=\"widget\" data-widget_type=\"heading.default\">\n\t\t\t\t<div class=\"elementor-widget-container\">\n\t\t\t\t\t<h3 class=\"elementor-heading-title elementor-size-default\">Sin sustituciones<\/h3>\t\t\t\t<\/div>\n\t\t\t\t<\/div>\n\t\t\t\t<div class=\"elementor-element elementor-element-a51289e elementor-widget elementor-widget-text-editor\" data-id=\"a51289e\" data-element_type=\"widget\" data-e-type=\"widget\" data-widget_type=\"text-editor.default\">\n\t\t\t\t<div class=\"elementor-widget-container\">\n\t\t\t\t\t\t\t\t\t<p>En ABC Supply sabemos que no todas las marcas son iguales. Hacemos todo lo posible para completar todos los pedidos con las marcas solicitadas. Si no tenemos una marca espec\u00edfica en stock, podemos sugerir la sustituci\u00f3n de un producto comparable.<\/p>\t\t\t\t\t\t\t\t<\/div>\n\t\t\t\t<\/div>\n\t\t\t\t<\/div>\n\t\t\t\t<\/div>\n\t\t\t\t<\/div>\n\t\t\t\t\t<\/div>\n\t\t\t\t<\/div>\n\t\t\t\t<\/div>\n\t\t\t\t<\/div>\n\t\t","protected":false},"excerpt":{"rendered":"<p>El tiempo de entrega En ABC Supply, sabemos que la entrega a tiempo es una de las cosas m\u00e1s importantes a considerar al elegir un [&hellip;]<\/p>\n","protected":false},"author":1,"featured_media":2992,"parent":3158,"menu_order":0,"comment_status":"closed","ping_status":"closed","template":"","meta":{"_acf_changed":false,"inline_featured_image":false,"footnotes":""},"class_list":["post-3421","page","type-page","status-publish","has-post-thumbnail","hentry"],"acf":[],"yoast_head":"<!-- This site is optimized with the Yoast SEO plugin v27.3 - https:\/\/yoast.com\/product\/yoast-seo-wordpress\/ -->\n<title>Promesa de entrega - ABC Supply<\/title>\n<meta name=\"robots\" content=\"index, follow, max-snippet:-1, max-image-preview:large, max-video-preview:-1\" \/>\n<link rel=\"canonical\" href=\"https:\/\/www.abcsupply.com\/es\/servicios\/promesa-de-entrega\/\" \/>\n<meta property=\"og:locale\" content=\"es_ES\" \/>\n<meta property=\"og:type\" content=\"article\" \/>\n<meta property=\"og:title\" content=\"Promesa de entrega - ABC Supply\" \/>\n<meta property=\"og:description\" content=\"El tiempo de entrega En ABC Supply, sabemos que la entrega a tiempo es una de las cosas m\u00e1s importantes a considerar al elegir un [&hellip;]\" \/>\n<meta property=\"og:url\" content=\"https:\/\/www.abcsupply.com\/es\/servicios\/promesa-de-entrega\/\" \/>\n<meta property=\"og:site_name\" content=\"ABC Supply\" \/>\n<meta property=\"article:modified_time\" content=\"2026-01-30T17:37:40+00:00\" \/>\n<meta property=\"og:image\" content=\"https:\/\/www.abcsupply.com\/wp-content\/uploads\/2021\/09\/Delivery-promise-wide.jpg\" \/>\n\t<meta property=\"og:image:width\" content=\"1440\" \/>\n\t<meta property=\"og:image:height\" content=\"460\" \/>\n\t<meta property=\"og:image:type\" content=\"image\/jpeg\" \/>\n<meta name=\"twitter:card\" content=\"summary_large_image\" \/>\n<meta name=\"twitter:label1\" content=\"Tiempo de lectura\" \/>\n\t<meta name=\"twitter:data1\" content=\"2 minutos\" \/>\n<script type=\"application\/ld+json\" class=\"yoast-schema-graph\">{\"@context\":\"https:\\\/\\\/schema.org\",\"@graph\":[{\"@type\":\"WebPage\",\"@id\":\"https:\\\/\\\/www.abcsupply.com\\\/es\\\/servicios\\\/promesa-de-entrega\\\/\",\"url\":\"https:\\\/\\\/www.abcsupply.com\\\/es\\\/servicios\\\/promesa-de-entrega\\\/\",\"name\":\"Promesa de entrega - ABC Supply\",\"isPartOf\":{\"@id\":\"https:\\\/\\\/www.abcsupply.com\\\/es\\\/#website\"},\"primaryImageOfPage\":{\"@id\":\"https:\\\/\\\/www.abcsupply.com\\\/es\\\/servicios\\\/promesa-de-entrega\\\/#primaryimage\"},\"image\":{\"@id\":\"https:\\\/\\\/www.abcsupply.com\\\/es\\\/servicios\\\/promesa-de-entrega\\\/#primaryimage\"},\"thumbnailUrl\":\"https:\\\/\\\/www.abcsupply.com\\\/wp-content\\\/uploads\\\/2021\\\/09\\\/Delivery-promise-wide.jpg\",\"datePublished\":\"2021-08-05T21:00:32+00:00\",\"dateModified\":\"2026-01-30T17:37:40+00:00\",\"breadcrumb\":{\"@id\":\"https:\\\/\\\/www.abcsupply.com\\\/es\\\/servicios\\\/promesa-de-entrega\\\/#breadcrumb\"},\"inLanguage\":\"es\",\"potentialAction\":[{\"@type\":\"ReadAction\",\"target\":[\"https:\\\/\\\/www.abcsupply.com\\\/es\\\/servicios\\\/promesa-de-entrega\\\/\"]}]},{\"@type\":\"ImageObject\",\"inLanguage\":\"es\",\"@id\":\"https:\\\/\\\/www.abcsupply.com\\\/es\\\/servicios\\\/promesa-de-entrega\\\/#primaryimage\",\"url\":\"https:\\\/\\\/www.abcsupply.com\\\/wp-content\\\/uploads\\\/2021\\\/09\\\/Delivery-promise-wide.jpg\",\"contentUrl\":\"https:\\\/\\\/www.abcsupply.com\\\/wp-content\\\/uploads\\\/2021\\\/09\\\/Delivery-promise-wide.jpg\",\"width\":1440,\"height\":460,\"caption\":\"Entrega en cami\u00f3n de plataforma\"},{\"@type\":\"BreadcrumbList\",\"@id\":\"https:\\\/\\\/www.abcsupply.com\\\/es\\\/servicios\\\/promesa-de-entrega\\\/#breadcrumb\",\"itemListElement\":[{\"@type\":\"ListItem\",\"position\":1,\"name\":\"Inicio\",\"item\":\"https:\\\/\\\/www.abcsupply.com\\\/es\\\/casa\\\/\"},{\"@type\":\"ListItem\",\"position\":2,\"name\":\"Servicios\",\"item\":\"https:\\\/\\\/www.abcsupply.com\\\/es\\\/servicios\\\/\"},{\"@type\":\"ListItem\",\"position\":3,\"name\":\"Promesa de entrega\"}]},{\"@type\":\"WebSite\",\"@id\":\"https:\\\/\\\/www.abcsupply.com\\\/es\\\/#website\",\"url\":\"https:\\\/\\\/www.abcsupply.com\\\/es\\\/\",\"name\":\"ABC Supply\",\"description\":\"Built On A Foundation Of Respect\",\"potentialAction\":[{\"@type\":\"SearchAction\",\"target\":{\"@type\":\"EntryPoint\",\"urlTemplate\":\"https:\\\/\\\/www.abcsupply.com\\\/es\\\/?s={search_term_string}\"},\"query-input\":{\"@type\":\"PropertyValueSpecification\",\"valueRequired\":true,\"valueName\":\"search_term_string\"}}],\"inLanguage\":\"es\"}]}<\/script>\n<!-- \/ Yoast SEO plugin. -->","yoast_head_json":{"title":"Promesa de entrega - ABC Supply","robots":{"index":"index","follow":"follow","max-snippet":"max-snippet:-1","max-image-preview":"max-image-preview:large","max-video-preview":"max-video-preview:-1"},"canonical":"https:\/\/www.abcsupply.com\/es\/servicios\/promesa-de-entrega\/","og_locale":"es_ES","og_type":"article","og_title":"Promesa de entrega - ABC Supply","og_description":"El tiempo de entrega En ABC Supply, sabemos que la entrega a tiempo es una de las cosas m\u00e1s importantes a considerar al elegir un [&hellip;]","og_url":"https:\/\/www.abcsupply.com\/es\/servicios\/promesa-de-entrega\/","og_site_name":"ABC Supply","article_modified_time":"2026-01-30T17:37:40+00:00","og_image":[{"width":1440,"height":460,"url":"https:\/\/www.abcsupply.com\/wp-content\/uploads\/2021\/09\/Delivery-promise-wide.jpg","type":"image\/jpeg"}],"twitter_card":"summary_large_image","twitter_misc":{"Tiempo de lectura":"2 minutos"},"schema":{"@context":"https:\/\/schema.org","@graph":[{"@type":"WebPage","@id":"https:\/\/www.abcsupply.com\/es\/servicios\/promesa-de-entrega\/","url":"https:\/\/www.abcsupply.com\/es\/servicios\/promesa-de-entrega\/","name":"Promesa de entrega - ABC Supply","isPartOf":{"@id":"https:\/\/www.abcsupply.com\/es\/#website"},"primaryImageOfPage":{"@id":"https:\/\/www.abcsupply.com\/es\/servicios\/promesa-de-entrega\/#primaryimage"},"image":{"@id":"https:\/\/www.abcsupply.com\/es\/servicios\/promesa-de-entrega\/#primaryimage"},"thumbnailUrl":"https:\/\/www.abcsupply.com\/wp-content\/uploads\/2021\/09\/Delivery-promise-wide.jpg","datePublished":"2021-08-05T21:00:32+00:00","dateModified":"2026-01-30T17:37:40+00:00","breadcrumb":{"@id":"https:\/\/www.abcsupply.com\/es\/servicios\/promesa-de-entrega\/#breadcrumb"},"inLanguage":"es","potentialAction":[{"@type":"ReadAction","target":["https:\/\/www.abcsupply.com\/es\/servicios\/promesa-de-entrega\/"]}]},{"@type":"ImageObject","inLanguage":"es","@id":"https:\/\/www.abcsupply.com\/es\/servicios\/promesa-de-entrega\/#primaryimage","url":"https:\/\/www.abcsupply.com\/wp-content\/uploads\/2021\/09\/Delivery-promise-wide.jpg","contentUrl":"https:\/\/www.abcsupply.com\/wp-content\/uploads\/2021\/09\/Delivery-promise-wide.jpg","width":1440,"height":460,"caption":"Entrega en cami\u00f3n de plataforma"},{"@type":"BreadcrumbList","@id":"https:\/\/www.abcsupply.com\/es\/servicios\/promesa-de-entrega\/#breadcrumb","itemListElement":[{"@type":"ListItem","position":1,"name":"Inicio","item":"https:\/\/www.abcsupply.com\/es\/casa\/"},{"@type":"ListItem","position":2,"name":"Servicios","item":"https:\/\/www.abcsupply.com\/es\/servicios\/"},{"@type":"ListItem","position":3,"name":"Promesa de entrega"}]},{"@type":"WebSite","@id":"https:\/\/www.abcsupply.com\/es\/#website","url":"https:\/\/www.abcsupply.com\/es\/","name":"ABC Supply","description":"Built On A Foundation Of Respect","potentialAction":[{"@type":"SearchAction","target":{"@type":"EntryPoint","urlTemplate":"https:\/\/www.abcsupply.com\/es\/?s={search_term_string}"},"query-input":{"@type":"PropertyValueSpecification","valueRequired":true,"valueName":"search_term_string"}}],"inLanguage":"es"}]}},"_links":{"self":[{"href":"https:\/\/www.abcsupply.com\/es\/wp-json\/wp\/v2\/pages\/3421","targetHints":{"allow":["GET"]}}],"collection":[{"href":"https:\/\/www.abcsupply.com\/es\/wp-json\/wp\/v2\/pages"}],"about":[{"href":"https:\/\/www.abcsupply.com\/es\/wp-json\/wp\/v2\/types\/page"}],"author":[{"embeddable":true,"href":"https:\/\/www.abcsupply.com\/es\/wp-json\/wp\/v2\/users\/1"}],"replies":[{"embeddable":true,"href":"https:\/\/www.abcsupply.com\/es\/wp-json\/wp\/v2\/comments?post=3421"}],"version-history":[{"count":0,"href":"https:\/\/www.abcsupply.com\/es\/wp-json\/wp\/v2\/pages\/3421\/revisions"}],"up":[{"embeddable":true,"href":"https:\/\/www.abcsupply.com\/es\/wp-json\/wp\/v2\/pages\/3158"}],"wp:featuredmedia":[{"embeddable":true,"href":"https:\/\/www.abcsupply.com\/es\/wp-json\/wp\/v2\/media\/2992"}],"wp:attachment":[{"href":"https:\/\/www.abcsupply.com\/es\/wp-json\/wp\/v2\/media?parent=3421"}],"curies":[{"name":"wp","href":"https:\/\/api.w.org\/{rel}","templated":true}]}}