{"id":3419,"date":"2021-10-21T19:57:45","date_gmt":"2021-10-21T19:57:45","guid":{"rendered":"https:\/\/abcsupply.exclaim-inc.info\/contractor-center\/recursos-de-formacion\/regla-rrp\/"},"modified":"2025-04-07T08:16:13","modified_gmt":"2025-04-07T13:16:13","slug":"regla-rrp","status":"publish","type":"page","link":"https:\/\/www.abcsupply.com\/es\/centro-de-contratistas\/recursos-de-formacion\/regla-rrp\/","title":{"rendered":"Regla RRP"},"content":{"rendered":"<p><img decoding=\"async\" src=\"https:\/\/abcsupply.com\/wp-content\/uploads\/2021\/09\/epa-logo.png\" alt=\"\" width=\"126\" height=\"125\" class=\"alignright size-full wp-image-2960\" \/>A partir del 22 de abril de 2010, los contratistas que realicen proyectos de renovaci\u00f3n, reparaci\u00f3n y pintura que alteren la pintura a base de plomo en hogares, centros de cuidado infantil y escuelas construidas antes de 1978 deben estar certificados y seguir pr\u00e1cticas laborales espec\u00edficas para prevenir la contaminaci\u00f3n por polvo de plomo.<\/p>\n<p>A continuaci\u00f3n, encontrar\u00e1 enlaces \u00fatiles que lo ayudar\u00e1n a comprender y cumplir con la regla <em>RRP<\/em> (de renovaci\u00f3n, reparaci\u00f3n y pintura).<\/p>\n<h2>Capacitaci\u00f3n y Certificaci\u00f3n<\/h2>\n<p>La regla <em>RRP<\/em> requiere que todos los contratistas que alteren la pintura a base de plomo dentro de viviendas objetivo o centros utilizados por ni\u00f1os capaciten y certifiquen a parte de su personal como renovadores certificados en plomo.<\/p>\n<ul>\n<li>Encuentre un centro de capacitaci\u00f3n cerca de usted<\/li>\n<\/ul>\n<p>La informaci\u00f3n contenida en este documento no pretende de ninguna manera reemplazar el asesoramiento legal profesional o sustituir la lectura real de las regulaciones. Consulte a su abogado para obtener m\u00e1s informaci\u00f3n sobre las nuevas leyes sobre el plomo de la EPA. En ning\u00fan caso tendremos responsabilidad legal.<\/p>\n","protected":false},"excerpt":{"rendered":"<p>A partir del 22 de abril de 2010, los contratistas que realicen proyectos de renovaci\u00f3n, reparaci\u00f3n y pintura que alteren la pintura a base de [&hellip;]<\/p>\n","protected":false},"author":1,"featured_media":0,"parent":3409,"menu_order":0,"comment_status":"closed","ping_status":"closed","template":"page-acf.php","meta":{"_acf_changed":false,"inline_featured_image":false,"footnotes":""},"class_list":["post-3419","page","type-page","status-publish","hentry"],"acf":[],"yoast_head":"<!-- This site is optimized with the Yoast SEO plugin v27.3 - https:\/\/yoast.com\/product\/yoast-seo-wordpress\/ -->\n<title>Regla RRP - ABC Supply<\/title>\n<meta name=\"robots\" content=\"index, follow, max-snippet:-1, max-image-preview:large, max-video-preview:-1\" \/>\n<link rel=\"canonical\" href=\"https:\/\/www.abcsupply.com\/es\/centro-de-contratistas\/recursos-de-formacion\/regla-rrp\/\" \/>\n<meta property=\"og:locale\" content=\"es_ES\" \/>\n<meta property=\"og:type\" content=\"article\" \/>\n<meta property=\"og:title\" content=\"Regla RRP - ABC Supply\" \/>\n<meta property=\"og:description\" content=\"A partir del 22 de abril de 2010, los contratistas que realicen proyectos de renovaci\u00f3n, reparaci\u00f3n y pintura que alteren la pintura a base de [&hellip;]\" \/>\n<meta property=\"og:url\" content=\"https:\/\/www.abcsupply.com\/es\/centro-de-contratistas\/recursos-de-formacion\/regla-rrp\/\" \/>\n<meta property=\"og:site_name\" content=\"ABC Supply\" \/>\n<meta property=\"article:modified_time\" content=\"2025-04-07T13:16:13+00:00\" \/>\n<meta property=\"og:image\" content=\"https:\/\/www.abcsupply.com\/wp-content\/uploads\/2021\/09\/epa-logo.png\" \/>\n\t<meta property=\"og:image:width\" content=\"126\" \/>\n\t<meta property=\"og:image:height\" content=\"125\" \/>\n\t<meta property=\"og:image:type\" content=\"image\/png\" \/>\n<meta name=\"twitter:card\" content=\"summary_large_image\" \/>\n<meta name=\"twitter:label1\" content=\"Tiempo de lectura\" \/>\n\t<meta name=\"twitter:data1\" content=\"1 minuto\" \/>\n<script type=\"application\/ld+json\" class=\"yoast-schema-graph\">{\"@context\":\"https:\\\/\\\/schema.org\",\"@graph\":[{\"@type\":\"WebPage\",\"@id\":\"https:\\\/\\\/www.abcsupply.com\\\/es\\\/centro-de-contratistas\\\/recursos-de-formacion\\\/regla-rrp\\\/\",\"url\":\"https:\\\/\\\/www.abcsupply.com\\\/es\\\/centro-de-contratistas\\\/recursos-de-formacion\\\/regla-rrp\\\/\",\"name\":\"Regla RRP - ABC Supply\",\"isPartOf\":{\"@id\":\"https:\\\/\\\/www.abcsupply.com\\\/es\\\/#website\"},\"primaryImageOfPage\":{\"@id\":\"https:\\\/\\\/www.abcsupply.com\\\/es\\\/centro-de-contratistas\\\/recursos-de-formacion\\\/regla-rrp\\\/#primaryimage\"},\"image\":{\"@id\":\"https:\\\/\\\/www.abcsupply.com\\\/es\\\/centro-de-contratistas\\\/recursos-de-formacion\\\/regla-rrp\\\/#primaryimage\"},\"thumbnailUrl\":\"https:\\\/\\\/abcsupply.com\\\/wp-content\\\/uploads\\\/2021\\\/09\\\/epa-logo.png\",\"datePublished\":\"2021-10-21T19:57:45+00:00\",\"dateModified\":\"2025-04-07T13:16:13+00:00\",\"breadcrumb\":{\"@id\":\"https:\\\/\\\/www.abcsupply.com\\\/es\\\/centro-de-contratistas\\\/recursos-de-formacion\\\/regla-rrp\\\/#breadcrumb\"},\"inLanguage\":\"es\",\"potentialAction\":[{\"@type\":\"ReadAction\",\"target\":[\"https:\\\/\\\/www.abcsupply.com\\\/es\\\/centro-de-contratistas\\\/recursos-de-formacion\\\/regla-rrp\\\/\"]}]},{\"@type\":\"ImageObject\",\"inLanguage\":\"es\",\"@id\":\"https:\\\/\\\/www.abcsupply.com\\\/es\\\/centro-de-contratistas\\\/recursos-de-formacion\\\/regla-rrp\\\/#primaryimage\",\"url\":\"https:\\\/\\\/abcsupply.com\\\/wp-content\\\/uploads\\\/2021\\\/09\\\/epa-logo.png\",\"contentUrl\":\"https:\\\/\\\/abcsupply.com\\\/wp-content\\\/uploads\\\/2021\\\/09\\\/epa-logo.png\"},{\"@type\":\"BreadcrumbList\",\"@id\":\"https:\\\/\\\/www.abcsupply.com\\\/es\\\/centro-de-contratistas\\\/recursos-de-formacion\\\/regla-rrp\\\/#breadcrumb\",\"itemListElement\":[{\"@type\":\"ListItem\",\"position\":1,\"name\":\"Inicio\",\"item\":\"https:\\\/\\\/www.abcsupply.com\\\/es\\\/casa\\\/\"},{\"@type\":\"ListItem\",\"position\":2,\"name\":\"Centro de contratistas\",\"item\":\"https:\\\/\\\/www.abcsupply.com\\\/es\\\/centro-de-contratistas\\\/\"},{\"@type\":\"ListItem\",\"position\":3,\"name\":\"Recursos de capacitaci\u00f3n\",\"item\":\"https:\\\/\\\/www.abcsupply.com\\\/es\\\/centro-de-contratistas\\\/recursos-de-formacion\\\/\"},{\"@type\":\"ListItem\",\"position\":4,\"name\":\"Regla RRP\"}]},{\"@type\":\"WebSite\",\"@id\":\"https:\\\/\\\/www.abcsupply.com\\\/es\\\/#website\",\"url\":\"https:\\\/\\\/www.abcsupply.com\\\/es\\\/\",\"name\":\"ABC Supply\",\"description\":\"Built On A Foundation Of Respect\",\"potentialAction\":[{\"@type\":\"SearchAction\",\"target\":{\"@type\":\"EntryPoint\",\"urlTemplate\":\"https:\\\/\\\/www.abcsupply.com\\\/es\\\/?s={search_term_string}\"},\"query-input\":{\"@type\":\"PropertyValueSpecification\",\"valueRequired\":true,\"valueName\":\"search_term_string\"}}],\"inLanguage\":\"es\"}]}<\/script>\n<!-- \/ Yoast SEO plugin. -->","yoast_head_json":{"title":"Regla RRP - ABC Supply","robots":{"index":"index","follow":"follow","max-snippet":"max-snippet:-1","max-image-preview":"max-image-preview:large","max-video-preview":"max-video-preview:-1"},"canonical":"https:\/\/www.abcsupply.com\/es\/centro-de-contratistas\/recursos-de-formacion\/regla-rrp\/","og_locale":"es_ES","og_type":"article","og_title":"Regla RRP - ABC Supply","og_description":"A partir del 22 de abril de 2010, los contratistas que realicen proyectos de renovaci\u00f3n, reparaci\u00f3n y pintura que alteren la pintura a base de [&hellip;]","og_url":"https:\/\/www.abcsupply.com\/es\/centro-de-contratistas\/recursos-de-formacion\/regla-rrp\/","og_site_name":"ABC Supply","article_modified_time":"2025-04-07T13:16:13+00:00","og_image":[{"width":126,"height":125,"url":"https:\/\/www.abcsupply.com\/wp-content\/uploads\/2021\/09\/epa-logo.png","type":"image\/png"}],"twitter_card":"summary_large_image","twitter_misc":{"Tiempo de lectura":"1 minuto"},"schema":{"@context":"https:\/\/schema.org","@graph":[{"@type":"WebPage","@id":"https:\/\/www.abcsupply.com\/es\/centro-de-contratistas\/recursos-de-formacion\/regla-rrp\/","url":"https:\/\/www.abcsupply.com\/es\/centro-de-contratistas\/recursos-de-formacion\/regla-rrp\/","name":"Regla RRP - ABC Supply","isPartOf":{"@id":"https:\/\/www.abcsupply.com\/es\/#website"},"primaryImageOfPage":{"@id":"https:\/\/www.abcsupply.com\/es\/centro-de-contratistas\/recursos-de-formacion\/regla-rrp\/#primaryimage"},"image":{"@id":"https:\/\/www.abcsupply.com\/es\/centro-de-contratistas\/recursos-de-formacion\/regla-rrp\/#primaryimage"},"thumbnailUrl":"https:\/\/abcsupply.com\/wp-content\/uploads\/2021\/09\/epa-logo.png","datePublished":"2021-10-21T19:57:45+00:00","dateModified":"2025-04-07T13:16:13+00:00","breadcrumb":{"@id":"https:\/\/www.abcsupply.com\/es\/centro-de-contratistas\/recursos-de-formacion\/regla-rrp\/#breadcrumb"},"inLanguage":"es","potentialAction":[{"@type":"ReadAction","target":["https:\/\/www.abcsupply.com\/es\/centro-de-contratistas\/recursos-de-formacion\/regla-rrp\/"]}]},{"@type":"ImageObject","inLanguage":"es","@id":"https:\/\/www.abcsupply.com\/es\/centro-de-contratistas\/recursos-de-formacion\/regla-rrp\/#primaryimage","url":"https:\/\/abcsupply.com\/wp-content\/uploads\/2021\/09\/epa-logo.png","contentUrl":"https:\/\/abcsupply.com\/wp-content\/uploads\/2021\/09\/epa-logo.png"},{"@type":"BreadcrumbList","@id":"https:\/\/www.abcsupply.com\/es\/centro-de-contratistas\/recursos-de-formacion\/regla-rrp\/#breadcrumb","itemListElement":[{"@type":"ListItem","position":1,"name":"Inicio","item":"https:\/\/www.abcsupply.com\/es\/casa\/"},{"@type":"ListItem","position":2,"name":"Centro de contratistas","item":"https:\/\/www.abcsupply.com\/es\/centro-de-contratistas\/"},{"@type":"ListItem","position":3,"name":"Recursos de capacitaci\u00f3n","item":"https:\/\/www.abcsupply.com\/es\/centro-de-contratistas\/recursos-de-formacion\/"},{"@type":"ListItem","position":4,"name":"Regla RRP"}]},{"@type":"WebSite","@id":"https:\/\/www.abcsupply.com\/es\/#website","url":"https:\/\/www.abcsupply.com\/es\/","name":"ABC Supply","description":"Built On A Foundation Of Respect","potentialAction":[{"@type":"SearchAction","target":{"@type":"EntryPoint","urlTemplate":"https:\/\/www.abcsupply.com\/es\/?s={search_term_string}"},"query-input":{"@type":"PropertyValueSpecification","valueRequired":true,"valueName":"search_term_string"}}],"inLanguage":"es"}]}},"_links":{"self":[{"href":"https:\/\/www.abcsupply.com\/es\/wp-json\/wp\/v2\/pages\/3419","targetHints":{"allow":["GET"]}}],"collection":[{"href":"https:\/\/www.abcsupply.com\/es\/wp-json\/wp\/v2\/pages"}],"about":[{"href":"https:\/\/www.abcsupply.com\/es\/wp-json\/wp\/v2\/types\/page"}],"author":[{"embeddable":true,"href":"https:\/\/www.abcsupply.com\/es\/wp-json\/wp\/v2\/users\/1"}],"replies":[{"embeddable":true,"href":"https:\/\/www.abcsupply.com\/es\/wp-json\/wp\/v2\/comments?post=3419"}],"version-history":[{"count":0,"href":"https:\/\/www.abcsupply.com\/es\/wp-json\/wp\/v2\/pages\/3419\/revisions"}],"up":[{"embeddable":true,"href":"https:\/\/www.abcsupply.com\/es\/wp-json\/wp\/v2\/pages\/3409"}],"wp:attachment":[{"href":"https:\/\/www.abcsupply.com\/es\/wp-json\/wp\/v2\/media?parent=3419"}],"curies":[{"name":"wp","href":"https:\/\/api.w.org\/{rel}","templated":true}]}}