{"id":3415,"date":"2021-08-10T14:04:21","date_gmt":"2021-08-10T19:04:21","guid":{"rendered":"https:\/\/abcsupply.exclaim-inc.info\/about-us\/premio-ken-hendricks\/"},"modified":"2026-01-29T15:42:45","modified_gmt":"2026-01-29T21:42:45","slug":"premio-ken-hendricks","status":"publish","type":"page","link":"https:\/\/www.abcsupply.com\/es\/sobre-nosotros\/premio-ken-hendricks\/","title":{"rendered":"Premio Ken Hendricks"},"content":{"rendered":"\t\t<div data-elementor-type=\"wp-page\" data-elementor-id=\"3415\" class=\"elementor elementor-3415 elementor-357\" data-elementor-post-type=\"page\">\n\t\t\t\t<div class=\"elementor-element elementor-element-0876cac e-con-full e-flex e-con e-parent\" data-id=\"0876cac\" data-element_type=\"container\" data-e-type=\"container\">\n\t\t<div class=\"elementor-element elementor-element-701cf72 e-flex e-con-boxed e-con e-child\" data-id=\"701cf72\" data-element_type=\"container\" data-e-type=\"container\">\n\t\t\t\t\t<div class=\"e-con-inner\">\n\t\t<div class=\"elementor-element elementor-element-5080f39 e-flex e-con-boxed e-con e-child\" data-id=\"5080f39\" data-element_type=\"container\" data-e-type=\"container\">\n\t\t\t\t\t<div class=\"e-con-inner\">\n\t\t\t\t<div class=\"elementor-element elementor-element-f6c2254 elementor-widget elementor-widget-heading\" data-id=\"f6c2254\" data-element_type=\"widget\" data-e-type=\"widget\" data-widget_type=\"heading.default\">\n\t\t\t\t<div class=\"elementor-widget-container\">\n\t\t\t\t\t<h2 class=\"elementor-heading-title elementor-size-default\">Resumen del premio<\/h2>\t\t\t\t<\/div>\n\t\t\t\t<\/div>\n\t\t\t\t<div class=\"elementor-element elementor-element-239ca7ba elementor-widget elementor-widget-text-editor\" data-id=\"239ca7ba\" data-element_type=\"widget\" data-e-type=\"widget\" data-widget_type=\"text-editor.default\">\n\t\t\t\t<div class=\"elementor-widget-container\">\n\t\t\t\t\t\t\t\t\t<p>El Premio Ken Hendricks se otorga anualmente a los empleados que de manera continua demuestran su dedicaci\u00f3n, compromiso y deseo de servir a otros representando cabalmente los Valores Centrales de ABC Supply. Los galardonados son honrados cada junio durante la Celebraci\u00f3n de los Fundadores de ABC y reconocidos en comunicados de prensa y reportajes especiales. El premio elaborado en cristal fue dise\u00f1ado exclusivamente para ABC y porta los Valores Centrales sobre los que se construy\u00f3 ABC y que, hoy en d\u00eda, siguen siendo los pilares fundamentales sobre los que se basa la empresa.  <\/p>\t\t\t\t\t\t\t\t<\/div>\n\t\t\t\t<\/div>\n\t\t\t\t\t<\/div>\n\t\t\t\t<\/div>\n\t\t<div class=\"elementor-element elementor-element-346f1d6 e-flex e-con-boxed e-con e-child\" data-id=\"346f1d6\" data-element_type=\"container\" data-e-type=\"container\">\n\t\t\t\t\t<div class=\"e-con-inner\">\n\t\t\t\t<div class=\"elementor-element elementor-element-0a05932 elementor-widget elementor-widget-heading\" data-id=\"0a05932\" data-element_type=\"widget\" data-e-type=\"widget\" data-widget_type=\"heading.default\">\n\t\t\t\t<div class=\"elementor-widget-container\">\n\t\t\t\t\t<h3 class=\"elementor-heading-title elementor-size-default\">Requisitos para recibir el premio <br><\/h3>\t\t\t\t<\/div>\n\t\t\t\t<\/div>\n\t\t\t\t<div class=\"elementor-element elementor-element-da8b03f elementor-widget elementor-widget-text-editor\" data-id=\"da8b03f\" data-element_type=\"widget\" data-e-type=\"widget\" data-widget_type=\"text-editor.default\">\n\t\t\t\t<div class=\"elementor-widget-container\">\n\t\t\t\t\t\t\t\t\t<p>Los empleados deben llevar al menos cinco (5) a\u00f1os trabajando como empleados en una de las regiones de ABC Supply, unidades estrat\u00e9gicas de negocios, unidades de fabricaci\u00f3n o en su Centro Nacional de Apoyo.<\/p>\t\t\t\t\t\t\t\t<\/div>\n\t\t\t\t<\/div>\n\t\t\t\t\t<\/div>\n\t\t\t\t<\/div>\n\t\t<div class=\"elementor-element elementor-element-1855add e-flex e-con-boxed e-con e-child\" data-id=\"1855add\" data-element_type=\"container\" data-e-type=\"container\">\n\t\t\t\t\t<div class=\"e-con-inner\">\n\t\t\t\t<div class=\"elementor-element elementor-element-54e5c44 elementor-widget elementor-widget-heading\" data-id=\"54e5c44\" data-element_type=\"widget\" data-e-type=\"widget\" data-widget_type=\"heading.default\">\n\t\t\t\t<div class=\"elementor-widget-container\">\n\t\t\t\t\t<h3 class=\"elementor-heading-title elementor-size-default\">Criterios para recibir el premio<\/h3>\t\t\t\t<\/div>\n\t\t\t\t<\/div>\n\t\t\t\t<div class=\"elementor-element elementor-element-c5c3497 elementor-widget elementor-widget-text-editor\" data-id=\"c5c3497\" data-element_type=\"widget\" data-e-type=\"widget\" data-widget_type=\"text-editor.default\">\n\t\t\t\t<div class=\"elementor-widget-container\">\n\t\t\t\t\t\t\t\t\t<p>Los nominados deben haber demostrado un buen desempe\u00f1o sostenido o bien caracter\u00edsticas que ejemplifiquen los <a href=\"https:\/\/www.abcsupply.com\/es\/sobre-nosotros\/proposito-y-valores-centrales\/\">Valores Centrales de ABC Supply<\/a>: Respeto, Oportunidad, Trabajo Duro \u2013 Diversi\u00f3n Sana, Esp\u00edritu Emprendedor, Familia, Retribuir lo Recibido y Orgullo Estadounidense. Pueden lograr esto a trav\u00e9s de actividades, contribuciones o logros, o bien mostrando excelencia continua en las \u00e1reas del liderazgo, la iniciativa, innovaci\u00f3n o en su desempe\u00f1o a lo largo del tiempo. <\/p>\t\t\t\t\t\t\t\t<\/div>\n\t\t\t\t<\/div>\n\t\t\t\t\t<\/div>\n\t\t\t\t<\/div>\n\t\t<div class=\"elementor-element elementor-element-402e138 e-flex e-con-boxed e-con e-child\" data-id=\"402e138\" data-element_type=\"container\" data-e-type=\"container\">\n\t\t\t\t\t<div class=\"e-con-inner\">\n\t\t\t\t<div class=\"elementor-element elementor-element-4627087 elementor-widget elementor-widget-heading\" data-id=\"4627087\" data-element_type=\"widget\" data-e-type=\"widget\" data-widget_type=\"heading.default\">\n\t\t\t\t<div class=\"elementor-widget-container\">\n\t\t\t\t\t<h3 class=\"elementor-heading-title elementor-size-default\">Proceso de nominaci\u00f3n<\/h3>\t\t\t\t<\/div>\n\t\t\t\t<\/div>\n\t\t\t\t<div class=\"elementor-element elementor-element-da4db4a elementor-widget elementor-widget-text-editor\" data-id=\"da4db4a\" data-element_type=\"widget\" data-e-type=\"widget\" data-widget_type=\"text-editor.default\">\n\t\t\t\t<div class=\"elementor-widget-container\">\n\t\t\t\t\t\t\t\t\t<p>Se puede presentar nominaciones durante todo el a\u00f1o para que alguien sea considerado para el premio. Para nominar a un empleado, haga clic en el bot\u00f3n que sigue a continuaci\u00f3n. <\/p>\t\t\t\t\t\t\t\t<\/div>\n\t\t\t\t<\/div>\n\t\t\t\t\t<\/div>\n\t\t\t\t<\/div>\n\t\t<div class=\"elementor-element elementor-element-dddfc10 e-con-full e-flex e-con e-child\" data-id=\"dddfc10\" data-element_type=\"container\" data-e-type=\"container\">\n\t\t\t\t<div class=\"elementor-element elementor-element-783b84a elementor-widget elementor-widget-button\" data-id=\"783b84a\" data-element_type=\"widget\" data-e-type=\"widget\" aria-label=\"Submit Your Nomination for the Ken Hendricks Award\" data-widget_type=\"button.default\">\n\t\t\t\t<div class=\"elementor-widget-container\">\n\t\t\t\t\t\t\t\t\t<div class=\"elementor-button-wrapper\">\n\t\t\t\t\t<a class=\"elementor-button elementor-button-link elementor-size-sm\" href=\"https:\/\/www.abcsupply.com\/es\/sobre-nosotros\/premio-ken-hendricks\/nominacion-al-premio-ken-hendricks\/\">\n\t\t\t\t\t\t<span class=\"elementor-button-content-wrapper\">\n\t\t\t\t\t\t\t\t\t<span class=\"elementor-button-text\">Submit Your Nomination<\/span>\n\t\t\t\t\t<\/span>\n\t\t\t\t\t<\/a>\n\t\t\t\t<\/div>\n\t\t\t\t\t\t\t\t<\/div>\n\t\t\t\t<\/div>\n\t\t\t\t<\/div>\n\t\t\t\t\t<\/div>\n\t\t\t\t<\/div>\n\t\t\t\t<\/div>\n\t\t\t\t<\/div>\n\t\t","protected":false},"excerpt":{"rendered":"<p>Resumen del premio El Premio Ken Hendricks se otorga anualmente a los empleados que de manera continua demuestran su dedicaci\u00f3n, compromiso y deseo de servir [&hellip;]<\/p>\n","protected":false},"author":1,"featured_media":3149,"parent":3766,"menu_order":0,"comment_status":"closed","ping_status":"closed","template":"","meta":{"_acf_changed":false,"inline_featured_image":false,"footnotes":""},"class_list":["post-3415","page","type-page","status-publish","has-post-thumbnail","hentry"],"acf":[],"yoast_head":"<!-- This site is optimized with the Yoast SEO plugin v27.3 - https:\/\/yoast.com\/product\/yoast-seo-wordpress\/ -->\n<title>Premio Ken Hendricks - ABC Supply<\/title>\n<meta name=\"robots\" content=\"index, follow, max-snippet:-1, max-image-preview:large, max-video-preview:-1\" \/>\n<link rel=\"canonical\" href=\"https:\/\/www.abcsupply.com\/es\/sobre-nosotros\/premio-ken-hendricks\/\" \/>\n<meta property=\"og:locale\" content=\"es_ES\" \/>\n<meta property=\"og:type\" content=\"article\" \/>\n<meta property=\"og:title\" content=\"Premio Ken Hendricks - ABC Supply\" \/>\n<meta property=\"og:description\" content=\"Resumen del premio El Premio Ken Hendricks se otorga anualmente a los empleados que de manera continua demuestran su dedicaci\u00f3n, compromiso y deseo de servir [&hellip;]\" \/>\n<meta property=\"og:url\" content=\"https:\/\/www.abcsupply.com\/es\/sobre-nosotros\/premio-ken-hendricks\/\" \/>\n<meta property=\"og:site_name\" content=\"ABC Supply\" \/>\n<meta property=\"article:modified_time\" content=\"2026-01-29T21:42:45+00:00\" \/>\n<meta property=\"og:image\" content=\"https:\/\/www.abcsupply.com\/wp-content\/uploads\/2021\/10\/Ken-Award-New.jpg\" \/>\n\t<meta property=\"og:image:width\" content=\"1440\" \/>\n\t<meta property=\"og:image:height\" content=\"460\" \/>\n\t<meta property=\"og:image:type\" content=\"image\/jpeg\" \/>\n<meta name=\"twitter:card\" content=\"summary_large_image\" \/>\n<meta name=\"twitter:label1\" content=\"Tiempo de lectura\" \/>\n\t<meta name=\"twitter:data1\" content=\"2 minutos\" \/>\n<script type=\"application\/ld+json\" class=\"yoast-schema-graph\">{\"@context\":\"https:\\\/\\\/schema.org\",\"@graph\":[{\"@type\":\"WebPage\",\"@id\":\"https:\\\/\\\/www.abcsupply.com\\\/es\\\/sobre-nosotros\\\/premio-ken-hendricks\\\/\",\"url\":\"https:\\\/\\\/www.abcsupply.com\\\/es\\\/sobre-nosotros\\\/premio-ken-hendricks\\\/\",\"name\":\"Premio Ken Hendricks - ABC Supply\",\"isPartOf\":{\"@id\":\"https:\\\/\\\/www.abcsupply.com\\\/es\\\/#website\"},\"primaryImageOfPage\":{\"@id\":\"https:\\\/\\\/www.abcsupply.com\\\/es\\\/sobre-nosotros\\\/premio-ken-hendricks\\\/#primaryimage\"},\"image\":{\"@id\":\"https:\\\/\\\/www.abcsupply.com\\\/es\\\/sobre-nosotros\\\/premio-ken-hendricks\\\/#primaryimage\"},\"thumbnailUrl\":\"https:\\\/\\\/www.abcsupply.com\\\/wp-content\\\/uploads\\\/2021\\\/10\\\/Ken-Award-New.jpg\",\"datePublished\":\"2021-08-10T19:04:21+00:00\",\"dateModified\":\"2026-01-29T21:42:45+00:00\",\"breadcrumb\":{\"@id\":\"https:\\\/\\\/www.abcsupply.com\\\/es\\\/sobre-nosotros\\\/premio-ken-hendricks\\\/#breadcrumb\"},\"inLanguage\":\"es\",\"potentialAction\":[{\"@type\":\"ReadAction\",\"target\":[\"https:\\\/\\\/www.abcsupply.com\\\/es\\\/sobre-nosotros\\\/premio-ken-hendricks\\\/\"]}]},{\"@type\":\"ImageObject\",\"inLanguage\":\"es\",\"@id\":\"https:\\\/\\\/www.abcsupply.com\\\/es\\\/sobre-nosotros\\\/premio-ken-hendricks\\\/#primaryimage\",\"url\":\"https:\\\/\\\/www.abcsupply.com\\\/wp-content\\\/uploads\\\/2021\\\/10\\\/Ken-Award-New.jpg\",\"contentUrl\":\"https:\\\/\\\/www.abcsupply.com\\\/wp-content\\\/uploads\\\/2021\\\/10\\\/Ken-Award-New.jpg\",\"width\":1440,\"height\":460,\"caption\":\"Trofeo del Premio Ken Hendricks\"},{\"@type\":\"BreadcrumbList\",\"@id\":\"https:\\\/\\\/www.abcsupply.com\\\/es\\\/sobre-nosotros\\\/premio-ken-hendricks\\\/#breadcrumb\",\"itemListElement\":[{\"@type\":\"ListItem\",\"position\":1,\"name\":\"Inicio\",\"item\":\"https:\\\/\\\/www.abcsupply.com\\\/es\\\/casa\\\/\"},{\"@type\":\"ListItem\",\"position\":2,\"name\":\"Sobre nosotros\",\"item\":\"https:\\\/\\\/www.abcsupply.com\\\/es\\\/sobre-nosotros\\\/\"},{\"@type\":\"ListItem\",\"position\":3,\"name\":\"Premio Ken Hendricks\"}]},{\"@type\":\"WebSite\",\"@id\":\"https:\\\/\\\/www.abcsupply.com\\\/es\\\/#website\",\"url\":\"https:\\\/\\\/www.abcsupply.com\\\/es\\\/\",\"name\":\"ABC Supply\",\"description\":\"Built On A Foundation Of Respect\",\"potentialAction\":[{\"@type\":\"SearchAction\",\"target\":{\"@type\":\"EntryPoint\",\"urlTemplate\":\"https:\\\/\\\/www.abcsupply.com\\\/es\\\/?s={search_term_string}\"},\"query-input\":{\"@type\":\"PropertyValueSpecification\",\"valueRequired\":true,\"valueName\":\"search_term_string\"}}],\"inLanguage\":\"es\"}]}<\/script>\n<!-- \/ Yoast SEO plugin. -->","yoast_head_json":{"title":"Premio Ken Hendricks - ABC Supply","robots":{"index":"index","follow":"follow","max-snippet":"max-snippet:-1","max-image-preview":"max-image-preview:large","max-video-preview":"max-video-preview:-1"},"canonical":"https:\/\/www.abcsupply.com\/es\/sobre-nosotros\/premio-ken-hendricks\/","og_locale":"es_ES","og_type":"article","og_title":"Premio Ken Hendricks - ABC Supply","og_description":"Resumen del premio El Premio Ken Hendricks se otorga anualmente a los empleados que de manera continua demuestran su dedicaci\u00f3n, compromiso y deseo de servir [&hellip;]","og_url":"https:\/\/www.abcsupply.com\/es\/sobre-nosotros\/premio-ken-hendricks\/","og_site_name":"ABC Supply","article_modified_time":"2026-01-29T21:42:45+00:00","og_image":[{"width":1440,"height":460,"type":"image\/jpeg","url":"https:\/\/www.abcsupply.com\/wp-content\/uploads\/2021\/10\/Ken-Award-New.jpg"}],"twitter_card":"summary_large_image","twitter_misc":{"Tiempo de lectura":"2 minutos"},"schema":{"@context":"https:\/\/schema.org","@graph":[{"@type":"WebPage","@id":"https:\/\/www.abcsupply.com\/es\/sobre-nosotros\/premio-ken-hendricks\/","url":"https:\/\/www.abcsupply.com\/es\/sobre-nosotros\/premio-ken-hendricks\/","name":"Premio Ken Hendricks - ABC Supply","isPartOf":{"@id":"https:\/\/www.abcsupply.com\/es\/#website"},"primaryImageOfPage":{"@id":"https:\/\/www.abcsupply.com\/es\/sobre-nosotros\/premio-ken-hendricks\/#primaryimage"},"image":{"@id":"https:\/\/www.abcsupply.com\/es\/sobre-nosotros\/premio-ken-hendricks\/#primaryimage"},"thumbnailUrl":"https:\/\/www.abcsupply.com\/wp-content\/uploads\/2021\/10\/Ken-Award-New.jpg","datePublished":"2021-08-10T19:04:21+00:00","dateModified":"2026-01-29T21:42:45+00:00","breadcrumb":{"@id":"https:\/\/www.abcsupply.com\/es\/sobre-nosotros\/premio-ken-hendricks\/#breadcrumb"},"inLanguage":"es","potentialAction":[{"@type":"ReadAction","target":["https:\/\/www.abcsupply.com\/es\/sobre-nosotros\/premio-ken-hendricks\/"]}]},{"@type":"ImageObject","inLanguage":"es","@id":"https:\/\/www.abcsupply.com\/es\/sobre-nosotros\/premio-ken-hendricks\/#primaryimage","url":"https:\/\/www.abcsupply.com\/wp-content\/uploads\/2021\/10\/Ken-Award-New.jpg","contentUrl":"https:\/\/www.abcsupply.com\/wp-content\/uploads\/2021\/10\/Ken-Award-New.jpg","width":1440,"height":460,"caption":"Trofeo del Premio Ken Hendricks"},{"@type":"BreadcrumbList","@id":"https:\/\/www.abcsupply.com\/es\/sobre-nosotros\/premio-ken-hendricks\/#breadcrumb","itemListElement":[{"@type":"ListItem","position":1,"name":"Inicio","item":"https:\/\/www.abcsupply.com\/es\/casa\/"},{"@type":"ListItem","position":2,"name":"Sobre nosotros","item":"https:\/\/www.abcsupply.com\/es\/sobre-nosotros\/"},{"@type":"ListItem","position":3,"name":"Premio Ken Hendricks"}]},{"@type":"WebSite","@id":"https:\/\/www.abcsupply.com\/es\/#website","url":"https:\/\/www.abcsupply.com\/es\/","name":"ABC Supply","description":"Built On A Foundation Of Respect","potentialAction":[{"@type":"SearchAction","target":{"@type":"EntryPoint","urlTemplate":"https:\/\/www.abcsupply.com\/es\/?s={search_term_string}"},"query-input":{"@type":"PropertyValueSpecification","valueRequired":true,"valueName":"search_term_string"}}],"inLanguage":"es"}]}},"_links":{"self":[{"href":"https:\/\/www.abcsupply.com\/es\/wp-json\/wp\/v2\/pages\/3415","targetHints":{"allow":["GET"]}}],"collection":[{"href":"https:\/\/www.abcsupply.com\/es\/wp-json\/wp\/v2\/pages"}],"about":[{"href":"https:\/\/www.abcsupply.com\/es\/wp-json\/wp\/v2\/types\/page"}],"author":[{"embeddable":true,"href":"https:\/\/www.abcsupply.com\/es\/wp-json\/wp\/v2\/users\/1"}],"replies":[{"embeddable":true,"href":"https:\/\/www.abcsupply.com\/es\/wp-json\/wp\/v2\/comments?post=3415"}],"version-history":[{"count":0,"href":"https:\/\/www.abcsupply.com\/es\/wp-json\/wp\/v2\/pages\/3415\/revisions"}],"up":[{"embeddable":true,"href":"https:\/\/www.abcsupply.com\/es\/wp-json\/wp\/v2\/pages\/3766"}],"wp:featuredmedia":[{"embeddable":true,"href":"https:\/\/www.abcsupply.com\/es\/wp-json\/wp\/v2\/media\/3149"}],"wp:attachment":[{"href":"https:\/\/www.abcsupply.com\/es\/wp-json\/wp\/v2\/media?parent=3415"}],"curies":[{"name":"wp","href":"https:\/\/api.w.org\/{rel}","templated":true}]}}