{"id":18060,"date":"2021-08-10T14:04:06","date_gmt":"2021-08-10T19:04:06","guid":{"rendered":"https:\/\/www.abcsupply.com\/sobre-nosotros\/mission-vision\/"},"modified":"2026-01-30T10:39:37","modified_gmt":"2026-01-30T16:39:37","slug":"mission-vision","status":"publish","type":"page","link":"https:\/\/www.abcsupply.com\/es\/sobre-nosotros\/mission-vision\/","title":{"rendered":"Misi\u00f3n y visi\u00f3n"},"content":{"rendered":"\t\t<div data-elementor-type=\"wp-page\" data-elementor-id=\"18060\" class=\"elementor elementor-18060 elementor-355\" data-elementor-post-type=\"page\">\n\t\t\t\t<div class=\"elementor-element elementor-element-59e9717 e-con-full e-flex e-con e-parent\" data-id=\"59e9717\" data-element_type=\"container\" data-e-type=\"container\">\n\t\t<div class=\"elementor-element elementor-element-554155e e-flex e-con-boxed e-con e-child\" data-id=\"554155e\" data-element_type=\"container\" data-e-type=\"container\">\n\t\t\t\t\t<div class=\"e-con-inner\">\n\t\t<div class=\"elementor-element elementor-element-7195a6f e-con-full e-flex e-con e-child\" data-id=\"7195a6f\" data-element_type=\"container\" data-e-type=\"container\">\n\t\t\t\t<div class=\"elementor-element elementor-element-e4aee58 elementor-widget elementor-widget-heading\" data-id=\"e4aee58\" data-element_type=\"widget\" data-e-type=\"widget\" data-widget_type=\"heading.default\">\n\t\t\t\t<div class=\"elementor-widget-container\">\n\t\t\t\t\t<h2 class=\"elementor-heading-title elementor-size-default\">Centrado en usted y sus necesidades reales<\/h2>\t\t\t\t<\/div>\n\t\t\t\t<\/div>\n\t\t\t\t<div class=\"elementor-element elementor-element-78579c96 elementor-widget elementor-widget-text-editor\" data-id=\"78579c96\" data-element_type=\"widget\" data-e-type=\"widget\" data-widget_type=\"text-editor.default\">\n\t\t\t\t<div class=\"elementor-widget-container\">\n\t\t\t\t\t\t\t\t\t<p><img fetchpriority=\"high\" decoding=\"async\" src=\"https:\/\/abcsupply.com\/wp-content\/uploads\/2021\/09\/ken-diane-480x273.jpg\" alt=\"Ken and Diane Hendricks\" width=\"480\" height=\"273\" class=\"img-fluid alignright wp-image-1951 size-medium_small\" srcset=\"https:\/\/www.abcsupply.com\/wp-content\/uploads\/2021\/09\/ken-diane-480x273.jpg 480w, https:\/\/www.abcsupply.com\/wp-content\/uploads\/2021\/09\/ken-diane-300x171.jpg 300w, https:\/\/www.abcsupply.com\/wp-content\/uploads\/2021\/09\/ken-diane-576x328.jpg 576w, https:\/\/www.abcsupply.com\/wp-content\/uploads\/2021\/09\/ken-diane.jpg 615w\" sizes=\"(max-width: 480px) 100vw, 480px\" \/>Nuestra misi\u00f3n y valores se desarrollaron con el entendimiento de que esto es, en \u00faltima instancia,<strong><em> no<\/em><\/strong> sobre nosotros, nunca lo ha sido y nunca lo ser\u00e1. En cambio, se trata de capacitar a nuestros asociados para que atiendan las necesidades comerciales del mundo real de contratistas como usted.<\/p><p>Espec\u00edficamente, nuestra misi\u00f3n declarada es ser la empresa de servicios m\u00e1s grande, mejor y m\u00e1s f\u00e1cil de distribuir productos selectos para la construcci\u00f3n de interiores y exteriores. Seremos reconocidos como una empresa centrada en los empleados que produce un compromiso de los asociados, un compromiso con el cliente y resultados financieros de primer nivel.<\/p><p>Cumplimos esa misi\u00f3n al:<\/p><ul><li>Ofrecemos las marcas y los productos que los contratistas desean y necesitan a un precio competitivo.<\/li><li>Tenemos un sistema de entrega de \u00faltima generaci\u00f3n que garantiza que los pedidos se entreguen en el lugar del trabajo en el momento y lugar necesarios.<\/li><li>Escuchamos activamente a nuestros clientes para aprender qu\u00e9 quieren y necesitan, qu\u00e9 estamos haciendo bien y c\u00f3mo podemos mejorar, y luego implementamos muchas de sus sugerencias.<\/li><li>Brindamos capacitaci\u00f3n continua para todos los asociados de ABC Supply, asegur\u00e1ndonos de que tengan el conocimiento y la experiencia que necesitan para brindar a los clientes un servicio de categor\u00eda mundial.<\/li><li>Capacitamos a todos los empleados de ABC para que puedan proporcionar a los contratistas la informaci\u00f3n y las t\u00e9cnicas que necesitan para seguir siendo competitivos en el mercado.<\/li><li>Desafiamos a nuestros asociados para que se pauten metas, fomentando as\u00ed un entorno que les ayude a cumplir esos sue\u00f1os.<\/li><li>Medimos nuestro \u00e9xito seg\u00fan el \u00e9xito de nuestros clientes. Sabemos que solo tendremos \u00e9xito cuando nuestros clientes tengan \u00e9xito.<\/li><\/ul><p>Staying true to this mission helps us realize our vision to be the supplier of choice for our contractor customers and be the greatest place to work.<\/p>\t\t\t\t\t\t\t\t<\/div>\n\t\t\t\t<\/div>\n\t\t\t\t<\/div>\n\t\t\t\t\t<\/div>\n\t\t\t\t<\/div>\n\t\t\t\t<\/div>\n\t\t\t\t<\/div>\n\t\t","protected":false},"excerpt":{"rendered":"<p>Centrado en usted y sus necesidades reales Nuestra misi\u00f3n y valores se desarrollaron con el entendimiento de que esto es, en \u00faltima instancia, no sobre [&hellip;]<\/p>\n","protected":false},"author":1,"featured_media":3136,"parent":3766,"menu_order":0,"comment_status":"closed","ping_status":"closed","template":"","meta":{"_acf_changed":false,"inline_featured_image":false,"footnotes":""},"class_list":["post-18060","page","type-page","status-publish","has-post-thumbnail","hentry"],"acf":[],"yoast_head":"<!-- This site is optimized with the Yoast SEO plugin v27.3 - https:\/\/yoast.com\/product\/yoast-seo-wordpress\/ -->\n<title>Misi\u00f3n y visi\u00f3n - ABC Supply<\/title>\n<meta name=\"robots\" content=\"index, follow, max-snippet:-1, max-image-preview:large, max-video-preview:-1\" \/>\n<link rel=\"canonical\" href=\"https:\/\/www.abcsupply.com\/es\/sobre-nosotros\/mission-vision\/\" \/>\n<meta property=\"og:locale\" content=\"es_ES\" \/>\n<meta property=\"og:type\" content=\"article\" \/>\n<meta property=\"og:title\" content=\"Misi\u00f3n y visi\u00f3n - ABC Supply\" \/>\n<meta property=\"og:description\" content=\"Centrado en usted y sus necesidades reales Nuestra misi\u00f3n y valores se desarrollaron con el entendimiento de que esto es, en \u00faltima instancia, no sobre [&hellip;]\" \/>\n<meta property=\"og:url\" content=\"https:\/\/www.abcsupply.com\/es\/sobre-nosotros\/mission-vision\/\" \/>\n<meta property=\"og:site_name\" content=\"ABC Supply\" \/>\n<meta property=\"article:modified_time\" content=\"2026-01-30T16:39:37+00:00\" \/>\n<meta property=\"og:image\" content=\"https:\/\/www.abcsupply.com\/wp-content\/uploads\/2021\/10\/133-Amarillo-9340-mission.jpg\" \/>\n\t<meta property=\"og:image:width\" content=\"1440\" \/>\n\t<meta property=\"og:image:height\" content=\"460\" \/>\n\t<meta property=\"og:image:type\" content=\"image\/jpeg\" \/>\n<meta name=\"twitter:card\" content=\"summary_large_image\" \/>\n<meta name=\"twitter:label1\" content=\"Tiempo de lectura\" \/>\n\t<meta name=\"twitter:data1\" content=\"2 minutos\" \/>\n<script type=\"application\/ld+json\" class=\"yoast-schema-graph\">{\"@context\":\"https:\\\/\\\/schema.org\",\"@graph\":[{\"@type\":\"WebPage\",\"@id\":\"https:\\\/\\\/www.abcsupply.com\\\/es\\\/sobre-nosotros\\\/mission-vision\\\/\",\"url\":\"https:\\\/\\\/www.abcsupply.com\\\/es\\\/sobre-nosotros\\\/mission-vision\\\/\",\"name\":\"Misi\u00f3n y visi\u00f3n - ABC Supply\",\"isPartOf\":{\"@id\":\"https:\\\/\\\/www.abcsupply.com\\\/es\\\/#website\"},\"primaryImageOfPage\":{\"@id\":\"https:\\\/\\\/www.abcsupply.com\\\/es\\\/sobre-nosotros\\\/mission-vision\\\/#primaryimage\"},\"image\":{\"@id\":\"https:\\\/\\\/www.abcsupply.com\\\/es\\\/sobre-nosotros\\\/mission-vision\\\/#primaryimage\"},\"thumbnailUrl\":\"https:\\\/\\\/www.abcsupply.com\\\/wp-content\\\/uploads\\\/2021\\\/10\\\/133-Amarillo-9340-mission.jpg\",\"datePublished\":\"2021-08-10T19:04:06+00:00\",\"dateModified\":\"2026-01-30T16:39:37+00:00\",\"breadcrumb\":{\"@id\":\"https:\\\/\\\/www.abcsupply.com\\\/es\\\/sobre-nosotros\\\/mission-vision\\\/#breadcrumb\"},\"inLanguage\":\"es\",\"potentialAction\":[{\"@type\":\"ReadAction\",\"target\":[\"https:\\\/\\\/www.abcsupply.com\\\/es\\\/sobre-nosotros\\\/mission-vision\\\/\"]}]},{\"@type\":\"ImageObject\",\"inLanguage\":\"es\",\"@id\":\"https:\\\/\\\/www.abcsupply.com\\\/es\\\/sobre-nosotros\\\/mission-vision\\\/#primaryimage\",\"url\":\"https:\\\/\\\/www.abcsupply.com\\\/wp-content\\\/uploads\\\/2021\\\/10\\\/133-Amarillo-9340-mission.jpg\",\"contentUrl\":\"https:\\\/\\\/www.abcsupply.com\\\/wp-content\\\/uploads\\\/2021\\\/10\\\/133-Amarillo-9340-mission.jpg\",\"width\":1440,\"height\":460,\"caption\":\"Exterior de una tienda de ABC Supply\"},{\"@type\":\"BreadcrumbList\",\"@id\":\"https:\\\/\\\/www.abcsupply.com\\\/es\\\/sobre-nosotros\\\/mission-vision\\\/#breadcrumb\",\"itemListElement\":[{\"@type\":\"ListItem\",\"position\":1,\"name\":\"Inicio\",\"item\":\"https:\\\/\\\/www.abcsupply.com\\\/es\\\/casa\\\/\"},{\"@type\":\"ListItem\",\"position\":2,\"name\":\"Sobre nosotros\",\"item\":\"https:\\\/\\\/www.abcsupply.com\\\/es\\\/sobre-nosotros\\\/\"},{\"@type\":\"ListItem\",\"position\":3,\"name\":\"Misi\u00f3n y visi\u00f3n\"}]},{\"@type\":\"WebSite\",\"@id\":\"https:\\\/\\\/www.abcsupply.com\\\/es\\\/#website\",\"url\":\"https:\\\/\\\/www.abcsupply.com\\\/es\\\/\",\"name\":\"ABC Supply\",\"description\":\"Built On A Foundation Of Respect\",\"potentialAction\":[{\"@type\":\"SearchAction\",\"target\":{\"@type\":\"EntryPoint\",\"urlTemplate\":\"https:\\\/\\\/www.abcsupply.com\\\/es\\\/?s={search_term_string}\"},\"query-input\":{\"@type\":\"PropertyValueSpecification\",\"valueRequired\":true,\"valueName\":\"search_term_string\"}}],\"inLanguage\":\"es\"}]}<\/script>\n<!-- \/ Yoast SEO plugin. -->","yoast_head_json":{"title":"Misi\u00f3n y visi\u00f3n - ABC Supply","robots":{"index":"index","follow":"follow","max-snippet":"max-snippet:-1","max-image-preview":"max-image-preview:large","max-video-preview":"max-video-preview:-1"},"canonical":"https:\/\/www.abcsupply.com\/es\/sobre-nosotros\/mission-vision\/","og_locale":"es_ES","og_type":"article","og_title":"Misi\u00f3n y visi\u00f3n - ABC Supply","og_description":"Centrado en usted y sus necesidades reales Nuestra misi\u00f3n y valores se desarrollaron con el entendimiento de que esto es, en \u00faltima instancia, no sobre [&hellip;]","og_url":"https:\/\/www.abcsupply.com\/es\/sobre-nosotros\/mission-vision\/","og_site_name":"ABC Supply","article_modified_time":"2026-01-30T16:39:37+00:00","og_image":[{"width":1440,"height":460,"url":"https:\/\/www.abcsupply.com\/wp-content\/uploads\/2021\/10\/133-Amarillo-9340-mission.jpg","type":"image\/jpeg"}],"twitter_card":"summary_large_image","twitter_misc":{"Tiempo de lectura":"2 minutos"},"schema":{"@context":"https:\/\/schema.org","@graph":[{"@type":"WebPage","@id":"https:\/\/www.abcsupply.com\/es\/sobre-nosotros\/mission-vision\/","url":"https:\/\/www.abcsupply.com\/es\/sobre-nosotros\/mission-vision\/","name":"Misi\u00f3n y visi\u00f3n - ABC Supply","isPartOf":{"@id":"https:\/\/www.abcsupply.com\/es\/#website"},"primaryImageOfPage":{"@id":"https:\/\/www.abcsupply.com\/es\/sobre-nosotros\/mission-vision\/#primaryimage"},"image":{"@id":"https:\/\/www.abcsupply.com\/es\/sobre-nosotros\/mission-vision\/#primaryimage"},"thumbnailUrl":"https:\/\/www.abcsupply.com\/wp-content\/uploads\/2021\/10\/133-Amarillo-9340-mission.jpg","datePublished":"2021-08-10T19:04:06+00:00","dateModified":"2026-01-30T16:39:37+00:00","breadcrumb":{"@id":"https:\/\/www.abcsupply.com\/es\/sobre-nosotros\/mission-vision\/#breadcrumb"},"inLanguage":"es","potentialAction":[{"@type":"ReadAction","target":["https:\/\/www.abcsupply.com\/es\/sobre-nosotros\/mission-vision\/"]}]},{"@type":"ImageObject","inLanguage":"es","@id":"https:\/\/www.abcsupply.com\/es\/sobre-nosotros\/mission-vision\/#primaryimage","url":"https:\/\/www.abcsupply.com\/wp-content\/uploads\/2021\/10\/133-Amarillo-9340-mission.jpg","contentUrl":"https:\/\/www.abcsupply.com\/wp-content\/uploads\/2021\/10\/133-Amarillo-9340-mission.jpg","width":1440,"height":460,"caption":"Exterior de una tienda de ABC Supply"},{"@type":"BreadcrumbList","@id":"https:\/\/www.abcsupply.com\/es\/sobre-nosotros\/mission-vision\/#breadcrumb","itemListElement":[{"@type":"ListItem","position":1,"name":"Inicio","item":"https:\/\/www.abcsupply.com\/es\/casa\/"},{"@type":"ListItem","position":2,"name":"Sobre nosotros","item":"https:\/\/www.abcsupply.com\/es\/sobre-nosotros\/"},{"@type":"ListItem","position":3,"name":"Misi\u00f3n y visi\u00f3n"}]},{"@type":"WebSite","@id":"https:\/\/www.abcsupply.com\/es\/#website","url":"https:\/\/www.abcsupply.com\/es\/","name":"ABC Supply","description":"Built On A Foundation Of Respect","potentialAction":[{"@type":"SearchAction","target":{"@type":"EntryPoint","urlTemplate":"https:\/\/www.abcsupply.com\/es\/?s={search_term_string}"},"query-input":{"@type":"PropertyValueSpecification","valueRequired":true,"valueName":"search_term_string"}}],"inLanguage":"es"}]}},"_links":{"self":[{"href":"https:\/\/www.abcsupply.com\/es\/wp-json\/wp\/v2\/pages\/18060","targetHints":{"allow":["GET"]}}],"collection":[{"href":"https:\/\/www.abcsupply.com\/es\/wp-json\/wp\/v2\/pages"}],"about":[{"href":"https:\/\/www.abcsupply.com\/es\/wp-json\/wp\/v2\/types\/page"}],"author":[{"embeddable":true,"href":"https:\/\/www.abcsupply.com\/es\/wp-json\/wp\/v2\/users\/1"}],"replies":[{"embeddable":true,"href":"https:\/\/www.abcsupply.com\/es\/wp-json\/wp\/v2\/comments?post=18060"}],"version-history":[{"count":0,"href":"https:\/\/www.abcsupply.com\/es\/wp-json\/wp\/v2\/pages\/18060\/revisions"}],"up":[{"embeddable":true,"href":"https:\/\/www.abcsupply.com\/es\/wp-json\/wp\/v2\/pages\/3766"}],"wp:featuredmedia":[{"embeddable":true,"href":"https:\/\/www.abcsupply.com\/es\/wp-json\/wp\/v2\/media\/3136"}],"wp:attachment":[{"href":"https:\/\/www.abcsupply.com\/es\/wp-json\/wp\/v2\/media?parent=18060"}],"curies":[{"name":"wp","href":"https:\/\/api.w.org\/{rel}","templated":true}]}}