{"id":18050,"date":"2021-09-08T18:24:49","date_gmt":"2021-09-08T23:24:49","guid":{"rendered":"https:\/\/www.abcsupply.com\/centro-de-contratistas\/for-homeowners\/"},"modified":"2026-01-30T11:22:24","modified_gmt":"2026-01-30T17:22:24","slug":"for-homeowners","status":"publish","type":"page","link":"https:\/\/www.abcsupply.com\/es\/centro-de-contratistas\/for-homeowners\/","title":{"rendered":"Para propietarios de viviendas"},"content":{"rendered":"\t\t<div data-elementor-type=\"wp-page\" data-elementor-id=\"18050\" class=\"elementor elementor-18050 elementor-1405\" data-elementor-post-type=\"page\">\n\t\t\t\t<div class=\"elementor-element elementor-element-30692df e-con-full e-flex e-con e-parent\" data-id=\"30692df\" data-element_type=\"container\" data-e-type=\"container\">\n\t\t<div class=\"elementor-element elementor-element-5941694 e-flex e-con-boxed e-con e-child\" data-id=\"5941694\" data-element_type=\"container\" data-e-type=\"container\">\n\t\t\t\t\t<div class=\"e-con-inner\">\n\t\t<div class=\"elementor-element elementor-element-96612df e-con-full e-flex e-con e-child\" data-id=\"96612df\" data-element_type=\"container\" data-e-type=\"container\">\n\t\t\t\t<div class=\"elementor-element elementor-element-246b0f1b elementor-widget elementor-widget-text-editor\" data-id=\"246b0f1b\" data-element_type=\"widget\" data-e-type=\"widget\" data-widget_type=\"text-editor.default\">\n\t\t\t\t<div class=\"elementor-widget-container\">\n\t\t\t\t\t\t\t\t\t<p>ABC Supply es el distribuidor mayorista de productos para techos m\u00e1s grande de Estados Unidos. Tambi\u00e9n es proveedor a nivel nacional de revestimientos exteriores, canaletas y productos de protecci\u00f3n contra la lluvia, puertas, ventanas y productos para terrazas. Como distribuidor, solamente vendemos productos a contratistas profesionales con licencia dentro de las comunidades a las que brindamos servicios. <\/p><p>Para encontrar un contratista para su proyecto, comun\u00edquese con su c\u00e1mara de comercio local, la agencia Better Business Bureau o con un sitio de rese\u00f1as en l\u00ednea. Cuando encuentre un contratista con el que desee trabajar, preg\u00fantele si utiliza ABC Supply como su proveedor de materiales y, si encuentra un contratista que no trabaje con nosotros, dir\u00edjalo a nuestro sitio web. <\/p><p>\u00a1Buena suerte en tu pr\u00f3ximo proyecto!<\/p>\t\t\t\t\t\t\t\t<\/div>\n\t\t\t\t<\/div>\n\t\t\t\t<\/div>\n\t\t\t\t\t<\/div>\n\t\t\t\t<\/div>\n\t\t\t\t<\/div>\n\t\t\t\t<\/div>\n\t\t","protected":false},"excerpt":{"rendered":"<p>ABC Supply es el distribuidor mayorista de productos para techos m\u00e1s grande de Estados Unidos. Tambi\u00e9n es proveedor a nivel nacional de revestimientos exteriores, canaletas [&hellip;]<\/p>\n","protected":false},"author":1,"featured_media":3064,"parent":3716,"menu_order":0,"comment_status":"closed","ping_status":"closed","template":"","meta":{"_acf_changed":false,"inline_featured_image":false,"footnotes":""},"class_list":["post-18050","page","type-page","status-publish","has-post-thumbnail","hentry"],"acf":[],"yoast_head":"<!-- This site is optimized with the Yoast SEO plugin v27.3 - https:\/\/yoast.com\/product\/yoast-seo-wordpress\/ -->\n<title>Para propietarios de viviendas - ABC Supply<\/title>\n<meta name=\"robots\" content=\"index, follow, max-snippet:-1, max-image-preview:large, max-video-preview:-1\" \/>\n<link rel=\"canonical\" href=\"https:\/\/www.abcsupply.com\/es\/centro-de-contratistas\/for-homeowners\/\" \/>\n<meta property=\"og:locale\" content=\"es_ES\" \/>\n<meta property=\"og:type\" content=\"article\" \/>\n<meta property=\"og:title\" content=\"Para propietarios de viviendas - ABC Supply\" \/>\n<meta property=\"og:description\" content=\"ABC Supply es el distribuidor mayorista de productos para techos m\u00e1s grande de Estados Unidos. Tambi\u00e9n es proveedor a nivel nacional de revestimientos exteriores, canaletas [&hellip;]\" \/>\n<meta property=\"og:url\" content=\"https:\/\/www.abcsupply.com\/es\/centro-de-contratistas\/for-homeowners\/\" \/>\n<meta property=\"og:site_name\" content=\"ABC Supply\" \/>\n<meta property=\"article:modified_time\" content=\"2026-01-30T17:22:24+00:00\" \/>\n<meta property=\"og:image\" content=\"https:\/\/www.abcsupply.com\/wp-content\/uploads\/2021\/09\/AdobeStock_83788414-homeowners.jpg\" \/>\n\t<meta property=\"og:image:width\" content=\"1440\" \/>\n\t<meta property=\"og:image:height\" content=\"460\" \/>\n\t<meta property=\"og:image:type\" content=\"image\/jpeg\" \/>\n<meta name=\"twitter:card\" content=\"summary_large_image\" \/>\n<meta name=\"twitter:label1\" content=\"Tiempo de lectura\" \/>\n\t<meta name=\"twitter:data1\" content=\"1 minuto\" \/>\n<script type=\"application\/ld+json\" class=\"yoast-schema-graph\">{\"@context\":\"https:\\\/\\\/schema.org\",\"@graph\":[{\"@type\":\"WebPage\",\"@id\":\"https:\\\/\\\/www.abcsupply.com\\\/es\\\/centro-de-contratistas\\\/for-homeowners\\\/\",\"url\":\"https:\\\/\\\/www.abcsupply.com\\\/es\\\/centro-de-contratistas\\\/for-homeowners\\\/\",\"name\":\"Para propietarios de viviendas - ABC Supply\",\"isPartOf\":{\"@id\":\"https:\\\/\\\/www.abcsupply.com\\\/es\\\/#website\"},\"primaryImageOfPage\":{\"@id\":\"https:\\\/\\\/www.abcsupply.com\\\/es\\\/centro-de-contratistas\\\/for-homeowners\\\/#primaryimage\"},\"image\":{\"@id\":\"https:\\\/\\\/www.abcsupply.com\\\/es\\\/centro-de-contratistas\\\/for-homeowners\\\/#primaryimage\"},\"thumbnailUrl\":\"https:\\\/\\\/www.abcsupply.com\\\/wp-content\\\/uploads\\\/2021\\\/09\\\/AdobeStock_83788414-homeowners.jpg\",\"datePublished\":\"2021-09-08T23:24:49+00:00\",\"dateModified\":\"2026-01-30T17:22:24+00:00\",\"breadcrumb\":{\"@id\":\"https:\\\/\\\/www.abcsupply.com\\\/es\\\/centro-de-contratistas\\\/for-homeowners\\\/#breadcrumb\"},\"inLanguage\":\"es\",\"potentialAction\":[{\"@type\":\"ReadAction\",\"target\":[\"https:\\\/\\\/www.abcsupply.com\\\/es\\\/centro-de-contratistas\\\/for-homeowners\\\/\"]}]},{\"@type\":\"ImageObject\",\"inLanguage\":\"es\",\"@id\":\"https:\\\/\\\/www.abcsupply.com\\\/es\\\/centro-de-contratistas\\\/for-homeowners\\\/#primaryimage\",\"url\":\"https:\\\/\\\/www.abcsupply.com\\\/wp-content\\\/uploads\\\/2021\\\/09\\\/AdobeStock_83788414-homeowners.jpg\",\"contentUrl\":\"https:\\\/\\\/www.abcsupply.com\\\/wp-content\\\/uploads\\\/2021\\\/09\\\/AdobeStock_83788414-homeowners.jpg\",\"width\":1440,\"height\":460,\"caption\":\"Serie en un sitio de construcci\u00f3n de viviendas nuevas. Incluye trabajador de la construcci\u00f3n \\\/ constructor, agentes inmobiliarios y una pareja joven de raza blanca.\"},{\"@type\":\"BreadcrumbList\",\"@id\":\"https:\\\/\\\/www.abcsupply.com\\\/es\\\/centro-de-contratistas\\\/for-homeowners\\\/#breadcrumb\",\"itemListElement\":[{\"@type\":\"ListItem\",\"position\":1,\"name\":\"Inicio\",\"item\":\"https:\\\/\\\/www.abcsupply.com\\\/es\\\/casa\\\/\"},{\"@type\":\"ListItem\",\"position\":2,\"name\":\"Centro de contratistas\",\"item\":\"https:\\\/\\\/www.abcsupply.com\\\/es\\\/centro-de-contratistas\\\/\"},{\"@type\":\"ListItem\",\"position\":3,\"name\":\"Para propietarios de viviendas\"}]},{\"@type\":\"WebSite\",\"@id\":\"https:\\\/\\\/www.abcsupply.com\\\/es\\\/#website\",\"url\":\"https:\\\/\\\/www.abcsupply.com\\\/es\\\/\",\"name\":\"ABC Supply\",\"description\":\"Built On A Foundation Of Respect\",\"potentialAction\":[{\"@type\":\"SearchAction\",\"target\":{\"@type\":\"EntryPoint\",\"urlTemplate\":\"https:\\\/\\\/www.abcsupply.com\\\/es\\\/?s={search_term_string}\"},\"query-input\":{\"@type\":\"PropertyValueSpecification\",\"valueRequired\":true,\"valueName\":\"search_term_string\"}}],\"inLanguage\":\"es\"}]}<\/script>\n<!-- \/ Yoast SEO plugin. -->","yoast_head_json":{"title":"Para propietarios de viviendas - ABC Supply","robots":{"index":"index","follow":"follow","max-snippet":"max-snippet:-1","max-image-preview":"max-image-preview:large","max-video-preview":"max-video-preview:-1"},"canonical":"https:\/\/www.abcsupply.com\/es\/centro-de-contratistas\/for-homeowners\/","og_locale":"es_ES","og_type":"article","og_title":"Para propietarios de viviendas - ABC Supply","og_description":"ABC Supply es el distribuidor mayorista de productos para techos m\u00e1s grande de Estados Unidos. Tambi\u00e9n es proveedor a nivel nacional de revestimientos exteriores, canaletas [&hellip;]","og_url":"https:\/\/www.abcsupply.com\/es\/centro-de-contratistas\/for-homeowners\/","og_site_name":"ABC Supply","article_modified_time":"2026-01-30T17:22:24+00:00","og_image":[{"width":1440,"height":460,"url":"https:\/\/www.abcsupply.com\/wp-content\/uploads\/2021\/09\/AdobeStock_83788414-homeowners.jpg","type":"image\/jpeg"}],"twitter_card":"summary_large_image","twitter_misc":{"Tiempo de lectura":"1 minuto"},"schema":{"@context":"https:\/\/schema.org","@graph":[{"@type":"WebPage","@id":"https:\/\/www.abcsupply.com\/es\/centro-de-contratistas\/for-homeowners\/","url":"https:\/\/www.abcsupply.com\/es\/centro-de-contratistas\/for-homeowners\/","name":"Para propietarios de viviendas - ABC Supply","isPartOf":{"@id":"https:\/\/www.abcsupply.com\/es\/#website"},"primaryImageOfPage":{"@id":"https:\/\/www.abcsupply.com\/es\/centro-de-contratistas\/for-homeowners\/#primaryimage"},"image":{"@id":"https:\/\/www.abcsupply.com\/es\/centro-de-contratistas\/for-homeowners\/#primaryimage"},"thumbnailUrl":"https:\/\/www.abcsupply.com\/wp-content\/uploads\/2021\/09\/AdobeStock_83788414-homeowners.jpg","datePublished":"2021-09-08T23:24:49+00:00","dateModified":"2026-01-30T17:22:24+00:00","breadcrumb":{"@id":"https:\/\/www.abcsupply.com\/es\/centro-de-contratistas\/for-homeowners\/#breadcrumb"},"inLanguage":"es","potentialAction":[{"@type":"ReadAction","target":["https:\/\/www.abcsupply.com\/es\/centro-de-contratistas\/for-homeowners\/"]}]},{"@type":"ImageObject","inLanguage":"es","@id":"https:\/\/www.abcsupply.com\/es\/centro-de-contratistas\/for-homeowners\/#primaryimage","url":"https:\/\/www.abcsupply.com\/wp-content\/uploads\/2021\/09\/AdobeStock_83788414-homeowners.jpg","contentUrl":"https:\/\/www.abcsupply.com\/wp-content\/uploads\/2021\/09\/AdobeStock_83788414-homeowners.jpg","width":1440,"height":460,"caption":"Serie en un sitio de construcci\u00f3n de viviendas nuevas. Incluye trabajador de la construcci\u00f3n \/ constructor, agentes inmobiliarios y una pareja joven de raza blanca."},{"@type":"BreadcrumbList","@id":"https:\/\/www.abcsupply.com\/es\/centro-de-contratistas\/for-homeowners\/#breadcrumb","itemListElement":[{"@type":"ListItem","position":1,"name":"Inicio","item":"https:\/\/www.abcsupply.com\/es\/casa\/"},{"@type":"ListItem","position":2,"name":"Centro de contratistas","item":"https:\/\/www.abcsupply.com\/es\/centro-de-contratistas\/"},{"@type":"ListItem","position":3,"name":"Para propietarios de viviendas"}]},{"@type":"WebSite","@id":"https:\/\/www.abcsupply.com\/es\/#website","url":"https:\/\/www.abcsupply.com\/es\/","name":"ABC Supply","description":"Built On A Foundation Of Respect","potentialAction":[{"@type":"SearchAction","target":{"@type":"EntryPoint","urlTemplate":"https:\/\/www.abcsupply.com\/es\/?s={search_term_string}"},"query-input":{"@type":"PropertyValueSpecification","valueRequired":true,"valueName":"search_term_string"}}],"inLanguage":"es"}]}},"_links":{"self":[{"href":"https:\/\/www.abcsupply.com\/es\/wp-json\/wp\/v2\/pages\/18050","targetHints":{"allow":["GET"]}}],"collection":[{"href":"https:\/\/www.abcsupply.com\/es\/wp-json\/wp\/v2\/pages"}],"about":[{"href":"https:\/\/www.abcsupply.com\/es\/wp-json\/wp\/v2\/types\/page"}],"author":[{"embeddable":true,"href":"https:\/\/www.abcsupply.com\/es\/wp-json\/wp\/v2\/users\/1"}],"replies":[{"embeddable":true,"href":"https:\/\/www.abcsupply.com\/es\/wp-json\/wp\/v2\/comments?post=18050"}],"version-history":[{"count":0,"href":"https:\/\/www.abcsupply.com\/es\/wp-json\/wp\/v2\/pages\/18050\/revisions"}],"up":[{"embeddable":true,"href":"https:\/\/www.abcsupply.com\/es\/wp-json\/wp\/v2\/pages\/3716"}],"wp:featuredmedia":[{"embeddable":true,"href":"https:\/\/www.abcsupply.com\/es\/wp-json\/wp\/v2\/media\/3064"}],"wp:attachment":[{"href":"https:\/\/www.abcsupply.com\/es\/wp-json\/wp\/v2\/media?parent=18050"}],"curies":[{"name":"wp","href":"https:\/\/api.w.org\/{rel}","templated":true}]}}