{"id":17764,"date":"2021-09-16T20:40:50","date_gmt":"2021-09-17T01:40:50","guid":{"rendered":"https:\/\/www.abcsupply.com\/sobre-nosotros\/en-la-comunidad\/"},"modified":"2026-01-29T13:28:52","modified_gmt":"2026-01-29T19:28:52","slug":"en-la-comunidad","status":"publish","type":"page","link":"https:\/\/www.abcsupply.com\/es\/sobre-nosotros\/en-la-comunidad\/","title":{"rendered":"En la comunidad"},"content":{"rendered":"\t\t<div data-elementor-type=\"wp-page\" data-elementor-id=\"17764\" class=\"elementor elementor-17764 elementor-1967\" data-elementor-post-type=\"page\">\n\t\t\t\t<div class=\"elementor-element elementor-element-f1ee028 e-flex e-con-boxed e-con e-parent\" data-id=\"f1ee028\" data-element_type=\"container\" data-e-type=\"container\">\n\t\t\t\t\t<div class=\"e-con-inner\">\n\t\t<div class=\"elementor-element elementor-element-17ae05e e-con-full e-flex e-con e-child\" data-id=\"17ae05e\" data-element_type=\"container\" data-e-type=\"container\">\n\t\t<div class=\"elementor-element elementor-element-186225f e-con-full e-flex e-con e-child\" data-id=\"186225f\" data-element_type=\"container\" data-e-type=\"container\">\n\t\t\t\t<div class=\"elementor-element elementor-element-6c534ec elementor-widget elementor-widget-heading\" data-id=\"6c534ec\" data-element_type=\"widget\" data-e-type=\"widget\" data-widget_type=\"heading.default\">\n\t\t\t\t<div class=\"elementor-widget-container\">\n\t\t\t\t\t<h2 class=\"elementor-heading-title elementor-size-default\">Retribuir lo recibido de nuestras comunidades<\/h2>\t\t\t\t<\/div>\n\t\t\t\t<\/div>\n\t\t\t\t<div class=\"elementor-element elementor-element-5b0b0e5 elementor-widget elementor-widget-text-editor\" data-id=\"5b0b0e5\" data-element_type=\"widget\" data-e-type=\"widget\" data-widget_type=\"text-editor.default\">\n\t\t\t\t<div class=\"elementor-widget-container\">\n\t\t\t\t\t\t\t\t\t<p>Ya sea como voluntarios en un programa de tutor\u00eda extraescolar, repartiendo comida sobre ruedas con el programa Meals on Wheels, recaudando fondos para United Way o colaborando con Habitat for Humanity, los empleados de ABC Supply marcan la diferencia en nuestras comunidades locales. Retribuir no solo es una forma estupenda de encarnar uno de nuestros <a href=\"https:\/\/abcsupply.com\/about-us\/core-purpose-values\/\">Valores Centrales<\/a>, sino que tambi\u00e9n implica hacer lo correcto.  <\/p><p>Nos sentimos inspirados por aquellas organizaciones que hacen la diferencia y nos enorgullece tener una alianza sostenida con organizaciones como <a href=\"https:\/\/support.hfotusa.org\/site\/Donation2?1640.donation=form1&amp;df_id=1640&amp;set.SingleDesignee=1001&amp;_ga=2.100200984.785004324.1694710081-1385926880.1694710081&amp;_gl=1*d45mbe*_ga*MTM4NTkyNjg4MC4xNjk0NzEwMDgx*_ga_FXQ5EGSD2Q*MTY5NDcxMDA4MS4xLjAuMTY5NDcxMDA4MS42MC4wLjA.\">Homes For Our Troops<\/a>, <a href=\"https:\/\/secure2.wish.org\/site\/SPageServer?pagename=donate_today&amp;chid=100-000\">Make-A-Wish\u00ae<\/a>, <a href=\"https:\/\/recruitmilitary.com\/job-seekers?creative=578457669490&amp;keyword=recruitmilitary&amp;matchtype=b&amp;network=g&amp;device=c&amp;gclid=CjwKCAjwjaWoBhAmEiwAXz8DBYnvVa7auQVjDNFZAxO5J2qVPy1J98J_Ys_6HmTXrL743abMXYER4BoC3-IQAvD_BwE\">RecruitMilitary <br><\/a> y <a href=\"https:\/\/armypays.com\/\">Army Partnership for Your Success (PaYS)<\/a>.<\/p>\t\t\t\t\t\t\t\t<\/div>\n\t\t\t\t<\/div>\n\t\t\t\t<\/div>\n\t\t<div class=\"elementor-element elementor-element-1e5a045 e-con-full e-flex e-con e-child\" data-id=\"1e5a045\" data-element_type=\"container\" data-e-type=\"container\">\n\t\t\t\t<div class=\"elementor-element elementor-element-341b80e elementor-widget elementor-widget-video\" data-id=\"341b80e\" data-element_type=\"widget\" data-e-type=\"widget\" data-settings=\"{&quot;youtube_url&quot;:&quot;https:\\\/\\\/www.youtube.com\\\/watch?v=vdEMVjH-Zlo&quot;,&quot;video_type&quot;:&quot;youtube&quot;}\" data-widget_type=\"video.default\">\n\t\t\t\t<div class=\"elementor-widget-container\">\n\t\t\t\t\t\t\t<div class=\"elementor-wrapper elementor-open-inline\">\n\t\t\t<div class=\"elementor-video\"><\/div>\t\t<\/div>\n\t\t\t\t\t\t<\/div>\n\t\t\t\t<\/div>\n\t\t\t\t<\/div>\n\t\t\t\t<\/div>\n\t\t\t\t\t<\/div>\n\t\t\t\t<\/div>\n\t\t<div class=\"elementor-element elementor-element-07f025d e-flex e-con-boxed e-con e-parent\" data-id=\"07f025d\" data-element_type=\"container\" data-e-type=\"container\" data-settings=\"{&quot;background_background&quot;:&quot;classic&quot;}\">\n\t\t\t\t\t<div class=\"e-con-inner\">\n\t\t<div class=\"elementor-element elementor-element-bc9d2cc e-con-full e-flex e-con e-child\" data-id=\"bc9d2cc\" data-element_type=\"container\" data-e-type=\"container\">\n\t\t<div class=\"elementor-element elementor-element-d166a6d e-con-full e-flex e-con e-child\" data-id=\"d166a6d\" data-element_type=\"container\" data-e-type=\"container\">\n\t\t\t\t<div class=\"elementor-element elementor-element-ac227b8 elementor-widget elementor-widget-text-editor\" data-id=\"ac227b8\" data-element_type=\"widget\" data-e-type=\"widget\" data-widget_type=\"text-editor.default\">\n\t\t\t\t<div class=\"elementor-widget-container\">\n\t\t\t\t\t\t\t\t\t<ul class=\"wp-block-list\"><li><a href=\"https:\/\/support.hfotusa.org\/site\/Donation2?1640.donation=form1&amp;df_id=1640&amp;set.SingleDesignee=1001&amp;_ga=2.222378015.583815832.1695069521-1434807244.1693246771&amp;_gl=1*c0koj3*_ga*MTQzNDgwNzI0NC4xNjkzMjQ2Nzcx*_ga_FXQ5EGSD2Q*MTY5NTA2OTUyMS4xMC4wLjE2OTUwNjk1MjEuNjAuMC4w\">Homes For Our Troops<\/a>: solo este a\u00f1o, hemos recaudado m\u00e1s de 5,2 millones de d\u00f3lares para Homes For Our Troops a trav\u00e9s de nuestra campa\u00f1a de donaciones Indy 500 &#8211; y con nuestro mill\u00f3n de d\u00f3lares de contrapartida, pudimos donar m\u00e1s de 5,2 millones de d\u00f3lares para ayudar a los veteranos de guerra a reconstruir sus vidas.<\/li><li><a href=\"https:\/\/secure2.wish.org\/site\/SPageServer?pagename=donate_today&amp;chid=100-000\">Make-A-Wish<\/a>: como orgullosos patrocinadores Champion de Make-A-Wish\u00ae, tambi\u00e9n nos apasiona cumplir deseos que cambien la vida de ni\u00f1os con enfermedades cr\u00edticas. <a href=\"https:\/\/abcsupply.ca\/news-events\/delivering-hope-and-joy-with-make-a-wish\/\">Descubre c\u00f3mo nuestro mill\u00f3n de d\u00f3lares en aportaciones anuales ya ha hecho realidad algunos sue\u00f1os.<\/a><\/li><li><a href=\"https:\/\/recruitmilitary.com\/job-seekers?creative=578457669490&amp;keyword=recruitmilitary&amp;matchtype=b&amp;network=g&amp;device=c&amp;gclid=CjwKCAjw6p-oBhAYEiwAgg2PggMjg_3FMdAlS6BQs3hDt-GEaQ8Bgq7z4N7faOtBzSgwKA2CeTk5VhoCp_sQAvD_BwE\">RecruitMilitary<\/a> y <a href=\"https:\/\/www.armypays.com\/\">Army Partnership for Your Success (PaYS)<\/a>: a trav\u00e9s de nuestra alianza con <a href=\"https:\/\/www.military.com\/\" target=\"_blank\" rel=\"noreferrer noopener\">military.com<\/a>, reafirmamos con orgullo nuestro compromiso de contratar veteranos de las Fuerzas Armadas de Estados Unidos. Nuestro trabajo con RecruitMilitary y con Army Partnership for Your Success (PaYS) nos ayuda a hacer nuestro compromiso realidad, pues nos conecta con talentosos veteranos de las Fuerzas Armadas de EE. UU. para que podamos contribuir a que estos h\u00e9roes encuentren oportunidades profesionales tras su servicio.<a href=\"https:\/\/careers.abcsupply.com\/military-commitment\">Obtenga m\u00e1s informaci\u00f3n sobre nuestro compromiso con la comunidad militar.<\/a><\/li><\/ul>\t\t\t\t\t\t\t\t<\/div>\n\t\t\t\t<\/div>\n\t\t\t\t<div class=\"elementor-element elementor-element-72996e1 elementor-widget elementor-widget-text-editor\" data-id=\"72996e1\" data-element_type=\"widget\" data-e-type=\"widget\" data-widget_type=\"text-editor.default\">\n\t\t\t\t<div class=\"elementor-widget-container\">\n\t\t\t\t\t\t\t\t\t<p>Si bien nos entusiasma ver el impacto de nuestros esfuerzos, estamos comprometidos a ser un agente catalizador de cambio para el futuro tambi\u00e9n. \u00a1\u00danete a nuestra misi\u00f3n de retribuir lo recibido contribuyendo hoy con uno de nuestros aliados!<br> <\/p>\t\t\t\t\t\t\t\t<\/div>\n\t\t\t\t<\/div>\n\t\t\t\t<\/div>\n\t\t\t\t<\/div>\n\t\t\t\t\t<\/div>\n\t\t\t\t<\/div>\n\t\t\t\t<\/div>\n\t\t","protected":false},"excerpt":{"rendered":"<p>Retribuir lo recibido de nuestras comunidades Ya sea como voluntarios en un programa de tutor\u00eda extraescolar, repartiendo comida sobre ruedas con el programa Meals on [&hellip;]<\/p>\n","protected":false},"author":1,"featured_media":5965,"parent":3766,"menu_order":0,"comment_status":"closed","ping_status":"closed","template":"","meta":{"_acf_changed":false,"inline_featured_image":false,"footnotes":""},"class_list":["post-17764","page","type-page","status-publish","has-post-thumbnail","hentry"],"acf":[],"yoast_head":"<!-- This site is optimized with the Yoast SEO plugin v27.4 - https:\/\/yoast.com\/product\/yoast-seo-wordpress\/ -->\n<title>En la comunidad - ABC Supply<\/title>\n<meta name=\"robots\" content=\"index, follow, max-snippet:-1, max-image-preview:large, max-video-preview:-1\" \/>\n<link rel=\"canonical\" href=\"https:\/\/www.abcsupply.com\/es\/sobre-nosotros\/en-la-comunidad\/\" \/>\n<meta property=\"og:locale\" content=\"es_ES\" \/>\n<meta property=\"og:type\" content=\"article\" \/>\n<meta property=\"og:title\" content=\"En la comunidad - ABC Supply\" \/>\n<meta property=\"og:description\" content=\"Retribuir lo recibido de nuestras comunidades Ya sea como voluntarios en un programa de tutor\u00eda extraescolar, repartiendo comida sobre ruedas con el programa Meals on [&hellip;]\" \/>\n<meta property=\"og:url\" content=\"https:\/\/www.abcsupply.com\/es\/sobre-nosotros\/en-la-comunidad\/\" \/>\n<meta property=\"og:site_name\" content=\"ABC Supply\" \/>\n<meta property=\"article:modified_time\" content=\"2026-01-29T19:28:52+00:00\" \/>\n<meta property=\"og:image\" content=\"https:\/\/www.abcsupply.com\/wp-content\/uploads\/2021\/12\/community.jpg\" \/>\n\t<meta property=\"og:image:width\" content=\"768\" \/>\n\t<meta property=\"og:image:height\" content=\"245\" \/>\n\t<meta property=\"og:image:type\" content=\"image\/jpeg\" \/>\n<meta name=\"twitter:card\" content=\"summary_large_image\" \/>\n<meta name=\"twitter:label1\" content=\"Tiempo de lectura\" \/>\n\t<meta name=\"twitter:data1\" content=\"2 minutos\" \/>\n<script type=\"application\/ld+json\" class=\"yoast-schema-graph\">{\"@context\":\"https:\\\/\\\/schema.org\",\"@graph\":[{\"@type\":\"WebPage\",\"@id\":\"https:\\\/\\\/www.abcsupply.com\\\/es\\\/sobre-nosotros\\\/en-la-comunidad\\\/\",\"url\":\"https:\\\/\\\/www.abcsupply.com\\\/es\\\/sobre-nosotros\\\/en-la-comunidad\\\/\",\"name\":\"En la comunidad - ABC Supply\",\"isPartOf\":{\"@id\":\"https:\\\/\\\/www.abcsupply.com\\\/es\\\/#website\"},\"primaryImageOfPage\":{\"@id\":\"https:\\\/\\\/www.abcsupply.com\\\/es\\\/sobre-nosotros\\\/en-la-comunidad\\\/#primaryimage\"},\"image\":{\"@id\":\"https:\\\/\\\/www.abcsupply.com\\\/es\\\/sobre-nosotros\\\/en-la-comunidad\\\/#primaryimage\"},\"thumbnailUrl\":\"https:\\\/\\\/www.abcsupply.com\\\/wp-content\\\/uploads\\\/2021\\\/12\\\/community.jpg\",\"datePublished\":\"2021-09-17T01:40:50+00:00\",\"dateModified\":\"2026-01-29T19:28:52+00:00\",\"breadcrumb\":{\"@id\":\"https:\\\/\\\/www.abcsupply.com\\\/es\\\/sobre-nosotros\\\/en-la-comunidad\\\/#breadcrumb\"},\"inLanguage\":\"es\",\"potentialAction\":[{\"@type\":\"ReadAction\",\"target\":[\"https:\\\/\\\/www.abcsupply.com\\\/es\\\/sobre-nosotros\\\/en-la-comunidad\\\/\"]}]},{\"@type\":\"ImageObject\",\"inLanguage\":\"es\",\"@id\":\"https:\\\/\\\/www.abcsupply.com\\\/es\\\/sobre-nosotros\\\/en-la-comunidad\\\/#primaryimage\",\"url\":\"https:\\\/\\\/www.abcsupply.com\\\/wp-content\\\/uploads\\\/2021\\\/12\\\/community.jpg\",\"contentUrl\":\"https:\\\/\\\/www.abcsupply.com\\\/wp-content\\\/uploads\\\/2021\\\/12\\\/community.jpg\",\"width\":768,\"height\":245},{\"@type\":\"BreadcrumbList\",\"@id\":\"https:\\\/\\\/www.abcsupply.com\\\/es\\\/sobre-nosotros\\\/en-la-comunidad\\\/#breadcrumb\",\"itemListElement\":[{\"@type\":\"ListItem\",\"position\":1,\"name\":\"Inicio\",\"item\":\"https:\\\/\\\/www.abcsupply.com\\\/es\\\/casa\\\/\"},{\"@type\":\"ListItem\",\"position\":2,\"name\":\"Sobre nosotros\",\"item\":\"https:\\\/\\\/www.abcsupply.com\\\/es\\\/sobre-nosotros\\\/\"},{\"@type\":\"ListItem\",\"position\":3,\"name\":\"En la comunidad\"}]},{\"@type\":\"WebSite\",\"@id\":\"https:\\\/\\\/www.abcsupply.com\\\/es\\\/#website\",\"url\":\"https:\\\/\\\/www.abcsupply.com\\\/es\\\/\",\"name\":\"ABC Supply\",\"description\":\"Built On A Foundation Of Respect\",\"potentialAction\":[{\"@type\":\"SearchAction\",\"target\":{\"@type\":\"EntryPoint\",\"urlTemplate\":\"https:\\\/\\\/www.abcsupply.com\\\/es\\\/?s={search_term_string}\"},\"query-input\":{\"@type\":\"PropertyValueSpecification\",\"valueRequired\":true,\"valueName\":\"search_term_string\"}}],\"inLanguage\":\"es\"}]}<\/script>\n<!-- \/ Yoast SEO plugin. -->","yoast_head_json":{"title":"En la comunidad - ABC Supply","robots":{"index":"index","follow":"follow","max-snippet":"max-snippet:-1","max-image-preview":"max-image-preview:large","max-video-preview":"max-video-preview:-1"},"canonical":"https:\/\/www.abcsupply.com\/es\/sobre-nosotros\/en-la-comunidad\/","og_locale":"es_ES","og_type":"article","og_title":"En la comunidad - ABC Supply","og_description":"Retribuir lo recibido de nuestras comunidades Ya sea como voluntarios en un programa de tutor\u00eda extraescolar, repartiendo comida sobre ruedas con el programa Meals on [&hellip;]","og_url":"https:\/\/www.abcsupply.com\/es\/sobre-nosotros\/en-la-comunidad\/","og_site_name":"ABC Supply","article_modified_time":"2026-01-29T19:28:52+00:00","og_image":[{"width":768,"height":245,"url":"https:\/\/www.abcsupply.com\/wp-content\/uploads\/2021\/12\/community.jpg","type":"image\/jpeg"}],"twitter_card":"summary_large_image","twitter_misc":{"Tiempo de lectura":"2 minutos"},"schema":{"@context":"https:\/\/schema.org","@graph":[{"@type":"WebPage","@id":"https:\/\/www.abcsupply.com\/es\/sobre-nosotros\/en-la-comunidad\/","url":"https:\/\/www.abcsupply.com\/es\/sobre-nosotros\/en-la-comunidad\/","name":"En la comunidad - ABC Supply","isPartOf":{"@id":"https:\/\/www.abcsupply.com\/es\/#website"},"primaryImageOfPage":{"@id":"https:\/\/www.abcsupply.com\/es\/sobre-nosotros\/en-la-comunidad\/#primaryimage"},"image":{"@id":"https:\/\/www.abcsupply.com\/es\/sobre-nosotros\/en-la-comunidad\/#primaryimage"},"thumbnailUrl":"https:\/\/www.abcsupply.com\/wp-content\/uploads\/2021\/12\/community.jpg","datePublished":"2021-09-17T01:40:50+00:00","dateModified":"2026-01-29T19:28:52+00:00","breadcrumb":{"@id":"https:\/\/www.abcsupply.com\/es\/sobre-nosotros\/en-la-comunidad\/#breadcrumb"},"inLanguage":"es","potentialAction":[{"@type":"ReadAction","target":["https:\/\/www.abcsupply.com\/es\/sobre-nosotros\/en-la-comunidad\/"]}]},{"@type":"ImageObject","inLanguage":"es","@id":"https:\/\/www.abcsupply.com\/es\/sobre-nosotros\/en-la-comunidad\/#primaryimage","url":"https:\/\/www.abcsupply.com\/wp-content\/uploads\/2021\/12\/community.jpg","contentUrl":"https:\/\/www.abcsupply.com\/wp-content\/uploads\/2021\/12\/community.jpg","width":768,"height":245},{"@type":"BreadcrumbList","@id":"https:\/\/www.abcsupply.com\/es\/sobre-nosotros\/en-la-comunidad\/#breadcrumb","itemListElement":[{"@type":"ListItem","position":1,"name":"Inicio","item":"https:\/\/www.abcsupply.com\/es\/casa\/"},{"@type":"ListItem","position":2,"name":"Sobre nosotros","item":"https:\/\/www.abcsupply.com\/es\/sobre-nosotros\/"},{"@type":"ListItem","position":3,"name":"En la comunidad"}]},{"@type":"WebSite","@id":"https:\/\/www.abcsupply.com\/es\/#website","url":"https:\/\/www.abcsupply.com\/es\/","name":"ABC Supply","description":"Built On A Foundation Of Respect","potentialAction":[{"@type":"SearchAction","target":{"@type":"EntryPoint","urlTemplate":"https:\/\/www.abcsupply.com\/es\/?s={search_term_string}"},"query-input":{"@type":"PropertyValueSpecification","valueRequired":true,"valueName":"search_term_string"}}],"inLanguage":"es"}]}},"_links":{"self":[{"href":"https:\/\/www.abcsupply.com\/es\/wp-json\/wp\/v2\/pages\/17764","targetHints":{"allow":["GET"]}}],"collection":[{"href":"https:\/\/www.abcsupply.com\/es\/wp-json\/wp\/v2\/pages"}],"about":[{"href":"https:\/\/www.abcsupply.com\/es\/wp-json\/wp\/v2\/types\/page"}],"author":[{"embeddable":true,"href":"https:\/\/www.abcsupply.com\/es\/wp-json\/wp\/v2\/users\/1"}],"replies":[{"embeddable":true,"href":"https:\/\/www.abcsupply.com\/es\/wp-json\/wp\/v2\/comments?post=17764"}],"version-history":[{"count":0,"href":"https:\/\/www.abcsupply.com\/es\/wp-json\/wp\/v2\/pages\/17764\/revisions"}],"up":[{"embeddable":true,"href":"https:\/\/www.abcsupply.com\/es\/wp-json\/wp\/v2\/pages\/3766"}],"wp:featuredmedia":[{"embeddable":true,"href":"https:\/\/www.abcsupply.com\/es\/wp-json\/wp\/v2\/media\/5965"}],"wp:attachment":[{"href":"https:\/\/www.abcsupply.com\/es\/wp-json\/wp\/v2\/media?parent=17764"}],"curies":[{"name":"wp","href":"https:\/\/api.w.org\/{rel}","templated":true}]}}