{"id":13804,"date":"2025-04-25T14:56:57","date_gmt":"2025-04-25T19:56:57","guid":{"rendered":"https:\/\/www.abcsupply.com\/?page_id=13804"},"modified":"2025-05-07T14:08:09","modified_gmt":"2025-05-07T19:08:09","slug":"carreras-por-nuestros-heroes-en-la-indy-500","status":"publish","type":"page","link":"https:\/\/www.abcsupply.com\/es\/carreras-por-nuestros-heroes-en-la-indy-500\/","title":{"rendered":"Carreras por nuestros veteranos"},"content":{"rendered":"","protected":false},"excerpt":{"rendered":"","protected":false},"author":1,"featured_media":0,"parent":0,"menu_order":0,"comment_status":"closed","ping_status":"closed","template":"page-hfot2024.php","meta":{"_acf_changed":false,"inline_featured_image":false,"footnotes":""},"class_list":["post-13804","page","type-page","status-publish","hentry"],"acf":[],"yoast_head":"<!-- This site is optimized with the Yoast SEO plugin v27.3 - https:\/\/yoast.com\/product\/yoast-seo-wordpress\/ -->\n<title>Carreras por nuestros veteranos - ABC Supply<\/title>\n<meta name=\"description\" content=\"ABC Supply est\u00e1 colaborando con Homes For Our Troops para tener un impacto real en esta temporada de carreras automovil\u00edsticas. Y comenz\u00f3 por igualar las donaciones hasta un monto de $ 1 mill\u00f3n. Ay\u00fadenos a llegar a la meta de $ 4 millones para empoderar a los veteranos de guerra que sufrieron lesiones graves luego del 11 de setiembre con viviendas especialmente adaptadas.\" \/>\n<meta name=\"robots\" content=\"index, follow, max-snippet:-1, max-video-preview:-1, noimageindex\" \/>\n<link rel=\"canonical\" href=\"https:\/\/www.abcsupply.com\/es\/carreras-por-nuestros-heroes-en-la-indy-500\/\" \/>\n<meta property=\"og:locale\" content=\"es_ES\" \/>\n<meta property=\"og:type\" content=\"article\" \/>\n<meta property=\"og:title\" content=\"Carreras por nuestros veteranos - ABC Supply\" \/>\n<meta property=\"og:description\" content=\"ABC Supply est\u00e1 colaborando con Homes For Our Troops para tener un impacto real en esta temporada de carreras automovil\u00edsticas. Y comenz\u00f3 por igualar las donaciones hasta un monto de $ 1 mill\u00f3n. Ay\u00fadenos a llegar a la meta de $ 4 millones para empoderar a los veteranos de guerra que sufrieron lesiones graves luego del 11 de setiembre con viviendas especialmente adaptadas.\" \/>\n<meta property=\"og:url\" content=\"https:\/\/www.abcsupply.com\/es\/carreras-por-nuestros-heroes-en-la-indy-500\/\" \/>\n<meta property=\"og:site_name\" content=\"ABC Supply\" \/>\n<meta property=\"article:modified_time\" content=\"2025-05-07T19:08:09+00:00\" \/>\n<meta property=\"og:image\" content=\"https:\/\/www.abcsupply.com\/wp-content\/uploads\/2021\/09\/NSC-sharp.jpg\" \/>\n\t<meta property=\"og:image:width\" content=\"1440\" \/>\n\t<meta property=\"og:image:height\" content=\"460\" \/>\n\t<meta property=\"og:image:type\" content=\"image\/jpeg\" \/>\n<meta name=\"twitter:card\" content=\"summary_large_image\" \/>\n<script type=\"application\/ld+json\" class=\"yoast-schema-graph\">{\"@context\":\"https:\\\/\\\/schema.org\",\"@graph\":[{\"@type\":\"WebPage\",\"@id\":\"https:\\\/\\\/www.abcsupply.com\\\/es\\\/carreras-por-nuestros-heroes-en-la-indy-500\\\/\",\"url\":\"https:\\\/\\\/www.abcsupply.com\\\/es\\\/carreras-por-nuestros-heroes-en-la-indy-500\\\/\",\"name\":\"Carreras por nuestros veteranos - ABC Supply\",\"isPartOf\":{\"@id\":\"https:\\\/\\\/www.abcsupply.com\\\/es\\\/#website\"},\"datePublished\":\"2025-04-25T19:56:57+00:00\",\"dateModified\":\"2025-05-07T19:08:09+00:00\",\"description\":\"ABC Supply est\u00e1 colaborando con Homes For Our Troops para tener un impacto real en esta temporada de carreras automovil\u00edsticas. Y comenz\u00f3 por igualar las donaciones hasta un monto de $ 1 mill\u00f3n. Ay\u00fadenos a llegar a la meta de $ 4 millones para empoderar a los veteranos de guerra que sufrieron lesiones graves luego del 11 de setiembre con viviendas especialmente adaptadas.\",\"breadcrumb\":{\"@id\":\"https:\\\/\\\/www.abcsupply.com\\\/es\\\/carreras-por-nuestros-heroes-en-la-indy-500\\\/#breadcrumb\"},\"inLanguage\":\"es\",\"potentialAction\":[{\"@type\":\"ReadAction\",\"target\":[\"https:\\\/\\\/www.abcsupply.com\\\/es\\\/carreras-por-nuestros-heroes-en-la-indy-500\\\/\"]}]},{\"@type\":\"BreadcrumbList\",\"@id\":\"https:\\\/\\\/www.abcsupply.com\\\/es\\\/carreras-por-nuestros-heroes-en-la-indy-500\\\/#breadcrumb\",\"itemListElement\":[{\"@type\":\"ListItem\",\"position\":1,\"name\":\"Inicio\",\"item\":\"https:\\\/\\\/www.abcsupply.com\\\/es\\\/casa\\\/\"},{\"@type\":\"ListItem\",\"position\":2,\"name\":\"Carreras por nuestros veteranos\"}]},{\"@type\":\"WebSite\",\"@id\":\"https:\\\/\\\/www.abcsupply.com\\\/es\\\/#website\",\"url\":\"https:\\\/\\\/www.abcsupply.com\\\/es\\\/\",\"name\":\"ABC Supply\",\"description\":\"Built On A Foundation Of Respect\",\"potentialAction\":[{\"@type\":\"SearchAction\",\"target\":{\"@type\":\"EntryPoint\",\"urlTemplate\":\"https:\\\/\\\/www.abcsupply.com\\\/es\\\/?s={search_term_string}\"},\"query-input\":{\"@type\":\"PropertyValueSpecification\",\"valueRequired\":true,\"valueName\":\"search_term_string\"}}],\"inLanguage\":\"es\"}]}<\/script>\n<!-- \/ Yoast SEO plugin. -->","yoast_head_json":{"title":"Carreras por nuestros veteranos - ABC Supply","description":"ABC Supply est\u00e1 colaborando con Homes For Our Troops para tener un impacto real en esta temporada de carreras automovil\u00edsticas. Y comenz\u00f3 por igualar las donaciones hasta un monto de $ 1 mill\u00f3n. Ay\u00fadenos a llegar a la meta de $ 4 millones para empoderar a los veteranos de guerra que sufrieron lesiones graves luego del 11 de setiembre con viviendas especialmente adaptadas.","robots":{"index":"index","follow":"follow","max-snippet":"max-snippet:-1","max-video-preview":"max-video-preview:-1","imageindex":"noimageindex"},"canonical":"https:\/\/www.abcsupply.com\/es\/carreras-por-nuestros-heroes-en-la-indy-500\/","og_locale":"es_ES","og_type":"article","og_title":"Carreras por nuestros veteranos - ABC Supply","og_description":"ABC Supply est\u00e1 colaborando con Homes For Our Troops para tener un impacto real en esta temporada de carreras automovil\u00edsticas. Y comenz\u00f3 por igualar las donaciones hasta un monto de $ 1 mill\u00f3n. Ay\u00fadenos a llegar a la meta de $ 4 millones para empoderar a los veteranos de guerra que sufrieron lesiones graves luego del 11 de setiembre con viviendas especialmente adaptadas.","og_url":"https:\/\/www.abcsupply.com\/es\/carreras-por-nuestros-heroes-en-la-indy-500\/","og_site_name":"ABC Supply","article_modified_time":"2025-05-07T19:08:09+00:00","og_image":[{"width":1440,"height":460,"url":"https:\/\/www.abcsupply.com\/wp-content\/uploads\/2021\/09\/NSC-sharp.jpg","type":"image\/jpeg"}],"twitter_card":"summary_large_image","schema":{"@context":"https:\/\/schema.org","@graph":[{"@type":"WebPage","@id":"https:\/\/www.abcsupply.com\/es\/carreras-por-nuestros-heroes-en-la-indy-500\/","url":"https:\/\/www.abcsupply.com\/es\/carreras-por-nuestros-heroes-en-la-indy-500\/","name":"Carreras por nuestros veteranos - ABC Supply","isPartOf":{"@id":"https:\/\/www.abcsupply.com\/es\/#website"},"datePublished":"2025-04-25T19:56:57+00:00","dateModified":"2025-05-07T19:08:09+00:00","description":"ABC Supply est\u00e1 colaborando con Homes For Our Troops para tener un impacto real en esta temporada de carreras automovil\u00edsticas. Y comenz\u00f3 por igualar las donaciones hasta un monto de $ 1 mill\u00f3n. Ay\u00fadenos a llegar a la meta de $ 4 millones para empoderar a los veteranos de guerra que sufrieron lesiones graves luego del 11 de setiembre con viviendas especialmente adaptadas.","breadcrumb":{"@id":"https:\/\/www.abcsupply.com\/es\/carreras-por-nuestros-heroes-en-la-indy-500\/#breadcrumb"},"inLanguage":"es","potentialAction":[{"@type":"ReadAction","target":["https:\/\/www.abcsupply.com\/es\/carreras-por-nuestros-heroes-en-la-indy-500\/"]}]},{"@type":"BreadcrumbList","@id":"https:\/\/www.abcsupply.com\/es\/carreras-por-nuestros-heroes-en-la-indy-500\/#breadcrumb","itemListElement":[{"@type":"ListItem","position":1,"name":"Inicio","item":"https:\/\/www.abcsupply.com\/es\/casa\/"},{"@type":"ListItem","position":2,"name":"Carreras por nuestros veteranos"}]},{"@type":"WebSite","@id":"https:\/\/www.abcsupply.com\/es\/#website","url":"https:\/\/www.abcsupply.com\/es\/","name":"ABC Supply","description":"Built On A Foundation Of Respect","potentialAction":[{"@type":"SearchAction","target":{"@type":"EntryPoint","urlTemplate":"https:\/\/www.abcsupply.com\/es\/?s={search_term_string}"},"query-input":{"@type":"PropertyValueSpecification","valueRequired":true,"valueName":"search_term_string"}}],"inLanguage":"es"}]}},"_links":{"self":[{"href":"https:\/\/www.abcsupply.com\/es\/wp-json\/wp\/v2\/pages\/13804","targetHints":{"allow":["GET"]}}],"collection":[{"href":"https:\/\/www.abcsupply.com\/es\/wp-json\/wp\/v2\/pages"}],"about":[{"href":"https:\/\/www.abcsupply.com\/es\/wp-json\/wp\/v2\/types\/page"}],"author":[{"embeddable":true,"href":"https:\/\/www.abcsupply.com\/es\/wp-json\/wp\/v2\/users\/1"}],"replies":[{"embeddable":true,"href":"https:\/\/www.abcsupply.com\/es\/wp-json\/wp\/v2\/comments?post=13804"}],"version-history":[{"count":0,"href":"https:\/\/www.abcsupply.com\/es\/wp-json\/wp\/v2\/pages\/13804\/revisions"}],"wp:attachment":[{"href":"https:\/\/www.abcsupply.com\/es\/wp-json\/wp\/v2\/media?parent=13804"}],"curies":[{"name":"wp","href":"https:\/\/api.w.org\/{rel}","templated":true}]}}