{"id":10957,"date":"2024-06-19T11:58:53","date_gmt":"2024-06-19T16:58:53","guid":{"rendered":"https:\/\/www.abcsupply.com\/?page_id=10957"},"modified":"2024-11-07T05:55:45","modified_gmt":"2024-11-07T11:55:45","slug":"contrato-de-credito-de-american-builders-contractors-supply-co-inc","status":"publish","type":"page","link":"https:\/\/www.abcsupply.com\/es\/contrato-de-credito-de-american-builders-contractors-supply-co-inc\/","title":{"rendered":"CONTRATO DE CR\u00c9DITO DE AMERICAN BUILDERS &#038; CONTRACTORS SUPPLY CO., INC."},"content":{"rendered":"<p>T\u00e9rminos y Condiciones<\/p>\n<p>Como condici\u00f3n para que American Builders &amp; Contractors Supply Co., Inc., sociedad de Delaware con domicilio social en su Centro Nacional de Apoyo ubicado en One ABC Parkway, Beloit, Wisconsin (que opera con el nombre comercial \u201cABC Supply Co., Inc.\u201d y \u201cBradco Supply\u201d, entre otros) (en lo sucesivo, el \u201cVendedor\u201d) extienda un cr\u00e9dito al Comprador, si as\u00ed lo decide, el Comprador ha firmado la Solicitud de Cr\u00e9dito del Vendedor y est\u00e1 de acuerdo con los siguientes t\u00e9rminos y condiciones en todas las compras que el Comprador haga al Vendedor o a cualquiera de sus subsidiarias. Todas las compras del Comprador al Vendedor se realizan de acuerdo con este Contrato de Cr\u00e9dito, la Solicitud de Cr\u00e9dito del Vendedor y las Condiciones de Venta del Vendedor. Los t\u00e9rminos y las condiciones de la Solicitud de Cr\u00e9dito del Vendedor y de las Condiciones de Venta del Vendedor (https:\/\/www.abcsupply.com\/es\/condiciones-de-venta\/) se incluyen como referencia en este documento. Todo pago realizado a trav\u00e9s del Portal de Facturaci\u00f3n del Vendedor en Internet (m\u00e1s informaci\u00f3n en https:\/\/www.abcsupply.com\/es\/centro-de-contratistas\/myabcsupply\/) tambi\u00e9n est\u00e1 sujeto a los t\u00e9rminos y las condiciones del Portal de Facturaci\u00f3n, que el Comprador reconoce y acepta. La Solicitud de Cr\u00e9dito, el Contrato de Cr\u00e9dito, las Condiciones de Venta y los t\u00e9rminos y condiciones del Portal de Facturaci\u00f3n (si corresponde) constituyen la totalidad del acuerdo entre el Vendedor y el Comprador y se denominar\u00e1n en conjunto el Contrato. En caso de discrepancia entre los anteriores t\u00e9rminos, prevalecer\u00e1n los t\u00e9rminos del Contrato de Compraventa.<\/p>\n<p>1. El Comprador pagar\u00e1 el valor total de cada factura de acuerdo con los t\u00e9rminos del Contrato de Compraventa particular, la factura u otro documento de env\u00edo, con o sin la firma del Comprador. Si el Comprador no realiza el pago a tiempo, pagar\u00e1 un recargo del 1.5 % por cada mes de mora, adem\u00e1s del valor de la factura. El Vendedor se reserva el derecho de cambiar dichos recargos a su entera discreci\u00f3n cuando lo considere oportuno y sin previo aviso. Todos los pagos deben realizarse dentro de los plazos. El Comprador acepta que, en caso de que un tribunal de jurisdicci\u00f3n competente considere que el recargo por mora infringe alguna ley, el \u00fanico recurso del Comprador contra el Vendedor ser\u00e1 que el recargo por mora que haya pagado y supere la tasa m\u00e1xima permitida por la ley se aplique al saldo de la cuenta por pagar (o que se le reembolse el excedente que corresponda si no hay saldo por pagar en la cuenta).<\/p>\n<p>2. El Comprador se compromete a pagar todos los costos de cobranza del Vendedor por cualquier suma que adeude conforme a este documento, incluidos los honorarios efectivos de abogados. Adem\u00e1s, el Comprador acepta que, si surge una acci\u00f3n legal entre el Comprador y el Vendedor a causa del Contrato o en relaci\u00f3n con \u00e9ste, y el Vendedor prevalece, el Comprador le pagar\u00e1 al Vendedor los honorarios efectivos de abogado y dem\u00e1s costos en los que incurra en relaci\u00f3n con dicha acci\u00f3n. Si una ley estatal limita la posibilidad de obtener el reintegro de los honorarios de abogado, el Vendedor tendr\u00e1 derecho a cobrar tales honorarios en la medida m\u00e1xima permitida por la ley.<\/p>\n<p>3. El Comprador le otorga al Vendedor autorizaci\u00f3n para que \u00e9ste realice una verificaci\u00f3n de cr\u00e9dito y obtenga un informe de cr\u00e9dito del Comprador cada a\u00f1o o con mayor frecuencia seg\u00fan como lo considere necesario.<\/p>\n<p>4. El Vendedor tendr\u00e1 el criterio absoluto y el derecho total de aplicar como considere apropiado cualquier pago que reciba del Comprador que se origine presente documento. Salvo que se especifique lo contrario en el comprobante de pago, el Vendedor podr\u00e1 aplicar los pagos a los recargos por mora, los cargos por servicios o por env\u00edos, los honorarios de abogados o cualquier otro cargo aplicable, en cualquier orden, antes de aplicar el resto del pago al saldo de capital de la cuenta del Comprador.<\/p>\n<p>5. El Comprador declara y garantiza que no es \u201cconsumidor\u201d seg\u00fan la definici\u00f3n de la Ley Federal de Protecci\u00f3n del Cr\u00e9dito al Consumidor, o de otra ley de cr\u00e9dito al consumidor (federal, estatal o local), y renuncia a todos los derechos que se otorguen a los consumidores en virtud de la Ley Federal de Protecci\u00f3n del Cr\u00e9dito al Consumidor, y otras leyes federales, estatales y locales relativas a los derechos del \u201cconsumidor\u201d. Adem\u00e1s, el Comprador declara y garantiza que todas las compras realizadas al Vendedor y cualquier cr\u00e9dito obtenido mediante el presente documento se utilizar\u00e1n exclusivamente para fines empresariales y comerciales. Asimismo, declara y garantiza que la compra de \u201cproductos de consumo\u201d al Vendedor, tal y como se define en la Ley Magnuson Moss o cualquier otra ley similar, se realiza (i) para su reventa, (ii) para su uso en estructuras comerciales, o (iii) para su uso en la construcci\u00f3n de estructuras residenciales o una adici\u00f3n importante o remodelaci\u00f3n de una estructura residencial existente. El Comprador reconoce y acepta que el Vendedor es distribuidor, y no fabricante, y no ofrece garant\u00edas sobre los art\u00edculos que simplemente distribuye.<\/p>\n<p>6. Si esta Solicitud de Cr\u00e9dito y el Contrato de Cr\u00e9dito son ejecutados por una sociedad an\u00f3nima, limitada, comanditaria u otra entidad comercial o compa\u00f1\u00eda (\u201cCompa\u00f1\u00eda\u201d), la persona firmante declara y garantiza que la Compa\u00f1\u00eda tiene la facultad de celebrar este Contrato, que el firmante tiene la debida autorizaci\u00f3n de la Compa\u00f1\u00eda para ejecutarlo y que este Contrato es para el beneficio de la Compa\u00f1\u00eda.<\/p>\n<p>7. Derecho aplicable: Cualquier acci\u00f3n legal que surja del Contrato o se relacione con el mismo se emprender\u00e1, a discreci\u00f3n del Vendedor, en un tribunal de justicia o de equidad del condado donde se encuentre la respectiva sucursal del Vendedor o del condado en el que se encuentre el proyecto en el que se utilizan o se utilizar\u00e1n los art\u00edculos, o donde haya una acci\u00f3n legal en curso entre el Vendedor y un tercero en relaci\u00f3n con el objeto del contrato. El Contrato se regir\u00e1, interpretar\u00e1 y ejecutar\u00e1 de acuerdo con las leyes procesales y sustantivas del estado en el que se interponga la acci\u00f3n legal. El COMPRADOR RENUNCIA A TODOS SUS DERECHOS A UN JUICIO ANTE JURADO CON RESPECTO A CUALQUIER CONTROVERSIA QUE SURJA DEL PRESENTE CONTRATO, con sujeci\u00f3n a la ley de la jurisdicci\u00f3n donde la acci\u00f3n legal est\u00e9 en curso. El Contrato contiene la declaraci\u00f3n completa, definitiva y exclusiva del acuerdo entre el Vendedor y el Comprador, y ning\u00fan t\u00e9rmino o condici\u00f3n diferentes a los establecidos en \u00e9l, ni ning\u00fan acuerdo o entendimiento que pretenda modificar sus t\u00e9rminos y condiciones, ser\u00e1 vinculante para el Vendedor sin su consentimiento por escrito. El hecho de que el Vendedor exima cualquiera de los t\u00e9rminos o condiciones de este contrato o una infracci\u00f3n del mismo no se interpretar\u00e1 como una exenci\u00f3n de cualquier otro t\u00e9rmino, condici\u00f3n o infracci\u00f3n. La ilegalidad o invalidez de una disposici\u00f3n del Contrato no afectar\u00e1 a la validez o la aplicabilidad de las dem\u00e1s disposiciones.<\/p>\n<p>8. El Comprador se compromete a informar por escrito al Vendedor en un plazo no menor a treinta d\u00edas de antelaci\u00f3n, por correo certificado o registrado, cualquier cambio en su nombre, direcci\u00f3n, tipo de sociedad o personalidad jur\u00eddica.<\/p>\n<p>9. Todas las notificaciones del Comprador deben dirigirse a la sucursal del Vendedor en la que el Comprador haya adquirido la mayor cantidad de art\u00edculos en los \u00faltimos 90 d\u00edas. Tambi\u00e9n debe enviarse una copia de todas las notificaciones al vicepresidente de Servicios Financieros para Clientes en el Centro Nacional de Apoyo al Vendedor en One ABC Parkway, Beloit, WI.<\/p>\n<p>10. Disposiciones contradictorias y orden de prelaci\u00f3n: Los t\u00e9rminos y condiciones se\u00f1alados en este Contrato se regir\u00e1n y aplicar\u00e1n a todas y cada una de las compras, ya sea de materiales o servicios, que el Comprador realice al Vendedor o a cualquiera de sus divisiones, filiales o predecesores, en cualquier momento, ya sea pasado, presente o futuro. Si los t\u00e9rminos y condiciones se\u00f1alados en el presente documento difieren de los t\u00e9rminos y las condiciones de otro acuerdo actual o futuro entre el Vendedor y el Comprador, incluidos, entre otros, \u00f3rdenes de compra u otros documentos que el Comprador expida en relaci\u00f3n con compras sustanciales, los t\u00e9rminos y las condiciones se\u00f1alados en el presente Contrato prevalecer\u00e1n en todos los aspectos, en cada caso, sin perjuicio del texto contradictorio de dicho acuerdo o documento. El Comprador reconoce que esta disposici\u00f3n es un incentivo importante para que el Vendedor establezca una relaci\u00f3n comercial de cuenta abierta con el Comprador y extienda todas las condiciones de pago o cr\u00e9dito al Comprador.<\/p>\n<p>11. Ejemplares: El presente Contrato de Cr\u00e9dito podr\u00e1 ser ejecutado en ejemplares, cada uno de los cuales constituir\u00e1 un original y en su conjunto un \u00fanico contrato. Una imagen electr\u00f3nica o una copia por fax de este Contrato ejecutado o de otros documentos o de la p\u00e1gina de firmas ejecutada de un ejemplar de este Contrato por fax, correo electr\u00f3nico u otro medio electr\u00f3nico, o una comunicaci\u00f3n por correo electr\u00f3nico de un representante de una de las partes autorizado para aceptar o aprobar documentos previamente transmitidos a dicha parte por medios electr\u00f3nicos, ser\u00e1 vinculante y se considerar\u00e1 un original ejecutado de dicho documento.<\/p>\n<p>12. Exenci\u00f3n de responsabilidad: EN LA MEDIDA EN QUE LO PERMITA LA LEY, EL COMPRADOR SE COMPROMETE A PROTEGER, DEFENDER, INDEMNIZAR Y EXIMIR AL VENDEDOR (INCLUIDAS SUS FILIALES, AGENTES, EJECUTIVOS Y EMPLEADOS, DENOMINADOS EN CONJUNTO \u201cBENEFICIARIOS DE INDEMNIZACI\u00d3N\u201d) DE TODO GASTO, RECLAMO, DEMANDA, CAUSA DE ACCI\u00d3N, PLEITO U OTRO PROCESO JUDICIAL (LO QUE INCLUYE, ENTRE OTROS, LAS DEMANDAS POR DA\u00d1OS Y PERJUICIOS REALES, LEGALES, PUNITIVOS O EJEMPLARES, AS\u00cd COMO TODOS LOS COSTOS Y HONORARIOS DE ABOGADOS) DE CUALQUIER TIPO Y CAR\u00c1CTER POR DA\u00d1OS MATERIALES, LESIONES PERSONALES, ENFERMEDADES, MUERTE U OTROS SINIESTROS (DENOMINADOS EN CONJUNTO \u201cSINIESTROS\u201d) QUE SE PRODUZCAN, RESULTEN, SURJAN O TENGAN RELACI\u00d3N CON (1) EL INCUMPLIMIENTO DE LAS GARANT\u00cdAS Y DECLARACIONES AQU\u00cd PREVISTAS; (2) CUALQUIER DECLARACI\u00d3N FALSA QUE EL COMPRADOR REALICE EN EL PRESENTE DOCUMENTO; O (3) CUALQUIER INCUMPLIMIENTO DE LA SOLICITUD DE CR\u00c9DITO Y DEL CONTRATO.<\/p>\n<p>13. Incumplimiento: Sujeto a las limitaciones de la ley aplicable, el Vendedor puede declarar que el Comprador est\u00e1 incumpliendo este Contrato si: (a) no efect\u00faa un pago a tiempo; (b) incumple cualquier parte de este Contrato o cualquier otro acuerdo que el Comprador tenga con el Vendedor; (c) es objeto de quiebra, liquidaci\u00f3n de bienes u otro proceso de insolvencia; (d) supera el l\u00edmite de cr\u00e9dito de la cuenta del Comprador; o (e) el Vendedor tiene razones para creer que el Comprador no es estable. Tras el incumplimiento del Comprador, y con sujeci\u00f3n a las limitaciones de las leyes aplicables, el Vendedor tiene derecho, seg\u00fan su criterio absoluto: (i) a reducir el l\u00edmite de cr\u00e9dito del Comprador; (ii) a cancelar la cuenta del Comprador, en cuyo caso se aplicar\u00e1n los t\u00e9rminos del presente Contrato hasta que se reciba el pago total de la cuenta del Comprador, incluidos los gastos de financiaci\u00f3n que seguir\u00e1n deveng\u00e1ndose hasta la fecha del pago total; (iii) a exigir el pago inmediato de todo el saldo de la cuenta del Comprador, de todos los gastos de financiaci\u00f3n devengados y que est\u00e9n pendientes de pago (si corresponde), y de todas las tarifas y dem\u00e1s gastos se\u00f1alados en el presente Contrato; y (iv) a iniciar una acci\u00f3n para cobrar todas las cantidades adeudadas.<\/p>\n","protected":false},"excerpt":{"rendered":"<p>T\u00e9rminos y Condiciones Como condici\u00f3n para que American Builders &amp; Contractors Supply Co., Inc., sociedad de Delaware con domicilio social en su Centro Nacional de [&hellip;]<\/p>\n","protected":false},"author":4,"featured_media":0,"parent":0,"menu_order":0,"comment_status":"closed","ping_status":"closed","template":"","meta":{"_acf_changed":false,"inline_featured_image":false,"footnotes":""},"class_list":["post-10957","page","type-page","status-publish","hentry"],"acf":[],"yoast_head":"<!-- This site is optimized with the Yoast SEO plugin v27.4 - https:\/\/yoast.com\/product\/yoast-seo-wordpress\/ -->\n<title>CONTRATO DE CR\u00c9DITO DE AMERICAN BUILDERS &amp; CONTRACTORS SUPPLY CO., INC. - ABC Supply<\/title>\n<meta name=\"robots\" content=\"index, follow, max-snippet:-1, max-image-preview:large, max-video-preview:-1\" \/>\n<link rel=\"canonical\" href=\"https:\/\/www.abcsupply.com\/es\/contrato-de-credito-de-american-builders-contractors-supply-co-inc\/\" \/>\n<meta property=\"og:locale\" content=\"es_ES\" \/>\n<meta property=\"og:type\" content=\"article\" \/>\n<meta property=\"og:title\" content=\"CONTRATO DE CR\u00c9DITO DE AMERICAN BUILDERS &amp; CONTRACTORS SUPPLY CO., INC. - ABC Supply\" \/>\n<meta property=\"og:description\" content=\"T\u00e9rminos y Condiciones Como condici\u00f3n para que American Builders &amp; Contractors Supply Co., Inc., sociedad de Delaware con domicilio social en su Centro Nacional de [&hellip;]\" \/>\n<meta property=\"og:url\" content=\"https:\/\/www.abcsupply.com\/es\/contrato-de-credito-de-american-builders-contractors-supply-co-inc\/\" \/>\n<meta property=\"og:site_name\" content=\"ABC Supply\" \/>\n<meta property=\"article:modified_time\" content=\"2024-11-07T11:55:45+00:00\" \/>\n<meta property=\"og:image\" content=\"https:\/\/www.abcsupply.com\/wp-content\/uploads\/2021\/09\/NSC-sharp.jpg\" \/>\n\t<meta property=\"og:image:width\" content=\"1440\" \/>\n\t<meta property=\"og:image:height\" content=\"460\" \/>\n\t<meta property=\"og:image:type\" content=\"image\/jpeg\" \/>\n<meta name=\"twitter:card\" content=\"summary_large_image\" \/>\n<meta name=\"twitter:label1\" content=\"Tiempo de lectura\" \/>\n\t<meta name=\"twitter:data1\" content=\"9 minutos\" \/>\n<script type=\"application\/ld+json\" class=\"yoast-schema-graph\">{\"@context\":\"https:\\\/\\\/schema.org\",\"@graph\":[{\"@type\":\"WebPage\",\"@id\":\"https:\\\/\\\/www.abcsupply.com\\\/es\\\/contrato-de-credito-de-american-builders-contractors-supply-co-inc\\\/\",\"url\":\"https:\\\/\\\/www.abcsupply.com\\\/es\\\/contrato-de-credito-de-american-builders-contractors-supply-co-inc\\\/\",\"name\":\"CONTRATO DE CR\u00c9DITO DE AMERICAN BUILDERS & CONTRACTORS SUPPLY CO., INC. - ABC Supply\",\"isPartOf\":{\"@id\":\"https:\\\/\\\/www.abcsupply.com\\\/es\\\/#website\"},\"datePublished\":\"2024-06-19T16:58:53+00:00\",\"dateModified\":\"2024-11-07T11:55:45+00:00\",\"breadcrumb\":{\"@id\":\"https:\\\/\\\/www.abcsupply.com\\\/es\\\/contrato-de-credito-de-american-builders-contractors-supply-co-inc\\\/#breadcrumb\"},\"inLanguage\":\"es\",\"potentialAction\":[{\"@type\":\"ReadAction\",\"target\":[\"https:\\\/\\\/www.abcsupply.com\\\/es\\\/contrato-de-credito-de-american-builders-contractors-supply-co-inc\\\/\"]}]},{\"@type\":\"BreadcrumbList\",\"@id\":\"https:\\\/\\\/www.abcsupply.com\\\/es\\\/contrato-de-credito-de-american-builders-contractors-supply-co-inc\\\/#breadcrumb\",\"itemListElement\":[{\"@type\":\"ListItem\",\"position\":1,\"name\":\"Inicio\",\"item\":\"https:\\\/\\\/www.abcsupply.com\\\/es\\\/casa\\\/\"},{\"@type\":\"ListItem\",\"position\":2,\"name\":\"CONTRATO DE CR\u00c9DITO DE AMERICAN BUILDERS &#038; CONTRACTORS SUPPLY CO., INC.\"}]},{\"@type\":\"WebSite\",\"@id\":\"https:\\\/\\\/www.abcsupply.com\\\/es\\\/#website\",\"url\":\"https:\\\/\\\/www.abcsupply.com\\\/es\\\/\",\"name\":\"ABC Supply\",\"description\":\"Built On A Foundation Of Respect\",\"potentialAction\":[{\"@type\":\"SearchAction\",\"target\":{\"@type\":\"EntryPoint\",\"urlTemplate\":\"https:\\\/\\\/www.abcsupply.com\\\/es\\\/?s={search_term_string}\"},\"query-input\":{\"@type\":\"PropertyValueSpecification\",\"valueRequired\":true,\"valueName\":\"search_term_string\"}}],\"inLanguage\":\"es\"}]}<\/script>\n<!-- \/ Yoast SEO plugin. -->","yoast_head_json":{"title":"CONTRATO DE CR\u00c9DITO DE AMERICAN BUILDERS & CONTRACTORS SUPPLY CO., INC. - ABC Supply","robots":{"index":"index","follow":"follow","max-snippet":"max-snippet:-1","max-image-preview":"max-image-preview:large","max-video-preview":"max-video-preview:-1"},"canonical":"https:\/\/www.abcsupply.com\/es\/contrato-de-credito-de-american-builders-contractors-supply-co-inc\/","og_locale":"es_ES","og_type":"article","og_title":"CONTRATO DE CR\u00c9DITO DE AMERICAN BUILDERS & CONTRACTORS SUPPLY CO., INC. - ABC Supply","og_description":"T\u00e9rminos y Condiciones Como condici\u00f3n para que American Builders &amp; Contractors Supply Co., Inc., sociedad de Delaware con domicilio social en su Centro Nacional de [&hellip;]","og_url":"https:\/\/www.abcsupply.com\/es\/contrato-de-credito-de-american-builders-contractors-supply-co-inc\/","og_site_name":"ABC Supply","article_modified_time":"2024-11-07T11:55:45+00:00","og_image":[{"width":1440,"height":460,"url":"https:\/\/www.abcsupply.com\/wp-content\/uploads\/2021\/09\/NSC-sharp.jpg","type":"image\/jpeg"}],"twitter_card":"summary_large_image","twitter_misc":{"Tiempo de lectura":"9 minutos"},"schema":{"@context":"https:\/\/schema.org","@graph":[{"@type":"WebPage","@id":"https:\/\/www.abcsupply.com\/es\/contrato-de-credito-de-american-builders-contractors-supply-co-inc\/","url":"https:\/\/www.abcsupply.com\/es\/contrato-de-credito-de-american-builders-contractors-supply-co-inc\/","name":"CONTRATO DE CR\u00c9DITO DE AMERICAN BUILDERS & CONTRACTORS SUPPLY CO., INC. - ABC Supply","isPartOf":{"@id":"https:\/\/www.abcsupply.com\/es\/#website"},"datePublished":"2024-06-19T16:58:53+00:00","dateModified":"2024-11-07T11:55:45+00:00","breadcrumb":{"@id":"https:\/\/www.abcsupply.com\/es\/contrato-de-credito-de-american-builders-contractors-supply-co-inc\/#breadcrumb"},"inLanguage":"es","potentialAction":[{"@type":"ReadAction","target":["https:\/\/www.abcsupply.com\/es\/contrato-de-credito-de-american-builders-contractors-supply-co-inc\/"]}]},{"@type":"BreadcrumbList","@id":"https:\/\/www.abcsupply.com\/es\/contrato-de-credito-de-american-builders-contractors-supply-co-inc\/#breadcrumb","itemListElement":[{"@type":"ListItem","position":1,"name":"Inicio","item":"https:\/\/www.abcsupply.com\/es\/casa\/"},{"@type":"ListItem","position":2,"name":"CONTRATO DE CR\u00c9DITO DE AMERICAN BUILDERS &#038; CONTRACTORS SUPPLY CO., INC."}]},{"@type":"WebSite","@id":"https:\/\/www.abcsupply.com\/es\/#website","url":"https:\/\/www.abcsupply.com\/es\/","name":"ABC Supply","description":"Built On A Foundation Of Respect","potentialAction":[{"@type":"SearchAction","target":{"@type":"EntryPoint","urlTemplate":"https:\/\/www.abcsupply.com\/es\/?s={search_term_string}"},"query-input":{"@type":"PropertyValueSpecification","valueRequired":true,"valueName":"search_term_string"}}],"inLanguage":"es"}]}},"_links":{"self":[{"href":"https:\/\/www.abcsupply.com\/es\/wp-json\/wp\/v2\/pages\/10957","targetHints":{"allow":["GET"]}}],"collection":[{"href":"https:\/\/www.abcsupply.com\/es\/wp-json\/wp\/v2\/pages"}],"about":[{"href":"https:\/\/www.abcsupply.com\/es\/wp-json\/wp\/v2\/types\/page"}],"author":[{"embeddable":true,"href":"https:\/\/www.abcsupply.com\/es\/wp-json\/wp\/v2\/users\/4"}],"replies":[{"embeddable":true,"href":"https:\/\/www.abcsupply.com\/es\/wp-json\/wp\/v2\/comments?post=10957"}],"version-history":[{"count":0,"href":"https:\/\/www.abcsupply.com\/es\/wp-json\/wp\/v2\/pages\/10957\/revisions"}],"wp:attachment":[{"href":"https:\/\/www.abcsupply.com\/es\/wp-json\/wp\/v2\/media?parent=10957"}],"curies":[{"name":"wp","href":"https:\/\/api.w.org\/{rel}","templated":true}]}}