{"id":10254,"date":"2024-01-31T11:34:19","date_gmt":"2024-01-31T17:34:19","guid":{"rendered":"https:\/\/www.abcsupply.com\/?page_id=10254"},"modified":"2024-01-31T11:34:19","modified_gmt":"2024-01-31T17:34:19","slug":"servicios-financieros-para-clientes-2","status":"publish","type":"page","link":"https:\/\/www.abcsupply.com\/es\/centro-de-contratistas\/servicios-financieros-para-clientes-2\/","title":{"rendered":"Servicios financieros para clientes"},"content":{"rendered":"<p>Nuestro departamento de Servicios Financieros para Clientes (CFS, por sus siglas en ingl\u00e9s) brinda a nuestros clientes contratistas f\u00e1cil acceso a l\u00edneas de cr\u00e9dito y los t\u00e9rminos que necesitan para ser competitivos en el mercado.<\/p>\n<h2>Beneficios de abrir una cuenta<\/h2>\n<p>Nuestro flexible programa de trabajo brinda a los contratistas la posibilidad de incrementar su l\u00ednea de cr\u00e9dito y as\u00ed cubrir trabajos de mayor magnitud. Al tener cuentas y estados de cuenta separados por trabajo, los clientes pueden estimar de manera adecuada el costo de cada proyecto. Nuestros asociados de CFS est\u00e1n plenamente capacitados y disponibles para brindarle asistencia acerca de diversas leyes sobre grav\u00e1menes y garant\u00edas de construcci\u00f3n.<\/p>\n<p>Tambi\u00e9n brindamos a los contratistas f\u00e1cil acceso a informaci\u00f3n financiera y compartimos con ellos la visi\u00f3n que necesitan para expandir su negocio. Nuestros expertos pueden comparar los \u00edndices clave de los estados financieros de un cliente con los de contratistas de tama\u00f1o similar de todo Estados Unidos. Este es un proceso completamente discreto y confidencial que brinda a los contratistas una s\u00f3lida herramienta que pueden compartir y discutir con sus contadores o asesores financieros.<\/p>\n<h2>\u00a1Tramite su solicitud hoy mismo!<\/h2>\n<p>ABC Supply lo invita a explorar sus opciones de cr\u00e9dito completando nuestra <a href=\"https:\/\/cus.bectran.com\/customer\/regis\/login.jsf?linkCode=8Eqr12558wvND73599ID21R&amp;gId=3599&amp;dswid=2675\"><u>Solicitud de cr\u00e9dito en l\u00ednea<\/u><\/a>. Nos complace tener la oportunidad de extender l\u00edneas de cr\u00e9dito a clientes calificados de todos los tama\u00f1os.<\/p>\n<p>\u00bfNo quiere abrir una l\u00ednea de cr\u00e9dito, pero desea hacer seguimiento a su pedido? Complete nuestra <a href=\"https:\/\/cus.bectran.com\/customer\/regis\/login.jsf?linkCode=8Eqr12558wvND73599ID21R&amp;linkType=COD&amp;gId=3599&amp;dswid=8539\"><u>Solicitud en l\u00ednea de entrega contra reembolso (<em>COD<\/em>)<\/u><\/a>.<\/p>\n<h2>\u00bfYa tiene una cuenta de cr\u00e9dito de ABC Credit?<\/h2>\n<p>Si necesita aumentar su l\u00ednea de cr\u00e9dito existente, necesita ayuda para financiar un trabajo grande o desea obtener un an\u00e1lisis confidencial de su estado financiero, p\u00eddale a su asociado de ventas de ABC Supply que lo ponga en contacto con uno de nuestros analistas de cr\u00e9dito regionales, quien le ayudar\u00e1 con todo gusto.<\/p>\n","protected":false},"excerpt":{"rendered":"<p>Nuestro departamento de Servicios Financieros para Clientes (CFS, por sus siglas en ingl\u00e9s) brinda a nuestros clientes contratistas f\u00e1cil acceso a l\u00edneas de cr\u00e9dito y [&hellip;]<\/p>\n","protected":false},"author":4,"featured_media":3135,"parent":3716,"menu_order":0,"comment_status":"closed","ping_status":"closed","template":"","meta":{"_acf_changed":false,"inline_featured_image":false,"footnotes":""},"class_list":["post-10254","page","type-page","status-publish","has-post-thumbnail","hentry"],"acf":[],"yoast_head":"<!-- This site is optimized with the Yoast SEO plugin v27.3 - https:\/\/yoast.com\/product\/yoast-seo-wordpress\/ -->\n<title>Servicios financieros para clientes - ABC Supply<\/title>\n<meta name=\"robots\" content=\"index, follow, max-snippet:-1, max-image-preview:large, max-video-preview:-1\" \/>\n<link rel=\"canonical\" href=\"https:\/\/www.abcsupply.com\/es\/centro-de-contratistas\/servicios-financieros-para-clientes-2\/\" \/>\n<meta property=\"og:locale\" content=\"es_ES\" \/>\n<meta property=\"og:type\" content=\"article\" \/>\n<meta property=\"og:title\" content=\"Servicios financieros para clientes - ABC Supply\" \/>\n<meta property=\"og:description\" content=\"Nuestro departamento de Servicios Financieros para Clientes (CFS, por sus siglas en ingl\u00e9s) brinda a nuestros clientes contratistas f\u00e1cil acceso a l\u00edneas de cr\u00e9dito y [&hellip;]\" \/>\n<meta property=\"og:url\" content=\"https:\/\/www.abcsupply.com\/es\/centro-de-contratistas\/servicios-financieros-para-clientes-2\/\" \/>\n<meta property=\"og:site_name\" content=\"ABC Supply\" \/>\n<meta property=\"og:image\" content=\"https:\/\/www.abcsupply.com\/wp-content\/uploads\/2021\/10\/ABC176-2862-cust-fin.jpg\" \/>\n\t<meta property=\"og:image:width\" content=\"1440\" \/>\n\t<meta property=\"og:image:height\" content=\"460\" \/>\n\t<meta property=\"og:image:type\" content=\"image\/jpeg\" \/>\n<meta name=\"twitter:card\" content=\"summary_large_image\" \/>\n<meta name=\"twitter:label1\" content=\"Tiempo de lectura\" \/>\n\t<meta name=\"twitter:data1\" content=\"2 minutos\" \/>\n<script type=\"application\/ld+json\" class=\"yoast-schema-graph\">{\"@context\":\"https:\\\/\\\/schema.org\",\"@graph\":[{\"@type\":\"WebPage\",\"@id\":\"https:\\\/\\\/www.abcsupply.com\\\/es\\\/centro-de-contratistas\\\/servicios-financieros-para-clientes-2\\\/\",\"url\":\"https:\\\/\\\/www.abcsupply.com\\\/es\\\/centro-de-contratistas\\\/servicios-financieros-para-clientes-2\\\/\",\"name\":\"Servicios financieros para clientes - ABC Supply\",\"isPartOf\":{\"@id\":\"https:\\\/\\\/www.abcsupply.com\\\/es\\\/#website\"},\"primaryImageOfPage\":{\"@id\":\"https:\\\/\\\/www.abcsupply.com\\\/es\\\/centro-de-contratistas\\\/servicios-financieros-para-clientes-2\\\/#primaryimage\"},\"image\":{\"@id\":\"https:\\\/\\\/www.abcsupply.com\\\/es\\\/centro-de-contratistas\\\/servicios-financieros-para-clientes-2\\\/#primaryimage\"},\"thumbnailUrl\":\"https:\\\/\\\/www.abcsupply.com\\\/wp-content\\\/uploads\\\/2021\\\/10\\\/ABC176-2862-cust-fin.jpg\",\"datePublished\":\"2024-01-31T17:34:19+00:00\",\"breadcrumb\":{\"@id\":\"https:\\\/\\\/www.abcsupply.com\\\/es\\\/centro-de-contratistas\\\/servicios-financieros-para-clientes-2\\\/#breadcrumb\"},\"inLanguage\":\"es\",\"potentialAction\":[{\"@type\":\"ReadAction\",\"target\":[\"https:\\\/\\\/www.abcsupply.com\\\/es\\\/centro-de-contratistas\\\/servicios-financieros-para-clientes-2\\\/\"]}]},{\"@type\":\"ImageObject\",\"inLanguage\":\"es\",\"@id\":\"https:\\\/\\\/www.abcsupply.com\\\/es\\\/centro-de-contratistas\\\/servicios-financieros-para-clientes-2\\\/#primaryimage\",\"url\":\"https:\\\/\\\/www.abcsupply.com\\\/wp-content\\\/uploads\\\/2021\\\/10\\\/ABC176-2862-cust-fin.jpg\",\"contentUrl\":\"https:\\\/\\\/www.abcsupply.com\\\/wp-content\\\/uploads\\\/2021\\\/10\\\/ABC176-2862-cust-fin.jpg\",\"width\":1440,\"height\":460,\"caption\":\"Dos hombres estrechando manos en el lugar del trabajo\"},{\"@type\":\"BreadcrumbList\",\"@id\":\"https:\\\/\\\/www.abcsupply.com\\\/es\\\/centro-de-contratistas\\\/servicios-financieros-para-clientes-2\\\/#breadcrumb\",\"itemListElement\":[{\"@type\":\"ListItem\",\"position\":1,\"name\":\"Inicio\",\"item\":\"https:\\\/\\\/www.abcsupply.com\\\/es\\\/casa\\\/\"},{\"@type\":\"ListItem\",\"position\":2,\"name\":\"Centro de contratistas\",\"item\":\"https:\\\/\\\/www.abcsupply.com\\\/es\\\/centro-de-contratistas\\\/\"},{\"@type\":\"ListItem\",\"position\":3,\"name\":\"Servicios financieros para clientes\"}]},{\"@type\":\"WebSite\",\"@id\":\"https:\\\/\\\/www.abcsupply.com\\\/es\\\/#website\",\"url\":\"https:\\\/\\\/www.abcsupply.com\\\/es\\\/\",\"name\":\"ABC Supply\",\"description\":\"Built On A Foundation Of Respect\",\"potentialAction\":[{\"@type\":\"SearchAction\",\"target\":{\"@type\":\"EntryPoint\",\"urlTemplate\":\"https:\\\/\\\/www.abcsupply.com\\\/es\\\/?s={search_term_string}\"},\"query-input\":{\"@type\":\"PropertyValueSpecification\",\"valueRequired\":true,\"valueName\":\"search_term_string\"}}],\"inLanguage\":\"es\"}]}<\/script>\n<!-- \/ Yoast SEO plugin. -->","yoast_head_json":{"title":"Servicios financieros para clientes - ABC Supply","robots":{"index":"index","follow":"follow","max-snippet":"max-snippet:-1","max-image-preview":"max-image-preview:large","max-video-preview":"max-video-preview:-1"},"canonical":"https:\/\/www.abcsupply.com\/es\/centro-de-contratistas\/servicios-financieros-para-clientes-2\/","og_locale":"es_ES","og_type":"article","og_title":"Servicios financieros para clientes - ABC Supply","og_description":"Nuestro departamento de Servicios Financieros para Clientes (CFS, por sus siglas en ingl\u00e9s) brinda a nuestros clientes contratistas f\u00e1cil acceso a l\u00edneas de cr\u00e9dito y [&hellip;]","og_url":"https:\/\/www.abcsupply.com\/es\/centro-de-contratistas\/servicios-financieros-para-clientes-2\/","og_site_name":"ABC Supply","og_image":[{"width":1440,"height":460,"url":"https:\/\/www.abcsupply.com\/wp-content\/uploads\/2021\/10\/ABC176-2862-cust-fin.jpg","type":"image\/jpeg"}],"twitter_card":"summary_large_image","twitter_misc":{"Tiempo de lectura":"2 minutos"},"schema":{"@context":"https:\/\/schema.org","@graph":[{"@type":"WebPage","@id":"https:\/\/www.abcsupply.com\/es\/centro-de-contratistas\/servicios-financieros-para-clientes-2\/","url":"https:\/\/www.abcsupply.com\/es\/centro-de-contratistas\/servicios-financieros-para-clientes-2\/","name":"Servicios financieros para clientes - ABC Supply","isPartOf":{"@id":"https:\/\/www.abcsupply.com\/es\/#website"},"primaryImageOfPage":{"@id":"https:\/\/www.abcsupply.com\/es\/centro-de-contratistas\/servicios-financieros-para-clientes-2\/#primaryimage"},"image":{"@id":"https:\/\/www.abcsupply.com\/es\/centro-de-contratistas\/servicios-financieros-para-clientes-2\/#primaryimage"},"thumbnailUrl":"https:\/\/www.abcsupply.com\/wp-content\/uploads\/2021\/10\/ABC176-2862-cust-fin.jpg","datePublished":"2024-01-31T17:34:19+00:00","breadcrumb":{"@id":"https:\/\/www.abcsupply.com\/es\/centro-de-contratistas\/servicios-financieros-para-clientes-2\/#breadcrumb"},"inLanguage":"es","potentialAction":[{"@type":"ReadAction","target":["https:\/\/www.abcsupply.com\/es\/centro-de-contratistas\/servicios-financieros-para-clientes-2\/"]}]},{"@type":"ImageObject","inLanguage":"es","@id":"https:\/\/www.abcsupply.com\/es\/centro-de-contratistas\/servicios-financieros-para-clientes-2\/#primaryimage","url":"https:\/\/www.abcsupply.com\/wp-content\/uploads\/2021\/10\/ABC176-2862-cust-fin.jpg","contentUrl":"https:\/\/www.abcsupply.com\/wp-content\/uploads\/2021\/10\/ABC176-2862-cust-fin.jpg","width":1440,"height":460,"caption":"Dos hombres estrechando manos en el lugar del trabajo"},{"@type":"BreadcrumbList","@id":"https:\/\/www.abcsupply.com\/es\/centro-de-contratistas\/servicios-financieros-para-clientes-2\/#breadcrumb","itemListElement":[{"@type":"ListItem","position":1,"name":"Inicio","item":"https:\/\/www.abcsupply.com\/es\/casa\/"},{"@type":"ListItem","position":2,"name":"Centro de contratistas","item":"https:\/\/www.abcsupply.com\/es\/centro-de-contratistas\/"},{"@type":"ListItem","position":3,"name":"Servicios financieros para clientes"}]},{"@type":"WebSite","@id":"https:\/\/www.abcsupply.com\/es\/#website","url":"https:\/\/www.abcsupply.com\/es\/","name":"ABC Supply","description":"Built On A Foundation Of Respect","potentialAction":[{"@type":"SearchAction","target":{"@type":"EntryPoint","urlTemplate":"https:\/\/www.abcsupply.com\/es\/?s={search_term_string}"},"query-input":{"@type":"PropertyValueSpecification","valueRequired":true,"valueName":"search_term_string"}}],"inLanguage":"es"}]}},"_links":{"self":[{"href":"https:\/\/www.abcsupply.com\/es\/wp-json\/wp\/v2\/pages\/10254","targetHints":{"allow":["GET"]}}],"collection":[{"href":"https:\/\/www.abcsupply.com\/es\/wp-json\/wp\/v2\/pages"}],"about":[{"href":"https:\/\/www.abcsupply.com\/es\/wp-json\/wp\/v2\/types\/page"}],"author":[{"embeddable":true,"href":"https:\/\/www.abcsupply.com\/es\/wp-json\/wp\/v2\/users\/4"}],"replies":[{"embeddable":true,"href":"https:\/\/www.abcsupply.com\/es\/wp-json\/wp\/v2\/comments?post=10254"}],"version-history":[{"count":0,"href":"https:\/\/www.abcsupply.com\/es\/wp-json\/wp\/v2\/pages\/10254\/revisions"}],"up":[{"embeddable":true,"href":"https:\/\/www.abcsupply.com\/es\/wp-json\/wp\/v2\/pages\/3716"}],"wp:featuredmedia":[{"embeddable":true,"href":"https:\/\/www.abcsupply.com\/es\/wp-json\/wp\/v2\/media\/3135"}],"wp:attachment":[{"href":"https:\/\/www.abcsupply.com\/es\/wp-json\/wp\/v2\/media?parent=10254"}],"curies":[{"name":"wp","href":"https:\/\/api.w.org\/{rel}","templated":true}]}}